{"id":1462,"date":"2020-06-02T23:18:00","date_gmt":"2020-06-02T21:18:00","guid":{"rendered":"https:\/\/www.biobey.be\/fr-temp\/certificats-bio\/"},"modified":"2025-07-11T13:31:39","modified_gmt":"2025-07-11T11:31:39","slug":"certificats-bio","status":"publish","type":"page","link":"https:\/\/www.biobey.be\/fr\/encyclopedie\/certificats-bio\/","title":{"rendered":"Certificat BIO"},"content":{"rendered":"\n<h2 class=\"wp-block-heading\">Certificat BIO les plus importants<\/h2>\n\n\n\n<p>Dans l&rsquo;industrie alimentaire, il existe des directives l\u00e9gales pour l&rsquo;utilisation des \u00e9tiquettes Naturel ou Biologique sur l&#8217;emballage des produits alimentaires ou certificat bio. Ces directives l\u00e9gales ne s&rsquo;appliquent pas \u00e0 l&rsquo;\u00e9tiquetage des produits cosm\u00e9tiques. Le fabricant de produits cosm\u00e9tiques peut d\u00e9finir ses propres r\u00e8gles pour ce qu&rsquo;il consid\u00e8re comme naturel ou non nocif et vendre les produits qu&rsquo;il a \u00e9tiquet\u00e9s comme naturels. Si ces produits donnent l&rsquo;impression d&rsquo;\u00eatre naturels, les ingr\u00e9dients de base ou les principaux composants sont souvent des d\u00e9riv\u00e9s du p\u00e9trole et des substances synth\u00e9tiques. Pour cette raison, plusieurs certifications naturelles et biologiques internationales ont \u00e9t\u00e9 cr\u00e9\u00e9es pour offrir aux consommateurs une information juste et transparente sur la composition d&rsquo;un produit.<\/p>\n\n\n\n<p>Biobey vend des produits naturels certifi\u00e9s avec les certificats internationaux et europ\u00e9ens suivants :<\/p>\n\n\n\n<h4 class=\"wp-block-heading\"><a class=\"rank-math-link\" href=\"https:\/\/www.biobey.be\/fr\/encyclopedie\/certificats-bio\/bdih\/\"> Certificat BDIH Cliquez ici<\/a><\/h4>\n\n\n\n<p>Cosm\u00e9tique Naturel Certifi\u00e9 BDIH: Les fabricants et leurs fournisseurs qui r\u00e9pondent \u00e0 ces crit\u00e8res re\u00e7oivent le label \u00abCertified Natural Cosmetics BDIH\u00bb qui garantit le respect des points suivants: Protection de la nature: lors de l&rsquo;exploitation des mati\u00e8res premi\u00e8res, les producteurs doivent veiller \u00e0 ce que la nature soit r\u00e9duite au minimum en tenant compte de la protection des animaux et des esp\u00e8ces v\u00e9g\u00e9tales. La manipulation g\u00e9n\u00e9tique est strictement interdite.<\/p>\n\n\n\n<h4 class=\"wp-block-heading\"><a class=\"rank-math-link\" href=\"https:\/\/www.biobey.be\/fr\/encyclopedie\/certificats-bio\/demeter\/\">Certificat DEMETER cliquez ici<\/a><\/h4>\n\n\n\n<p>Demeter est l&rsquo;une des marques de qualit\u00e9 les plus importantes pour l&rsquo;agriculture biodynamique. Cela signifie que le bien-\u00eatre animal et l&rsquo;environnement sont pris en compte. Certificat bio\u00a0<\/p>\n\n\n\n<p>DES CONDITIONS AGRICOLES FORTES: Seul un nombre tr\u00e8s limit\u00e9 d&rsquo;additifs et de mati\u00e8res premi\u00e8res peut \u00eatre utilis\u00e9 dans la production de cosm\u00e9tiques. L&rsquo;utilisation des nanotechnologies et des OGM est interdite. Le label de qualit\u00e9 indique qu&rsquo;au moins 95% des ingr\u00e9dients doivent provenir de l&rsquo;agriculture biologique et 100% doivent \u00eatre naturels.<\/p>\n\n\n\n<h4 class=\"wp-block-heading\"><a class=\"rank-math-link\" href=\"https:\/\/www.biobey.be\/fr\/encyclopedie\/certificats-bio\/eco-control\/\">Certificat ECO CONTROL cliquez ici<\/a><\/h4>\n\n\n\n<p>Les produits certifi\u00e9s Eco Control ne doivent pas contenir de produits p\u00e9troliers, de parfums synth\u00e9tiques, de colorants, de conservateurs chimiques, de phosphates ou de mati\u00e8res g\u00e9n\u00e9tiquement modifi\u00e9es.Ce certificat bio est d\u00e9livr\u00e9 par l&rsquo;organisme allemand d&rsquo;inspection et de certification appel\u00e9 Eco Control. Elle garantit la qualit\u00e9 des produits de soins biologiques et naturels.<\/p>\n\n\n\n<h4 class=\"wp-block-heading\"><a class=\"rank-math-link\" href=\"https:\/\/www.biobey.be\/fr\/encyclopedie\/certificats-bio\/icea-bio-cosmetica\/\">Label ICEA BIO COSMETICS cliquez ici<\/a><\/h4>\n\n\n\n<p>L&rsquo;une des conditions les plus importantes pour obtenir ce certificat bio est d&rsquo;utiliser 100% de ressources naturelles. Dont le montant maximum possible doit provenir de l&rsquo;agriculture biologique. Les additifs artificiels sont interdits pendant le cycle de production. En plus, l&#8217;emballage des produits doit \u00eatre \u00e9cologique et \u00e9conomique. En outre, les produits de soins ne doivent contenir aucun ingr\u00e9dient pouvant \u00eatre nocif pour la sant\u00e9.<\/p>\n\n\n\n<h4 class=\"wp-block-heading\"><a class=\"rank-math-link\" href=\"https:\/\/www.biobey.be\/fr\/encyclopedie\/certificats-bio\/icea-vegan\/\">Certificat ICEA VEGAN cliquez ici<\/a><\/h4>\n\n\n\n<p>Les ingr\u00e9dients d&rsquo;origine animale sont interdits, ce qui signifie qu&rsquo;ils peuvent non seulement \u00eatre utilis\u00e9s dans le produit final, mais \u00e9galement dans le processus de production. Aucun d\u00e9veloppement ou utilisation de tout produit animal, sous-produit ou d\u00e9riv\u00e9 de celui-ci ne doit avoir eu lieu pendant le d\u00e9veloppement du produit. Les produits de soins qui remplissent ces conditions re\u00e7oivent le certificat ICEA VEGAN.<\/p>\n\n\n\n<h4 class=\"wp-block-heading\"><a class=\"rank-math-link\" href=\"https:\/\/www.biobey.be\/fr\/encyclopedie\/certificats-bio\/lav\/\">Certificat LAV cliquez ici<\/a><\/h4>\n\n\n\n<p>LAV est une association italienne reconnue par le Minist\u00e8re de la Sant\u00e9 qui lutte contre la souffrance animale. LAV fait partie des associations Fur Free Alliance et ENDCAPtivity. C&rsquo;est une organisation engag\u00e9e dans l&rsquo;environnement et la protection des animaux.<\/p>\n\n\n\n<h4 class=\"wp-block-heading\"><a class=\"rank-math-link\" href=\"https:\/\/www.biobey.be\/fr\/encyclopedie\/certificats-bio\/cannabicomplex-cc\/\">CANNABICOMPLEX CC + cliquez ici<\/a><\/h4>\n\n\n\n<p>Le label CC + n&rsquo;est pas un certificat g\u00e9n\u00e9ral mais une indication sp\u00e9cifique aux produits \u00e0 base de chanvre. L&rsquo;\u00e9tiquette est bas\u00e9e sur des \u00e9tudes et la culture de plantes de cannabis. Le certificat CC+ est une indication. Les produits qui poss\u00e8dent ce certificat sont garantis de contenir tout le complexe de Cannabi. Cela ne peut \u00eatre obtenu que par l&rsquo;extraction de plantes de chanvre enti\u00e8res.<\/p>\n\n\n\n<h4 class=\"wp-block-heading\"><a class=\"rank-math-link\" href=\"https:\/\/www.biobey.be\/fr\/encyclopedie\/certificats-bio\/cpk-bio\/\">Certificat CPK BIO cliquez ici<\/a><\/h4>\n\n\n\n<p>Pour obtenir un certificat BIO CPK, plus de 20% de la composition d&rsquo;un produit de soin doit \u00eatre constitu\u00e9e de mati\u00e8res premi\u00e8res biologiques .Il s&rsquo;agit d&rsquo;un certificat bio tch\u00e8que utilis\u00e9 pour les marques tch\u00e8ques de produits de soins personnels. Il est interdit d&rsquo;ajouter des ingr\u00e9dients \u00e0 motivation g\u00e9n\u00e9tique.<\/p>\n\n\n\n<h4 class=\"wp-block-heading\"><a class=\"rank-math-link\" href=\"https:\/\/www.biobey.be\/fr\/encyclopedie\/certificats-bio\/cpk-natural\/\">Certificat CPK Natural cliquez ici<\/a><\/h4>\n\n\n\n<p>Comme la plupart des certificats internationaux et europ\u00e9ens pour les cosm\u00e9tiques naturels et biologiques, il se concentre non seulement sur la composition d&rsquo;un produit, mais aussi sur une agriculture respectueuse de l&rsquo;environnement et des emballages durables.<\/p>\n","protected":false},"excerpt":{"rendered":"<p>Certificat BIO les plus importants Dans l&rsquo;industrie alimentaire, il existe des directives l\u00e9gales pour l&rsquo;utilisation des \u00e9tiquettes Naturel ou Biologique sur l&#8217;emballage des produits alimentaires ou certificat bio. Ces directives l\u00e9gales ne s&rsquo;appliquent pas \u00e0 l&rsquo;\u00e9tiquetage des produits cosm\u00e9tiques. Le fabricant de produits cosm\u00e9tiques peut d\u00e9finir ses propres r\u00e8gles pour ce qu&rsquo;il consid\u00e8re comme naturel [&hellip;]<\/p>\n","protected":false},"author":1,"featured_media":0,"parent":1473,"menu_order":0,"comment_status":"closed","ping_status":"closed","template":"","meta":{"ocean_post_layout":"left-sidebar","ocean_both_sidebars_style":"","ocean_both_sidebars_content_width":0,"ocean_both_sidebars_sidebars_width":0,"ocean_sidebar":"ocs-colonne","ocean_second_sidebar":"","ocean_disable_margins":"enable","ocean_add_body_class":"","ocean_shortcode_before_top_bar":"","ocean_shortcode_after_top_bar":"","ocean_shortcode_before_header":"","ocean_shortcode_after_header":"","ocean_has_shortcode":"","ocean_shortcode_after_title":"","ocean_shortcode_before_footer_widgets":"","ocean_shortcode_after_footer_widgets":"","ocean_shortcode_before_footer_bottom":"","ocean_shortcode_after_footer_bottom":"","ocean_display_top_bar":"default","ocean_display_header":"default","ocean_header_style":"","ocean_center_header_left_menu":"","ocean_custom_header_template":"","ocean_custom_logo":0,"ocean_custom_retina_logo":0,"ocean_custom_logo_max_width":0,"ocean_custom_logo_tablet_max_width":0,"ocean_custom_logo_mobile_max_width":0,"ocean_custom_logo_max_height":0,"ocean_custom_logo_tablet_max_height":0,"ocean_custom_logo_mobile_max_height":0,"ocean_header_custom_menu":"","ocean_menu_typo_font_family":"","ocean_menu_typo_font_subset":"","ocean_menu_typo_font_size":0,"ocean_menu_typo_font_size_tablet":0,"ocean_menu_typo_font_size_mobile":0,"ocean_menu_typo_font_size_unit":"px","ocean_menu_typo_font_weight":"","ocean_menu_typo_font_weight_tablet":"","ocean_menu_typo_font_weight_mobile":"","ocean_menu_typo_transform":"","ocean_menu_typo_transform_tablet":"","ocean_menu_typo_transform_mobile":"","ocean_menu_typo_line_height":0,"ocean_menu_typo_line_height_tablet":0,"ocean_menu_typo_line_height_mobile":0,"ocean_menu_typo_line_height_unit":"","ocean_menu_typo_spacing":0,"ocean_menu_typo_spacing_tablet":0,"ocean_menu_typo_spacing_mobile":0,"ocean_menu_typo_spacing_unit":"","ocean_menu_link_color":"","ocean_menu_link_color_hover":"","ocean_menu_link_color_active":"","ocean_menu_link_background":"","ocean_menu_link_hover_background":"","ocean_menu_link_active_background":"","ocean_menu_social_links_bg":"","ocean_menu_social_hover_links_bg":"","ocean_menu_social_links_color":"","ocean_menu_social_hover_links_color":"","ocean_disable_title":"enable","ocean_disable_heading":"default","ocean_post_title":"","ocean_post_subheading":"","ocean_post_title_style":"centered","ocean_post_title_background_color":"","ocean_post_title_background":0,"ocean_post_title_bg_image_position":"","ocean_post_title_bg_image_attachment":"","ocean_post_title_bg_image_repeat":"","ocean_post_title_bg_image_size":"","ocean_post_title_height":0,"ocean_post_title_bg_overlay":0.5,"ocean_post_title_bg_overlay_color":"","ocean_disable_breadcrumbs":"default","ocean_breadcrumbs_color":"","ocean_breadcrumbs_separator_color":"","ocean_breadcrumbs_links_color":"","ocean_breadcrumbs_links_hover_color":"","ocean_display_footer_widgets":"default","ocean_display_footer_bottom":"default","ocean_custom_footer_template":"","footnotes":""},"class_list":["post-1462","page","type-page","status-publish","hentry","entry","owp-thumbs-layout-horizontal","owp-btn-normal","owp-tabs-layout-section","has-no-thumbnails","circle-sale"],"_links":{"self":[{"href":"https:\/\/www.biobey.be\/fr\/wp-json\/wp\/v2\/pages\/1462","targetHints":{"allow":["GET"]}}],"collection":[{"href":"https:\/\/www.biobey.be\/fr\/wp-json\/wp\/v2\/pages"}],"about":[{"href":"https:\/\/www.biobey.be\/fr\/wp-json\/wp\/v2\/types\/page"}],"author":[{"embeddable":true,"href":"https:\/\/www.biobey.be\/fr\/wp-json\/wp\/v2\/users\/1"}],"replies":[{"embeddable":true,"href":"https:\/\/www.biobey.be\/fr\/wp-json\/wp\/v2\/comments?post=1462"}],"version-history":[{"count":0,"href":"https:\/\/www.biobey.be\/fr\/wp-json\/wp\/v2\/pages\/1462\/revisions"}],"up":[{"embeddable":true,"href":"https:\/\/www.biobey.be\/fr\/wp-json\/wp\/v2\/pages\/1473"}],"wp:attachment":[{"href":"https:\/\/www.biobey.be\/fr\/wp-json\/wp\/v2\/media?parent=1462"}],"curies":[{"name":"wp","href":"https:\/\/api.w.org\/{rel}","templated":true}]}}