{"id":1466,"date":"2020-02-07T00:25:00","date_gmt":"2020-02-06T23:25:00","guid":{"rendered":"https:\/\/www.biobey.be\/fr-temp\/cannabicomplex-cc\/"},"modified":"2026-02-19T17:11:39","modified_gmt":"2026-02-19T16:11:39","slug":"cannabicomplex-cc","status":"publish","type":"page","link":"https:\/\/www.biobey.be\/fr\/encyclopedie\/certificats-bio\/cannabicomplex-cc\/","title":{"rendered":"CC+"},"content":{"rendered":"\r\n<div class=\"wp-block-image\">\r\n<figure class=\"aligncenter size-large is-resized\"><img decoding=\"async\" class=\"wp-image-29931\" src=\"https:\/\/www.biobey.be\/fr\/wp-content\/uploads\/sites\/5\/2020\/02\/cc-1.jpeg\" alt=\"Cannabicomplex cc+\" width=\"80\" height=\"72\" \/><\/figure>\r\n<\/div>\r\n\r\n\r\n\r\n<p>L&rsquo;\u00e9tiquette Cannabicomplex ou certificat CC+ n&rsquo;est pas un certificat g\u00e9n\u00e9ral mais une indication sp\u00e9cifique aux produits de chanvre. Label est bas\u00e9 sur des \u00e9tudes et la cultivation de plantes de cannabis. Il garantit donc la pr\u00e9sence de l&rsquo;ensemble du complexe de cannabis dans la composition du produit. CC+ garantit \u00e9galement l&rsquo;extraction de l&rsquo;ensemble de la plante de chanvre.<\/p>\r\n\r\n\r\n\r\n<h2 class=\"wp-block-heading\">Cannabis Sativa L. avec certificat CC+<\/h2>\r\n\r\n\r\n\r\n<p>Le complexe de cannabis repr\u00e9sente les substances actives des plantes de chanvre (Cannabis Sativa L.) telles que CBD (cannabidiols), autres cannabino\u00efdes, terp\u00e8nes, r\u00e9sines, acides gras insatur\u00e9s et vitamines. Le complexe de cannabis ne peut \u00eatre obtenu que par l&rsquo;extraction de chanvre complet (fleurs et feuilles).<\/p>\r\n\r\n\r\n\r\n<p>De nombreuses \u00e9tudes scientifiques ont montr\u00e9 que l&rsquo;ensemble du complexe du cannabis est plus efficace que l&rsquo;utilisation de cannabino\u00efdes seuls. Les diff\u00e9rentes substances actives du complexe de cannabis telles que les flavono\u00efdes, les cannabino\u00efdes, les cannabidiols (CBD) et les terp\u00e8nes se renforcent mutuellement et sont plus efficaces comme complexe.<\/p>\r\n\r\n\r\n\r\n<p>Tous les produits de chanvre de Trompetol et Cannabios contiennent du CBD de valeur ainsi que le complexe 100% Cannabis.<\/p>\r\n\r\n\r\n","protected":false},"excerpt":{"rendered":"<p>L&rsquo;\u00e9tiquette Cannabicomplex ou certificat CC+ n&rsquo;est pas un certificat g\u00e9n\u00e9ral mais une indication sp\u00e9cifique aux produits de chanvre. Label est bas\u00e9 sur des \u00e9tudes et la cultivation de plantes de cannabis. Il garantit donc la pr\u00e9sence de l&rsquo;ensemble du complexe de cannabis dans la composition du produit. CC+ garantit \u00e9galement l&rsquo;extraction de l&rsquo;ensemble de la [&hellip;]<\/p>\n","protected":false},"author":1,"featured_media":0,"parent":1462,"menu_order":0,"comment_status":"closed","ping_status":"closed","template":"","meta":{"ocean_post_layout":"left-sidebar","ocean_both_sidebars_style":"","ocean_both_sidebars_content_width":0,"ocean_both_sidebars_sidebars_width":0,"ocean_sidebar":"ocs-colonne","ocean_second_sidebar":"0","ocean_disable_margins":"enable","ocean_add_body_class":"","ocean_shortcode_before_top_bar":"","ocean_shortcode_after_top_bar":"","ocean_shortcode_before_header":"","ocean_shortcode_after_header":"","ocean_has_shortcode":"","ocean_shortcode_after_title":"","ocean_shortcode_before_footer_widgets":"","ocean_shortcode_after_footer_widgets":"","ocean_shortcode_before_footer_bottom":"","ocean_shortcode_after_footer_bottom":"","ocean_display_top_bar":"default","ocean_display_header":"default","ocean_header_style":"","ocean_center_header_left_menu":"0","ocean_custom_header_template":"0","ocean_custom_logo":0,"ocean_custom_retina_logo":0,"ocean_custom_logo_max_width":0,"ocean_custom_logo_tablet_max_width":0,"ocean_custom_logo_mobile_max_width":0,"ocean_custom_logo_max_height":0,"ocean_custom_logo_tablet_max_height":0,"ocean_custom_logo_mobile_max_height":0,"ocean_header_custom_menu":"0","ocean_menu_typo_font_family":"0","ocean_menu_typo_font_subset":"","ocean_menu_typo_font_size":0,"ocean_menu_typo_font_size_tablet":0,"ocean_menu_typo_font_size_mobile":0,"ocean_menu_typo_font_size_unit":"px","ocean_menu_typo_font_weight":"","ocean_menu_typo_font_weight_tablet":"","ocean_menu_typo_font_weight_mobile":"","ocean_menu_typo_transform":"","ocean_menu_typo_transform_tablet":"","ocean_menu_typo_transform_mobile":"","ocean_menu_typo_line_height":0,"ocean_menu_typo_line_height_tablet":0,"ocean_menu_typo_line_height_mobile":0,"ocean_menu_typo_line_height_unit":"","ocean_menu_typo_spacing":0,"ocean_menu_typo_spacing_tablet":0,"ocean_menu_typo_spacing_mobile":0,"ocean_menu_typo_spacing_unit":"","ocean_menu_link_color":"","ocean_menu_link_color_hover":"","ocean_menu_link_color_active":"","ocean_menu_link_background":"","ocean_menu_link_hover_background":"","ocean_menu_link_active_background":"","ocean_menu_social_links_bg":"","ocean_menu_social_hover_links_bg":"","ocean_menu_social_links_color":"","ocean_menu_social_hover_links_color":"","ocean_disable_title":"enable","ocean_disable_heading":"default","ocean_post_title":"","ocean_post_subheading":"","ocean_post_title_style":"centered","ocean_post_title_background_color":"","ocean_post_title_background":0,"ocean_post_title_bg_image_position":"","ocean_post_title_bg_image_attachment":"","ocean_post_title_bg_image_repeat":"","ocean_post_title_bg_image_size":"","ocean_post_title_height":0,"ocean_post_title_bg_overlay":0.5,"ocean_post_title_bg_overlay_color":"","ocean_disable_breadcrumbs":"default","ocean_breadcrumbs_color":"","ocean_breadcrumbs_separator_color":"","ocean_breadcrumbs_links_color":"","ocean_breadcrumbs_links_hover_color":"","ocean_display_footer_widgets":"default","ocean_display_footer_bottom":"default","ocean_custom_footer_template":"0","footnotes":""},"class_list":["post-1466","page","type-page","status-publish","hentry","entry","owp-thumbs-layout-horizontal","owp-btn-normal","owp-tabs-layout-section","has-no-thumbnails","circle-sale"],"_links":{"self":[{"href":"https:\/\/www.biobey.be\/fr\/wp-json\/wp\/v2\/pages\/1466","targetHints":{"allow":["GET"]}}],"collection":[{"href":"https:\/\/www.biobey.be\/fr\/wp-json\/wp\/v2\/pages"}],"about":[{"href":"https:\/\/www.biobey.be\/fr\/wp-json\/wp\/v2\/types\/page"}],"author":[{"embeddable":true,"href":"https:\/\/www.biobey.be\/fr\/wp-json\/wp\/v2\/users\/1"}],"replies":[{"embeddable":true,"href":"https:\/\/www.biobey.be\/fr\/wp-json\/wp\/v2\/comments?post=1466"}],"version-history":[{"count":0,"href":"https:\/\/www.biobey.be\/fr\/wp-json\/wp\/v2\/pages\/1466\/revisions"}],"up":[{"embeddable":true,"href":"https:\/\/www.biobey.be\/fr\/wp-json\/wp\/v2\/pages\/1462"}],"wp:attachment":[{"href":"https:\/\/www.biobey.be\/fr\/wp-json\/wp\/v2\/media?parent=1466"}],"curies":[{"name":"wp","href":"https:\/\/api.w.org\/{rel}","templated":true}]}}