{"id":1469,"date":"2020-08-07T01:30:19","date_gmt":"2020-08-06T23:30:19","guid":{"rendered":"https:\/\/www.biobey.be\/fr-temp\/icea-vegan\/"},"modified":"2026-02-19T16:59:31","modified_gmt":"2026-02-19T15:59:31","slug":"icea-vegan","status":"publish","type":"page","link":"https:\/\/www.biobey.be\/fr\/encyclopedie\/certificats-bio\/icea-vegan\/","title":{"rendered":"Certificantion Vegan international"},"content":{"rendered":"<p>Certification Vegan &#8211; L&rsquo;ICEA (Institut pour la certification \u00e9thique et environnementale) a d\u00e9velopp\u00e9 une norme sp\u00e9cifique pour la certification de tous les produits qui respectent les animaux et qui sont adapt\u00e9s \u00e0 un mode de vie vegan. La sp\u00e9cification Icea pour la certification des produits vegan a \u00e9t\u00e9 d\u00e9velopp\u00e9e en collaboration avec la section antivirus LAV Lega, qui promeut depuis plusieurs ann\u00e9es une campagne d&rsquo;information pour une composition 100% v\u00e9g\u00e9tale.<\/p>\n<h2>ICEA certification Vegan &#8211; Produits Argital<\/h2>\n<p>La gamme de Biobey est compos\u00e9e de produits de soins 100% naturels, \u00e9cologiques et ont la certification vegan, \u00e0 quelques exceptions pr\u00e8s. Tous les produits de la marque Argital ont la\u00a0 certification vegan par Icea, \u00e0 l&rsquo;exception de <a href=\"https:\/\/www.biobey.be\/fr\/produit\/creme-pour-les-mains-protectrice-bio-75-ml\/\">cr\u00e8me protectrice pour les mains contre les taches de pigmentation <\/a>\u00e0 l&rsquo;h\u00e9licriso et \u00e0 la propolis, <a href=\"https:\/\/www.biobey.be\/fr\/produit\/dentifrice-blanchissant-bio-75ml\/\">dentifrice blanchissant Dentie<\/a> et Propolis pour des dents sensibles, <a href=\"https:\/\/www.biobey.be\/fr\/produit\/creme-visage-nourrissante-et-hydratante-50-ml\/\">cr\u00e8me de jour nourrissante et hydratante<\/a> \u00e0 la cera alba ou \u00e0 la cire d&rsquo;abeille, cr\u00e8me \u00e0 la propolis, <a href=\"https:\/\/www.biobey.be\/fr\/produit\/creme-protectrice-bebe-hypoallergenique-50ml\/\">cr\u00e8me protectrice pour b\u00e9b\u00e9s<\/a> \u00e0 la cire d&rsquo;abeille, propolis 20 et propoleus, savon naturel \u00e0 l&rsquo;argile verte avec miel et propolis. Aussi huile corporelle Saturne avec miel, cire d&rsquo;abeille et propolis, huile corporelle Terre avec propolis et miel, baume naturel pour les l\u00e8vres avec cire d&rsquo;abeille, pommade Galega avec cire d&rsquo;abeille ont pas la certification vegan.<\/p>\n<h3>Conditions pour obtenir la certification vegan<\/h3>\n<p>Les ingr\u00e9dients d&rsquo;origine animale sont interdits, c&rsquo;est-\u00e0-dire qu&rsquo;ils ne peuvent \u00eatre utilis\u00e9s dans le produit final ni dans le processus de production. Aucun produit animal, sous-produit ou d\u00e9riv\u00e9 de celui-ci ne peut avoir \u00e9t\u00e9 ou \u00eatre utilis\u00e9 dans le d\u00e9veloppement du produit. L&rsquo;exp\u00e9rimentation animale est interdite tant dans le produit final que dans le d\u00e9veloppement du produit. Les ingr\u00e9dients critiques sont garantis et tra\u00e7ables ; les OGM sont interdits dans la liste des ingr\u00e9dients, aux diff\u00e9rentes \u00e9tapes de la transformation et de la production.<\/p>\n","protected":false},"excerpt":{"rendered":"<p>Certification Vegan &#8211; L&rsquo;ICEA (Institut pour la certification \u00e9thique et environnementale) a d\u00e9velopp\u00e9 une norme sp\u00e9cifique pour la certification de tous les produits qui respectent les animaux et qui sont adapt\u00e9s \u00e0 un mode de vie vegan. La sp\u00e9cification Icea pour la certification des produits vegan a \u00e9t\u00e9 d\u00e9velopp\u00e9e en collaboration avec la section antivirus [&hellip;]<\/p>\n","protected":false},"author":1,"featured_media":186,"parent":1462,"menu_order":0,"comment_status":"closed","ping_status":"closed","template":"","meta":{"ocean_post_layout":"left-sidebar","ocean_both_sidebars_style":"","ocean_both_sidebars_content_width":0,"ocean_both_sidebars_sidebars_width":0,"ocean_sidebar":"ocs-colonne","ocean_second_sidebar":"0","ocean_disable_margins":"enable","ocean_add_body_class":"","ocean_shortcode_before_top_bar":"","ocean_shortcode_after_top_bar":"","ocean_shortcode_before_header":"","ocean_shortcode_after_header":"","ocean_has_shortcode":"","ocean_shortcode_after_title":"","ocean_shortcode_before_footer_widgets":"","ocean_shortcode_after_footer_widgets":"","ocean_shortcode_before_footer_bottom":"","ocean_shortcode_after_footer_bottom":"","ocean_display_top_bar":"default","ocean_display_header":"default","ocean_header_style":"","ocean_center_header_left_menu":"0","ocean_custom_header_template":"0","ocean_custom_logo":0,"ocean_custom_retina_logo":0,"ocean_custom_logo_max_width":0,"ocean_custom_logo_tablet_max_width":0,"ocean_custom_logo_mobile_max_width":0,"ocean_custom_logo_max_height":0,"ocean_custom_logo_tablet_max_height":0,"ocean_custom_logo_mobile_max_height":0,"ocean_header_custom_menu":"0","ocean_menu_typo_font_family":"0","ocean_menu_typo_font_subset":"","ocean_menu_typo_font_size":0,"ocean_menu_typo_font_size_tablet":0,"ocean_menu_typo_font_size_mobile":0,"ocean_menu_typo_font_size_unit":"px","ocean_menu_typo_font_weight":"","ocean_menu_typo_font_weight_tablet":"","ocean_menu_typo_font_weight_mobile":"","ocean_menu_typo_transform":"","ocean_menu_typo_transform_tablet":"","ocean_menu_typo_transform_mobile":"","ocean_menu_typo_line_height":0,"ocean_menu_typo_line_height_tablet":0,"ocean_menu_typo_line_height_mobile":0,"ocean_menu_typo_line_height_unit":"","ocean_menu_typo_spacing":0,"ocean_menu_typo_spacing_tablet":0,"ocean_menu_typo_spacing_mobile":0,"ocean_menu_typo_spacing_unit":"","ocean_menu_link_color":"","ocean_menu_link_color_hover":"","ocean_menu_link_color_active":"","ocean_menu_link_background":"","ocean_menu_link_hover_background":"","ocean_menu_link_active_background":"","ocean_menu_social_links_bg":"","ocean_menu_social_hover_links_bg":"","ocean_menu_social_links_color":"","ocean_menu_social_hover_links_color":"","ocean_disable_title":"enable","ocean_disable_heading":"default","ocean_post_title":"","ocean_post_subheading":"","ocean_post_title_style":"centered","ocean_post_title_background_color":"","ocean_post_title_background":0,"ocean_post_title_bg_image_position":"","ocean_post_title_bg_image_attachment":"","ocean_post_title_bg_image_repeat":"","ocean_post_title_bg_image_size":"","ocean_post_title_height":0,"ocean_post_title_bg_overlay":0.5,"ocean_post_title_bg_overlay_color":"","ocean_disable_breadcrumbs":"default","ocean_breadcrumbs_color":"","ocean_breadcrumbs_separator_color":"","ocean_breadcrumbs_links_color":"","ocean_breadcrumbs_links_hover_color":"","ocean_display_footer_widgets":"default","ocean_display_footer_bottom":"default","ocean_custom_footer_template":"0","footnotes":""},"class_list":["post-1469","page","type-page","status-publish","has-post-thumbnail","hentry","entry","has-media","owp-thumbs-layout-horizontal","owp-btn-normal","owp-tabs-layout-section","has-no-thumbnails","circle-sale"],"_links":{"self":[{"href":"https:\/\/www.biobey.be\/fr\/wp-json\/wp\/v2\/pages\/1469","targetHints":{"allow":["GET"]}}],"collection":[{"href":"https:\/\/www.biobey.be\/fr\/wp-json\/wp\/v2\/pages"}],"about":[{"href":"https:\/\/www.biobey.be\/fr\/wp-json\/wp\/v2\/types\/page"}],"author":[{"embeddable":true,"href":"https:\/\/www.biobey.be\/fr\/wp-json\/wp\/v2\/users\/1"}],"replies":[{"embeddable":true,"href":"https:\/\/www.biobey.be\/fr\/wp-json\/wp\/v2\/comments?post=1469"}],"version-history":[{"count":0,"href":"https:\/\/www.biobey.be\/fr\/wp-json\/wp\/v2\/pages\/1469\/revisions"}],"up":[{"embeddable":true,"href":"https:\/\/www.biobey.be\/fr\/wp-json\/wp\/v2\/pages\/1462"}],"wp:featuredmedia":[{"embeddable":true,"href":"https:\/\/www.biobey.be\/fr\/wp-json\/wp\/v2\/media\/186"}],"wp:attachment":[{"href":"https:\/\/www.biobey.be\/fr\/wp-json\/wp\/v2\/media?parent=1469"}],"curies":[{"name":"wp","href":"https:\/\/api.w.org\/{rel}","templated":true}]}}