{"id":1473,"date":"2020-02-04T01:12:00","date_gmt":"2020-02-04T00:12:00","guid":{"rendered":"https:\/\/www.biobey.be\/fr-temp\/encyclopedie\/"},"modified":"2026-02-04T20:03:42","modified_gmt":"2026-02-04T19:03:42","slug":"encyclopedie","status":"publish","type":"page","link":"https:\/\/www.biobey.be\/fr\/encyclopedie\/","title":{"rendered":"Encyclop\u00e9die"},"content":{"rendered":"<p>La connaissance, c&rsquo;est le pouvoir et c&rsquo;est pourquoi nous collectons autant d&rsquo;informations que possible sur les ingr\u00e9dients cosm\u00e9tiques en consultant diverses sources qualitatives officielles. Nous examinons et discutons des substances pures, chimiques et dangereuses courantes. Nous mettons tout cela \u00e0 votre disposition dans notre encyclop\u00e9die Biobey. Nous essayons d&rsquo;ajouter de nouveaux ingr\u00e9dients sur une base r\u00e9guli\u00e8re.<\/p>\n<h2>\u00c9valuation des ingr\u00e9dients cosm\u00e9tiques<\/h2>\n<p>Bien que les noms et r\u00e9glementations INCI soient normalis\u00e9s au niveau international, il n&rsquo;est pas encore facile de savoir exactement quels ingr\u00e9dients sont purs et lesquels sont dangereux.<\/p>\n<p>C&rsquo;est pourquoi nous avons \u00e9valu\u00e9 chaque ingr\u00e9dient et l&rsquo;avons class\u00e9 en cinq cat\u00e9gories. <a href=\"https:\/\/www.biobey.be\/fr\/encyclopedie\/evaluation-des-ingredients\/\">Cliquez ici pour l&rsquo;explication d\u00e9taill\u00e9e d&rsquo;INCI<\/a><\/p>\n<h3>Qu&rsquo;est-ce que INCI ?<\/h3>\n<p>INCI signifie : Nomenclature internationale\/Nom des ingr\u00e9dients cosm\u00e9tiques. Les noms INCI sont des noms normalis\u00e9s \u00e0 l&rsquo;\u00e9chelle internationale pour les substances utilis\u00e9es dans un produit cosm\u00e9tique. Chaque fabricant de cosm\u00e9tiques est l\u00e9galement tenu d&rsquo;indiquer la composition exacte d&rsquo;un produit cosm\u00e9tique particulier sur l&rsquo;\u00e9tiquette ou l&#8217;emballage, en tenant compte des noms INCI et des r\u00e9glementations INCI.<\/p>\n<p>En savoir plus sur INCI<\/p>\n","protected":false},"excerpt":{"rendered":"<p>La connaissance, c&rsquo;est le pouvoir et c&rsquo;est pourquoi nous collectons autant d&rsquo;informations que possible sur les ingr\u00e9dients cosm\u00e9tiques en consultant diverses sources qualitatives officielles. Nous examinons et discutons des substances pures, chimiques et dangereuses courantes. Nous mettons tout cela \u00e0 votre disposition dans notre encyclop\u00e9die Biobey. Nous essayons d&rsquo;ajouter de nouveaux ingr\u00e9dients sur une base [&hellip;]<\/p>\n","protected":false},"author":1,"featured_media":0,"parent":0,"menu_order":0,"comment_status":"closed","ping_status":"closed","template":"","meta":{"ocean_post_layout":"left-sidebar","ocean_both_sidebars_style":"","ocean_both_sidebars_content_width":0,"ocean_both_sidebars_sidebars_width":0,"ocean_sidebar":"0","ocean_second_sidebar":"0","ocean_disable_margins":"enable","ocean_add_body_class":"","ocean_shortcode_before_top_bar":"","ocean_shortcode_after_top_bar":"","ocean_shortcode_before_header":"","ocean_shortcode_after_header":"","ocean_has_shortcode":"","ocean_shortcode_after_title":"","ocean_shortcode_before_footer_widgets":"","ocean_shortcode_after_footer_widgets":"","ocean_shortcode_before_footer_bottom":"","ocean_shortcode_after_footer_bottom":"","ocean_display_top_bar":"default","ocean_display_header":"default","ocean_header_style":"","ocean_center_header_left_menu":"0","ocean_custom_header_template":"0","ocean_custom_logo":0,"ocean_custom_retina_logo":0,"ocean_custom_logo_max_width":0,"ocean_custom_logo_tablet_max_width":0,"ocean_custom_logo_mobile_max_width":0,"ocean_custom_logo_max_height":0,"ocean_custom_logo_tablet_max_height":0,"ocean_custom_logo_mobile_max_height":0,"ocean_header_custom_menu":"0","ocean_menu_typo_font_family":"0","ocean_menu_typo_font_subset":"","ocean_menu_typo_font_size":0,"ocean_menu_typo_font_size_tablet":0,"ocean_menu_typo_font_size_mobile":0,"ocean_menu_typo_font_size_unit":"px","ocean_menu_typo_font_weight":"","ocean_menu_typo_font_weight_tablet":"","ocean_menu_typo_font_weight_mobile":"","ocean_menu_typo_transform":"","ocean_menu_typo_transform_tablet":"","ocean_menu_typo_transform_mobile":"","ocean_menu_typo_line_height":0,"ocean_menu_typo_line_height_tablet":0,"ocean_menu_typo_line_height_mobile":0,"ocean_menu_typo_line_height_unit":"","ocean_menu_typo_spacing":0,"ocean_menu_typo_spacing_tablet":0,"ocean_menu_typo_spacing_mobile":0,"ocean_menu_typo_spacing_unit":"","ocean_menu_link_color":"","ocean_menu_link_color_hover":"","ocean_menu_link_color_active":"","ocean_menu_link_background":"","ocean_menu_link_hover_background":"","ocean_menu_link_active_background":"","ocean_menu_social_links_bg":"","ocean_menu_social_hover_links_bg":"","ocean_menu_social_links_color":"","ocean_menu_social_hover_links_color":"","ocean_disable_title":"enable","ocean_disable_heading":"default","ocean_post_title":"","ocean_post_subheading":"","ocean_post_title_style":"centered","ocean_post_title_background_color":"","ocean_post_title_background":0,"ocean_post_title_bg_image_position":"","ocean_post_title_bg_image_attachment":"","ocean_post_title_bg_image_repeat":"","ocean_post_title_bg_image_size":"","ocean_post_title_height":0,"ocean_post_title_bg_overlay":0.5,"ocean_post_title_bg_overlay_color":"","ocean_disable_breadcrumbs":"default","ocean_breadcrumbs_color":"","ocean_breadcrumbs_separator_color":"","ocean_breadcrumbs_links_color":"","ocean_breadcrumbs_links_hover_color":"","ocean_display_footer_widgets":"default","ocean_display_footer_bottom":"default","ocean_custom_footer_template":"0","footnotes":""},"class_list":["post-1473","page","type-page","status-publish","hentry","entry","owp-thumbs-layout-horizontal","owp-btn-normal","owp-tabs-layout-section","has-no-thumbnails","circle-sale"],"_links":{"self":[{"href":"https:\/\/www.biobey.be\/fr\/wp-json\/wp\/v2\/pages\/1473","targetHints":{"allow":["GET"]}}],"collection":[{"href":"https:\/\/www.biobey.be\/fr\/wp-json\/wp\/v2\/pages"}],"about":[{"href":"https:\/\/www.biobey.be\/fr\/wp-json\/wp\/v2\/types\/page"}],"author":[{"embeddable":true,"href":"https:\/\/www.biobey.be\/fr\/wp-json\/wp\/v2\/users\/1"}],"replies":[{"embeddable":true,"href":"https:\/\/www.biobey.be\/fr\/wp-json\/wp\/v2\/comments?post=1473"}],"version-history":[{"count":0,"href":"https:\/\/www.biobey.be\/fr\/wp-json\/wp\/v2\/pages\/1473\/revisions"}],"wp:attachment":[{"href":"https:\/\/www.biobey.be\/fr\/wp-json\/wp\/v2\/media?parent=1473"}],"curies":[{"name":"wp","href":"https:\/\/api.w.org\/{rel}","templated":true}]}}