{"id":1475,"date":"2020-06-28T23:14:00","date_gmt":"2020-06-28T21:14:00","guid":{"rendered":"https:\/\/www.biobey.be\/fr-temp\/foire-aux-questions\/"},"modified":"2026-02-04T20:23:18","modified_gmt":"2026-02-04T19:23:18","slug":"foire-aux-questions","status":"publish","type":"page","link":"https:\/\/www.biobey.be\/fr\/foire-aux-questions\/","title":{"rendered":"Foire aux questions"},"content":{"rendered":"\r\n<p><strong>Est-il encore possible de passer des commandes en ligne sur Biobey ?<\/strong><br \/>Oui, les commandes et les livraisons se d\u00e9rouleront comme d&rsquo;habitude. <br \/><strong>Ma commande peut-elle \u00eatre contamin\u00e9e ?<\/strong><br \/>Non. Selon la Weredgezondheidsorganisatie (OMS), il n&rsquo;y a aucun risque de contamination des articles existants. En outre, l&rsquo;Organisation mondiale de la sant\u00e9 (OMS) a d\u00e9clar\u00e9 que les colis livr\u00e9s par des coursiers ne peuvent pr\u00e9senter de risque pour les clients. <br \/><strong>Les ateliers vont-ils se poursuivre ?<\/strong><br \/>Non, afin de garantir la s\u00e9curit\u00e9 de nos clients et d&rsquo;\u00eatre en accord avec les mesures de s\u00e9curit\u00e9 impos\u00e9es par le gouvernement, les ateliers ont \u00e9t\u00e9 temporairement suspendus. Les commandes et les livraisons en ligne sont trait\u00e9es comme d&rsquo;habitude.<\/p>\r\n\r\n\r\n\r\n<p><strong>Si vous avez une question sur nos produits ou services, veuillez choisir l&rsquo;un des sujets suivants<\/strong><\/p>\r\n\r\n\r\n\r\n<p class=\"has-normal-font-size\"><a class=\"rank-math-link\" href=\"https:\/\/www.biobey.be\/fr\/foire-aux-questions\/veilig-betalen\/\">Paiement s\u00e9curis\u00e9<\/a>: 100% M\u00e9thodes de paiement s\u00e9curis\u00e9es Chez Biobey, vous pouvez payer en ligne tr\u00e8s facilement et en toute s\u00e9curit\u00e9. Les paiements sont r\u00e9gl\u00e9s par Mollie payements. Options de paiement : Biobey dispose de nombreuses options de paiement telles que Bancontact, KBC Bouton, Belfius Bouton, ING Bouton, iDeal et postpaiement ou payer apr\u00e8s avec Klarna. Vous trouverez plus d&rsquo;informations en cliquant sur le lien \u00ab\u00a0Paiement s\u00e9curis\u00e9\u00a0\u00bb .<a class=\"rank-math-link\" href=\"https:\/\/www.biobey.be\/fr\/foire-aux-questions\/veilig-betalen\/\"> lire plus \u00bb <\/a><\/p>\r\n\r\n\r\n\r\n<p><a class=\"rank-math-link\" href=\"https:\/\/www.biobey.be\/fr\/foire-aux-questions\/livraison\/\">Livraison rapide et s\u00e9curis\u00e9e:<\/a> Le traitement rapide et correct de votre commande est une priorit\u00e9 pour nous, c\u2019est pourquoi nous pr\u00e9parons avec soin votre commande le jour m\u00eame. Apr\u00e8s la pr\u00e9paration, la commande est contr\u00f4l\u00e9e, emball\u00e9e et envoy\u00e9e dans les 24 heures \u00e0 l\u2019adresse de votre choix.<\/p>\r\n\r\n\r\n\r\n<p><a href=\"https:\/\/www.biobey.be\/fr\/foire-aux-questions\/veiligheid-en-privacy\/\">S\u00e9curit\u00e9 et confidentialit\u00e9<\/a> Conform\u00e9ment \u00e0 la loi belge sur la protection des donn\u00e9es du 8 d\u00e9cembre 1992, vous disposez d\u2019un droit d\u2019acc\u00e8s, de ratification et d\u2019opposition au traitement de vos donn\u00e9es personnelles par Biobey.be.<\/p>\r\n","protected":false},"excerpt":{"rendered":"<p>Est-il encore possible de passer des commandes en ligne sur Biobey ?Oui, les commandes et les livraisons se d\u00e9rouleront comme d&rsquo;habitude. Ma commande peut-elle \u00eatre contamin\u00e9e ?Non. Selon la Weredgezondheidsorganisatie (OMS), il n&rsquo;y a aucun risque de contamination des articles existants. En outre, l&rsquo;Organisation mondiale de la sant\u00e9 (OMS) a d\u00e9clar\u00e9 que les colis livr\u00e9s [&hellip;]<\/p>\n","protected":false},"author":1,"featured_media":0,"parent":0,"menu_order":0,"comment_status":"closed","ping_status":"closed","template":"","meta":{"ocean_post_layout":"left-sidebar","ocean_both_sidebars_style":"","ocean_both_sidebars_content_width":0,"ocean_both_sidebars_sidebars_width":0,"ocean_sidebar":"sidebar-2","ocean_second_sidebar":"0","ocean_disable_margins":"enable","ocean_add_body_class":"","ocean_shortcode_before_top_bar":"","ocean_shortcode_after_top_bar":"","ocean_shortcode_before_header":"","ocean_shortcode_after_header":"","ocean_has_shortcode":"","ocean_shortcode_after_title":"","ocean_shortcode_before_footer_widgets":"","ocean_shortcode_after_footer_widgets":"","ocean_shortcode_before_footer_bottom":"","ocean_shortcode_after_footer_bottom":"","ocean_display_top_bar":"default","ocean_display_header":"default","ocean_header_style":"","ocean_center_header_left_menu":"0","ocean_custom_header_template":"0","ocean_custom_logo":0,"ocean_custom_retina_logo":0,"ocean_custom_logo_max_width":0,"ocean_custom_logo_tablet_max_width":0,"ocean_custom_logo_mobile_max_width":0,"ocean_custom_logo_max_height":0,"ocean_custom_logo_tablet_max_height":0,"ocean_custom_logo_mobile_max_height":0,"ocean_header_custom_menu":"0","ocean_menu_typo_font_family":"0","ocean_menu_typo_font_subset":"","ocean_menu_typo_font_size":0,"ocean_menu_typo_font_size_tablet":0,"ocean_menu_typo_font_size_mobile":0,"ocean_menu_typo_font_size_unit":"px","ocean_menu_typo_font_weight":"","ocean_menu_typo_font_weight_tablet":"","ocean_menu_typo_font_weight_mobile":"","ocean_menu_typo_transform":"","ocean_menu_typo_transform_tablet":"","ocean_menu_typo_transform_mobile":"","ocean_menu_typo_line_height":0,"ocean_menu_typo_line_height_tablet":0,"ocean_menu_typo_line_height_mobile":0,"ocean_menu_typo_line_height_unit":"","ocean_menu_typo_spacing":0,"ocean_menu_typo_spacing_tablet":0,"ocean_menu_typo_spacing_mobile":0,"ocean_menu_typo_spacing_unit":"","ocean_menu_link_color":"","ocean_menu_link_color_hover":"","ocean_menu_link_color_active":"","ocean_menu_link_background":"","ocean_menu_link_hover_background":"","ocean_menu_link_active_background":"","ocean_menu_social_links_bg":"","ocean_menu_social_hover_links_bg":"","ocean_menu_social_links_color":"","ocean_menu_social_hover_links_color":"","ocean_disable_title":"enable","ocean_disable_heading":"default","ocean_post_title":"","ocean_post_subheading":"","ocean_post_title_style":"centered","ocean_post_title_background_color":"","ocean_post_title_background":0,"ocean_post_title_bg_image_position":"","ocean_post_title_bg_image_attachment":"","ocean_post_title_bg_image_repeat":"","ocean_post_title_bg_image_size":"","ocean_post_title_height":0,"ocean_post_title_bg_overlay":0.5,"ocean_post_title_bg_overlay_color":"","ocean_disable_breadcrumbs":"default","ocean_breadcrumbs_color":"","ocean_breadcrumbs_separator_color":"","ocean_breadcrumbs_links_color":"","ocean_breadcrumbs_links_hover_color":"","ocean_display_footer_widgets":"default","ocean_display_footer_bottom":"default","ocean_custom_footer_template":"0","footnotes":""},"class_list":["post-1475","page","type-page","status-publish","hentry","entry","owp-thumbs-layout-horizontal","owp-btn-normal","owp-tabs-layout-section","has-no-thumbnails","circle-sale"],"_links":{"self":[{"href":"https:\/\/www.biobey.be\/fr\/wp-json\/wp\/v2\/pages\/1475","targetHints":{"allow":["GET"]}}],"collection":[{"href":"https:\/\/www.biobey.be\/fr\/wp-json\/wp\/v2\/pages"}],"about":[{"href":"https:\/\/www.biobey.be\/fr\/wp-json\/wp\/v2\/types\/page"}],"author":[{"embeddable":true,"href":"https:\/\/www.biobey.be\/fr\/wp-json\/wp\/v2\/users\/1"}],"replies":[{"embeddable":true,"href":"https:\/\/www.biobey.be\/fr\/wp-json\/wp\/v2\/comments?post=1475"}],"version-history":[{"count":0,"href":"https:\/\/www.biobey.be\/fr\/wp-json\/wp\/v2\/pages\/1475\/revisions"}],"wp:attachment":[{"href":"https:\/\/www.biobey.be\/fr\/wp-json\/wp\/v2\/media?parent=1475"}],"curies":[{"name":"wp","href":"https:\/\/api.w.org\/{rel}","templated":true}]}}