{"id":1477,"date":"2020-05-11T21:56:12","date_gmt":"2020-05-11T19:56:12","guid":{"rendered":"https:\/\/www.biobey.be\/fr-temp\/evaluation-des-ingredients\/"},"modified":"2025-07-11T13:33:28","modified_gmt":"2025-07-11T11:33:28","slug":"evaluation-des-ingredients","status":"publish","type":"page","link":"https:\/\/www.biobey.be\/fr\/encyclopedie\/evaluation-des-ingredients\/","title":{"rendered":"\u00c9valuation des ingr\u00e9dients"},"content":{"rendered":"<h1>Comment \u00e9valuons-nous les ingr\u00e9dients ?<\/h1>\n<p>Bien que les noms et r\u00e8glements INCI soient normalis\u00e9s \u00e0 l&rsquo;\u00e9chelle internationale, il n&rsquo;est toujours pas facile de savoir exactement quels ingr\u00e9dients sont purs et lesquels sont dangereux.<\/p>\n<p>C&rsquo;est pourquoi nous avons \u00e9valu\u00e9 chaque ingr\u00e9dient et l&rsquo;avons class\u00e9 en cinq cat\u00e9gories.<\/p>\n<h2><a href=\"https:\/\/www.biobey.be\/fr\/tag\/naturels-purs\/\">Ingr\u00e9dients naturels purs<\/a><\/h2>\n<p>Que signifie \u00ab\u00a0Ingr\u00e9dients naturels purs\u00a0\u00bb ?<\/p>\n<p>Il s&rsquo;agit de substances d&rsquo;origine purement naturelle. En d&rsquo;autres termes, des substances produites par la nature. Ils peuvent \u00eatre d&rsquo;origine organique ou g\u00e9ologique. Ces substances ne contiennent aucun additif artificiel et n&rsquo;ont aucun effet secondaire non naturel. Les produits compos\u00e9s de substances purement naturelles sont g\u00e9n\u00e9ralement multifonctionnels en raison de leur large \u00e9ventail d&rsquo;applications. Ces produits sont respectueux de l&rsquo;environnement, car les substances purement naturelles sont enti\u00e8rement biod\u00e9gradables.<\/p>\n<p>Les ingr\u00e9dients naturels purs ont de nombreux avantages. Ils causent rarement des r\u00e9actions allergiques. La plupart des substances naturelles sont efficaces \u00e0 la fois pour un usage interne et externe. Ils ne perturbent pas le fonctionnement naturel de la peau.<\/p>\n<p>L&rsquo;utilisation de substances purement naturelles pr\u00e9sente \u00e9galement des d\u00e9savantages. L&rsquo;un des points n\u00e9gatifs est que le produit a une dur\u00e9e de conservation plus courte. Il peut changer de consistance lorsqu&rsquo;il est expos\u00e9 \u00e0 des temp\u00e9ratures trop chaudes ou trop froides. Les produits et substances sous leur forme pure ne sont pas toujours faciles \u00e0 utiliser.<\/p>\n<p><b>Quelles substances sont class\u00e9es comme purement naturelles ?<\/b><\/p>\n<p>&#8211; Hydrolats et eaux florales<\/p>\n<p>&#8211; Extraits de plantes et d&rsquo;herbes m\u00e9dicinales<\/p>\n<p>&#8211; Huiles v\u00e9g\u00e9tales<\/p>\n<p>&#8211; Produits d&rsquo;origine animale tels que le miel, la propolis, la cire d&rsquo;abeille,&#8230;.<\/p>\n<p>&#8211; Extraits de l\u00e9gumes et de fruits<\/p>\n<h2><a href=\"https:\/\/www.biobey.be\/fr\/tag\/derives-naturels\/\">D\u00e9riv\u00e9s naturels<\/a><\/h2>\n<p>Que signifie D\u00e9riv\u00e9s naturels ou D\u00e9riv\u00e9s d&rsquo;ingr\u00e9dients naturels ?<\/p>\n<p>Comme les ingr\u00e9dients naturellement purs ne sont pas toujours faciles \u00e0 utiliser, les gens veulent des produits un peu plus conviviaux. Les d\u00e9riv\u00e9s naturels sont des ingr\u00e9dients de sources naturelles pures. Ces substances sont trait\u00e9es de mani\u00e8re \u00e0 \u00eatre moins complexes \u00e0 m\u00e9langer et plus faciles \u00e0 utiliser. Lors de la transformation de d\u00e9riv\u00e9s de substances naturelles, aucun ingr\u00e9dient synth\u00e9tique n&rsquo;est ajout\u00e9.<\/p>\n<p>Les d\u00e9riv\u00e9s naturels ont l&rsquo;avantage d&rsquo;\u00eatre plus faciles \u00e0 utiliser sans perdre leur efficacit\u00e9. En utilisant des d\u00e9riv\u00e9s de substances naturelles, il est plus facile de faire un m\u00e9lange d&rsquo;ingr\u00e9dients actifs qui peuvent \u00e9galement atteindre une meilleure synergie.<\/p>\n<p>Ils permettent d&rsquo;utiliser une haute concentration d&rsquo;un principe actif en petites quantit\u00e9s.<\/p>\n<p>Dans les proc\u00e9d\u00e9s o\u00f9 des substances naturellement pures sont transform\u00e9es en d\u00e9riv\u00e9s naturels, il peut arriver dans certains cas que ces ingr\u00e9dients entrent en contact avec des substances synth\u00e9tiques. Cela peut signifier que m\u00eame s&rsquo;ils n&rsquo;y restent pas, ils peuvent contenir des traces de cet ingr\u00e9dient chimique.<\/p>\n<p>Il existe \u00e9galement des d\u00e9riv\u00e9s naturels tels que certains agents moussants v\u00e9g\u00e9taux qui peuvent dess\u00e9cher la peau.<\/p>\n<p>Quelles sont les substances list\u00e9es comme D\u00e9riv\u00e9s naturels ?<\/p>\n<p>&#8211; \u00c9mulsifiants d&rsquo;origine naturelle<\/p>\n<p>&#8211; Agents moussants naturels<\/p>\n<p>&#8211; Colorants origine naturelle<\/p>\n<p>&#8211; Parfums et fragrances naturels<\/p>\n<p>&#8211; d\u00e9riv\u00e9s d&rsquo;huiles et de graisses v\u00e9g\u00e9tales.<\/p>\n<h4><a href=\"https:\/\/www.biobey.be\/fr\/tag\/neutres-chimiques\/\">Ingr\u00e9dients chimiques neutres ou non dangereux<\/a><\/h4>\n<p>Que signifient les ingr\u00e9dients chimiques neutres ou inoffensifs ?<\/p>\n<p>Les produits chimiques neutres sont des substances d&rsquo;origine synth\u00e9tique qui ne pr\u00e9sentent aucun danger pour la sant\u00e9, ils sont donc sans danger.<\/p>\n<p>Ces substances ne portent pas dommage au corps ou \u00e0 la peau, mais n&rsquo;ont pas non plus d&rsquo;effet positif.<\/p>\n<p>D\u00e9riv\u00e9s du p\u00e9trole : Sont la vaseline m\u00e9dicale, le p\u00e9trole et etc. Ce sont des produits moins chers que les huiles et graisses naturelles de haute qualit\u00e9 utilis\u00e9es dans les cosm\u00e9tiques naturels certifi\u00e9s.<\/p>\n<p>Les d\u00e9riv\u00e9s du p\u00e9trole forment un film sur la peau. Ils obstruent les pores et emp\u00eachent la peau de \u00ab\u00a0respirer\u00a0\u00bb. Ils ne sont certainement pas convenables pour le soin quotidien de votre peau.<\/p>\n<p>Les silicones dans les soins de la peau et des cheveux ne sont pas non plus b\u00e9n\u00e9fiques pour le soin de votre peau. Ils n&rsquo;offrent pas un v\u00e9ritable traitement pour la peau atopique, ils masquent les probl\u00e8mes plut\u00f4t que de les traiter.<\/p>\n<p>Leur seul avantage est qu&rsquo;ils s&rsquo;assurent que les produits sont faciles \u00e0 utiliser. Pour le corps, ils n&rsquo;ont aucun avantage. De plus, ils d\u00e9r\u00e8glent le fonctionnement naturel de la peau.<\/p>\n<h5><a href=\"https:\/\/www.biobey.be\/fr\/tag\/potentiellement-nocifs\/\">Produits chimiques potentiellement nocifs<\/a><\/h5>\n<p>Qu&rsquo;entend-on par \u00ab\u00a0ingr\u00e9dients chimiques potentiellement nocifs\u00a0\u00bb ?<\/p>\n<p>Dans les cosm\u00e9tiques et les produits de soins, de nombreux ingr\u00e9dients synth\u00e9tiques potentiellement toxiques sont autoris\u00e9s. Les produits de soins conventionnels, les cosm\u00e9tiques et les produits d&rsquo;hygi\u00e8ne se composant en grande partie d&rsquo;ingr\u00e9dients potentiellement nocifs. C&rsquo;est particuli\u00e8rement probl\u00e9matique lorsque la composition des produits de soins est une combinaison de plusieurs substances potentiellement nocives. Dans ce cas, il ne suffit pas d&rsquo;\u00e9valuer uniquement les effets des ingr\u00e9dients individuellement. Les effets de la combinaison de substances synth\u00e9tiques potentiellement nocives devraient \u00e9galement \u00eatre pris en consid\u00e9ration.<\/p>\n<p>Ces substances pr\u00e9sentent plusieurs d\u00e9savantages. Ils peuvent provoquer des irritations cutan\u00e9es et des r\u00e9actions allergiques. \u00c0 long terme, ils ont un effet n\u00e9gatif sur le corps.<\/p>\n<p>Quelles sont les substances potentiellement dangereuses ?<\/p>\n<p>-Parabens<\/p>\n<p>-Sulfates<\/p>\n<p>Parfum synth\u00e9tique<\/p>\n<p>Aluminium<\/p>\n<p>-PEG<\/p>\n<h4><a href=\"https:\/\/www.biobey.be\/fr\/tag\/chimiques-toxiques\/\">Ingr\u00e9dients chimiques toxiques ou dangereux<\/a><\/h4>\n<p>Quels sont les ingr\u00e9dients nocifs dans les cosm\u00e9tiques et les produits de soins ?<\/p>\n<p>Il s&rsquo;agit de substances dont les risques pour la sant\u00e9 ont \u00e9t\u00e9 prouv\u00e9s. Dans certains pays, certains ingr\u00e9dients toxiques sont d\u00e9j\u00e0 interdits dans les produits de soins. Dans d&rsquo;autres pays, des r\u00e8glements diff\u00e9rents s&rsquo;appliquent. Il peut s&rsquo;\u00e9couler beaucoup de temps avant que les dispositions l\u00e9gales concernant les ingr\u00e9dients autoris\u00e9s ne soient modifi\u00e9es. M\u00eame si les risques pour la sant\u00e9 de certaines substances ont \u00e9t\u00e9 prouv\u00e9s, elles sont quand m\u00eame ajout\u00e9es aux produits de soins. C&rsquo;est pourquoi il est important de v\u00e9rifier par vous-m\u00eame qu&rsquo;aucune substance toxique n&rsquo;a \u00e9t\u00e9 ajout\u00e9e dans les produits que vous utilisez.<\/p>\n<p>Quelles sont les substances list\u00e9es comme ingr\u00e9dients synth\u00e9tiques nocifs ?<\/p>\n<p>Triclosan : Le triclosan est une substance synth\u00e9tique toxique qui a un effet d\u00e9sinfectant et fongicide. Il pr\u00e9vient et r\u00e9duit la croissance bact\u00e9rienne. Il a \u00e9t\u00e9 prouv\u00e9 que le triclosan perturbe le syst\u00e8me hormonal. Cet ingr\u00e9dient nocif peut causer l&rsquo;infertilit\u00e9, la prise de poids et des troubles thyro\u00efdiens. Il est \u00e9galement nocif pour l&rsquo;environnement. En savoir plus sur le Triclosan ici.<\/p>\n<p>Acide borique : Cet ingr\u00e9dient est pr\u00e9sent dans les gouttes ophtalmiques. Il a \u00e9galement \u00e9t\u00e9 utilis\u00e9 dans les pommades pour b\u00e9b\u00e9s jusqu&rsquo;\u00e0 ce que cela n&rsquo;ete plus autoris\u00e9 par les directives Europ\u00e9ennes. Puis il a \u00e9t\u00e9 retir\u00e9 des \u00e9tag\u00e8res. L&rsquo;acide borique est class\u00e9 comme substance toxique et pr\u00e9occupante par l&rsquo;Agence Europ\u00e9enne des produits chimiques. Des r\u00e9actions d&rsquo;hypersensibilit\u00e9 peuvent survenir lors d&rsquo;un contact cutan\u00e9 normal. Elle peut entra\u00eener l&rsquo;infertilit\u00e9 chez les hommes. 1,5 g par kg de poids corporel chez les b\u00e9b\u00e9s et 2,5 g par kg de poids corporel chez un adulte absorb\u00e9 par la peau peut \u00eatre mortel.<\/p>\n<p>Formald\u00e9hyde : Cette substance est utilis\u00e9e comme agent de conservation. Cette substance est mauvaise pour le syst\u00e8me immunitaire, potentiellement canc\u00e9rig\u00e8ne et provoque de graves irritations cutan\u00e9es. L&rsquo;utilisation du formald\u00e9hyde est totalement interdite au Japon et en Su\u00e8de.<\/p>\n<p>Phtalates : est un nom collectif pour les produits chimiques que l&rsquo;on trouve dans les cosm\u00e9tiques et les produits de soins tels que les produits coiffants, les parfums et les d\u00e9os. Ils ont un effet perturbateur endocrinien et sont associ\u00e9s \u00e0 des probl\u00e8mes de fertilit\u00e9, d&rsquo;ob\u00e9sit\u00e9, de maladies du foie et des reins.<\/p>\n<p>E133 ou bleu brillant FCF : Il s&rsquo;agit d&rsquo;une teinture bleue synth\u00e9tique. La teinture est utilis\u00e9e dans les cosm\u00e9tiques, les produits de soin et les produits alimentaires. Elle est li\u00e9e \u00e0 l&rsquo;hyperactivit\u00e9 chez les enfants. Dans certains pays, l&rsquo;utilisation de cet ingr\u00e9dient est interdite.<\/p>\n<p>Bronopol : est une substance bact\u00e9ricide utilis\u00e9e comme agent de conservation. C&rsquo;est une substance toxique qui est totalement interdite dans certains pays. Bronopol irrite les yeux, les voies respiratoires et la peau.<\/p>\n<p>Cure : Cet ingr\u00e9dient a \u00e9t\u00e9 ajout\u00e9 dans les teintures capillaires et les produits pour le traitement de la peau s\u00e8che. C&rsquo;est une substance toxique qui a des propri\u00e9t\u00e9s canc\u00e9rig\u00e8nes.<\/p>\n\n\n<p><\/p>\n","protected":false},"excerpt":{"rendered":"<p>Comment \u00e9valuons-nous les ingr\u00e9dients ? Bien que les noms et r\u00e8glements INCI soient normalis\u00e9s \u00e0 l&rsquo;\u00e9chelle internationale, il n&rsquo;est toujours pas facile de savoir exactement quels ingr\u00e9dients sont purs et lesquels sont dangereux. C&rsquo;est pourquoi nous avons \u00e9valu\u00e9 chaque ingr\u00e9dient et l&rsquo;avons class\u00e9 en cinq cat\u00e9gories. Ingr\u00e9dients naturels purs Que signifie \u00ab\u00a0Ingr\u00e9dients naturels purs\u00a0\u00bb ? [&hellip;]<\/p>\n","protected":false},"author":1,"featured_media":0,"parent":1473,"menu_order":0,"comment_status":"closed","ping_status":"closed","template":"","meta":{"ocean_post_layout":"left-sidebar","ocean_both_sidebars_style":"","ocean_both_sidebars_content_width":0,"ocean_both_sidebars_sidebars_width":0,"ocean_sidebar":"sidebar","ocean_second_sidebar":"","ocean_disable_margins":"enable","ocean_add_body_class":"","ocean_shortcode_before_top_bar":"","ocean_shortcode_after_top_bar":"","ocean_shortcode_before_header":"","ocean_shortcode_after_header":"","ocean_has_shortcode":"","ocean_shortcode_after_title":"","ocean_shortcode_before_footer_widgets":"","ocean_shortcode_after_footer_widgets":"","ocean_shortcode_before_footer_bottom":"","ocean_shortcode_after_footer_bottom":"","ocean_display_top_bar":"default","ocean_display_header":"default","ocean_header_style":"","ocean_center_header_left_menu":"","ocean_custom_header_template":"","ocean_custom_logo":0,"ocean_custom_retina_logo":0,"ocean_custom_logo_max_width":0,"ocean_custom_logo_tablet_max_width":0,"ocean_custom_logo_mobile_max_width":0,"ocean_custom_logo_max_height":0,"ocean_custom_logo_tablet_max_height":0,"ocean_custom_logo_mobile_max_height":0,"ocean_header_custom_menu":"","ocean_menu_typo_font_family":"","ocean_menu_typo_font_subset":"","ocean_menu_typo_font_size":0,"ocean_menu_typo_font_size_tablet":0,"ocean_menu_typo_font_size_mobile":0,"ocean_menu_typo_font_size_unit":"px","ocean_menu_typo_font_weight":"","ocean_menu_typo_font_weight_tablet":"","ocean_menu_typo_font_weight_mobile":"","ocean_menu_typo_transform":"","ocean_menu_typo_transform_tablet":"","ocean_menu_typo_transform_mobile":"","ocean_menu_typo_line_height":0,"ocean_menu_typo_line_height_tablet":0,"ocean_menu_typo_line_height_mobile":0,"ocean_menu_typo_line_height_unit":"","ocean_menu_typo_spacing":0,"ocean_menu_typo_spacing_tablet":0,"ocean_menu_typo_spacing_mobile":0,"ocean_menu_typo_spacing_unit":"","ocean_menu_link_color":"","ocean_menu_link_color_hover":"","ocean_menu_link_color_active":"","ocean_menu_link_background":"","ocean_menu_link_hover_background":"","ocean_menu_link_active_background":"","ocean_menu_social_links_bg":"","ocean_menu_social_hover_links_bg":"","ocean_menu_social_links_color":"","ocean_menu_social_hover_links_color":"","ocean_disable_title":"enable","ocean_disable_heading":"default","ocean_post_title":"","ocean_post_subheading":"","ocean_post_title_style":"centered","ocean_post_title_background_color":"","ocean_post_title_background":0,"ocean_post_title_bg_image_position":"","ocean_post_title_bg_image_attachment":"","ocean_post_title_bg_image_repeat":"","ocean_post_title_bg_image_size":"","ocean_post_title_height":0,"ocean_post_title_bg_overlay":0.5,"ocean_post_title_bg_overlay_color":"","ocean_disable_breadcrumbs":"default","ocean_breadcrumbs_color":"","ocean_breadcrumbs_separator_color":"","ocean_breadcrumbs_links_color":"","ocean_breadcrumbs_links_hover_color":"","ocean_display_footer_widgets":"default","ocean_display_footer_bottom":"default","ocean_custom_footer_template":"","footnotes":""},"class_list":["post-1477","page","type-page","status-publish","hentry","entry","owp-thumbs-layout-horizontal","owp-btn-normal","owp-tabs-layout-section","has-no-thumbnails","circle-sale"],"_links":{"self":[{"href":"https:\/\/www.biobey.be\/fr\/wp-json\/wp\/v2\/pages\/1477","targetHints":{"allow":["GET"]}}],"collection":[{"href":"https:\/\/www.biobey.be\/fr\/wp-json\/wp\/v2\/pages"}],"about":[{"href":"https:\/\/www.biobey.be\/fr\/wp-json\/wp\/v2\/types\/page"}],"author":[{"embeddable":true,"href":"https:\/\/www.biobey.be\/fr\/wp-json\/wp\/v2\/users\/1"}],"replies":[{"embeddable":true,"href":"https:\/\/www.biobey.be\/fr\/wp-json\/wp\/v2\/comments?post=1477"}],"version-history":[{"count":0,"href":"https:\/\/www.biobey.be\/fr\/wp-json\/wp\/v2\/pages\/1477\/revisions"}],"up":[{"embeddable":true,"href":"https:\/\/www.biobey.be\/fr\/wp-json\/wp\/v2\/pages\/1473"}],"wp:attachment":[{"href":"https:\/\/www.biobey.be\/fr\/wp-json\/wp\/v2\/media?parent=1477"}],"curies":[{"name":"wp","href":"https:\/\/api.w.org\/{rel}","templated":true}]}}