{"id":1486,"date":"2022-10-28T14:36:00","date_gmt":"2022-10-28T12:36:00","guid":{"rendered":"https:\/\/www.biobey.be\/fr-temp\/a-propos-de-nous\/"},"modified":"2026-02-04T20:14:36","modified_gmt":"2026-02-04T19:14:36","slug":"a-propos-de-nous","status":"publish","type":"page","link":"https:\/\/www.biobey.be\/fr\/a-propos-de-nous\/","title":{"rendered":"\u00c0 propos de nous"},"content":{"rendered":"\r\n<h2 class=\"wp-block-heading has-text-align-center\"><strong>Notre philosophie : puret\u00e9, qualit\u00e9 et honn\u00eatet\u00e9<\/strong><\/h2>\r\n\r\n\r\n\r\n<p class=\"has-text-align-center\">Des produits naturels fabriqu\u00e9s tout en respectant l&rsquo;homme, l&rsquo;animal et la terre<br \/>Des ingr\u00e9dients de haute qualit\u00e9, de pr\u00e9f\u00e9rence issus de l&rsquo;agriculture biologique<br \/>Honn\u00eatet\u00e9 et transparence concernant les producteurs et engagement en faveur de la durabilit\u00e9 du processus de production.<\/p>\r\n\r\n\r\n\r\n<p class=\"has-text-align-center\">Les soins naturels, un mode de vie \u00e9cologique et sans d\u00e9chets ne sont pas simplement la tendance actuelle, ces choix sont essentiels pour votre sant\u00e9 et pour l\u2019avenir de notre plan\u00e8te.<\/p>\r\n\r\n\r\n\r\n<div class=\"wp-block-media-text alignwide is-stacked-on-mobile\">\r\n<figure class=\"wp-block-media-text__media\"><img decoding=\"async\" class=\"wp-image-35659 size-full\" src=\"https:\/\/www.biobey.be\/fr\/wp-content\/uploads\/sites\/5\/2022\/10\/a-propos-de-.jpeg\" alt=\"Biobey Amelia et Marha \" \/><\/figure>\r\n<div class=\"wp-block-media-text__content\">\r\n<h2 class=\"wp-block-heading has-medium-font-size\">Qui nous sommes\u202f?<\/h2>\r\n\r\n\r\n\r\n<p>Nous sommes deux s\u0153urs Amelia et Marha, avec la m\u00eame conviction que la beaut\u00e9 et le bien-\u00eatre sont impossibles sans harmonie avec soi-m\u00eame et avec la nature. Apr\u00e8s nos \u00e9tudes \u00e0 la KU Leuven, nous avons eu l&rsquo;id\u00e9e, en accord avec nos modes de vie v\u00e9g\u00e9taliens et \u00e9cologiques, de lancer ensemble une boutique en ligne pour promouvoir la durabilit\u00e9 et proposer des produits de soins naturels et biologiques exclusifs et abordables.<\/p>\r\n\r\n\r\n\r\n<p>Pendant notre temps libre, nous faisons des promenades dans la nature ensemble ou nous cherchons de nouvelles fa\u00e7ons de transformer des recettes classiques en variations vegan. Ce qui nous rend ins\u00e9parables, c\u2019est notre travail, notre passion et nos innombrables recherches sur les solutions les plus naturelles, \u00e9cologiques et efficaces pour le bien-\u00eatre de notre corps.<\/p>\r\n\r\n\r\n\r\n<p>Dans les produits naturels et biologiques durables, nous voyons la possibilit\u00e9 de revenir \u00e0 l\u2019essentiel : une vie naturelle et saine en harmonie avec la terre.<\/p>\r\n<\/div>\r\n<\/div>\r\n\r\n\r\n\r\n<div class=\"wp-block-spacer\" style=\"height: 19px;\" aria-hidden=\"true\">\u00a0<\/div>\r\n\r\n\r\n\r\n<div class=\"wp-block-media-text alignwide has-media-on-the-right is-stacked-on-mobile\">\r\n<div class=\"wp-block-media-text__content\">\r\n<h2 class=\"wp-block-heading\">Recherche<\/h2>\r\n\r\n\r\n\r\n<p>Dans notre vie quotidienne, nous entrons en contact avec des produits de soins personnels compos\u00e9s principalement d&rsquo;ingr\u00e9dients chimiques (dangereux). Il existe peu ou presque pas d&rsquo;informations sur les effets de ces ingr\u00e9dients sur notre sant\u00e9. La peau est un organe protecteur mais aussi absorbant.<br \/>Une partie de ce que nous mettons sur notre peau est absorb\u00e9e par la peau et p\u00e9n\u00e8tre ainsi dans notre organisme. Il est donc extr\u00eamement important de savoir quelles substances vous mettez sur votre peau. Et aussi pour savoir si ces substances ont leur place dans notre corps et si elles n&rsquo;interf\u00e8rent pas avec le fonctionnement naturel de l&rsquo;organisme.<\/p>\r\n\r\n\r\n\r\n<p>En testant tout nous-m\u00eames et en recherchant la composition des ingr\u00e9dients, nous sommes en mesure de vous offrir la description la plus pr\u00e9cise possible du produit.<\/p>\r\n<\/div>\r\n<figure class=\"wp-block-media-text__media\"><img decoding=\"async\" class=\"wp-image-35660 size-full\" src=\"https:\/\/www.biobey.be\/fr\/wp-content\/uploads\/sites\/5\/2022\/10\/biobey.be-a-propos-de-nous.jpeg\" alt=\"Recherche Biobey \" \/><\/figure>\r\n<\/div>\r\n\r\n\r\n\r\n<div class=\"wp-block-spacer\" style=\"height: 19px;\" aria-hidden=\"true\">\u00a0<\/div>\r\n\r\n\r\n\r\n<div class=\"wp-block-group alignwide has-white-background-color has-background\"><div class=\"wp-block-group__inner-container is-layout-flow wp-block-group-is-layout-flow\">\r\n<div class=\"wp-block-spacer\" style=\"height: 70px;\" aria-hidden=\"true\">\u00a0<\/div>\r\n\r\n\r\n\r\n<div class=\"wp-block-columns alignwide are-vertically-aligned-center is-layout-flex wp-container-core-columns-is-layout-9d6595d7 wp-block-columns-is-layout-flex\">\r\n<div class=\"wp-block-column is-layout-flow wp-block-column-is-layout-flow\" style=\"flex-basis: 50%;\">\r\n<p class=\"has-medium-font-size\" style=\"line-height: 1.1;\"><strong>Comment le Biobey a-t-il \u00e9t\u00e9 cr\u00e9\u00e9 ?<\/strong><\/p>\r\n<\/div>\r\n\r\n\r\n\r\n<div class=\"wp-block-column is-layout-flow wp-block-column-is-layout-flow\" style=\"flex-basis: 50%;\"><hr class=\"wp-block-separator has-text-color has-css-opacity has-background is-style-wide\" style=\"background-color: #000000; color: #000000;\" \/><\/div>\r\n<\/div>\r\n\r\n\r\n\r\n<div class=\"wp-block-columns alignwide is-layout-flex wp-container-core-columns-is-layout-9d6595d7 wp-block-columns-is-layout-flex\">\r\n<div class=\"wp-block-column is-layout-flow wp-block-column-is-layout-flow\">\r\n<figure class=\"wp-block-image size-full is-style-default\"><img decoding=\"async\" class=\"wp-image-28285\" src=\"https:\/\/www.biobey.be\/wp-content\/uploads\/2020\/02\/Belgische-biologische-webshop-beauty-ecommerce-1200x839-1.jpg\" alt=\"Biobey biologische e-commerce service en groothandel in bio en ecologische verzorgingsproducten\" \/><\/figure>\r\n<\/div>\r\n\r\n\r\n\r\n<div class=\"wp-block-column is-layout-flow wp-block-column-is-layout-flow\">\r\n<p class=\"has-text-color\" style=\"color: #000000; font-size: 16px;\">Biobey est n\u00e9 de l&rsquo;amour de la nature et de la compr\u00e9hension de l&rsquo;efficacit\u00e9 des produits et rem\u00e8des naturels de haute qualit\u00e9 comme, par exemple, le shampooing naturel cannaderm contre l&rsquo;ecz\u00e9ma du cuir chevelu. Nous sommes l\u00e0 pour vous faire d\u00e9couvrir l&rsquo;efficacit\u00e9 des produits purs. D\u00e9couvrez ici la gamme de produits naturels et biologiques certifi\u00e9s.<\/p>\r\n<\/div>\r\n\r\n\r\n\r\n<div class=\"wp-block-column is-layout-flow wp-block-column-is-layout-flow\">\r\n<p><strong>Notre mission<\/strong><\/p>\r\n\r\n\r\n\r\n<p>Biobey est plus qu&rsquo;un vendeur de produits de soins de la peau biologiques et naturels, nous sommes une \u00e9quipe enthousiaste et nous croyons au pouvoir de la nature.<br \/>Nous sommes d\u00e9termin\u00e9s \u00e0 rendre votre routine de soins de la peau plus verte et plus saine gr\u00e2ce \u00e0 une gamme de produits naturels certifi\u00e9s soigneusement s\u00e9lectionn\u00e9s.<\/p>\r\n<\/div>\r\n<\/div>\r\n\r\n\r\n\r\n<div class=\"wp-block-spacer\" style=\"height: 15px;\" aria-hidden=\"true\">\u00a0<\/div>\r\n<\/div><\/div>\r\n\r\n\r\n\r\n<div class=\"wp-block-group alignfull has-background\" style=\"background-color: #f2f0e9;\"><div class=\"wp-block-group__inner-container is-layout-flow wp-block-group-is-layout-flow\">\r\n<div class=\"wp-block-spacer\" style=\"height: 14px;\" aria-hidden=\"true\">\u00a0<\/div>\r\n\r\n\r\n\r\n<div class=\"wp-block-columns alignwide are-vertically-aligned-center is-layout-flex wp-container-core-columns-is-layout-9d6595d7 wp-block-columns-is-layout-flex\">\r\n<div class=\"wp-block-column is-layout-flow wp-block-column-is-layout-flow\" style=\"flex-basis: 50%;\"><hr class=\"wp-block-separator has-text-color has-css-opacity has-background is-style-wide\" style=\"background-color: #000000; color: #000000;\" \/><\/div>\r\n<\/div>\r\n\r\n\r\n\r\n<div class=\"wp-block-columns alignwide is-layout-flex wp-container-core-columns-is-layout-9d6595d7 wp-block-columns-is-layout-flex\">\r\n<div class=\"wp-block-column is-layout-flow wp-block-column-is-layout-flow\">\r\n<h3 class=\"wp-block-heading\">Transparence<\/h3>\r\n\r\n\r\n\r\n<p style=\"font-size: 14px;\">M\u00eame si les noms et les r\u00e8gles INCI sont normalis\u00e9s au niveau international, il n&rsquo;est toujours pas facile de savoir exactement quels ingr\u00e9dients sont purement naturels et lesquels sont dangereux.<\/p>\r\n\r\n\r\n\r\n<p style=\"font-size: 14px;\">Nous avons donc examin\u00e9 tous les ingr\u00e9dients et les avons class\u00e9s en cinq cat\u00e9gories :<br \/>Des ingr\u00e9dients purement naturels<br \/>D\u00e9riv\u00e9s naturels<br \/>Substances inoffensives ou neutres<br \/>Produits chimiques, substances potentiellement irritantes<br \/>Produits chimiques dangereux<\/p>\r\n\r\n\r\n\r\n<p style=\"font-size: 14px;\">En outre, nous avons \u00e9tabli des tableaux d&rsquo;ingr\u00e9dients pour chaque produit, ce qui vous permet de voir imm\u00e9diatement \u00e0 quel point le produit est pur.<\/p>\r\n<\/div>\r\n\r\n\r\n\r\n<div class=\"wp-block-column is-layout-flow wp-block-column-is-layout-flow\">\r\n<h3 class=\"wp-block-heading\" style=\"font-size: 16px;\">Encyclop\u00e9die<\/h3>\r\n\r\n\r\n\r\n<p style=\"font-size: 14px;\">La connaissance, c&rsquo;est le pouvoir. C&rsquo;est pourquoi nous recueillons le plus d&rsquo;informations possible sur les ingr\u00e9dients des cosm\u00e9tiques aupr\u00e8s de sources qualitatives officielles. Nous traitons et discutons des substances pures, chimiques et dangereuses courantes. Nous mettons tout cela \u00e0 votre disposition dans l&rsquo;encyclop\u00e9die Biobey. Nous ajoutons r\u00e9guli\u00e8rement de nouveaux ingr\u00e9dients \u00e0 notre encyclop\u00e9die !<\/p>\r\n<\/div>\r\n\r\n\r\n\r\n<div class=\"wp-block-column is-layout-flow wp-block-column-is-layout-flow\">\r\n<h2 class=\"wp-block-heading\" style=\"font-size: 16px;\">Ventes et ateliers B2B<\/h2>\r\n\r\n\r\n\r\n<p style=\"font-size: 14px;\">Biobey est un distributeur\/grossiste de tous les produits propos\u00e9s ici. Nous organisons p\u00e9riodiquement des ateliers (+goodie bags) pour tous les clients B2B. Vous \u00eates int\u00e9ress\u00e9 par nos produits ou vous souhaitez que nous organisions un atelier dans votre magasin ? \u00c9crivez-nous via le formulaire de contact qui se trouve au bas de cette page.<\/p>\r\n<\/div>\r\n<\/div>\r\n\r\n\r\n\r\n<div class=\"wp-block-spacer\" style=\"height: 18px;\" aria-hidden=\"true\">\u00a0<\/div>\r\n<\/div><\/div>\r\n\r\n\r\n\r\n<div class=\"wp-block-spacer\" style=\"height: 19px;\" aria-hidden=\"true\">\u00a0<\/div>\r\n\r\n\r\n\r\n<p><strong>Nos partenaires:<\/strong><\/p>\r\n\r\n\r\n\r\n<ul class=\"wp-block-list\">\r\n<li><a href=\"https:\/\/markantvzw.be\/markant\/markante-zaken\/biobey\" rel=\"nofollow noopener\" target=\"_blank\">Markant vzw of Best wel pittig<\/a><\/li>\r\n\r\n\r\n\r\n<li><a href=\"https:\/\/www.veganisme.org\/wat-wij-doen\/vegan-friendly\/\" rel=\"nofollow noopener\" target=\"_blank\">Vegan friendly organisation<\/a><\/li>\r\n\r\n\r\n\r\n<li>Velt vzw<\/li>\r\n<\/ul>\r\n","protected":false},"excerpt":{"rendered":"<p>Notre philosophie : puret\u00e9, qualit\u00e9 et honn\u00eatet\u00e9 Des produits naturels fabriqu\u00e9s tout en respectant l&rsquo;homme, l&rsquo;animal et la terreDes ingr\u00e9dients de haute qualit\u00e9, de pr\u00e9f\u00e9rence issus de l&rsquo;agriculture biologiqueHonn\u00eatet\u00e9 et transparence concernant les producteurs et engagement en faveur de la durabilit\u00e9 du processus de production. Les soins naturels, un mode de vie \u00e9cologique et sans [&hellip;]<\/p>\n","protected":false},"author":1,"featured_media":0,"parent":0,"menu_order":0,"comment_status":"closed","ping_status":"closed","template":"","meta":{"ocean_post_layout":"","ocean_both_sidebars_style":"","ocean_both_sidebars_content_width":0,"ocean_both_sidebars_sidebars_width":0,"ocean_sidebar":"0","ocean_second_sidebar":"0","ocean_disable_margins":"enable","ocean_add_body_class":"","ocean_shortcode_before_top_bar":"","ocean_shortcode_after_top_bar":"","ocean_shortcode_before_header":"","ocean_shortcode_after_header":"","ocean_has_shortcode":"","ocean_shortcode_after_title":"","ocean_shortcode_before_footer_widgets":"","ocean_shortcode_after_footer_widgets":"","ocean_shortcode_before_footer_bottom":"","ocean_shortcode_after_footer_bottom":"","ocean_display_top_bar":"default","ocean_display_header":"default","ocean_header_style":"","ocean_center_header_left_menu":"0","ocean_custom_header_template":"0","ocean_custom_logo":0,"ocean_custom_retina_logo":0,"ocean_custom_logo_max_width":0,"ocean_custom_logo_tablet_max_width":0,"ocean_custom_logo_mobile_max_width":0,"ocean_custom_logo_max_height":0,"ocean_custom_logo_tablet_max_height":0,"ocean_custom_logo_mobile_max_height":0,"ocean_header_custom_menu":"0","ocean_menu_typo_font_family":"0","ocean_menu_typo_font_subset":"","ocean_menu_typo_font_size":0,"ocean_menu_typo_font_size_tablet":0,"ocean_menu_typo_font_size_mobile":0,"ocean_menu_typo_font_size_unit":"px","ocean_menu_typo_font_weight":"","ocean_menu_typo_font_weight_tablet":"","ocean_menu_typo_font_weight_mobile":"","ocean_menu_typo_transform":"","ocean_menu_typo_transform_tablet":"","ocean_menu_typo_transform_mobile":"","ocean_menu_typo_line_height":0,"ocean_menu_typo_line_height_tablet":0,"ocean_menu_typo_line_height_mobile":0,"ocean_menu_typo_line_height_unit":"","ocean_menu_typo_spacing":0,"ocean_menu_typo_spacing_tablet":0,"ocean_menu_typo_spacing_mobile":0,"ocean_menu_typo_spacing_unit":"","ocean_menu_link_color":"","ocean_menu_link_color_hover":"","ocean_menu_link_color_active":"","ocean_menu_link_background":"","ocean_menu_link_hover_background":"","ocean_menu_link_active_background":"","ocean_menu_social_links_bg":"","ocean_menu_social_hover_links_bg":"","ocean_menu_social_links_color":"","ocean_menu_social_hover_links_color":"","ocean_disable_title":"enable","ocean_disable_heading":"default","ocean_post_title":"","ocean_post_subheading":"","ocean_post_title_style":"centered","ocean_post_title_background_color":"","ocean_post_title_background":0,"ocean_post_title_bg_image_position":"","ocean_post_title_bg_image_attachment":"","ocean_post_title_bg_image_repeat":"","ocean_post_title_bg_image_size":"","ocean_post_title_height":0,"ocean_post_title_bg_overlay":0.5,"ocean_post_title_bg_overlay_color":"","ocean_disable_breadcrumbs":"default","ocean_breadcrumbs_color":"","ocean_breadcrumbs_separator_color":"","ocean_breadcrumbs_links_color":"","ocean_breadcrumbs_links_hover_color":"","ocean_display_footer_widgets":"default","ocean_display_footer_bottom":"default","ocean_custom_footer_template":"0","footnotes":""},"class_list":["post-1486","page","type-page","status-publish","hentry","entry","owp-thumbs-layout-horizontal","owp-btn-normal","owp-tabs-layout-section","has-no-thumbnails","circle-sale"],"_links":{"self":[{"href":"https:\/\/www.biobey.be\/fr\/wp-json\/wp\/v2\/pages\/1486","targetHints":{"allow":["GET"]}}],"collection":[{"href":"https:\/\/www.biobey.be\/fr\/wp-json\/wp\/v2\/pages"}],"about":[{"href":"https:\/\/www.biobey.be\/fr\/wp-json\/wp\/v2\/types\/page"}],"author":[{"embeddable":true,"href":"https:\/\/www.biobey.be\/fr\/wp-json\/wp\/v2\/users\/1"}],"replies":[{"embeddable":true,"href":"https:\/\/www.biobey.be\/fr\/wp-json\/wp\/v2\/comments?post=1486"}],"version-history":[{"count":0,"href":"https:\/\/www.biobey.be\/fr\/wp-json\/wp\/v2\/pages\/1486\/revisions"}],"wp:attachment":[{"href":"https:\/\/www.biobey.be\/fr\/wp-json\/wp\/v2\/media?parent=1486"}],"curies":[{"name":"wp","href":"https:\/\/api.w.org\/{rel}","templated":true}]}}