{"id":1490,"date":"2024-05-18T00:12:16","date_gmt":"2024-05-17T22:12:16","guid":{"rendered":"https:\/\/www.biobey.be\/fr-temp\/clients-b2b-ou-business\/"},"modified":"2026-02-04T19:49:36","modified_gmt":"2026-02-04T18:49:36","slug":"clients-b2b-ou-business","status":"publish","type":"page","link":"https:\/\/www.biobey.be\/fr\/clients-b2b-ou-business\/","title":{"rendered":"Clients B2B ou Business"},"content":{"rendered":"<p>Biobey est distributeur\/grossiste de toutes les marques (Argital, Bema Bio, Naturys, Geoderm, Cannaderm, Bioearth, Naobay, <strong><a href=\"https:\/\/www.biobey.be\/fr\/produit\/creme-visage-bio-a-effet-botox-50ml\/\">distributeur excusive de NUY<\/a><\/strong>) propos\u00e9es ici. Si tu es un nouveau client et que tu souhaites recevoir plus d&rsquo;informations, envoie-nous un e-mail.<\/p>\n<p>En tant que distributeur et grossiste de produits de soins de la peau et de suppl\u00e9ments naturels, nous sommes passionn\u00e9s par la promotion d&rsquo;un mode de vie sain. En tant que nouveau client, nous sommes pr\u00eats \u00e0 t&rsquo;accueillir et \u00e0 te fournir toutes les informations dont tu as besoin.<\/p>\n<p>Un simple email suffit pour entrer en contact avec notre \u00e9quipe d\u00e9vou\u00e9e, qui r\u00e9pondra rapidement et de mani\u00e8re experte \u00e0 toutes tes demandes. Pour les questions urgentes, nous avons \u00e9galement un num\u00e9ro de t\u00e9l\u00e9phone disponible afin que tu puisses obtenir une r\u00e9ponse imm\u00e9diate.<\/p>\n<p>Notre service client\u00e8le est disponible tous les jours de la semaine et m\u00eame le samedi, de t\u00f4t le matin \u00e0 tard le soir, de 7h \u00e0 20h. N&rsquo;h\u00e9site pas \u00e0 nous contacter pour tous tes besoins en mati\u00e8re de soins naturels. Nous nous r\u00e9jouissons de pouvoir t&rsquo;aider sur ton chemin vers une vie plus saine et plus \u00e9quilibr\u00e9e.<\/p>\n<h2>Rendez-vous pour des ateliers ou des clients B2B ?<\/h2>\n<p>Nos ateliers sont actuellement organis\u00e9s \u00e0 la fois en ligne et hors ligne pour r\u00e9pondre aux besoins des diff\u00e9rents participants. Si tu souhaites participer \u00e0 l&rsquo;un de nos ateliers ou si tu veux plus d&rsquo;informations sur les sujets abord\u00e9s pendant les ateliers, nous t&rsquo;invitons cordialement \u00e0 nous contacter.<\/p>\n<p>Tu peux envoyer un e-mail \u00e0 info@biobey.be pour poser tes questions ou t&rsquo;inscrire. Si tu pr\u00e9f\u00e8res nous contacter par t\u00e9l\u00e9phone, tu peux nous joindre au num\u00e9ro indiqu\u00e9 sur notre site Internet.<\/p>\n<p>Nous sommes pr\u00eats \u00e0 r\u00e9pondre \u00e0 toutes tes questions et \u00e0 t&rsquo;aider \u00e0 choisir l&rsquo;atelier qui correspond le mieux \u00e0 tes besoins. N&rsquo;h\u00e9site pas \u00e0 nous contacter, nous nous r\u00e9jouissons de t&rsquo;accueillir dans l&rsquo;un de nos ateliers inspirants !<\/p>\n","protected":false},"excerpt":{"rendered":"<p>Biobey est distributeur\/grossiste de toutes les marques (Argital, Bema Bio, Naturys, Geoderm, Cannaderm, Bioearth, Naobay, distributeur excusive de NUY) propos\u00e9es ici. Si tu es un nouveau client et que tu souhaites recevoir plus d&rsquo;informations, envoie-nous un e-mail. En tant que distributeur et grossiste de produits de soins de la peau et de suppl\u00e9ments naturels, nous [&hellip;]<\/p>\n","protected":false},"author":1,"featured_media":0,"parent":0,"menu_order":0,"comment_status":"closed","ping_status":"closed","template":"","meta":{"ocean_post_layout":"","ocean_both_sidebars_style":"","ocean_both_sidebars_content_width":0,"ocean_both_sidebars_sidebars_width":0,"ocean_sidebar":"0","ocean_second_sidebar":"0","ocean_disable_margins":"enable","ocean_add_body_class":"","ocean_shortcode_before_top_bar":"","ocean_shortcode_after_top_bar":"","ocean_shortcode_before_header":"","ocean_shortcode_after_header":"","ocean_has_shortcode":"","ocean_shortcode_after_title":"","ocean_shortcode_before_footer_widgets":"","ocean_shortcode_after_footer_widgets":"","ocean_shortcode_before_footer_bottom":"","ocean_shortcode_after_footer_bottom":"","ocean_display_top_bar":"default","ocean_display_header":"default","ocean_header_style":"","ocean_center_header_left_menu":"0","ocean_custom_header_template":"0","ocean_custom_logo":0,"ocean_custom_retina_logo":0,"ocean_custom_logo_max_width":0,"ocean_custom_logo_tablet_max_width":0,"ocean_custom_logo_mobile_max_width":0,"ocean_custom_logo_max_height":0,"ocean_custom_logo_tablet_max_height":0,"ocean_custom_logo_mobile_max_height":0,"ocean_header_custom_menu":"0","ocean_menu_typo_font_family":"0","ocean_menu_typo_font_subset":"","ocean_menu_typo_font_size":0,"ocean_menu_typo_font_size_tablet":0,"ocean_menu_typo_font_size_mobile":0,"ocean_menu_typo_font_size_unit":"px","ocean_menu_typo_font_weight":"","ocean_menu_typo_font_weight_tablet":"","ocean_menu_typo_font_weight_mobile":"","ocean_menu_typo_transform":"","ocean_menu_typo_transform_tablet":"","ocean_menu_typo_transform_mobile":"","ocean_menu_typo_line_height":0,"ocean_menu_typo_line_height_tablet":0,"ocean_menu_typo_line_height_mobile":0,"ocean_menu_typo_line_height_unit":"","ocean_menu_typo_spacing":0,"ocean_menu_typo_spacing_tablet":0,"ocean_menu_typo_spacing_mobile":0,"ocean_menu_typo_spacing_unit":"","ocean_menu_link_color":"","ocean_menu_link_color_hover":"","ocean_menu_link_color_active":"","ocean_menu_link_background":"","ocean_menu_link_hover_background":"","ocean_menu_link_active_background":"","ocean_menu_social_links_bg":"","ocean_menu_social_hover_links_bg":"","ocean_menu_social_links_color":"","ocean_menu_social_hover_links_color":"","ocean_disable_title":"enable","ocean_disable_heading":"default","ocean_post_title":"","ocean_post_subheading":"","ocean_post_title_style":"centered","ocean_post_title_background_color":"","ocean_post_title_background":0,"ocean_post_title_bg_image_position":"","ocean_post_title_bg_image_attachment":"","ocean_post_title_bg_image_repeat":"","ocean_post_title_bg_image_size":"","ocean_post_title_height":0,"ocean_post_title_bg_overlay":0.5,"ocean_post_title_bg_overlay_color":"","ocean_disable_breadcrumbs":"default","ocean_breadcrumbs_color":"","ocean_breadcrumbs_separator_color":"","ocean_breadcrumbs_links_color":"","ocean_breadcrumbs_links_hover_color":"","ocean_display_footer_widgets":"default","ocean_display_footer_bottom":"default","ocean_custom_footer_template":"0","footnotes":""},"class_list":["post-1490","page","type-page","status-publish","hentry","entry","owp-thumbs-layout-horizontal","owp-btn-normal","owp-tabs-layout-section","has-no-thumbnails","circle-sale"],"_links":{"self":[{"href":"https:\/\/www.biobey.be\/fr\/wp-json\/wp\/v2\/pages\/1490","targetHints":{"allow":["GET"]}}],"collection":[{"href":"https:\/\/www.biobey.be\/fr\/wp-json\/wp\/v2\/pages"}],"about":[{"href":"https:\/\/www.biobey.be\/fr\/wp-json\/wp\/v2\/types\/page"}],"author":[{"embeddable":true,"href":"https:\/\/www.biobey.be\/fr\/wp-json\/wp\/v2\/users\/1"}],"replies":[{"embeddable":true,"href":"https:\/\/www.biobey.be\/fr\/wp-json\/wp\/v2\/comments?post=1490"}],"version-history":[{"count":0,"href":"https:\/\/www.biobey.be\/fr\/wp-json\/wp\/v2\/pages\/1490\/revisions"}],"wp:attachment":[{"href":"https:\/\/www.biobey.be\/fr\/wp-json\/wp\/v2\/media?parent=1490"}],"curies":[{"name":"wp","href":"https:\/\/api.w.org\/{rel}","templated":true}]}}