{"id":73233,"date":"2026-02-22T15:47:41","date_gmt":"2026-02-22T14:47:41","guid":{"rendered":"https:\/\/www.biobey.be\/fr\/?page_id=73233"},"modified":"2026-02-22T15:57:11","modified_gmt":"2026-02-22T14:57:11","slug":"politique-avis","status":"publish","type":"page","link":"https:\/\/www.biobey.be\/fr\/politique-avis\/","title":{"rendered":"Politique avis"},"content":{"rendered":"<h2>Politique en mati\u00e8re d&rsquo;avis Biobey \u2013 transparence et confiance<\/h2>\n<p><strong>1. Origine des avis<\/strong><br \/>\n&#8211; Les avis peuvent provenir de clients ayant achet\u00e9 un produit ou de testeurs ayant re\u00e7u un produit \u00e0 essayer.<br \/>\n&#8211; Les avis sont recueillis via un achat, des tests de produits, par e-mail, par t\u00e9l\u00e9phone ou en personne.<\/p>\n<p><strong>2. Labels et v\u00e9rification<\/strong><br \/>\n&#8211; Chez Biobey, nous n&rsquo;utilisons pas de labels tels que \u00ab Acheteur v\u00e9rifi\u00e9 \u00bb ou \u00ab Testeur \u00bb.<br \/>\n&#8211; Aucun terme trompeur n&rsquo;est utilis\u00e9.<\/p>\n<p><strong>3. Traitement des avis<\/strong><br \/>\n&#8211; Les avis refl\u00e8tent l&rsquo;exp\u00e9rience personnelle de l&rsquo;\u00e9valuateur, qu&rsquo;elle soit positive ou n\u00e9gative.<br \/>\n&#8211; Tous les avis sont publi\u00e9s, aussi bien les positifs que les n\u00e9gatifs.<br \/>\n&#8211; Le contenu inappropri\u00e9 ou ind\u00e9sirable (spam) peut \u00eatre supprim\u00e9.<br \/>\n&#8211; Les avis ne sont ni modifi\u00e9s ni manipul\u00e9s.<\/p>\n<p><strong>4. Note moyenne<\/strong><br \/>\n&#8211; La note moyenne par produit est calcul\u00e9e automatiquement sur la base de l&rsquo;ensemble des avis publi\u00e9s pour ce produit.<br \/>\n&#8211; Aucun avis n&rsquo;est exclu de ce calcul.<\/p>\n<p><strong>5. Devenir testeur ou laisser un avis<\/strong><br \/>\n&#8211; Les visiteurs peuvent tester un produit ou laisser un avis en nous contactant par e-mail ou par t\u00e9l\u00e9phone.<br \/>\n&#8211; Cela donne \u00e0 chacun la possibilit\u00e9 d&rsquo;essayer un produit et de partager son exp\u00e9rience.<\/p>\n<p><strong>6. Vie priv\u00e9e et informations visibles<\/strong><br \/>\n&#8211; Les \u00e9valuateurs choisissent eux-m\u00eames les informations affich\u00e9es (par ex. nom, \u00e2ge, type de peau).<br \/>\n&#8211; Les coordonn\u00e9es personnelles telles que les adresses e-mail ne sont jamais rendues publiques.<\/p>\n<p><strong>7. Transparence<\/strong><br \/>\n&#8211; Cette politique permet aux visiteurs de comprendre comment les avis sont recueillis et qu&rsquo;ils proviennent de v\u00e9ritables clients et testeurs.<br \/>\n&#8211; Les \u00e9valuateurs gardent le contr\u00f4le total sur les informations personnelles qu&rsquo;ils partagent.<\/p>\n","protected":false},"excerpt":{"rendered":"<p>Politique en mati\u00e8re d&rsquo;avis Biobey \u2013 transparence et confiance 1. Origine des avis &#8211; Les avis peuvent provenir de clients ayant achet\u00e9 un produit ou de testeurs ayant re\u00e7u un produit \u00e0 essayer. &#8211; Les avis sont recueillis via un achat, des tests de produits, par e-mail, par t\u00e9l\u00e9phone ou en personne. 2. Labels et [&hellip;]<\/p>\n","protected":false},"author":1,"featured_media":0,"parent":0,"menu_order":0,"comment_status":"closed","ping_status":"closed","template":"","meta":{"ocean_post_layout":"","ocean_both_sidebars_style":"","ocean_both_sidebars_content_width":0,"ocean_both_sidebars_sidebars_width":0,"ocean_sidebar":"0","ocean_second_sidebar":"0","ocean_disable_margins":"enable","ocean_add_body_class":"","ocean_shortcode_before_top_bar":"","ocean_shortcode_after_top_bar":"","ocean_shortcode_before_header":"","ocean_shortcode_after_header":"","ocean_has_shortcode":"","ocean_shortcode_after_title":"","ocean_shortcode_before_footer_widgets":"","ocean_shortcode_after_footer_widgets":"","ocean_shortcode_before_footer_bottom":"","ocean_shortcode_after_footer_bottom":"","ocean_display_top_bar":"default","ocean_display_header":"default","ocean_header_style":"","ocean_center_header_left_menu":"0","ocean_custom_header_template":"0","ocean_custom_logo":0,"ocean_custom_retina_logo":0,"ocean_custom_logo_max_width":0,"ocean_custom_logo_tablet_max_width":0,"ocean_custom_logo_mobile_max_width":0,"ocean_custom_logo_max_height":0,"ocean_custom_logo_tablet_max_height":0,"ocean_custom_logo_mobile_max_height":0,"ocean_header_custom_menu":"0","ocean_menu_typo_font_family":"0","ocean_menu_typo_font_subset":"","ocean_menu_typo_font_size":0,"ocean_menu_typo_font_size_tablet":0,"ocean_menu_typo_font_size_mobile":0,"ocean_menu_typo_font_size_unit":"px","ocean_menu_typo_font_weight":"","ocean_menu_typo_font_weight_tablet":"","ocean_menu_typo_font_weight_mobile":"","ocean_menu_typo_transform":"","ocean_menu_typo_transform_tablet":"","ocean_menu_typo_transform_mobile":"","ocean_menu_typo_line_height":0,"ocean_menu_typo_line_height_tablet":0,"ocean_menu_typo_line_height_mobile":0,"ocean_menu_typo_line_height_unit":"","ocean_menu_typo_spacing":0,"ocean_menu_typo_spacing_tablet":0,"ocean_menu_typo_spacing_mobile":0,"ocean_menu_typo_spacing_unit":"","ocean_menu_link_color":"","ocean_menu_link_color_hover":"","ocean_menu_link_color_active":"","ocean_menu_link_background":"","ocean_menu_link_hover_background":"","ocean_menu_link_active_background":"","ocean_menu_social_links_bg":"","ocean_menu_social_hover_links_bg":"","ocean_menu_social_links_color":"","ocean_menu_social_hover_links_color":"","ocean_disable_title":"default","ocean_disable_heading":"default","ocean_post_title":"","ocean_post_subheading":"","ocean_post_title_style":"","ocean_post_title_background_color":"","ocean_post_title_background":0,"ocean_post_title_bg_image_position":"","ocean_post_title_bg_image_attachment":"","ocean_post_title_bg_image_repeat":"","ocean_post_title_bg_image_size":"","ocean_post_title_height":0,"ocean_post_title_bg_overlay":0.5,"ocean_post_title_bg_overlay_color":"","ocean_disable_breadcrumbs":"default","ocean_breadcrumbs_color":"","ocean_breadcrumbs_separator_color":"","ocean_breadcrumbs_links_color":"","ocean_breadcrumbs_links_hover_color":"","ocean_display_footer_widgets":"default","ocean_display_footer_bottom":"default","ocean_custom_footer_template":"0","footnotes":""},"class_list":["post-73233","page","type-page","status-publish","hentry","entry","owp-thumbs-layout-horizontal","owp-btn-normal","owp-tabs-layout-section","has-no-thumbnails","circle-sale"],"_links":{"self":[{"href":"https:\/\/www.biobey.be\/fr\/wp-json\/wp\/v2\/pages\/73233","targetHints":{"allow":["GET"]}}],"collection":[{"href":"https:\/\/www.biobey.be\/fr\/wp-json\/wp\/v2\/pages"}],"about":[{"href":"https:\/\/www.biobey.be\/fr\/wp-json\/wp\/v2\/types\/page"}],"author":[{"embeddable":true,"href":"https:\/\/www.biobey.be\/fr\/wp-json\/wp\/v2\/users\/1"}],"replies":[{"embeddable":true,"href":"https:\/\/www.biobey.be\/fr\/wp-json\/wp\/v2\/comments?post=73233"}],"version-history":[{"count":0,"href":"https:\/\/www.biobey.be\/fr\/wp-json\/wp\/v2\/pages\/73233\/revisions"}],"wp:attachment":[{"href":"https:\/\/www.biobey.be\/fr\/wp-json\/wp\/v2\/media?parent=73233"}],"curies":[{"name":"wp","href":"https:\/\/api.w.org\/{rel}","templated":true}]}}