{"id":1711,"date":"2024-03-31T14:11:48","date_gmt":"2024-03-31T12:11:48","guid":{"rendered":"https:\/\/www.biobey.be\/fr-temp\/produit\/mascara-bio-pour-yeux-sensibles\/"},"modified":"2026-04-22T13:35:46","modified_gmt":"2026-04-22T11:35:46","slug":"mascara-bio-pour-yeux-sensibles","status":"publish","type":"product","link":"https:\/\/www.biobey.be\/fr\/produit\/mascara-bio-pour-yeux-sensibles\/","title":{"rendered":"Mascara bio pour yeux sensibles 10 ml"},"content":{"rendered":"<p>Le mascara bio pour yeux sensibles (Extra Length) a une couleur noire intense. Gr\u00e2ce \u00e0 sa formule naturelle \u00e0 base d&rsquo;extrait d&rsquo;aloe vera et de pigments min\u00e9raux de haute qualit\u00e9, il est doux pour le contour des yeux et convient particuli\u00e8rement aux yeux sensibles. Le mascara Geoderm donne des cils <strong>visiblement plus longs, du volume et n&rsquo;est pas granuleux<\/strong>.<\/p>\n<p>La brosse \u00e0 mascara pratique s\u00e9pare les cils et assure une couleur noire intense des racines aux pointes. Il s\u00e8che vite, ne fait pas de t\u00e2ches et ne coule pas. La brosse \u00e9paisse assure des cils longs et joliment recourb\u00e9s. Gr\u00e2ce \u00e0 ses ingr\u00e9dients b\u00e9n\u00e9fiques, le mascara bio pour yeux sensibles a un effet nourrissant et protecteur.<\/p>\n<h2>Formule du mascara bio pour yeux sensibles noir intense<\/h2>\n<p>Le mascara pur de Geoderm est exempt de parfum, de colorants synth\u00e9tiques, de polym\u00e8re, d&rsquo;huiles min\u00e9rales et d&rsquo;autres produits chimiques pr\u00e9sents dans la plupart des mascaras conventionnels. Par cons\u00e9quent, ce mascara naturel est non seulement s\u00fbr pour une utilisation quotidienne, mais <strong>il nourrit et soigne \u00e0 long terme<\/strong>.<\/p>\n<p>La cire naturelle renforce la structure et assure des cils plus fermes et plus recourb\u00e9s. L&rsquo;extrait d&rsquo;aloe vera est riche en vitamines et en nutriments qui stimulent la croissance des cils.<\/p>\n<p>Il forme une couche protectrice naturelle autour des cils. Le mascara bio pour yeux sensibles ne contient pas de silicones, de parfums de p\u00e9trole et d&rsquo;autres produits chimiques qui provoquent des irritations de la peau et des yeux.<\/p>\n<p><strong>Mode d&#8217;emploi<\/strong> : Pour un look naturel et subtil, appliquez le mascara de la racine \u00e0 la pointe des cils en faisant des mouvements de zigzag. Pour un effet plus saisissant, appliquez le mascara plusieurs fois sur la ligne des cils sup\u00e9rieurs et inf\u00e9rieurs.<\/p>\n<p><strong>Indication<\/strong><\/p>\n<p>Le mascara pour yeux sensibles Geoderm natural permet d&rsquo;obtenir <strong>une longueur visible et des cils longs et recourb\u00e9s magnifiquement d\u00e9finis<\/strong>. Il s\u00e8che rapidement et ne coule pas. Le mascara Geoderm extra length noir intense assure des cils saisissants et d\u00e9finis toute la journ\u00e9e.<\/p>\n<p>Il s&rsquo;agit d&rsquo;un produit naturel avec des pigments min\u00e9raux de haute qualit\u00e9. Exempt de toutes substances synth\u00e9tiques telles que parfums, colorants, silicones, polym\u00e8res et huiles min\u00e9rales.<\/p>\n<p>Le mascara naturel a \u00e9galement un effet nourrissant et fortifiant \u00e0 long terme.<br \/>\nLes principaux ingr\u00e9dients sont l&rsquo;huile d&rsquo;amande biologique et l&rsquo;extrait d&rsquo;aloe vera.<\/p>\n<p><strong>Certificats<\/strong> : Ecocert, Cosmos biologique<br \/>\n<strong>Contenu<\/strong> : 12\u2009ml<\/p>\n<p>Ingr\u00e9dients : Jus de feuille d&rsquo;Aloe Barbadensis, glyc\u00e9rine, pullulane, maltodextrine, b\u00e9h\u00e9nate de glyc\u00e9ryle, esters de jojoba, myristate d&rsquo;octyldod\u00e9cyle, huile de Prunus Amygdalus (amande douce), Cera Alba (cire d&rsquo;abeille), st\u00e9arate de glyc\u00e9ryle, triglyc\u00e9rides C10-18, cire de graines d&rsquo;Helianthus Annus, esters de polyglyc\u00e9ryle-3 de candelilla\/jojoba\/son de riz, sorbitol, palmitate de c\u00e9tyle, alcool c\u00e9t\u00e9arylique, st\u00e9aroyl lactylate de sodium, gomme d&rsquo;acacia s\u00e9n\u00e9galais, cire de fleur d&rsquo;acacia d\u00e9currens, polyglyc\u00e9rol-3, gomme xanthane, silice, tr\u00e9halose, und\u00e9cyl\u00e9nate de glyc\u00e9ryle, caprylate de glyc\u00e9ryle, alcool benzylique, CI 77499, CI 77007<br \/>\nissus de l&rsquo;agriculture biologique<br \/>\ningr\u00e9dients biologiques<\/p>\n<p>* De l&rsquo;agriculture biologique<\/p>\n<h3>Le mascara Geoderm convient-il aux porteurs de lentilles ?<\/h3>\n<p>Oui, le mascara naturel pour yeux sensibles de la marque Geoderm convient aux porteurs de lentilles car il est sp\u00e9cialement formul\u00e9 pour les personnes ayant les yeux sensibles. Ce mascara de Geoderm et le <span style=\"color: #0000ff;\"><a style=\"color: #0000ff;\" href=\"https:\/\/www.biobey.be\/fr\/produit\/mascara-anti-allergique-bio-volume\/\">mascara antiallergique Lepo<\/a><\/span> conviennent tous deux aux porteurs de lentilles.<\/p>\n","protected":false},"excerpt":{"rendered":"<p>Le mascara bio pour yeux sensibles Geoderm donne des cils visiblement plus longs, du volume et ne granule pas. Il s\u00e8che rapidement, ne fait pas de taches et ne coule pas. La brosse \u00e9paisse assure des cils longs et joliment recourb\u00e9s. Certifi\u00e9 par Ecocert et Cosmos Organic<\/p>\n","protected":false},"featured_media":335,"comment_status":"open","ping_status":"closed","template":"","meta":{"ocean_post_layout":"","ocean_both_sidebars_style":"","ocean_both_sidebars_content_width":0,"ocean_both_sidebars_sidebars_width":0,"ocean_sidebar":"0","ocean_second_sidebar":"0","ocean_disable_margins":"enable","ocean_add_body_class":"","ocean_shortcode_before_top_bar":"","ocean_shortcode_after_top_bar":"","ocean_shortcode_before_header":"","ocean_shortcode_after_header":"","ocean_has_shortcode":"","ocean_shortcode_after_title":"","ocean_shortcode_before_footer_widgets":"","ocean_shortcode_after_footer_widgets":"","ocean_shortcode_before_footer_bottom":"","ocean_shortcode_after_footer_bottom":"","ocean_display_top_bar":"default","ocean_display_header":"default","ocean_header_style":"","ocean_center_header_left_menu":"0","ocean_custom_header_template":"0","ocean_custom_logo":0,"ocean_custom_retina_logo":0,"ocean_custom_logo_max_width":0,"ocean_custom_logo_tablet_max_width":0,"ocean_custom_logo_mobile_max_width":0,"ocean_custom_logo_max_height":0,"ocean_custom_logo_tablet_max_height":0,"ocean_custom_logo_mobile_max_height":0,"ocean_header_custom_menu":"0","ocean_menu_typo_font_family":"0","ocean_menu_typo_font_subset":"","ocean_menu_typo_font_size":0,"ocean_menu_typo_font_size_tablet":0,"ocean_menu_typo_font_size_mobile":0,"ocean_menu_typo_font_size_unit":"px","ocean_menu_typo_font_weight":"","ocean_menu_typo_font_weight_tablet":"","ocean_menu_typo_font_weight_mobile":"","ocean_menu_typo_transform":"","ocean_menu_typo_transform_tablet":"","ocean_menu_typo_transform_mobile":"","ocean_menu_typo_line_height":0,"ocean_menu_typo_line_height_tablet":0,"ocean_menu_typo_line_height_mobile":0,"ocean_menu_typo_line_height_unit":"","ocean_menu_typo_spacing":0,"ocean_menu_typo_spacing_tablet":0,"ocean_menu_typo_spacing_mobile":0,"ocean_menu_typo_spacing_unit":"","ocean_menu_link_color":"","ocean_menu_link_color_hover":"","ocean_menu_link_color_active":"","ocean_menu_link_background":"","ocean_menu_link_hover_background":"","ocean_menu_link_active_background":"","ocean_menu_social_links_bg":"","ocean_menu_social_hover_links_bg":"","ocean_menu_social_links_color":"","ocean_menu_social_hover_links_color":"","ocean_disable_title":"default","ocean_disable_heading":"default","ocean_post_title":"","ocean_post_subheading":"","ocean_post_title_style":"","ocean_post_title_background_color":"","ocean_post_title_background":0,"ocean_post_title_bg_image_position":"","ocean_post_title_bg_image_attachment":"","ocean_post_title_bg_image_repeat":"","ocean_post_title_bg_image_size":"","ocean_post_title_height":0,"ocean_post_title_bg_overlay":0.5,"ocean_post_title_bg_overlay_color":"","ocean_disable_breadcrumbs":"default","ocean_breadcrumbs_color":"","ocean_breadcrumbs_separator_color":"","ocean_breadcrumbs_links_color":"","ocean_breadcrumbs_links_hover_color":"","ocean_display_footer_widgets":"default","ocean_display_footer_bottom":"default","ocean_custom_footer_template":"0"},"product_brand":[116],"product_cat":[55,47],"product_tag":[125],"class_list":{"0":"post-1711","1":"product","2":"type-product","3":"status-publish","4":"has-post-thumbnail","6":"product_brand-geoderm","7":"product_cat-maquillage","8":"product_cat-offres-et-minis","9":"product_tag-vegan","11":"entry","12":"has-media","14":"first","15":"instock","16":"taxable","17":"shipping-taxable","18":"purchasable","19":"product-type-simple","20":"has-rating","21":"col","22":"span_1_of_3","23":"owp-content-center","24":"owp-thumbs-layout-horizontal","25":"owp-btn-normal","26":"owp-tabs-layout-section","27":"has-no-thumbnails","28":"circle-sale"},"_links":{"self":[{"href":"https:\/\/www.biobey.be\/fr\/wp-json\/wp\/v2\/product\/1711","targetHints":{"allow":["GET"]}}],"collection":[{"href":"https:\/\/www.biobey.be\/fr\/wp-json\/wp\/v2\/product"}],"about":[{"href":"https:\/\/www.biobey.be\/fr\/wp-json\/wp\/v2\/types\/product"}],"replies":[{"embeddable":true,"href":"https:\/\/www.biobey.be\/fr\/wp-json\/wp\/v2\/comments?post=1711"}],"wp:featuredmedia":[{"embeddable":true,"href":"https:\/\/www.biobey.be\/fr\/wp-json\/wp\/v2\/media\/335"}],"wp:attachment":[{"href":"https:\/\/www.biobey.be\/fr\/wp-json\/wp\/v2\/media?parent=1711"}],"wp:term":[{"taxonomy":"product_brand","embeddable":true,"href":"https:\/\/www.biobey.be\/fr\/wp-json\/wp\/v2\/product_brand?post=1711"},{"taxonomy":"product_cat","embeddable":true,"href":"https:\/\/www.biobey.be\/fr\/wp-json\/wp\/v2\/product_cat?post=1711"},{"taxonomy":"product_tag","embeddable":true,"href":"https:\/\/www.biobey.be\/fr\/wp-json\/wp\/v2\/product_tag?post=1711"}],"curies":[{"name":"wp","href":"https:\/\/api.w.org\/{rel}","templated":true}]}}