{"id":1902,"date":"2025-05-27T00:56:50","date_gmt":"2025-05-26T22:56:50","guid":{"rendered":"https:\/\/www.biobey.be\/fr-temp\/produit\/eau-tonique-aha-et-exfoliante-100ml\/"},"modified":"2025-07-11T12:46:21","modified_gmt":"2025-07-11T10:46:21","slug":"eau-tonique-aha-et-exfoliante-100ml","status":"publish","type":"product","link":"https:\/\/www.biobey.be\/fr\/produit\/eau-tonique-aha-et-exfoliante-100ml\/","title":{"rendered":"Eau tonique AHA et exfoliante"},"content":{"rendered":"<p>Un tonique exfoliant pour traiter les peaux ternes et fatigu\u00e9es ? Ce tonique riche en vitamines exfolie la surface de la peau, la rafra\u00eechit et redonne de l&rsquo;\u00e9clat aux peaux fatigu\u00e9es.\u00a0 Tonique aha et exfoliant \u00e0 base d&rsquo;extrait d&rsquo;ananas est formul\u00e9 pour cr\u00e9er un effet \u00e9claircissant. Il donne \u00e0 la peau un aspect radieux et uniforme.<\/p>\n<p>Le <span style=\"color: #0000ff;\"><a style=\"color: #0000ff;\" href=\"https:\/\/www.biobey.be\/fr\/produit\/brume-hydratante-visage-bio-oxygen-bema-200ml\/\">spray tonique Oxy pour le visage<\/a> <\/span>rafra\u00eechit la peau et aide \u00e0 hydrater les peaux s\u00e8ches. Utiliser le spray avant d&rsquo;appliquer un s\u00e9rum ou une cr\u00e8me pour le visage.<\/p>\n<p><strong>Principales propri\u00e9t\u00e9s de ce tonique naturel<\/strong><\/p>\n<ol>\n<li>action exfoliante<\/li>\n<li>favorise le renouvellement des cellules de la peau<\/li>\n<li>donne un effet \u00e9clatant<\/li>\n<li>\u00e9claircit le teint de la peau<\/li>\n<\/ol>\n<p>Ce tonique v\u00e9g\u00e9talien a un effet exfoliant. La formule \u00e0 base d&rsquo; A(P)HA aide \u00e0 \u00e9liminer les cellules mortes et stimule le renouvellement des cellules cutan\u00e9es. Une peau terne et des taches brunes peuvent \u00eatre le r\u00e9sultat de facteurs d\u2019agression d&rsquo;ext\u00e9rieurs.<\/p>\n<p>La pollution, les rayons UV et les irritants endommagent la barri\u00e8re cutan\u00e9e. Le tonique aha <span style=\"color: #0000ff;\"><a style=\"color: #0000ff;\" href=\"https:\/\/www.biobey.be\/fr\/produit\/creme-de-jour-bio-pour-peau-grasse\/\">aide \u00e0 estomper progressivement les imperfections et \u00e0 purifier la peau<\/a><\/span>. La formule \u00e0 base d&rsquo;acides de fruits cr\u00e9e un aspect frais et radieux.<\/p>\n<p>Une l\u00e9g\u00e8re sensation de picotement peut appara\u00eetre apr\u00e8s utilisation. Il s&rsquo;agit d&rsquo;une r\u00e9action normale de l&rsquo;exfoliant \u00e0 base d&rsquo;acide de fruit. Il est recommand\u00e9 d&rsquo;utiliser le tonique pendant la routine de soin du soir. Si vous utilisez le tonique pendant la journ\u00e9e, il est important de prot\u00e9ger la peau du soleil.<\/p>\n<p><span style=\"color: #0000ff;\"><a style=\"color: #0000ff;\" href=\"https:\/\/www.biobey.be\/fr\/produit\/gel-hydratant-pga-et-acide-hyaluronique\/\">Moisturiser water gel PGA et acide hyaluronique<\/a><\/span> a un effet hydratant et nourrissant sur la peau. Sa consistance l\u00e9g\u00e8re p\u00e9n\u00e8tre rapidement dans la peau et apporte une hydratation suppl\u00e9mentaire aux peaux s\u00e8ches.<\/p>\n<h2>Formule de tonique AHA et d&rsquo;exfoliant<\/h2>\n<p>Les extraits biologiques d&rsquo;ananas et de papaye ont un effet purifiant et antioxydant. Il \u00e9limine en douceur les cellules mortes de la peau. L&rsquo;extrait d&rsquo;aloe vera biologique contenu dans le tonique aha a un effet hydratant et apaisant sur la peau.<\/p>\n<p>Il r\u00e9duit <span style=\"color: #0000ff;\"><a style=\"color: #0000ff;\" href=\"https:\/\/www.biobey.be\/fr\/produit\/couperose-creme-de-jour-hypoallergenique\/\">les rougeurs et prot\u00e8ge la peau contre le dess\u00e8chement<\/a><\/span>. L&rsquo;extrait de calendula biologique est utilis\u00e9 traditionnellement pour traiter les probl\u00e8mes et les irritations de la peau.<\/p>\n<p>Son effet r\u00e9g\u00e9n\u00e9rant et anti-inflammatoire acc\u00e9l\u00e8re la r\u00e9paration de la peau. Le tonique aha et exfoliant Naobay aide \u00e0 cr\u00e9er un \u201cglow\u201d effet gr\u00e2ce \u00e0 sa formule \u00e0 base d&rsquo;extraits d&rsquo;ananas et de papaye.<\/p>\n<p>Le tonique AHA Naobay est v\u00e9g\u00e9talien et certifi\u00e9 Cosmos Organic. Il ne contient pas de pegs, de parab\u00e8nes, d&rsquo;edta, d&rsquo;huiles min\u00e9rales, de sulfates, de silicones et de parfum synth\u00e9tique.<\/p>\n<p>Mode d&#8217;emploi : \u00e0 l&rsquo;aide d&rsquo;une boule de coton, appliquez quelques gouttes de tonique AHA sur le visage et tamponnez jusqu&rsquo;\u00e0 ce qu&rsquo;il soit bien absorb\u00e9 par la peau. Il est pr\u00e9f\u00e9rable d&rsquo;utiliser le tonique le soir. Pendant l&rsquo;utilisation du produit, il est important de prot\u00e9ger correctement la peau du soleil.<\/p>\n<p>Un l\u00e9ger picotement peut survenir apr\u00e8s l&rsquo;utilisation en raison de l&rsquo;action exfoliante des acides de fruits. Il s&rsquo;agit d&rsquo;une r\u00e9action normale.<\/p>\n<p>Durant l&rsquo;utilisation du produit, il est important de prot\u00e9ger la peau du soleil.<br \/>\nUne l\u00e9g\u00e8re sensation de picotement peut appara\u00eetre apr\u00e8s utilisation en raison de l&rsquo;effet exfoliant des acides de fruits. C&rsquo;est une r\u00e9action normale.<\/p>\n<p><strong>Remarque<\/strong> : Pendant l&rsquo;utilisation du produit, il est important de prot\u00e9ger la peau du soleil.<\/p>\n<p>Ingr\u00e9dients : Aqua, Aloe Barbadensis Leaf Juice*, Glycerin, Propanediol, Acid Lactic, Gluconolactone, Ananas Sativus Fruit Extract, Carica Papaya Fruit Extract, Calendula Officinalis Flower Extract*, Sodium Phytate, Decyl Glucoside, Sodium Benzoate, Sodium Levulinate, Potassium Sorbate, Sodium Hydroxide, Fragrance (Ar\u00f4me naturel)**, Lemonene**, Linalool**, Geraniol**, Citral**, Benzyl Salicylate**, Citronellol**.<\/p>\n<p>*Issus de l&rsquo;agriculture biologique<br \/>\n**Ar\u00f4mes de composants naturels<\/p>\n","protected":false},"excerpt":{"rendered":"<p>L&rsquo;eau tonique aha et exfoliante de Naobay \u00e0 base d&rsquo;acides de fruits cr\u00e9e un effet \u00e9claircissant (glow). La formule \u00e0 base d&rsquo;extraits d&rsquo;ananas et de papaye a un effet purifiant et exfoliant sur la peau.<\/p>\n<p><strong>Formule<\/strong> : Aloe vera biologique, extrait d&rsquo;ananas &#8211; papaye et calendula.<br \/>\n<strong>Certificats :<\/strong> Vegan, Cosmos Organic<br \/>\nConseils d&rsquo;utilisation: Prot\u00e9gez la peau du soleil lorsque vous utilisez ce produit.<br \/>\n<strong>Contenu<\/strong> : 100ml<\/p>\n","protected":false},"featured_media":594,"comment_status":"open","ping_status":"closed","template":"","meta":{"ocean_post_layout":"","ocean_both_sidebars_style":"","ocean_both_sidebars_content_width":0,"ocean_both_sidebars_sidebars_width":0,"ocean_sidebar":"0","ocean_second_sidebar":"0","ocean_disable_margins":"enable","ocean_add_body_class":"","ocean_shortcode_before_top_bar":"","ocean_shortcode_after_top_bar":"","ocean_shortcode_before_header":"","ocean_shortcode_after_header":"","ocean_has_shortcode":"","ocean_shortcode_after_title":"","ocean_shortcode_before_footer_widgets":"","ocean_shortcode_after_footer_widgets":"","ocean_shortcode_before_footer_bottom":"","ocean_shortcode_after_footer_bottom":"","ocean_display_top_bar":"default","ocean_display_header":"default","ocean_header_style":"","ocean_center_header_left_menu":"0","ocean_custom_header_template":"0","ocean_custom_logo":0,"ocean_custom_retina_logo":0,"ocean_custom_logo_max_width":0,"ocean_custom_logo_tablet_max_width":0,"ocean_custom_logo_mobile_max_width":0,"ocean_custom_logo_max_height":0,"ocean_custom_logo_tablet_max_height":0,"ocean_custom_logo_mobile_max_height":0,"ocean_header_custom_menu":"0","ocean_menu_typo_font_family":"0","ocean_menu_typo_font_subset":"","ocean_menu_typo_font_size":0,"ocean_menu_typo_font_size_tablet":0,"ocean_menu_typo_font_size_mobile":0,"ocean_menu_typo_font_size_unit":"px","ocean_menu_typo_font_weight":"","ocean_menu_typo_font_weight_tablet":"","ocean_menu_typo_font_weight_mobile":"","ocean_menu_typo_transform":"","ocean_menu_typo_transform_tablet":"","ocean_menu_typo_transform_mobile":"","ocean_menu_typo_line_height":0,"ocean_menu_typo_line_height_tablet":0,"ocean_menu_typo_line_height_mobile":0,"ocean_menu_typo_line_height_unit":"","ocean_menu_typo_spacing":0,"ocean_menu_typo_spacing_tablet":0,"ocean_menu_typo_spacing_mobile":0,"ocean_menu_typo_spacing_unit":"","ocean_menu_link_color":"","ocean_menu_link_color_hover":"","ocean_menu_link_color_active":"","ocean_menu_link_background":"","ocean_menu_link_hover_background":"","ocean_menu_link_active_background":"","ocean_menu_social_links_bg":"","ocean_menu_social_hover_links_bg":"","ocean_menu_social_links_color":"","ocean_menu_social_hover_links_color":"","ocean_disable_title":"default","ocean_disable_heading":"default","ocean_post_title":"","ocean_post_subheading":"","ocean_post_title_style":"","ocean_post_title_background_color":"","ocean_post_title_background":0,"ocean_post_title_bg_image_position":"","ocean_post_title_bg_image_attachment":"","ocean_post_title_bg_image_repeat":"","ocean_post_title_bg_image_size":"","ocean_post_title_height":0,"ocean_post_title_bg_overlay":0.5,"ocean_post_title_bg_overlay_color":"","ocean_disable_breadcrumbs":"default","ocean_breadcrumbs_color":"","ocean_breadcrumbs_separator_color":"","ocean_breadcrumbs_links_color":"","ocean_breadcrumbs_links_hover_color":"","ocean_display_footer_widgets":"default","ocean_display_footer_bottom":"default","ocean_custom_footer_template":"0"},"product_brand":[114,119],"product_cat":[18],"product_tag":[],"class_list":{"0":"post-1902","1":"product","2":"type-product","3":"status-publish","4":"has-post-thumbnail","6":"product_brand-love-bio","7":"product_brand-naobay","8":"product_cat-nettoyage-de-la-peau-et-masques","10":"entry","11":"has-media","13":"first","14":"instock","15":"taxable","16":"shipping-taxable","17":"purchasable","18":"product-type-variable","19":"has-rating","20":"col","21":"span_1_of_3","22":"owp-content-center","23":"owp-thumbs-layout-horizontal","24":"owp-btn-normal","25":"owp-tabs-layout-section","26":"has-no-thumbnails","27":"circle-sale"},"_links":{"self":[{"href":"https:\/\/www.biobey.be\/fr\/wp-json\/wp\/v2\/product\/1902","targetHints":{"allow":["GET"]}}],"collection":[{"href":"https:\/\/www.biobey.be\/fr\/wp-json\/wp\/v2\/product"}],"about":[{"href":"https:\/\/www.biobey.be\/fr\/wp-json\/wp\/v2\/types\/product"}],"replies":[{"embeddable":true,"href":"https:\/\/www.biobey.be\/fr\/wp-json\/wp\/v2\/comments?post=1902"}],"wp:featuredmedia":[{"embeddable":true,"href":"https:\/\/www.biobey.be\/fr\/wp-json\/wp\/v2\/media\/594"}],"wp:attachment":[{"href":"https:\/\/www.biobey.be\/fr\/wp-json\/wp\/v2\/media?parent=1902"}],"wp:term":[{"taxonomy":"product_brand","embeddable":true,"href":"https:\/\/www.biobey.be\/fr\/wp-json\/wp\/v2\/product_brand?post=1902"},{"taxonomy":"product_cat","embeddable":true,"href":"https:\/\/www.biobey.be\/fr\/wp-json\/wp\/v2\/product_cat?post=1902"},{"taxonomy":"product_tag","embeddable":true,"href":"https:\/\/www.biobey.be\/fr\/wp-json\/wp\/v2\/product_tag?post=1902"}],"curies":[{"name":"wp","href":"https:\/\/api.w.org\/{rel}","templated":true}]}}