{"id":1929,"date":"2023-08-19T00:15:56","date_gmt":"2023-08-18T22:15:56","guid":{"rendered":"https:\/\/www.biobey.be\/fr-temp\/produit\/bio-anti-rides-a-lacide-hyaluronique\/"},"modified":"2025-07-11T12:47:43","modified_gmt":"2025-07-11T10:47:43","slug":"bio-anti-rides-a-lacide-hyaluronique","status":"publish","type":"product","link":"https:\/\/www.biobey.be\/fr\/produit\/bio-anti-rides-a-lacide-hyaluronique\/","title":{"rendered":"S\u00e9rum bio anti-rides \u00e0 l&rsquo;acide hyaluronique 30ml"},"content":{"rendered":"<p>S\u00e9rum bio anti-rides \u00e0 l&rsquo;acide hyaluronique naturel agit sur les ridules existantes et prot\u00e8ge du vieillissement pr\u00e9matur\u00e9 de la peau. Gr\u00e2ce \u00e0 sa forte teneur en acide hyaluronique, il permet une hydratation en profondeur de la couche sup\u00e9rieure de la peau. Il stimule le renouvellement des cellules de la peau.<\/p>\n<p>Le s\u00e9rum bio anti-rides \u00e0 l&rsquo;acide hyaluronique fonctionne simultan\u00e9ment comme une cr\u00e8me hydratante et un traitement des rides. Il donne \u00e0 la peau du volume et de l&rsquo;hydratation en retenant l&rsquo;humidit\u00e9. Cela adoucit la peau d\u00e9shydrat\u00e9e et agit sur les rides existantes. La formule puissante du s\u00e9rum est riche en vitamines, min\u00e9raux et antioxydants.<\/p>\n<p>Principal ingr\u00e9dient Le gel d&rsquo;aloe vera favorise le processus de r\u00e9paration de la peau. L&rsquo;extrait de baies d&rsquo;A\u00e7a contient des min\u00e9raux et des antioxydants. Ils prot\u00e8gent la peau du stress oxydatif caus\u00e9 par les radicaux libres.<\/p>\n<h2>Formule du s\u00e9rum bio anti-rides \u00e0 l&rsquo;acide hyaluronique<\/h2>\n<p>Le s\u00e9rum bio anti-rides \u00e0 l&rsquo;acide hyaluronique v\u00e9g\u00e9talien Geoderm est compos\u00e9 d&rsquo;ingr\u00e9dients b\u00e9n\u00e9fiques naturels et biologiques. Les baies de goji sont riches en b\u00eata-carot\u00e8ne, en min\u00e9raux et en vitamines (A, C et E). Le b\u00eata-carot\u00e8ne a des propri\u00e9t\u00e9s r\u00e9g\u00e9n\u00e9ratrices. Les baies de Goji donnent \u00e0 la peau de l&rsquo;\u00e9nergie et de la vitalit\u00e9. Les extraits de baies de Goji, de Vitis vinifera et de baies d&rsquo;A\u00e7ai contiennent une forte concentration de vitamines A, C et E.<\/p>\n<p>Ces antioxydants prot\u00e8gent contre le vieillissement pr\u00e9matur\u00e9 de la peau et les imperfections. Les vitamines aident \u00e0 pr\u00e9venir les dommages caus\u00e9s par le stress oxydatif. La combinaison de gel d&rsquo;aloe vera biologique et d&rsquo;acide hyaluronique restaure les peaux d\u00e9shydrat\u00e9es. En outre, il comble les rides existantes et am\u00e9liore l&rsquo;\u00e9lasticit\u00e9 de la peau.<\/p>\n<p>L&rsquo;utilisation r\u00e9guli\u00e8re du s\u00e9rum anti-rides \u00e0 l&rsquo;acide hyaluronique permet de restaurer la fermet\u00e9 et la douceur naturelles de la peau.<\/p>\n<p>Le s\u00e9rum bio anti-rides \u00e0 l&rsquo;acide hyaluronique de Geoderm est 100% naturel et v\u00e9g\u00e9talien. Il est exempt de colorants, de parfums, de conservateurs et d&rsquo;autres ingr\u00e9dients synth\u00e9tiques.<\/p>\n<p><strong>Conseils d&rsquo;utilisation :<\/strong> Appliquez le s\u00e9rum sur la peau nettoy\u00e9e, matin et soir. Une cr\u00e8me pour le visage peut ensuite \u00eatre appliqu\u00e9e.<\/p>\n<p><strong>Ingr\u00e9dients<\/strong> : Hamamelis virginiana, aqua, Sodium hyaluronate, Lactobacillus ferment lysate, Glyc\u00e9rine, Vitamine B5, Haematococcus pluvialis extrait de ferment de levure, Ligustrum lucidum seed extract, Esci, Polyglutamic acid, Glycyrrhetinic acid, Benzyl alcohol,<\/p>\n<p>extrait de ferment de levure, extrait de graines de Ligustrum lucidum, Esci, acide polyglutamique, acide glycyrrh\u00e9tinique, alcool benzylique, acide d\u00e9hydroac\u00e9tique, ferment de Lactobacillus, filtrat de ferment de Leuconostoc\/racine de radis, l\u00e9cithine, benzoate de sodium, sorbate de potassium.<\/p>\n<p>*Ingr\u00e9dients issus de l&rsquo;agriculture biologique<br \/>\n**Aromatisation naturelle d\u00e9riv\u00e9e d&rsquo;huiles essentielles biologiques<\/p>\n","protected":false},"excerpt":{"rendered":"<p>Le s\u00e9rum bio anti-rides \u00e0 l&rsquo;acide hyaluronique est 100% naturel et v\u00e9g\u00e9talien<\/p>\n<p><strong>Type de peau<\/strong> : Peau avec des rides, d\u00e9shydrat\u00e9e, s\u00e8che, terne et fatigu\u00e9e,<br \/>\n<strong>Formule<\/strong> : Acide hyaluronique, antioxydants et min\u00e9raux<br \/>\n<strong>Mode d&rsquo;action :<\/strong> Nourrit, r\u00e9g\u00e9n\u00e8re et hydrate la peau. Agit sur les rides existantes et prot\u00e8ge contre les radicaux libres.<br \/>\n<strong>Certificats<\/strong> : BDIH, Vegan, B.I.O.<\/p>\n","protected":false},"featured_media":640,"comment_status":"open","ping_status":"closed","template":"","meta":{"ocean_post_layout":"","ocean_both_sidebars_style":"","ocean_both_sidebars_content_width":0,"ocean_both_sidebars_sidebars_width":0,"ocean_sidebar":"0","ocean_second_sidebar":"0","ocean_disable_margins":"enable","ocean_add_body_class":"","ocean_shortcode_before_top_bar":"","ocean_shortcode_after_top_bar":"","ocean_shortcode_before_header":"","ocean_shortcode_after_header":"","ocean_has_shortcode":"","ocean_shortcode_after_title":"","ocean_shortcode_before_footer_widgets":"","ocean_shortcode_after_footer_widgets":"","ocean_shortcode_before_footer_bottom":"","ocean_shortcode_after_footer_bottom":"","ocean_display_top_bar":"default","ocean_display_header":"default","ocean_header_style":"","ocean_center_header_left_menu":"0","ocean_custom_header_template":"0","ocean_custom_logo":0,"ocean_custom_retina_logo":0,"ocean_custom_logo_max_width":0,"ocean_custom_logo_tablet_max_width":0,"ocean_custom_logo_mobile_max_width":0,"ocean_custom_logo_max_height":0,"ocean_custom_logo_tablet_max_height":0,"ocean_custom_logo_mobile_max_height":0,"ocean_header_custom_menu":"0","ocean_menu_typo_font_family":"0","ocean_menu_typo_font_subset":"","ocean_menu_typo_font_size":0,"ocean_menu_typo_font_size_tablet":0,"ocean_menu_typo_font_size_mobile":0,"ocean_menu_typo_font_size_unit":"px","ocean_menu_typo_font_weight":"","ocean_menu_typo_font_weight_tablet":"","ocean_menu_typo_font_weight_mobile":"","ocean_menu_typo_transform":"","ocean_menu_typo_transform_tablet":"","ocean_menu_typo_transform_mobile":"","ocean_menu_typo_line_height":0,"ocean_menu_typo_line_height_tablet":0,"ocean_menu_typo_line_height_mobile":0,"ocean_menu_typo_line_height_unit":"","ocean_menu_typo_spacing":0,"ocean_menu_typo_spacing_tablet":0,"ocean_menu_typo_spacing_mobile":0,"ocean_menu_typo_spacing_unit":"","ocean_menu_link_color":"","ocean_menu_link_color_hover":"","ocean_menu_link_color_active":"","ocean_menu_link_background":"","ocean_menu_link_hover_background":"","ocean_menu_link_active_background":"","ocean_menu_social_links_bg":"","ocean_menu_social_hover_links_bg":"","ocean_menu_social_links_color":"","ocean_menu_social_hover_links_color":"","ocean_disable_title":"default","ocean_disable_heading":"default","ocean_post_title":"","ocean_post_subheading":"","ocean_post_title_style":"","ocean_post_title_background_color":"","ocean_post_title_background":0,"ocean_post_title_bg_image_position":"","ocean_post_title_bg_image_attachment":"","ocean_post_title_bg_image_repeat":"","ocean_post_title_bg_image_size":"","ocean_post_title_height":0,"ocean_post_title_bg_overlay":0.5,"ocean_post_title_bg_overlay_color":"","ocean_disable_breadcrumbs":"default","ocean_breadcrumbs_color":"","ocean_breadcrumbs_separator_color":"","ocean_breadcrumbs_links_color":"","ocean_breadcrumbs_links_hover_color":"","ocean_display_footer_widgets":"default","ocean_display_footer_bottom":"default","ocean_custom_footer_template":"0"},"product_brand":[118,116],"product_cat":[16],"product_tag":[],"class_list":{"0":"post-1929","1":"product","2":"type-product","3":"status-publish","4":"has-post-thumbnail","6":"product_brand-bioearth","7":"product_brand-geoderm","8":"product_cat-soins","10":"entry","11":"has-media","13":"first","14":"instock","15":"taxable","16":"shipping-taxable","17":"purchasable","18":"product-type-variable","19":"has-rating","20":"col","21":"span_1_of_3","22":"owp-content-center","23":"owp-thumbs-layout-horizontal","24":"owp-btn-normal","25":"owp-tabs-layout-section","26":"has-no-thumbnails","27":"circle-sale"},"_links":{"self":[{"href":"https:\/\/www.biobey.be\/fr\/wp-json\/wp\/v2\/product\/1929","targetHints":{"allow":["GET"]}}],"collection":[{"href":"https:\/\/www.biobey.be\/fr\/wp-json\/wp\/v2\/product"}],"about":[{"href":"https:\/\/www.biobey.be\/fr\/wp-json\/wp\/v2\/types\/product"}],"replies":[{"embeddable":true,"href":"https:\/\/www.biobey.be\/fr\/wp-json\/wp\/v2\/comments?post=1929"}],"wp:featuredmedia":[{"embeddable":true,"href":"https:\/\/www.biobey.be\/fr\/wp-json\/wp\/v2\/media\/640"}],"wp:attachment":[{"href":"https:\/\/www.biobey.be\/fr\/wp-json\/wp\/v2\/media?parent=1929"}],"wp:term":[{"taxonomy":"product_brand","embeddable":true,"href":"https:\/\/www.biobey.be\/fr\/wp-json\/wp\/v2\/product_brand?post=1929"},{"taxonomy":"product_cat","embeddable":true,"href":"https:\/\/www.biobey.be\/fr\/wp-json\/wp\/v2\/product_cat?post=1929"},{"taxonomy":"product_tag","embeddable":true,"href":"https:\/\/www.biobey.be\/fr\/wp-json\/wp\/v2\/product_tag?post=1929"}],"curies":[{"name":"wp","href":"https:\/\/api.w.org\/{rel}","templated":true}]}}