{"id":1984,"date":"2026-02-17T21:04:28","date_gmt":"2026-02-17T20:04:28","guid":{"rendered":"https:\/\/www.biobey.be\/fr-temp\/produit\/mascara-pour-yeux-sensibles-9ml\/"},"modified":"2026-02-17T21:04:10","modified_gmt":"2026-02-17T20:04:10","slug":"mascara-pour-yeux-sensibles-9ml","status":"publish","type":"product","link":"https:\/\/www.biobey.be\/fr\/produit\/mascara-pour-yeux-sensibles-9ml\/","title":{"rendered":"Mascara pour yeux sensibles Nature Up 9 ml"},"content":{"rendered":"<p>Le mascara pour yeux sensibles de Nature up donne aux cils du volume et un beau regard intense. Le mascara convient aux personnes aux yeux sensibles et aux porteurs de lentilles. La formule naturelle et nourrissante prot\u00e8ge les cils. L&rsquo;huile d&rsquo;argan biologique et l&rsquo;extrait de prune de kakadu aident \u00e0 renforcer les cheveux et \u00e0 stimuler leur croissance.<\/p>\n<p>Le mascara pour yeux sensibles donne \u00e0 chaque cil une <span style=\"color: #0000ff;\"><a style=\"color: #0000ff;\" href=\"https:\/\/www.biobey.be\/fr\/produit\/mascara-anti-allergique-bio-volume\/\">belle couleur noire et un volume suppl\u00e9mentaire<\/a><\/span>. La texture forte du mascara est due aux cires v\u00e9g\u00e9tales. Cela permet au mascara de durer plus longtemps.<\/p>\n<h2>Mascara pour yeux sensibles naturel et vegan<\/h2>\n<p>Le mascara pour yeux sensibles est riche en vitamines et en antioxydants. L&rsquo;huile d&rsquo;avocat biologique est riche en vitamine E. Cette huile est souvent ajout\u00e9e dans les s\u00e9rums de croissance des cils. Elle aide \u00e0 renforcer les racines des cheveux et assure la croissance de cils plus \u00e9pais.<\/p>\n<p>De plus, le mascara pour yeux sensibles contient de l&rsquo;huile d&rsquo;argan et de l&rsquo;huile de macadamia biologiques. La combinaison de ces huiles stimule la croissance des cils gr\u00e2ce \u00e0 leur composition nourrissante et r\u00e9paratrice. L&rsquo;extrait de prune de Kakadu, \u00e9galement appel\u00e9 Terminalia Ferdinandina, contient une tr\u00e8s forte teneur en vitamine C.<\/p>\n<p>L&rsquo;extrait de prune de Kakadu hydrate les cheveux et leur donne de la brillance. La combinaison de cires v\u00e9g\u00e9tales et d&rsquo;huiles biologiques prot\u00e8ge les cils. Le mascara pour yeux sensibles cr\u00e9e un regard intense et conditionne efficacement les cils. <strong>Le mascara naturel convient aux personnes aux yeux sensibles et aux porteurs de lentilles.<\/strong><\/p>\n<p>Le mascara pour yeux sensibles est v\u00e9g\u00e9talien, naturel et exempt d&rsquo;huiles min\u00e9rales, de colorants synth\u00e9tiques, de parfum, de parab\u00e8nes et de silicones.<\/p>\n<p><strong>Conseil d&rsquo;expert :<\/strong> si vous avez les yeux sensibles, nous vous recommandons de remplacer vos produits nettoyants pour le visage et vos produits de maquillage par <span style=\"color: #0000ff;\"><a style=\"color: #0000ff;\" href=\"https:\/\/www.biobey.be\/fr\/produit-cat\/maquillage\/\">des cosm\u00e9tiques bio hypoallerg\u00e9niques<\/a><\/span> ou des cosm\u00e9tiques naturels \u00e0 la composition tr\u00e8s douce.<\/p>\n<h3>O\u00f9 puis-je acheter ces cosm\u00e9tiques et produits de maquillage naturels avec une livraison rapide ?<\/h3>\n<p>Dans la boutique Biobey, vous trouverez une s\u00e9lection de cosm\u00e9tiques bio et de produits de soin naturels test\u00e9s et approuv\u00e9s, adapt\u00e9s aux yeux et aux peaux sensibles. Nous sommes \u00e0 votre disposition pour vous fournir des conseils personnalis\u00e9s et avis\u00e9s sur ce mascara, d&rsquo;autres cosm\u00e9tiques hypoallerg\u00e9niques ou une routine de soin adapt\u00e9e \u00e0 votre peau sensible.<\/p>\n<p><strong>Mascara pour yeu sensibles &#8211; Mode d&#8217;emploi<\/strong><\/p>\n<p>Appliquer le mascara sur les cils de la racine \u00e0 la pointe. D\u00e9placez la brosse en zigzag jusqu&rsquo;aux pointes. Appliquez une couche suppl\u00e9mentaire pour plus de volume et d&rsquo;intensit\u00e9.<\/p>\n<h3>Liste des ingr\u00e9dients (INCI) du mascara naturel pour yeux sensibles , du plus \u00e9lev\u00e9 au plus faible<\/h3>\n<p>Aqua, Copernicia Copernicia Cerifera (Plantaardige Wax) Wax*, Stearic Acid, Caster olie, Propanediol, Glyceryl Stearate Se, Benzyl Alcohol, Xanthaangom,<br \/>\nKaolin (Witte klei), Stearic Triglyceride, Sodium Hydroxide, Potassium Sorbate, Galactoarabinan, Tocopherol (Vitamine E), Dehydroacetic Acid, Helianthus Annuus Seed Oil, CI 77499.<\/p>\n<p>Tocoph\u00e9rol (Vitamine E), cellulose microcristalline, gomme de cellulose, huile de noyau d&rsquo;Argania Spinosa*, huile de Persea Gratissima* (Avocat), extrait de fruit de Terminalia Ferdinandina* (Prune de Kakadu), huile de graine de MacadamiaTernifolia*, acide d\u00e9hydroac\u00e9tique, cellulose.<\/p>\n<p><strong>Caract\u00e9ristiques :<\/strong> Vegan, naturel et exempt d&rsquo;huiles min\u00e9rales, de parfum, de colorants synth\u00e9tiques,.<br \/>\n<strong>Principes actifs<\/strong> : Huile d&rsquo;avocat biologique, huile d&rsquo;argan, extrait de prune de kakadu, cire v\u00e9g\u00e9tale.<br \/>\nConvient aux personnes ayant des yeux sensibles<\/p>\n<p>Le mascara de substitution pour Nature up est formul\u00e9\u00a0par Lepo &#8211; Pedrini Cosmetics. Depuis 1980, Lepo se d\u00e9voue avec passion \u00e0 ce qu&rsquo;elle fait de mieux : valoriser les propri\u00e9t\u00e9s des ingr\u00e9dients naturels et les transformer en maquillages et soins de beaut\u00e9 bio ultra-performants. Les formules des produits Lepo r\u00e9pondent aux normes les plus strictes en mati\u00e8re de cosm\u00e9tiques naturels et de maquillage bio et sont certifi\u00e9es Ecocert.<\/p>\n","protected":false},"excerpt":{"rendered":"<p>Le mascara naturel vegan yeux sensibles de Nature up convient aux personnes aux yeux sensibles et aux porteurs de lentilles.<br \/>\nLe mascara noir cr\u00e9e un volume sup\u00e9rieur et donne un look d\u00e9fini. La formule riche en vitamines prot\u00e8ge et renforce les cils.<\/p>\n","protected":false},"featured_media":714,"comment_status":"open","ping_status":"closed","template":"","meta":{"ocean_post_layout":"","ocean_both_sidebars_style":"","ocean_both_sidebars_content_width":0,"ocean_both_sidebars_sidebars_width":0,"ocean_sidebar":"0","ocean_second_sidebar":"0","ocean_disable_margins":"enable","ocean_add_body_class":"","ocean_shortcode_before_top_bar":"","ocean_shortcode_after_top_bar":"","ocean_shortcode_before_header":"","ocean_shortcode_after_header":"","ocean_has_shortcode":"","ocean_shortcode_after_title":"","ocean_shortcode_before_footer_widgets":"","ocean_shortcode_after_footer_widgets":"","ocean_shortcode_before_footer_bottom":"","ocean_shortcode_after_footer_bottom":"","ocean_display_top_bar":"default","ocean_display_header":"default","ocean_header_style":"","ocean_center_header_left_menu":"0","ocean_custom_header_template":"0","ocean_custom_logo":0,"ocean_custom_retina_logo":0,"ocean_custom_logo_max_width":0,"ocean_custom_logo_tablet_max_width":0,"ocean_custom_logo_mobile_max_width":0,"ocean_custom_logo_max_height":0,"ocean_custom_logo_tablet_max_height":0,"ocean_custom_logo_mobile_max_height":0,"ocean_header_custom_menu":"0","ocean_menu_typo_font_family":"0","ocean_menu_typo_font_subset":"","ocean_menu_typo_font_size":0,"ocean_menu_typo_font_size_tablet":0,"ocean_menu_typo_font_size_mobile":0,"ocean_menu_typo_font_size_unit":"px","ocean_menu_typo_font_weight":"","ocean_menu_typo_font_weight_tablet":"","ocean_menu_typo_font_weight_mobile":"","ocean_menu_typo_transform":"","ocean_menu_typo_transform_tablet":"","ocean_menu_typo_transform_mobile":"","ocean_menu_typo_line_height":0,"ocean_menu_typo_line_height_tablet":0,"ocean_menu_typo_line_height_mobile":0,"ocean_menu_typo_line_height_unit":"","ocean_menu_typo_spacing":0,"ocean_menu_typo_spacing_tablet":0,"ocean_menu_typo_spacing_mobile":0,"ocean_menu_typo_spacing_unit":"","ocean_menu_link_color":"","ocean_menu_link_color_hover":"","ocean_menu_link_color_active":"","ocean_menu_link_background":"","ocean_menu_link_hover_background":"","ocean_menu_link_active_background":"","ocean_menu_social_links_bg":"","ocean_menu_social_hover_links_bg":"","ocean_menu_social_links_color":"","ocean_menu_social_hover_links_color":"","ocean_disable_title":"default","ocean_disable_heading":"default","ocean_post_title":"","ocean_post_subheading":"","ocean_post_title_style":"","ocean_post_title_background_color":"","ocean_post_title_background":0,"ocean_post_title_bg_image_position":"","ocean_post_title_bg_image_attachment":"","ocean_post_title_bg_image_repeat":"","ocean_post_title_bg_image_size":"","ocean_post_title_height":0,"ocean_post_title_bg_overlay":0.5,"ocean_post_title_bg_overlay_color":"","ocean_disable_breadcrumbs":"default","ocean_breadcrumbs_color":"","ocean_breadcrumbs_separator_color":"","ocean_breadcrumbs_links_color":"","ocean_breadcrumbs_links_hover_color":"","ocean_display_footer_widgets":"default","ocean_display_footer_bottom":"default","ocean_custom_footer_template":"0"},"product_brand":[116],"product_cat":[55],"product_tag":[],"class_list":{"0":"post-1984","1":"product","2":"type-product","3":"status-publish","4":"has-post-thumbnail","6":"product_brand-geoderm","7":"product_cat-maquillage","9":"entry","10":"has-media","12":"first","13":"instock","14":"taxable","15":"shipping-taxable","16":"purchasable","17":"product-type-simple","18":"has-rating","19":"col","20":"span_1_of_3","21":"owp-content-center","22":"owp-thumbs-layout-horizontal","23":"owp-btn-normal","24":"owp-tabs-layout-section","25":"has-no-thumbnails","26":"circle-sale"},"_links":{"self":[{"href":"https:\/\/www.biobey.be\/fr\/wp-json\/wp\/v2\/product\/1984","targetHints":{"allow":["GET"]}}],"collection":[{"href":"https:\/\/www.biobey.be\/fr\/wp-json\/wp\/v2\/product"}],"about":[{"href":"https:\/\/www.biobey.be\/fr\/wp-json\/wp\/v2\/types\/product"}],"replies":[{"embeddable":true,"href":"https:\/\/www.biobey.be\/fr\/wp-json\/wp\/v2\/comments?post=1984"}],"wp:featuredmedia":[{"embeddable":true,"href":"https:\/\/www.biobey.be\/fr\/wp-json\/wp\/v2\/media\/714"}],"wp:attachment":[{"href":"https:\/\/www.biobey.be\/fr\/wp-json\/wp\/v2\/media?parent=1984"}],"wp:term":[{"taxonomy":"product_brand","embeddable":true,"href":"https:\/\/www.biobey.be\/fr\/wp-json\/wp\/v2\/product_brand?post=1984"},{"taxonomy":"product_cat","embeddable":true,"href":"https:\/\/www.biobey.be\/fr\/wp-json\/wp\/v2\/product_cat?post=1984"},{"taxonomy":"product_tag","embeddable":true,"href":"https:\/\/www.biobey.be\/fr\/wp-json\/wp\/v2\/product_tag?post=1984"}],"curies":[{"name":"wp","href":"https:\/\/api.w.org\/{rel}","templated":true}]}}