{"id":2109,"date":"2025-05-23T12:41:46","date_gmt":"2025-05-23T10:41:46","guid":{"rendered":"https:\/\/www.biobey.be\/fr-temp\/produit\/pommade-theier-trompetol-au-cbd-30-ml\/"},"modified":"2026-02-16T11:17:25","modified_gmt":"2026-02-16T10:17:25","slug":"pommade-theier-trompetol-au-cbd-30-ml","status":"publish","type":"product","link":"https:\/\/www.biobey.be\/fr\/produit\/pommade-theier-trompetol-au-cbd-30-ml\/","title":{"rendered":"Trompetol Pommade CBD au th\u00e9ier 30ml"},"content":{"rendered":"<p>Un produit de soin au CBD efficace pour soulager les sympt\u00f4mes de l&rsquo;ecz\u00e9ma ou les douleurs musculaires? L&rsquo;onguent Trompetol CBD \u00e0 l&rsquo;extrait d&rsquo;arbre \u00e0 th\u00e9 est sp\u00e9cialement d\u00e9velopp\u00e9 pour le soin et la r\u00e9cup\u00e9ration des peaux ab\u00eem\u00e9es ou irrit\u00e9es avec d\u00e9mangeaisons et sensations de tiraillement.<\/p>\n<p><span style=\"color: #0000ff;\"><a style=\"color: #0000ff;\" href=\"https:\/\/www.biobey.be\/fr\/produit\/trompetol-pommade-au-cbd-revitalisante-30ml\/\">L&rsquo;onguent Trompetol CBD<\/a><\/span> apaise, nourrit et adoucit la peau endommag\u00e9e.<\/p>\n<p>De plus, il restaure la peau irrit\u00e9e caus\u00e9e par les piq\u00fbres d&rsquo;insectes ou par diverses affections cutan\u00e9es comme l&rsquo;ecz\u00e9ma et le psoriasis. Il convient \u00e9galement pour le traitement des infections de la peau.<\/p>\n<p><strong>Quels sont les effets de cette pommade au CBD et \u00e0 l&rsquo;arbre \u00e0 th\u00e9?<\/strong><\/p>\n<p>Son action en bref:<\/p>\n<ul>\n<li>soulage les douleurs musculaires et articulaires<\/li>\n<li>apaise les sympt\u00f4mes de l&rsquo;ecz\u00e9ma tels que les d\u00e9mangeaisons et la peau s\u00e8che<\/li>\n<li>adoucit la peau s\u00e8che et rugueuse<\/li>\n<\/ul>\n<h2>Pommade CBD pour douleurs musculaires et articulaires<\/h2>\n<p>La pommade CBD \u00e0 l&rsquo;huile d&rsquo;arbre \u00e0 th\u00e9 contient un complexe de cannabis hautement concentr\u00e9 comprenant une forte teneur en cannabidiols (CBD) et de tr\u00e8s faible teneur en thc de 0,2%. Le complexe de cannabis inhibe l&rsquo;inflammation. Il d\u00e9tend les muscles tendus et soulage la douleur.<\/p>\n<p>Si vous ne souffrez pas de peau sensible et souhaitez un soulagement imm\u00e9diat des douleurs musculaires, nous vous recommandons d&rsquo;utiliser ce <span style=\"color: #0000ff;\"><a style=\"color: #0000ff;\" href=\"https:\/\/www.biobey.be\/fr\/produit\/gel-anti-douleur-du-dos-de-la-nuque\/\">gel chauffant au chanvre<\/a><\/span>.<\/p>\n<p>La pommade CBD pour les douleurs articulaires est efficace en cas de douleurs aux \u00e9paules ou au cou. L&rsquo;onguent bio avec arbre \u00e0 th\u00e9 a une composition douce et convient \u00e0 tous les types de peau, y compris les peaux sensibles.<\/p>\n<h2><strong>Ecz\u00e9ma et d\u00e9mangeaisons<\/strong><\/h2>\n<p>L&rsquo;ecz\u00e9ma est une r\u00e9action inflammatoire de la peau o\u00f9 la peau affect\u00e9e semble rouge et squameuse. La pommade Trompetol CBD onguent Extra au th\u00e9ier aide \u00e0 r\u00e9duire efficacement l&rsquo;ecz\u00e9ma, les d\u00e9mangeaisons et les \u00e9ruptions cutan\u00e9es. La <span style=\"color: #0000ff;\"><a style=\"color: #0000ff;\" href=\"https:\/\/www.biobey.be\/fr\/produit\/eczema-peau-atopique-lotion-bio-150-ml\/\">lotion corporelle naturelle Atopos<\/a><\/span> est \u00e9galement utilis\u00e9e pour traiter les sympt\u00f4mes de l&rsquo;ecz\u00e9ma et du psoriasis.<\/p>\n<p>La combinaison de substances actives telles que les Cannabidiols et un m\u00e9lange b\u00e9n\u00e9fique d&rsquo;huiles essentielles de Th\u00e9ier biologique, le Romarin inhibe la r\u00e9ponse inflammatoire de la peau.<\/p>\n<p>Cette combinaison r\u00e9gule, renforce la fonction de barri\u00e8re perturb\u00e9e de la peau et favorise la capacit\u00e9 r\u00e9g\u00e9n\u00e9ratrice naturelle des cellules de la peau. De plus, les sympt\u00f4mes de l&rsquo;ecz\u00e9ma comme les d\u00e9mangeaisons, les \u00e9ruptions cutan\u00e9es et le resserrement sont grandement r\u00e9duits.<\/p>\n<h3>Peau s\u00e8che et irrit\u00e9e<\/h3>\n<p>Des conditions climatiques rudes, de l&rsquo;air chaud, froid ou sec perturbent la fonction barri\u00e8re de la peau, la peau devient tr\u00e8s s\u00e8che et s&rsquo;irrite. La peau s\u00e8che et irrit\u00e9e est tendue.<\/p>\n<p>La concentration du complexe de cannabis pr\u00e9sent dans cette pommade CBD stimule la microcirculation, renforce la fonction barri\u00e8re de la peau et augmente son \u00e9lasticit\u00e9. De plus, le cannabicomplex en combinaison avec l&rsquo;huile de chanvre biologique a un effet calmant, apaisant, nourrissant et profond\u00e9ment hydratant sur la peau s\u00e8che et irrit\u00e9e.<\/p>\n<h3>Ingr\u00e9dients actifs baume cbd<\/h3>\n<p>L&rsquo;un des ingr\u00e9dients actifs de cette pommade trompetol CBD est l&rsquo;huile essentielle d&rsquo;arbre \u00e0 th\u00e9 biologique qui apaise efficacement les piq\u00fbres d&rsquo;insectes et les d\u00e9mangeaisons.<\/p>\n<p>Le complexe de cannabis est la totalit\u00e9 des substances actives pr\u00e9sentes dans les plantes de chanvre avec une teneur \u00e9lev\u00e9e en cannabidiols CBD (contient moins de 0,2 % de THC) et une tr\u00e8s faible teneur en THC de 0,2%. Le complexe de cannabis se compose de divers cannabino\u00efdes, terp\u00e8nes et flavono\u00efdes, acides gras insatur\u00e9s, acides amin\u00e9s essentiels, phospholipides, vitamines et min\u00e9raux.<\/p>\n<p>Gr\u00e2ce \u00e0 cette riche composition, le complexe de cannabis poss\u00e8de de nombreuses propri\u00e9t\u00e9s b\u00e9n\u00e9fiques pour la sant\u00e9 et les fonctions corporelles. Il a des propri\u00e9t\u00e9s anti-inflammatoires, relaxantes et r\u00e9paratrices.<\/p>\n<p>Il stimule la circulation sanguine, la microcirculation dans la peau et contribue \u00e0 la capacit\u00e9 naturelle de la peau \u00e0 se r\u00e9tablir. Le baume CBD renforce la fonction barri\u00e8re et l&rsquo;\u00e9lasticit\u00e9 de la peau.<\/p>\n<p>L&rsquo;huile \u00e9th\u00e9r\u00e9e d&rsquo;arbre \u00e0 th\u00e9, gr\u00e2ce \u00e0 ses propri\u00e9t\u00e9s anti-inflammatoires, antifongiques et protectrices, est souvent utilis\u00e9e avec succ\u00e8s pour le traitement des infections cutan\u00e9es comme l&rsquo;acn\u00e9. Il apaise les piq\u00fbres d&rsquo;insectes et les d\u00e9mangeaisons.L&rsquo;huile essentielle de romarin a des propri\u00e9t\u00e9s antibact\u00e9riennes et antifongiques.<\/p>\n<h3>Comment utiliser CBD pommade :<\/h3>\n<p>Chauffer de petites quantit\u00e9s de pommade dans la paume des mains et appliquer sur la peau endommag\u00e9e. Massez-le l\u00e9g\u00e8rement sur la peau. L&rsquo;onguent Trompetol CBD Onguent Extra \u00e0 l&rsquo;arbre \u00e0 th\u00e9 CC+ est exempt de substances nocives, de parfum de synth\u00e8se et peut donc \u00eatre utilis\u00e9 plusieurs fois par jour, aussi longtemps que n\u00e9cessaire.<\/p>\n<p>Ingr\u00e9dients (INCI): Petrolatum, Olea Europea Fruit Oil*, Cannabis Sativa Seed Oil*, Cannabis Sativa L(contient moins de 0,2 % de THC)*, Melaleuca Alternifolia Leaf Oil*, Rosmarinus Officinalis Leaf Oil*, Geraniol, Limonene, Linalool<\/p>\n<p><strong>*Ingr\u00e9dients issus de l&rsquo;agriculture biologique:<\/strong> Olea Europea Fruit Oil, Cannabis Sativa Seed Oil, Cannabis Sativa L.(contient moins de 0,2 % de THC) Melaleuca Alternifolia Leaf Oil, Rosmarinus Officinalis Leaf Oil<\/p>\n","protected":false},"excerpt":{"rendered":"<p>Le baume pour la peau Trompetol CBD \u00e0 l&rsquo;extrait d&rsquo;arbre \u00e0 Th\u00e9 et au complexe de cannabis soigne et r\u00e9g\u00e9n\u00e8re la peau endommag\u00e9e ou irrit\u00e9e. Il soulage et calme \u00e9galement les d\u00e9mangeaisons et les sensations d&rsquo;oppression.(contient moins de 0,2 % de THC)<\/p>\n","protected":false},"featured_media":126,"comment_status":"open","ping_status":"closed","template":"","meta":{"ocean_post_layout":"","ocean_both_sidebars_style":"","ocean_both_sidebars_content_width":0,"ocean_both_sidebars_sidebars_width":0,"ocean_sidebar":"","ocean_second_sidebar":"","ocean_disable_margins":"enable","ocean_add_body_class":"","ocean_shortcode_before_top_bar":"","ocean_shortcode_after_top_bar":"","ocean_shortcode_before_header":"","ocean_shortcode_after_header":"","ocean_has_shortcode":"","ocean_shortcode_after_title":"","ocean_shortcode_before_footer_widgets":"","ocean_shortcode_after_footer_widgets":"","ocean_shortcode_before_footer_bottom":"","ocean_shortcode_after_footer_bottom":"","ocean_display_top_bar":"default","ocean_display_header":"default","ocean_header_style":"","ocean_center_header_left_menu":"","ocean_custom_header_template":"","ocean_custom_logo":0,"ocean_custom_retina_logo":0,"ocean_custom_logo_max_width":0,"ocean_custom_logo_tablet_max_width":0,"ocean_custom_logo_mobile_max_width":0,"ocean_custom_logo_max_height":0,"ocean_custom_logo_tablet_max_height":0,"ocean_custom_logo_mobile_max_height":0,"ocean_header_custom_menu":"","ocean_menu_typo_font_family":"","ocean_menu_typo_font_subset":"","ocean_menu_typo_font_size":0,"ocean_menu_typo_font_size_tablet":0,"ocean_menu_typo_font_size_mobile":0,"ocean_menu_typo_font_size_unit":"px","ocean_menu_typo_font_weight":"","ocean_menu_typo_font_weight_tablet":"","ocean_menu_typo_font_weight_mobile":"","ocean_menu_typo_transform":"","ocean_menu_typo_transform_tablet":"","ocean_menu_typo_transform_mobile":"","ocean_menu_typo_line_height":0,"ocean_menu_typo_line_height_tablet":0,"ocean_menu_typo_line_height_mobile":0,"ocean_menu_typo_line_height_unit":"","ocean_menu_typo_spacing":0,"ocean_menu_typo_spacing_tablet":0,"ocean_menu_typo_spacing_mobile":0,"ocean_menu_typo_spacing_unit":"","ocean_menu_link_color":"","ocean_menu_link_color_hover":"","ocean_menu_link_color_active":"","ocean_menu_link_background":"","ocean_menu_link_hover_background":"","ocean_menu_link_active_background":"","ocean_menu_social_links_bg":"","ocean_menu_social_hover_links_bg":"","ocean_menu_social_links_color":"","ocean_menu_social_hover_links_color":"","ocean_disable_title":"default","ocean_disable_heading":"default","ocean_post_title":"","ocean_post_subheading":"","ocean_post_title_style":"","ocean_post_title_background_color":"","ocean_post_title_background":0,"ocean_post_title_bg_image_position":"","ocean_post_title_bg_image_attachment":"","ocean_post_title_bg_image_repeat":"","ocean_post_title_bg_image_size":"","ocean_post_title_height":0,"ocean_post_title_bg_overlay":0.5,"ocean_post_title_bg_overlay_color":"","ocean_disable_breadcrumbs":"default","ocean_breadcrumbs_color":"","ocean_breadcrumbs_separator_color":"","ocean_breadcrumbs_links_color":"","ocean_breadcrumbs_links_hover_color":"","ocean_display_footer_widgets":"default","ocean_display_footer_bottom":"default","ocean_custom_footer_template":""},"product_brand":[105],"product_cat":[41,33,38,31,43],"product_tag":[140,125],"class_list":{"0":"post-2109","1":"product","2":"type-product","3":"status-publish","4":"has-post-thumbnail","6":"product_brand-trompetol","7":"product_cat-cbd-et-chanvre-biologique","8":"product_cat-irritation-cutanee-eczema-et-psoriasis","9":"product_cat-piqures-dinsectes-et-irritations","10":"product_cat-sante","11":"product_cat-soins-naturels-cbd","12":"product_tag-contient-cbd","13":"product_tag-vegan","15":"entry","16":"has-media","18":"first","19":"instock","20":"taxable","21":"shipping-taxable","22":"purchasable","23":"product-type-simple","24":"has-rating","25":"col","26":"span_1_of_3","27":"owp-content-center","28":"owp-thumbs-layout-horizontal","29":"owp-btn-normal","30":"owp-tabs-layout-section","31":"has-no-thumbnails","32":"circle-sale"},"_links":{"self":[{"href":"https:\/\/www.biobey.be\/fr\/wp-json\/wp\/v2\/product\/2109","targetHints":{"allow":["GET"]}}],"collection":[{"href":"https:\/\/www.biobey.be\/fr\/wp-json\/wp\/v2\/product"}],"about":[{"href":"https:\/\/www.biobey.be\/fr\/wp-json\/wp\/v2\/types\/product"}],"replies":[{"embeddable":true,"href":"https:\/\/www.biobey.be\/fr\/wp-json\/wp\/v2\/comments?post=2109"}],"wp:featuredmedia":[{"embeddable":true,"href":"https:\/\/www.biobey.be\/fr\/wp-json\/wp\/v2\/media\/126"}],"wp:attachment":[{"href":"https:\/\/www.biobey.be\/fr\/wp-json\/wp\/v2\/media?parent=2109"}],"wp:term":[{"taxonomy":"product_brand","embeddable":true,"href":"https:\/\/www.biobey.be\/fr\/wp-json\/wp\/v2\/product_brand?post=2109"},{"taxonomy":"product_cat","embeddable":true,"href":"https:\/\/www.biobey.be\/fr\/wp-json\/wp\/v2\/product_cat?post=2109"},{"taxonomy":"product_tag","embeddable":true,"href":"https:\/\/www.biobey.be\/fr\/wp-json\/wp\/v2\/product_tag?post=2109"}],"curies":[{"name":"wp","href":"https:\/\/api.w.org\/{rel}","templated":true}]}}