{"id":2112,"date":"2022-06-29T21:26:41","date_gmt":"2022-06-29T19:26:41","guid":{"rendered":"https:\/\/www.biobey.be\/fr-temp\/produit\/shampooing-au-cbd-biologique-250-ml\/"},"modified":"2025-09-27T02:09:06","modified_gmt":"2025-09-27T00:09:06","slug":"shampooing-au-cbd-biologique-250-ml","status":"publish","type":"product","link":"https:\/\/www.biobey.be\/fr\/produit\/shampooing-au-cbd-biologique-250-ml\/","title":{"rendered":"Shampooing CBD bio 250 ml"},"content":{"rendered":"<p>Shampoing et gel douche bio 2 en 1 riches en CBD (contient moins de 0,2 % de THC) pour un nettoyage doux et efficace des cheveux et du cuir chevelu. Pour un nettoyage plus approfondi ou une d\u00e9toxification des cheveux et du cuir chevelu, nous vous recommandons d&rsquo;utiliser le <strong><a href=\"https:\/\/www.biobey.be\/fr\/produit\/shampooing-bio-cheveux-gras-argital-250-ml\/\">shampooing bio Argital pour cheveux gras<\/a><\/strong> ou le <strong><a href=\"https:\/\/www.biobey.be\/fr\/produit\/shampooing-bio-purifiant-250-ml\/\">shampooing purifiant \u00e0 l&rsquo;argile verte<\/a><\/strong>.<\/p>\n<p>Gr\u00e2ce \u00e0 sa composition douce et de haute qualit\u00e9, le shampooing biologique CBD convient \u00e9galement comme gel douche.<\/p>\n<p>Il soulage \u00e9galement les d\u00e9mangeaisons et pr\u00e9vient l&rsquo;irritation des parties intimes. Les ingr\u00e9dients actifs fonctionnels sont le complexe de cannabis, les cannabidiols CBD, l&rsquo;huile de chanvre et un m\u00e9lange d&rsquo;huiles essentielles de citron, lavande et romarin biologiques. Ces ingr\u00e9dients ont des propri\u00e9t\u00e9s anti-inflammatoires, antiseptiques et nourrissantes.<\/p>\n<h2>Shampooing cbd bio contre des cheveux secs et abimes<\/h2>\n<p>Cannabidiols dans ce shampooing cbd stimule la circulation du sang et la microcirculation dans le cuir chevelu. Par la suite, il stimule la r\u00e9cup\u00e9ration de l&rsquo;acidit\u00e9 naturelle du cuir chevelu. Elle contribue \u00e9galement \u00e0 la r\u00e9g\u00e9n\u00e9ration des cheveux ab\u00eem\u00e9s et secs.<\/p>\n<p>Le shampooing biologique CBD de Cannabios a non seulement une fonction nettoyante et nourrissante, mais aussi une fonction r\u00e9paratrice et protectrice. Gr\u00e2ce \u00e0 sa composition pure, ce shampooing CBD convient \u00e0 tous les types de peau, y compris les peaux sensibles.<\/p>\n<p>Des agents moussants doux et des huiles essentielles de lavande, de romarin et de citron hautement antibact\u00e9riennes et apaisantes \u00e9liminent les impuret\u00e9s. En cons\u00e9quence, les cheveux et le cuir chevelu sont efficacement nettoy\u00e9s. De plus, ce shampooing biologique riche en CBD hydrate, nourrit et restaure en profondeur le cuir chevelu et les cheveux.<\/p>\n<p>La combinaison du complexe m\u00e9dicinal de cannabis et des huiles essentielles purifiantes et antibact\u00e9riennes procure une hydratation intensive des cheveux et du cuir chevelu.<\/p>\n<p>De plus, le CBD stimule la r\u00e9cup\u00e9ration rapide du cuir chevelu ab\u00eem\u00e9 et lui donne toutes les vitamines et min\u00e9raux n\u00e9cessaires. Les ingr\u00e9dients actifs puissants et le pH de 4,5-5,0 r\u00e9g\u00e9n\u00e8rent et renforcent le shampooing biologique CBD pour le cuir chevelu. Apr\u00e8s le shampooing, vos cheveux sont imm\u00e9diatement lisses et soyeux.<\/p>\n<p><strong>Ingr\u00e9dients actifs de haute qualit\u00e9 du shampooing cbd bio<\/strong><\/p>\n<p>Complexe de cannabis : se compose de divers cannabino\u00efdes, terp\u00e8nes et flavono\u00efdes, acides gras insatur\u00e9s, acides amin\u00e9s essentiels, phospholipides, vitamines et min\u00e9raux.<\/p>\n<p>Il a des propri\u00e9t\u00e9s anti-inflammatoires, relaxantes et r\u00e9paratrices. De plus, il stimule la circulation sanguine, la microcirculation dans la peau et contribue \u00e0 la capacit\u00e9 naturelle de la peau \u00e0 se r\u00e9tablir. Il renforce la fonction barri\u00e8re et l&rsquo;\u00e9lasticit\u00e9 de la peau.<\/p>\n<p>L&rsquo;huile de chanvre est riche en acides gras essentiels et contient \u00e9galement des niveaux \u00e9lev\u00e9s de vitamine E. L&rsquo;huile de citron est antibact\u00e9rienne et laisse un ar\u00f4me doux et frais sur la peau.L&rsquo;huile de lavande a un effet purifiant et a un effet apaisant et calmant sur la peau et les cheveux.Huile de romarin : est un puissant antibact\u00e9rien et fongicide. Culture biologique CBD<\/p>\n<h3>Le CBD utilis\u00e9 dans les produits Cannabios est extrait exclusivement biologiquement.<\/h3>\n<p>C&rsquo;est l&rsquo;un des principaux facteurs qui font la diff\u00e9rence de qualit\u00e9 entre les produits \u00e0 base de CBD biologique et les produits \u00e0 base de CBD non biologique. Avantages du CBD pour les cheveux et le cuir chevelu ils contient des acides gras om\u00e9ga-3, om\u00e9ga-6 et om\u00e9ga-9 qui favorisent la croissance naturelle des cheveux.<\/p>\n<p>De plus, il contient de l&rsquo;acide gamma-linoacide. Cela stimule la croissance des cheveux et les fortifie. Le CBD extrait du chanvre est riche en magn\u00e9sium, calcium, phosphore, vitamine E et potassium. Ces composants am\u00e9liorent l&rsquo;\u00e9tat g\u00e9n\u00e9ral et la sant\u00e9 du cuir chevelu et des cheveux.<\/p>\n<p>Parce que le CBD est un anti-inflammatoire naturel, il aide \u00e0 lutter contre diverses maladies du cuir chevelu telles que la follucilite ou le psoriasis. Il r\u00e9gule \u00e9galement la production de s\u00e9bum. Un autre avantage important est que le CBD traite \u00e0 la fois le cuir chevelu sec et le cuir chevelu irrit\u00e9 et squameux.<\/p>\n<p>Gr\u00e2ce \u00e0 sa composition b\u00e9n\u00e9fique, le CBD convient aux personnes dont le cuir chevelu est sensible et aux personnes dont les cheveux sont gras, secs ou normaux. Causes de cheveux fins, ab\u00eem\u00e9s et fragiles Les cheveux secs ont l&rsquo;air terne et ont souvent les pointes fourchues.<\/p>\n<p><strong>Les cheveux sont fins, cassants et fragiles<\/strong><\/p>\n<p>Les causes de cheveux secs ou faibles peuvent varier. Les cheveux secs peuvent \u00eatre le r\u00e9sultat d&rsquo;une production insuffisante de s\u00e9bum, mais ils peuvent aussi indiquer une carence en fer. En outre, les troubles du cuir chevelu ou le cuir chevelu irrit\u00e9 un effet direct sur l&rsquo;\u00e9tat g\u00e9n\u00e9ral de nos cheveux.<\/p>\n<p>Les causes commun\u00e9ment mentionn\u00e9es des cheveux ab\u00eem\u00e9s sont les traitements agressifs, la coloration des cheveux et les produits capillaires qui sont utilis\u00e9s. Les shampooings, laques et revitalisants chimiques irritent le cuir chevelu et provoquent un d\u00e9s\u00e9quilibre dans la production de s\u00e9bum.<\/p>\n<p>Les SLES et les silicones p\u00e9n\u00e8trent nos cheveux et notre cuir chevelu. Cela peut irriter le cuir chevelu. Les agents moussants chimiques et les silicones couvrent et \u00e9touffent les cheveux, ce qui leur fait perdre leur \u00e9clat naturel et leur aspect terne.<\/p>\n<p>Une exposition excessive \u00e0 la chaleur d&rsquo;appareils comme les lisseurs, les s\u00e8che-cheveux ou les brosses \u00e0 cheveux peut causer des cheveux ternes et cassants.<br \/>\nLe shampooing au cbd brut de cannabios est un shampooing ultra-doux qui convient aux cuirs chevelus sensibles.<\/p>\n<p><strong>Shampooing cbd brut Cannabios &#8211; En savoir plus<\/strong><br \/>\n&#8211; Aucun agent de traitement synth\u00e9tique, ni colorant, ni conservateur, ni parfum n&rsquo;a \u00e9t\u00e9 utilis\u00e9 dans la production de ce produit.<br \/>\n&#8211; Produit en Europe<br \/>\n&#8211; Les mati\u00e8res premi\u00e8res sont issues de l&rsquo;agriculture biologique en Italie et en R\u00e9publique tch\u00e8que.<\/p>\n<p>*Une explication d\u00e9taill\u00e9e de chaque ingr\u00e9dient se trouve sur la page de l&rsquo;encyclop\u00e9die des ingr\u00e9dients. <strong><a href=\"https:\/\/www.biobey.be\/fr\/chercher-les-ingredients\/\">Cliquez ici<\/a><\/strong><br \/>\nIngr\u00e9dients (INCI) :<br \/>\nAqua, Sodium Cocoamphoacetate, Glycerin, Lauryl Glucoside, Sodium Cocoyl Glutamate, Sodium Lauryl Glocose Carboxylate, Coco Glucoside, Glyceryl Oleate, Olea Europea Fruit Oil*, XanthanGum, Acide citrique, huile de graines de cannabis**, acide d\u00e9hydroac\u00e9tique, alcool benzylique, Cannabis Sativa L**, huile de fleurs de Cananga Odorata, huile de feuilles de Melaleuca Alternifolia*, limon\u00e8ne*, linalol*.<br \/>\n*Production biologique<\/p>\n<p>Traduit avec DeepL.com (version gratuite)<\/p>\n<p>* Ingr\u00e9dients issus de l&rsquo;agriculture biologique\u00a0: Cannabis Sativa leaf \/ stem extract without THC*, Lavandula Angustifolia leaf oil*, Citrus limon peel Oil*,Cannabis sativa seed oil*<\/p>\n","protected":false},"excerpt":{"rendered":"<p>Le shampooing et gel douche 2en1 est un nettoyant doux mais efficace pour les cheveux et le cuir chevelu. Ainsi, les cheveux sont sains, hydrat\u00e9s et soyeux au toucher.<\/p>\n","protected":false},"featured_media":76,"comment_status":"open","ping_status":"closed","template":"","meta":{"ocean_post_layout":"","ocean_both_sidebars_style":"","ocean_both_sidebars_content_width":0,"ocean_both_sidebars_sidebars_width":0,"ocean_sidebar":"","ocean_second_sidebar":"","ocean_disable_margins":"enable","ocean_add_body_class":"","ocean_shortcode_before_top_bar":"","ocean_shortcode_after_top_bar":"","ocean_shortcode_before_header":"","ocean_shortcode_after_header":"","ocean_has_shortcode":"","ocean_shortcode_after_title":"","ocean_shortcode_before_footer_widgets":"","ocean_shortcode_after_footer_widgets":"","ocean_shortcode_before_footer_bottom":"","ocean_shortcode_after_footer_bottom":"","ocean_display_top_bar":"default","ocean_display_header":"default","ocean_header_style":"","ocean_center_header_left_menu":"","ocean_custom_header_template":"","ocean_custom_logo":0,"ocean_custom_retina_logo":0,"ocean_custom_logo_max_width":0,"ocean_custom_logo_tablet_max_width":0,"ocean_custom_logo_mobile_max_width":0,"ocean_custom_logo_max_height":0,"ocean_custom_logo_tablet_max_height":0,"ocean_custom_logo_mobile_max_height":0,"ocean_header_custom_menu":"","ocean_menu_typo_font_family":"","ocean_menu_typo_font_subset":"","ocean_menu_typo_font_size":0,"ocean_menu_typo_font_size_tablet":0,"ocean_menu_typo_font_size_mobile":0,"ocean_menu_typo_font_size_unit":"px","ocean_menu_typo_font_weight":"","ocean_menu_typo_font_weight_tablet":"","ocean_menu_typo_font_weight_mobile":"","ocean_menu_typo_transform":"","ocean_menu_typo_transform_tablet":"","ocean_menu_typo_transform_mobile":"","ocean_menu_typo_line_height":0,"ocean_menu_typo_line_height_tablet":0,"ocean_menu_typo_line_height_mobile":0,"ocean_menu_typo_line_height_unit":"","ocean_menu_typo_spacing":0,"ocean_menu_typo_spacing_tablet":0,"ocean_menu_typo_spacing_mobile":0,"ocean_menu_typo_spacing_unit":"","ocean_menu_link_color":"","ocean_menu_link_color_hover":"","ocean_menu_link_color_active":"","ocean_menu_link_background":"","ocean_menu_link_hover_background":"","ocean_menu_link_active_background":"","ocean_menu_social_links_bg":"","ocean_menu_social_hover_links_bg":"","ocean_menu_social_links_color":"","ocean_menu_social_hover_links_color":"","ocean_disable_title":"default","ocean_disable_heading":"default","ocean_post_title":"","ocean_post_subheading":"","ocean_post_title_style":"","ocean_post_title_background_color":"","ocean_post_title_background":0,"ocean_post_title_bg_image_position":"","ocean_post_title_bg_image_attachment":"","ocean_post_title_bg_image_repeat":"","ocean_post_title_bg_image_size":"","ocean_post_title_height":0,"ocean_post_title_bg_overlay":0.5,"ocean_post_title_bg_overlay_color":"","ocean_disable_breadcrumbs":"default","ocean_breadcrumbs_color":"","ocean_breadcrumbs_separator_color":"","ocean_breadcrumbs_links_color":"","ocean_breadcrumbs_links_hover_color":"","ocean_display_footer_widgets":"default","ocean_display_footer_bottom":"default","ocean_custom_footer_template":""},"product_brand":[104],"product_cat":[41,25,16,24,43,30],"product_tag":[140,125],"class_list":{"0":"post-2112","1":"product","2":"type-product","3":"status-publish","4":"has-post-thumbnail","6":"product_brand-cannabios","7":"product_cat-cbd-et-chanvre-biologique","8":"product_cat-shampooing-naturel","9":"product_cat-soins","10":"product_cat-soins-cheveux","11":"product_cat-soins-naturels-cbd","12":"product_cat-soins-pour-hommes","13":"product_tag-contient-cbd","14":"product_tag-vegan","16":"entry","17":"has-media","19":"first","20":"instock","21":"taxable","22":"shipping-taxable","23":"purchasable","24":"product-type-simple","25":"has-rating","26":"col","27":"span_1_of_3","28":"owp-content-center","29":"owp-thumbs-layout-horizontal","30":"owp-btn-normal","31":"owp-tabs-layout-section","32":"has-no-thumbnails","33":"circle-sale"},"_links":{"self":[{"href":"https:\/\/www.biobey.be\/fr\/wp-json\/wp\/v2\/product\/2112","targetHints":{"allow":["GET"]}}],"collection":[{"href":"https:\/\/www.biobey.be\/fr\/wp-json\/wp\/v2\/product"}],"about":[{"href":"https:\/\/www.biobey.be\/fr\/wp-json\/wp\/v2\/types\/product"}],"replies":[{"embeddable":true,"href":"https:\/\/www.biobey.be\/fr\/wp-json\/wp\/v2\/comments?post=2112"}],"wp:featuredmedia":[{"embeddable":true,"href":"https:\/\/www.biobey.be\/fr\/wp-json\/wp\/v2\/media\/76"}],"wp:attachment":[{"href":"https:\/\/www.biobey.be\/fr\/wp-json\/wp\/v2\/media?parent=2112"}],"wp:term":[{"taxonomy":"product_brand","embeddable":true,"href":"https:\/\/www.biobey.be\/fr\/wp-json\/wp\/v2\/product_brand?post=2112"},{"taxonomy":"product_cat","embeddable":true,"href":"https:\/\/www.biobey.be\/fr\/wp-json\/wp\/v2\/product_cat?post=2112"},{"taxonomy":"product_tag","embeddable":true,"href":"https:\/\/www.biobey.be\/fr\/wp-json\/wp\/v2\/product_tag?post=2112"}],"curies":[{"name":"wp","href":"https:\/\/api.w.org\/{rel}","templated":true}]}}