{"id":2114,"date":"2026-03-01T19:14:45","date_gmt":"2026-03-01T18:14:45","guid":{"rendered":"https:\/\/www.biobey.be\/fr-temp\/produit\/baume-cbd-peau-sensible-de-beb-50ml\/"},"modified":"2026-03-05T19:14:40","modified_gmt":"2026-03-05T18:14:40","slug":"baume-cbd-peau-sensible-de-beb-50ml","status":"publish","type":"product","link":"https:\/\/www.biobey.be\/fr\/produit\/baume-cbd-peau-sensible-de-beb-50ml\/","title":{"rendered":"Baume bio peau sensible 50ml"},"content":{"rendered":"<p>Baume\u00a0 est sp\u00e9cifiquement con\u00e7u pour la peau sensible. Il renforce la couche d&rsquo;acide protecteur de la peau sensible. L&rsquo;huile de coco et le beurre de karit\u00e9 adoucissent et hydratent la peau sensible. contribue \u00e0 la r\u00e9g\u00e9n\u00e9ration rapide des peaux d\u00e9licates.<\/p>\n<p>En outre, le baume bio est id\u00e9al pour la routine de soin de peau des personnes avec la peau faciale hypersensible, particuli\u00e8rement la peau autour des yeux et des l\u00e8vres. Cette baume convient \u00e0 tous les types de peau, y compris les peaux hypersensibles. Ce baume biologique est exempt de produits chimiques synth\u00e9tiques ou d&rsquo;autres produits chimiques irritants nocifs et peut \u00eatre utilis\u00e9 quotidiennement.<\/p>\n<h3>Baume bio pour prot\u00e9ger et revitaliser la peau<\/h3>\n<p>La combinaison de beurre de karit\u00e9 et d&rsquo;huile de coco hydrate et nourrit intens\u00e9ment les peaux sensibles. Il a \u00e9galement un effet protecteur contre les radicaux libres et autres influences ext\u00e9rieures nocives<\/p>\n<p><strong>Convient aussi bien \u00e0 la peau sensible des yeux et des l\u00e8vres<\/strong><\/p>\n<p>Gr\u00e2ce \u00e0 sa formule d\u00e9licate compos\u00e9e uniquement d&rsquo;ingr\u00e9dients biologiquement b\u00e9n\u00e9fiques, cette pommade riche en convient parfaitement pour le soin des peaux sensibles des yeux et des l\u00e8vres. Le complexe de cannabis nourrit ensuite la peau, contribue \u00e0 la r\u00e9g\u00e9n\u00e9ration rapide des cellules cutan\u00e9es et am\u00e9liore l&rsquo;\u00e9lasticit\u00e9 de la peau.<\/p>\n<p>Le baume stimule \u00e9galement la circulation sanguine et la micro circulation de la peau afin que les d\u00e9chets et l&rsquo;exc\u00e8s d&rsquo;humidit\u00e9 soient \u00e9limin\u00e9s plus rapidement. L&rsquo;huile de coco et le beurre de karit\u00e9 hydratent et adoucissent la peau des yeux et des l\u00e8vres.<\/p>\n<h2><strong>Les 5 bienfaits du baume biologique au chanvre pour peaux sensibles en r\u00e9sum\u00e9<\/strong><\/h2>\n<ol>\n<li>renforcement de la couche acide protectrice de la peau<\/li>\n<li>r\u00e9paration rapide des peaux sensibles<\/li>\n<li>\u00e9limination de l&rsquo;exc\u00e8s d&rsquo;humidit\u00e9 et des d\u00e9chets sous la peau gr\u00e2ce \u00e0 une augmentation de la circulation sanguine et de la microcirculation<\/li>\n<li>apaise et adoucit imm\u00e9diatement les peaux hypersensibles<\/li>\n<li>nourrit et hydrate les peaux sensibles<\/li>\n<\/ol>\n<p><strong>Conseil d&rsquo;expert de Biobey<\/strong> : si vous avez la peau sensible, il est recommand\u00e9 de la nettoyer avec une huile d\u00e9maquillante hypoallerg\u00e9nique ou un <span style=\"color: #0000ff;\"><a style=\"color: #0000ff;\" href=\"https:\/\/www.biobey.be\/fr\/produit\/lait-nettoyant-hypoallergenique-sensitive\/\">lait d\u00e9maquillant sp\u00e9cialement con\u00e7u pour les peaux sensibles<\/a><\/span>.<\/p>\n<h3>Baume bio nourrit et hydrate la peau vuln\u00e9rable<\/h3>\n<p>Le baume stimule la circulation sanguine et la micro circulation de la peau, favorise le renouvellement cellulaire de la peau, renforce la couche protectrice naturelle de la peau et am\u00e9liore son \u00e9lasticit\u00e9.<br \/>\nBeurre de karit\u00e9 biologique assure une hydratation intensive de la peau.<\/p>\n<p>En m\u00eame temps, il a un effet protecteur et calmant sur les peaux sensibles. L&rsquo;huile ou la graisse de coco biologique contient des acides gras importants pour la peau tels que l&rsquo;acide laurique et l&rsquo;acide caprique et poss\u00e8de diverses propri\u00e9t\u00e9s antibact\u00e9riennes. Elle soulage et calme les peaux s\u00e8ches ou irrit\u00e9es. L&rsquo;huile de noix de coco biologique est un pur b\u00e9n\u00e9fice pour tous les types de peau.<\/p>\n<p><strong>Comment utiliser baume peau sec<\/strong> : Appliquer sur la peau sensible et masser l\u00e9g\u00e8rement pour que tous les principes actifs soient bien absorb\u00e9s par la peau.<\/p>\n<p>*Une explication d\u00e9taill\u00e9e de chaque ingr\u00e9dient se trouve sur la page de l&rsquo;encyclop\u00e9die des ingr\u00e9dients. <strong><a href=\"https:\/\/www.biobey.be\/fr\/chercher-les-ingredients\/\">Cliquez ici<\/a><\/strong><\/p>\n<p>Ingr\u00e9dients (INCI):Butyrospermum Parkii boter*, Olea Europea Fruit Oil*, Cocos Nucifera Oil, Tocopherol Helianthus Annuus Seed Oil<\/p>\n<p>*Ingr\u00e9dients issus de l&rsquo;agriculture biologique:Butyrospermum Parkii boter*, Olea Europea Fruit Oil*, Cocos Nucifera Oil*, Cannabis Sativa Seed Oil*<\/p>\n","protected":false},"excerpt":{"rendered":"<p>Une baume naturelle pure avec huile de coco et beurre de karit\u00e9. Il a \u00e9t\u00e9 sp\u00e9cialement d\u00e9velopp\u00e9 pour le soin et l&rsquo;hydratation quotidienne des peaux sensibles.<\/p>\n","protected":false},"featured_media":310,"comment_status":"open","ping_status":"closed","template":"","meta":{"ocean_post_layout":"","ocean_both_sidebars_style":"","ocean_both_sidebars_content_width":0,"ocean_both_sidebars_sidebars_width":0,"ocean_sidebar":"0","ocean_second_sidebar":"0","ocean_disable_margins":"enable","ocean_add_body_class":"","ocean_shortcode_before_top_bar":"","ocean_shortcode_after_top_bar":"","ocean_shortcode_before_header":"","ocean_shortcode_after_header":"","ocean_has_shortcode":"","ocean_shortcode_after_title":"","ocean_shortcode_before_footer_widgets":"","ocean_shortcode_after_footer_widgets":"","ocean_shortcode_before_footer_bottom":"","ocean_shortcode_after_footer_bottom":"","ocean_display_top_bar":"default","ocean_display_header":"default","ocean_header_style":"","ocean_center_header_left_menu":"0","ocean_custom_header_template":"0","ocean_custom_logo":0,"ocean_custom_retina_logo":0,"ocean_custom_logo_max_width":0,"ocean_custom_logo_tablet_max_width":0,"ocean_custom_logo_mobile_max_width":0,"ocean_custom_logo_max_height":0,"ocean_custom_logo_tablet_max_height":0,"ocean_custom_logo_mobile_max_height":0,"ocean_header_custom_menu":"0","ocean_menu_typo_font_family":"0","ocean_menu_typo_font_subset":"","ocean_menu_typo_font_size":0,"ocean_menu_typo_font_size_tablet":0,"ocean_menu_typo_font_size_mobile":0,"ocean_menu_typo_font_size_unit":"px","ocean_menu_typo_font_weight":"","ocean_menu_typo_font_weight_tablet":"","ocean_menu_typo_font_weight_mobile":"","ocean_menu_typo_transform":"","ocean_menu_typo_transform_tablet":"","ocean_menu_typo_transform_mobile":"","ocean_menu_typo_line_height":0,"ocean_menu_typo_line_height_tablet":0,"ocean_menu_typo_line_height_mobile":0,"ocean_menu_typo_line_height_unit":"","ocean_menu_typo_spacing":0,"ocean_menu_typo_spacing_tablet":0,"ocean_menu_typo_spacing_mobile":0,"ocean_menu_typo_spacing_unit":"","ocean_menu_link_color":"","ocean_menu_link_color_hover":"","ocean_menu_link_color_active":"","ocean_menu_link_background":"","ocean_menu_link_hover_background":"","ocean_menu_link_active_background":"","ocean_menu_social_links_bg":"","ocean_menu_social_hover_links_bg":"","ocean_menu_social_links_color":"","ocean_menu_social_hover_links_color":"","ocean_disable_title":"default","ocean_disable_heading":"default","ocean_post_title":"","ocean_post_subheading":"","ocean_post_title_style":"","ocean_post_title_background_color":"","ocean_post_title_background":0,"ocean_post_title_bg_image_position":"","ocean_post_title_bg_image_attachment":"","ocean_post_title_bg_image_repeat":"","ocean_post_title_bg_image_size":"","ocean_post_title_height":0,"ocean_post_title_bg_overlay":0.5,"ocean_post_title_bg_overlay_color":"","ocean_disable_breadcrumbs":"default","ocean_breadcrumbs_color":"","ocean_breadcrumbs_separator_color":"","ocean_breadcrumbs_links_color":"","ocean_breadcrumbs_links_hover_color":"","ocean_display_footer_widgets":"default","ocean_display_footer_bottom":"default","ocean_custom_footer_template":"0"},"product_brand":[104],"product_cat":[33,31],"product_tag":[140,132,125],"class_list":{"0":"post-2114","1":"product","2":"type-product","3":"status-publish","4":"has-post-thumbnail","6":"product_brand-cannabios","7":"product_cat-irritation-cutanee-eczema-et-psoriasis","8":"product_cat-sante","9":"product_tag-contient-cbd","10":"product_tag-sans-alcool","11":"product_tag-vegan","13":"entry","14":"has-media","16":"first","17":"instock","18":"taxable","19":"shipping-taxable","20":"purchasable","21":"product-type-simple","22":"has-rating","23":"col","24":"span_1_of_3","25":"owp-content-center","26":"owp-thumbs-layout-horizontal","27":"owp-btn-normal","28":"owp-tabs-layout-section","29":"has-no-thumbnails","30":"circle-sale"},"_links":{"self":[{"href":"https:\/\/www.biobey.be\/fr\/wp-json\/wp\/v2\/product\/2114","targetHints":{"allow":["GET"]}}],"collection":[{"href":"https:\/\/www.biobey.be\/fr\/wp-json\/wp\/v2\/product"}],"about":[{"href":"https:\/\/www.biobey.be\/fr\/wp-json\/wp\/v2\/types\/product"}],"replies":[{"embeddable":true,"href":"https:\/\/www.biobey.be\/fr\/wp-json\/wp\/v2\/comments?post=2114"}],"wp:featuredmedia":[{"embeddable":true,"href":"https:\/\/www.biobey.be\/fr\/wp-json\/wp\/v2\/media\/310"}],"wp:attachment":[{"href":"https:\/\/www.biobey.be\/fr\/wp-json\/wp\/v2\/media?parent=2114"}],"wp:term":[{"taxonomy":"product_brand","embeddable":true,"href":"https:\/\/www.biobey.be\/fr\/wp-json\/wp\/v2\/product_brand?post=2114"},{"taxonomy":"product_cat","embeddable":true,"href":"https:\/\/www.biobey.be\/fr\/wp-json\/wp\/v2\/product_cat?post=2114"},{"taxonomy":"product_tag","embeddable":true,"href":"https:\/\/www.biobey.be\/fr\/wp-json\/wp\/v2\/product_tag?post=2114"}],"curies":[{"name":"wp","href":"https:\/\/api.w.org\/{rel}","templated":true}]}}