{"id":2119,"date":"2025-04-21T16:15:12","date_gmt":"2025-04-21T14:15:12","guid":{"rendered":"https:\/\/www.biobey.be\/fr-temp\/produit\/pommade-au-cbd-tatouage-50ml\/"},"modified":"2025-10-29T21:08:48","modified_gmt":"2025-10-29T20:08:48","slug":"pommade-au-cbd-tatouage-50ml","status":"publish","type":"product","link":"https:\/\/www.biobey.be\/fr\/produit\/pommade-au-cbd-tatouage-50ml\/","title":{"rendered":"Pommade tattoo CBD 50ml"},"content":{"rendered":"<p>La pommade au cbd Tattoo CBD de Cannabios soigne et r\u00e9g\u00e9n\u00e8re la peau ab\u00eem\u00e9e apr\u00e8s un tatouage. La pommade au cbd <span style=\"color: #0000ff;\"><a style=\"color: #0000ff;\" href=\"https:\/\/www.biobey.be\/fr\/produit\/la-pommade-bio-au-curcuma-et-gingembre\/\">apaise les irritations et les d\u00e9mangeaisons de la peau.<\/a><\/span> De plus, elle nourrit intens\u00e9ment la peau et stimule le renouvellement cellulaire pour que la peau vuln\u00e9rable r\u00e9cup\u00e8re rapidement.<\/p>\n<p>Comme la pommade CBD <span style=\"color: #0000ff;\"><a style=\"color: #0000ff;\" href=\"https:\/\/www.biobey.be\/fr\/produit\/baume-griffe-du-diable-arthrose-50ml\/\">renforce la barri\u00e8re cutan\u00e9e naturelle<\/a><\/span>, la peau sensible est prot\u00e9g\u00e9e contre les influences ext\u00e9rieures qui peuvent causer irritation, infection et \u00e9ruption cutan\u00e9e. La premi\u00e8re p\u00e9riode apr\u00e8s un tatouage, la peau est une sorte de plaie ouverte qui est tr\u00e8s sensible et qui peut \u00eatre ab\u00eem\u00e9e rapidement.<\/p>\n<p>C&rsquo;est pourquoi il est important de soigner et de prot\u00e9ger la peau affect\u00e9e, surtout pendant la premi\u00e8re p\u00e9riode. En r\u00e9sultat, la peau r\u00e9cup\u00e9rera rapidement, ce qui lui redonnera un aspect sain et lisse et une sensation agr\u00e9able de douceur.<\/p>\n<h2>Formule v\u00e9g\u00e9tale efficace de la pommade au cbd<\/h2>\n<p>La pommade naturelle Tattoo CBD contient de pr\u00e9cieux extraits de plantes et huiles essentielles telles que :<\/p>\n<p>Cannabis Sativa L. biologique, huile de graines de chanvre biologique, vitamine E, beurre de karit\u00e9 biologique et huile de coco biologique.<\/p>\n<p>La combinaison de Cannabis Sativa L. et d&rsquo;huile de chanvre riche en acides gras essentiels om\u00e9ga 3 et 6 et en antioxydants a un effet anti-inflammatoire. Ceci traite la peau irrit\u00e9e et enflamm\u00e9e et \u00e9limine les mauvaises bact\u00e9ries.<\/p>\n<p>Ceci favorise la r\u00e9silience naturelle de la peau. Ainsi, la peau irrit\u00e9e ou piquante est apais\u00e9e. Il pr\u00e9vient \u00e9galement les infections, les irritations et les inflammations de la peau. Le m\u00e9lange de beurre de karit\u00e9, d&rsquo;huile d&rsquo;olive et de beurre de coco <span style=\"color: #0000ff;\"><a style=\"color: #0000ff;\" href=\"https:\/\/www.biobey.be\/fr\/produit\/trompetol-pommade-au-cbd-revitalisante-30ml\/\">hydrate en profondeur et soigne la peau.<\/a><\/span><\/p>\n<h3>Pommade tattoo cbd r\u00e9paratrice bio<\/h3>\n<p>Le baume de tatouage biologique est un produit de soin efficace avec une composition 100% naturelle, sans ingr\u00e9dients chimiques et irritants. Le baume r\u00e9g\u00e9n\u00e9rant acc\u00e9l\u00e8re la cicatrisation de la peau et apaise les irritations et les d\u00e9mangeaisons.<\/p>\n<p>La pommade CBD hydrate la peau et la prot\u00e8ge efficacement contre les irritations, les infections et les inflammations. En cons\u00e9quence, la peau est douce au toucher et para\u00eet saine, uniforme et belle. La pommade bio CBD Tattoo est adapt\u00e9e \u00e0 une utilisation sur le visage et le corps.<\/p>\n<h4>Complexe naturel de cannabis &#8211; pommade tattoo CBD<\/h4>\n<p>Le complexe cannabique est l&rsquo;ensemble des substances actives pr\u00e9sentes dans la plante de chanvre, dont une forte teneur en cannabidiols (CBD) et une tr\u00e8s faible teneur en THC (0,2 %).<\/p>\n<p>Ce complexe se compose de divers cannabino\u00efdes, terp\u00e8nes et flavono\u00efdes, d&rsquo;acides gras insatur\u00e9s, d&rsquo;acides amin\u00e9s essentiels, de phospholipides, de vitamines et de min\u00e9raux.<\/p>\n<p>Gr\u00e2ce \u00e0 cette pr\u00e9cieuse composition, le cannabicomplex poss\u00e8de de nombreuses propri\u00e9t\u00e9s b\u00e9n\u00e9fiques pour la sant\u00e9. Il a des propri\u00e9t\u00e9s anti-inflammatoires, relaxantes et r\u00e9paratrices.<\/p>\n<p>En outre, il stimule la circulation sanguine et la microcirculation dans la peau et contribue \u00e0 sa capacit\u00e9 de r\u00e9paration naturelle. Il renforce la barri\u00e8re cutan\u00e9e naturelle et l&rsquo;\u00e9lasticit\u00e9 de la peau.<\/p>\n<h2>Comment utiliser la pommade CBD pour tatouage ?<\/h2>\n<p>Apr\u00e8s un tatouage, il est essentiel de bien soigner la peau. Il est important que la peau se r\u00e9tablisse le plus rapidement possible et qu&rsquo;elle re\u00e7oive l&rsquo;hydratation n\u00e9cessaire. La peau apr\u00e8s un tatouage est affect\u00e9e et tr\u00e8s sensible aux influences ext\u00e9rieures. En prenant soin de la peau, le tatouage ne s&rsquo;effacera pas rapidement.<\/p>\n<p>Outre l&rsquo;utilisation de la pommade CBD pour tatouage, la peau tatou\u00e9e doit \u00eatre prot\u00e9g\u00e9e des influences ext\u00e9rieures et d&rsquo;une exposition excessive au soleil.<\/p>\n<p>Mode d&#8217;emploi : appliquez une fine couche sur la peau et massez-la en effectuant de l\u00e9gers mouvements circulaires. La pommade peut \u00eatre appliqu\u00e9e sur la peau plusieurs fois par jour. Se conserve 6 mois apr\u00e8s ouverture.<\/p>\n<p>Usage externe uniquement. La pommade CBD tattoo de Cannabios est certifi\u00e9e biologique CPK et convient aux peaux sensibles.<\/p>\n<p>*Une explication d\u00e9taill\u00e9e de chaque ingr\u00e9dient se trouve sur la page de l&rsquo;encyclop\u00e9die des ingr\u00e9dients.<\/p>\n<p>Ingr\u00e9dients (INCI): CBD, Cocos Nucifera oil, Butyrospermum Parkii butter, Olea Europaea Fruit Oil, Cannabis Sativa Seed Oil*, Cannabis sativa L.(contient moins de 0,2 % de THC) Tocopherol, Helianthus Annuus Seed Oil<\/p>\n","protected":false},"excerpt":{"rendered":"<p>Pommade bio CBD restaure et soigne la peau fragile et affect\u00e9e apr\u00e8s un tatouage. Il prot\u00e8ge et soigne la peau sensible pour qu&rsquo;elle ne s&rsquo;enflamme pas et gu\u00e9risse plus vite. (Contient moins de 0,2 % de THC)<\/p>\n","protected":false},"featured_media":101,"comment_status":"open","ping_status":"closed","template":"","meta":{"ocean_post_layout":"","ocean_both_sidebars_style":"","ocean_both_sidebars_content_width":0,"ocean_both_sidebars_sidebars_width":0,"ocean_sidebar":"","ocean_second_sidebar":"","ocean_disable_margins":"enable","ocean_add_body_class":"","ocean_shortcode_before_top_bar":"","ocean_shortcode_after_top_bar":"","ocean_shortcode_before_header":"","ocean_shortcode_after_header":"","ocean_has_shortcode":"","ocean_shortcode_after_title":"","ocean_shortcode_before_footer_widgets":"","ocean_shortcode_after_footer_widgets":"","ocean_shortcode_before_footer_bottom":"","ocean_shortcode_after_footer_bottom":"","ocean_display_top_bar":"default","ocean_display_header":"default","ocean_header_style":"","ocean_center_header_left_menu":"","ocean_custom_header_template":"","ocean_custom_logo":0,"ocean_custom_retina_logo":0,"ocean_custom_logo_max_width":0,"ocean_custom_logo_tablet_max_width":0,"ocean_custom_logo_mobile_max_width":0,"ocean_custom_logo_max_height":0,"ocean_custom_logo_tablet_max_height":0,"ocean_custom_logo_mobile_max_height":0,"ocean_header_custom_menu":"","ocean_menu_typo_font_family":"","ocean_menu_typo_font_subset":"","ocean_menu_typo_font_size":0,"ocean_menu_typo_font_size_tablet":0,"ocean_menu_typo_font_size_mobile":0,"ocean_menu_typo_font_size_unit":"px","ocean_menu_typo_font_weight":"","ocean_menu_typo_font_weight_tablet":"","ocean_menu_typo_font_weight_mobile":"","ocean_menu_typo_transform":"","ocean_menu_typo_transform_tablet":"","ocean_menu_typo_transform_mobile":"","ocean_menu_typo_line_height":0,"ocean_menu_typo_line_height_tablet":0,"ocean_menu_typo_line_height_mobile":0,"ocean_menu_typo_line_height_unit":"","ocean_menu_typo_spacing":0,"ocean_menu_typo_spacing_tablet":0,"ocean_menu_typo_spacing_mobile":0,"ocean_menu_typo_spacing_unit":"","ocean_menu_link_color":"","ocean_menu_link_color_hover":"","ocean_menu_link_color_active":"","ocean_menu_link_background":"","ocean_menu_link_hover_background":"","ocean_menu_link_active_background":"","ocean_menu_social_links_bg":"","ocean_menu_social_hover_links_bg":"","ocean_menu_social_links_color":"","ocean_menu_social_hover_links_color":"","ocean_disable_title":"default","ocean_disable_heading":"default","ocean_post_title":"","ocean_post_subheading":"","ocean_post_title_style":"","ocean_post_title_background_color":"","ocean_post_title_background":0,"ocean_post_title_bg_image_position":"","ocean_post_title_bg_image_attachment":"","ocean_post_title_bg_image_repeat":"","ocean_post_title_bg_image_size":"","ocean_post_title_height":0,"ocean_post_title_bg_overlay":0.5,"ocean_post_title_bg_overlay_color":"","ocean_disable_breadcrumbs":"default","ocean_breadcrumbs_color":"","ocean_breadcrumbs_separator_color":"","ocean_breadcrumbs_links_color":"","ocean_breadcrumbs_links_hover_color":"","ocean_display_footer_widgets":"default","ocean_display_footer_bottom":"default","ocean_custom_footer_template":""},"product_brand":[104],"product_cat":[41,33,31,16,43],"product_tag":[140,127,125],"class_list":{"0":"post-2119","1":"product","2":"type-product","3":"status-publish","4":"has-post-thumbnail","6":"product_brand-cannabios","7":"product_cat-cbd-et-chanvre-biologique","8":"product_cat-irritation-cutanee-eczema-et-psoriasis","9":"product_cat-sante","10":"product_cat-soins","11":"product_cat-soins-naturels-cbd","12":"product_tag-contient-cbd","13":"product_tag-sans-silicone","14":"product_tag-vegan","16":"entry","17":"has-media","19":"first","20":"instock","21":"taxable","22":"shipping-taxable","23":"purchasable","24":"product-type-simple","25":"has-rating","26":"col","27":"span_1_of_3","28":"owp-content-center","29":"owp-thumbs-layout-horizontal","30":"owp-btn-normal","31":"owp-tabs-layout-section","32":"has-no-thumbnails","33":"circle-sale"},"_links":{"self":[{"href":"https:\/\/www.biobey.be\/fr\/wp-json\/wp\/v2\/product\/2119","targetHints":{"allow":["GET"]}}],"collection":[{"href":"https:\/\/www.biobey.be\/fr\/wp-json\/wp\/v2\/product"}],"about":[{"href":"https:\/\/www.biobey.be\/fr\/wp-json\/wp\/v2\/types\/product"}],"replies":[{"embeddable":true,"href":"https:\/\/www.biobey.be\/fr\/wp-json\/wp\/v2\/comments?post=2119"}],"wp:featuredmedia":[{"embeddable":true,"href":"https:\/\/www.biobey.be\/fr\/wp-json\/wp\/v2\/media\/101"}],"wp:attachment":[{"href":"https:\/\/www.biobey.be\/fr\/wp-json\/wp\/v2\/media?parent=2119"}],"wp:term":[{"taxonomy":"product_brand","embeddable":true,"href":"https:\/\/www.biobey.be\/fr\/wp-json\/wp\/v2\/product_brand?post=2119"},{"taxonomy":"product_cat","embeddable":true,"href":"https:\/\/www.biobey.be\/fr\/wp-json\/wp\/v2\/product_cat?post=2119"},{"taxonomy":"product_tag","embeddable":true,"href":"https:\/\/www.biobey.be\/fr\/wp-json\/wp\/v2\/product_tag?post=2119"}],"curies":[{"name":"wp","href":"https:\/\/api.w.org\/{rel}","templated":true}]}}