{"id":2120,"date":"2026-03-07T22:51:50","date_gmt":"2026-03-07T21:51:50","guid":{"rendered":"https:\/\/www.biobey.be\/fr-temp\/produit\/pommade-acide-salicylique-bio-50ml\/"},"modified":"2026-03-07T22:51:25","modified_gmt":"2026-03-07T21:51:25","slug":"pommade-acide-salicylique-bio-50ml","status":"publish","type":"product","link":"https:\/\/www.biobey.be\/fr\/produit\/pommade-acide-salicylique-bio-50ml\/","title":{"rendered":"Pommade d&rsquo;acide salicylique bio avec cbd 50ml (liquide)"},"content":{"rendered":"<p>Pommade d&rsquo;acide salicylique bio avec cbd et de la vitamine E nourrit la peau s\u00e8che. Il restaure ensuite la peau irrit\u00e9e et soulage les d\u00e9mangeaisons et les irritations. De plus, il offre un <strong>traitement efficace des fissures cutan\u00e9es<\/strong>, des callosit\u00e9s dures sur la peau et des peaux extr\u00eamement s\u00e8ches.<\/p>\n<p>La formule d\u00e9licate \u00e0 base de complexe de cannabis <strong>hydrate les peaux sensibles<\/strong> et les prot\u00e8ge de la d\u00e9shydratation. Ainsi, la peau ab\u00eem\u00e9e est restaur\u00e9e, <span style=\"color: #0000ff;\"><a style=\"color: #0000ff;\" href=\"https:\/\/www.biobey.be\/fr\/produit\/violet-creme-visage-hypoallergenique-argital-50-ml\/\">adoucie et prot\u00e9g\u00e9e contre la perte d&rsquo;hydratation<\/a><\/span> et les influences ext\u00e9rieures n\u00e9fastes.<\/p>\n<p><strong>Conseil de pro<\/strong> : pour un r\u00e9sultat optimal contre l&rsquo;acn\u00e9 et les points noirs, combinez cette pommade \u00e0 l&rsquo;acide salicylique avec le <span style=\"color: #000080;\"><a style=\"color: #000080;\" href=\"https:\/\/www.biobey.be\/fr\/produit\/gel-nettoyant-acide-salicylique-150ml\/\">gel nettoyant \u00e0 l&rsquo;acide salicylique de natura equa<\/a> <\/span>et cette cr\u00e8me naturelle \u00e0 la niacinamide de bema bio.<\/p>\n<h2>Composition de Pommade d&rsquo;acide salicylique bio avec cbd<\/h2>\n<p>L&rsquo;onguent biologique pour la peau Cannabios doit son efficacit\u00e9 aux ingr\u00e9dients actifs b\u00e9n\u00e9fiques tels que l&rsquo;huile de graines de chanvre biologique, le complexe de cannabis, l&rsquo;acide salicylique, l&rsquo;huile essentielle de romarin et l&rsquo;huile d&rsquo;olive. Le Cannabis Complex contient une forte teneur en cannabidiols ou CBD, qui ont un effet b\u00e9n\u00e9fique sur la peau. Le CBD a des propri\u00e9t\u00e9s anti-inflammatoires et r\u00e9g\u00e9n\u00e9ratives.<\/p>\n<p>Ceci \u00e9limine les mauvaises bact\u00e9ries, hydrate la peau s\u00e8che et favorise le r\u00e9tablissement de la peau. De plus, l&rsquo;acide salicylique purifie la peau d&rsquo;une mani\u00e8re douce et <strong>adoucit la peau squameuse et craquel\u00e9e<\/strong>. Ainsi, l&rsquo;effet synergique des ingr\u00e9dients rend la peau saine, souple et soyeuse.<\/p>\n<h2>Quel est l&rsquo;effet de la pommade \u00e0 l&rsquo;acide salicylique ?<\/h2>\n<p>L&rsquo;acide salicylique, \u00e9galement connu sous le nom de BHA, est un type de b\u00eata-hydroxyacide qui poss\u00e8de de nombreuses propri\u00e9t\u00e9s b\u00e9n\u00e9fiques pour le traitement de divers probl\u00e8mes de peau. La pommade \u00e0 l&rsquo;acide salicylique ou pommade BHA \u00e9limine les cellules mortes, exfolie la peau et purifie les pores obstru\u00e9s.<\/p>\n<p>Gr\u00e2ce \u00e0 ses propri\u00e9t\u00e9s anti-inflammatoires et antibact\u00e9riennes, il est utilis\u00e9 avec succ\u00e8s pour traiter l&rsquo;acn\u00e9 et les points noirs.<br \/>\nLa pommade \u00e0 l&rsquo;acide salicylique a la capacit\u00e9 d&rsquo;assouplir la couche corn\u00e9e de la peau, ce qui permet de rem\u00e9dier \u00e0 la s\u00e9cheresse et \u00e0 la desquamation de la peau.<\/p>\n<p>La pommade \u00e0 l&rsquo;acide salicylique peut \u00e9galement aider \u00e0 traiter des affections telles que l&rsquo;hyperk\u00e9ratose et <span style=\"color: #0000ff;\"><a style=\"color: #0000ff;\" href=\"https:\/\/www.biobey.be\/fr\/produit\/creme-eclaircissante-depigmentante-bio\/\">les taches pigmentaires.<\/a><\/span><\/p>\n<p><strong>Pommade d&rsquo;acide salicylique bio avec cbd apaisant et hydratant<\/strong><\/p>\n<p>L&rsquo;ingr\u00e9dient actif acide salicylique de la pommade CBD de Cannabios est connu pour son traitement efficace de l&rsquo;ecz\u00e9ma, de l&rsquo;acn\u00e9, du psoriasis et de la peau s\u00e8che. Il agit sur la couche sup\u00e9rieure de la peau (couche corn\u00e9e) et \u00e9limine en douceur les cellules mortes sans ab\u00eemer l&rsquo;\u00e9piderme. En cons\u00e9quence, la peau craquel\u00e9e et rugueuse redevient douce et lisse.<\/p>\n<p>M\u00e9lange de Cannabis Complex \u00e0 l&rsquo;huile de chanvre enrichie en acides gras essentiels om\u00e9ga-3 et 6, prot\u00e9ines v\u00e9g\u00e9tales, antioxydants et vitamines nourrit la peau de fa\u00e7on intensive. Il stimule la circulation sanguine et <strong>favorise le r\u00e9g\u00e9n\u00e9ration de la peau<\/strong>. Ceci assure une r\u00e9cup\u00e9ration plus rapide de la peau endommag\u00e9e, la rendant souple et douce au toucher.<\/p>\n<p><strong>Soin pour tous les types de peaux<\/strong><\/p>\n<p>Gr\u00e2ce \u00e0 sa composition 100% naturelle et biologique, la pommade biologique CBD convient \u00e0 tous les types de peau, y compris les peaux hypersensibles. Le baume bio riche en cannabidiols nourrit, restaure et renforce la fonction barri\u00e8re naturelle de la peau. Il pr\u00e9vient la perte d&rsquo;hydratation de la peau.<\/p>\n<p>Par la suite, l&rsquo;extrait de CBD, les vitamines et les acides gras insatur\u00e9s renforcent la peau et favorisent son \u00e9lasticit\u00e9. La peau est ainsi soign\u00e9e, hydrat\u00e9e et prot\u00e9g\u00e9e contre la d\u00e9shydratation, l&rsquo;irritation et les \u00e9ruptions cutan\u00e9es.<\/p>\n<h3>Comment utiliser la pommade \u00e0 l&rsquo;acide salicylique pour traiter l&rsquo;acn\u00e9 et les points noirs ?<\/h3>\n<p>La formule de cette pommade biologique peut \u00eatre utilis\u00e9e efficacement pour traiter les peaux s\u00e8ches ou sujettes \u00e0 l&rsquo;acn\u00e9. Appliquer la pommade sur la peau. Puis massez doucement la peau. Si n\u00e9cessaire, appliquer la pommade plusieurs fois par jour sur la zone endommag\u00e9e de la peau. La pommade convient au visage et au corps.<\/p>\n<h3>La pommade \u00e0 l&rsquo;acide salicylique naturel avec CBD peut-elle \u00eatre utilis\u00e9e sans danger pendant la grossesse ?<\/h3>\n<p>En g\u00e9n\u00e9ral, l&rsquo;utilisation de la pommade \u00e0 l&rsquo;acide salicylique est sans danger pendant la grossesse, mais nous vous recommandons vivement de consulter d&rsquo;abord votre m\u00e9decin traitant ou de demander conseil sur l&rsquo;utilisation de ce produit.<\/p>\n<p>Ingr\u00e9dients (INCI): Olea Europaea Fruit Oil*, Butyrospermum parkii butter*, Hydrogenated Rapeseed Oil, Cannabis Sativa Seed Oil*, Salicylic Acid, Cannabis sativa L.*, Tocopheryl Acetate, Rosmarinus, Helianthus Annuus Seed Oil, Geraniol, Limonene, Linalool<\/p>\n<p>*Ingr\u00e9dients de l&rsquo;agriculture biologique: Olea Europaea Fruit Oil*, Butyrospermum parkii butter*,\u00a0\u00a0Cannabis Sativa Seed Oil*, \u00a0Cannabis sativa L.* (contient moins de 0,2 % de THC)<\/p>\n","protected":false},"excerpt":{"rendered":"<p>Pommade d&rsquo;acide salicylique bio avec cbd nourrit et hydrate la peau tr\u00e8s s\u00e8che du visage et du corps. De plus, cette pommade r\u00e9g\u00e9n\u00e8re la peau rugueuse, squameuse et craquel\u00e9e. (contient moins de 0,2 % de THC)<strong><br \/>\nVeuillez noter qu&rsquo;il s&rsquo;agit d&rsquo;un produit liquide et qu&rsquo;il doit \u00eatre ouvert avec pr\u00e9caution.<\/strong><\/p>\n","protected":false},"featured_media":99,"comment_status":"open","ping_status":"closed","template":"","meta":{"ocean_post_layout":"","ocean_both_sidebars_style":"","ocean_both_sidebars_content_width":0,"ocean_both_sidebars_sidebars_width":0,"ocean_sidebar":"0","ocean_second_sidebar":"0","ocean_disable_margins":"enable","ocean_add_body_class":"","ocean_shortcode_before_top_bar":"","ocean_shortcode_after_top_bar":"","ocean_shortcode_before_header":"","ocean_shortcode_after_header":"","ocean_has_shortcode":"","ocean_shortcode_after_title":"","ocean_shortcode_before_footer_widgets":"","ocean_shortcode_after_footer_widgets":"","ocean_shortcode_before_footer_bottom":"","ocean_shortcode_after_footer_bottom":"","ocean_display_top_bar":"default","ocean_display_header":"default","ocean_header_style":"","ocean_center_header_left_menu":"0","ocean_custom_header_template":"0","ocean_custom_logo":0,"ocean_custom_retina_logo":0,"ocean_custom_logo_max_width":0,"ocean_custom_logo_tablet_max_width":0,"ocean_custom_logo_mobile_max_width":0,"ocean_custom_logo_max_height":0,"ocean_custom_logo_tablet_max_height":0,"ocean_custom_logo_mobile_max_height":0,"ocean_header_custom_menu":"0","ocean_menu_typo_font_family":"0","ocean_menu_typo_font_subset":"","ocean_menu_typo_font_size":0,"ocean_menu_typo_font_size_tablet":0,"ocean_menu_typo_font_size_mobile":0,"ocean_menu_typo_font_size_unit":"px","ocean_menu_typo_font_weight":"","ocean_menu_typo_font_weight_tablet":"","ocean_menu_typo_font_weight_mobile":"","ocean_menu_typo_transform":"","ocean_menu_typo_transform_tablet":"","ocean_menu_typo_transform_mobile":"","ocean_menu_typo_line_height":0,"ocean_menu_typo_line_height_tablet":0,"ocean_menu_typo_line_height_mobile":0,"ocean_menu_typo_line_height_unit":"","ocean_menu_typo_spacing":0,"ocean_menu_typo_spacing_tablet":0,"ocean_menu_typo_spacing_mobile":0,"ocean_menu_typo_spacing_unit":"","ocean_menu_link_color":"","ocean_menu_link_color_hover":"","ocean_menu_link_color_active":"","ocean_menu_link_background":"","ocean_menu_link_hover_background":"","ocean_menu_link_active_background":"","ocean_menu_social_links_bg":"","ocean_menu_social_hover_links_bg":"","ocean_menu_social_links_color":"","ocean_menu_social_hover_links_color":"","ocean_disable_title":"default","ocean_disable_heading":"default","ocean_post_title":"","ocean_post_subheading":"","ocean_post_title_style":"","ocean_post_title_background_color":"","ocean_post_title_background":0,"ocean_post_title_bg_image_position":"","ocean_post_title_bg_image_attachment":"","ocean_post_title_bg_image_repeat":"","ocean_post_title_bg_image_size":"","ocean_post_title_height":0,"ocean_post_title_bg_overlay":0.5,"ocean_post_title_bg_overlay_color":"","ocean_disable_breadcrumbs":"default","ocean_breadcrumbs_color":"","ocean_breadcrumbs_separator_color":"","ocean_breadcrumbs_links_color":"","ocean_breadcrumbs_links_hover_color":"","ocean_display_footer_widgets":"default","ocean_display_footer_bottom":"default","ocean_custom_footer_template":"0"},"product_brand":[104],"product_cat":[41,47,49,17,16,20,43],"product_tag":[140,126,125],"class_list":{"0":"post-2120","1":"product","2":"type-product","3":"status-publish","4":"has-post-thumbnail","6":"product_brand-cannabios","7":"product_cat-cbd-et-chanvre-biologique","8":"product_cat-offres-et-minis","9":"product_cat-peau-seche","10":"product_cat-soins-du-visage","11":"product_cat-soins","12":"product_cat-anti-age","13":"product_cat-soins-naturels-cbd","14":"product_tag-contient-cbd","15":"product_tag-sans-paraben","16":"product_tag-vegan","18":"entry","19":"has-media","21":"first","22":"instock","23":"taxable","24":"shipping-taxable","25":"purchasable","26":"product-type-simple","27":"has-rating","28":"col","29":"span_1_of_3","30":"owp-content-center","31":"owp-thumbs-layout-horizontal","32":"owp-btn-normal","33":"owp-tabs-layout-section","34":"has-no-thumbnails","35":"circle-sale"},"_links":{"self":[{"href":"https:\/\/www.biobey.be\/fr\/wp-json\/wp\/v2\/product\/2120","targetHints":{"allow":["GET"]}}],"collection":[{"href":"https:\/\/www.biobey.be\/fr\/wp-json\/wp\/v2\/product"}],"about":[{"href":"https:\/\/www.biobey.be\/fr\/wp-json\/wp\/v2\/types\/product"}],"replies":[{"embeddable":true,"href":"https:\/\/www.biobey.be\/fr\/wp-json\/wp\/v2\/comments?post=2120"}],"wp:featuredmedia":[{"embeddable":true,"href":"https:\/\/www.biobey.be\/fr\/wp-json\/wp\/v2\/media\/99"}],"wp:attachment":[{"href":"https:\/\/www.biobey.be\/fr\/wp-json\/wp\/v2\/media?parent=2120"}],"wp:term":[{"taxonomy":"product_brand","embeddable":true,"href":"https:\/\/www.biobey.be\/fr\/wp-json\/wp\/v2\/product_brand?post=2120"},{"taxonomy":"product_cat","embeddable":true,"href":"https:\/\/www.biobey.be\/fr\/wp-json\/wp\/v2\/product_cat?post=2120"},{"taxonomy":"product_tag","embeddable":true,"href":"https:\/\/www.biobey.be\/fr\/wp-json\/wp\/v2\/product_tag?post=2120"}],"curies":[{"name":"wp","href":"https:\/\/api.w.org\/{rel}","templated":true}]}}