{"id":2121,"date":"2023-02-01T14:30:04","date_gmt":"2023-02-01T13:30:04","guid":{"rendered":"https:\/\/www.biobey.be\/fr-temp\/produit\/le-gel-arthro-menthe-au-menthol\/"},"modified":"2026-04-29T12:51:13","modified_gmt":"2026-04-29T10:51:13","slug":"le-gel-arthro-menthe-au-menthol","status":"publish","type":"product","link":"https:\/\/www.biobey.be\/fr\/produit\/le-gel-arthro-menthe-au-menthol\/","title":{"rendered":"Mentholka 200ml"},"content":{"rendered":"<p>Le gel menthol arthro-menthe au menthol contient une haute teneur en extraits de plantes pr\u00e9cieuses de consoude, marron d&rsquo;Inde, camphre, gingembre et m\u00e9lange d&rsquo;huiles essentielles d&rsquo;eucalyptus, menthe poivr\u00e9e et clou de girofle. La combinaison de ces ingr\u00e9dients de haute qualit\u00e9 stimule la circulation sanguine et <span style=\"color: #0000ff;\"><a style=\"color: #0000ff;\" href=\"https:\/\/www.biobey.be\/fr\/produit\/gel-anti-douleur-du-dos-de-la-nuque\/\">acc\u00e9l\u00e8re la r\u00e9cup\u00e9ration des muscles.<\/a><\/span><\/p>\n<p>Gr\u00e2ce \u00e0 son efficacit\u00e9, le gel rafra\u00eechissant convient parfaitement aux personnes souffrant d&rsquo;arthroplastie du menton, du marron, du camphre et du gingembre, mais aussi aux huiles essentielles de l&rsquo;Eucalyptus, de la menthe poivr\u00e9e et du girofle.<\/p>\n<h2>Stimule la circulation sanguine et acc\u00e9l\u00e8re la r\u00e9cup\u00e9ration des muscles<\/h2>\n<p>Gr\u00e2ce \u00e0 son efficacit\u00e9, le gel menthol rafra\u00eechissant et refroidissant convient parfaitement aux personnes sportives, mais aussi aux personnes \u00e2g\u00e9es qui ont des probl\u00e8mes \u00e0 long terme de fatigue chronique ou de raideur musculaire et articulaire. Le gel menthol a une l\u00e9g\u00e8re consistance qui le rend bien \u00e9tal\u00e9 et ne colle pas.<\/p>\n<p><strong>Les principaux ingr\u00e9dients et leurs effets<\/strong><\/p>\n<p>Les gels tels que le gel menthol de Cannaderm \u00e0 haute teneur en huiles essentielles m\u00e9dicinales sont b\u00e9n\u00e9fiques pour les muscles et les articulations.<\/p>\n<p><strong>Les principaux ingr\u00e9dients actifs de ce gel rafra\u00eechissant sont :<\/strong><\/p>\n<p>L&rsquo;huile d&rsquo;eucalyptus est une huile spasmolytique, anti-inflammatoire et analg\u00e9sique forte. Il a un effet rafra\u00eechissant et r\u00e9parateur sur les muscles, ce qui r\u00e9duit la douleur dans les muscles.<\/p>\n<p><strong>L&rsquo;extrait de marron d&rsquo;Inde r\u00e9duit la douleur et favorise la circulation sanguine.<\/strong><\/p>\n<p>L&rsquo;extrait de consoude agit efficacement contre les douleurs musculaires et articulaires. L&rsquo;huile essentielle de menthe poivr\u00e9e est tr\u00e8s rafra\u00eechissante et anti-inflammatoire.<\/p>\n<p>L&rsquo;extrait de gingembre est anti-inflammatoire, stimule la circulation sanguine et est efficace pour r\u00e9duire les douleurs chroniques telles que les douleurs musculaires et articulaires. Il a \u00e9galement un effet relaxant sur les muscles.<\/p>\n<p>L&rsquo;huile de clou de girofle contient des quantit\u00e9s concentr\u00e9es d&rsquo;eug\u00e9nol, une substance anti-inflammatoire qui soulage les sympt\u00f4mes des rhumatismes et des douleurs musculaires.<\/p>\n<p>Le camphre soulage efficacement les douleurs musculaires et les crampes musculaires gr\u00e2ce \u00e0 ses propri\u00e9t\u00e9s antispasmodiques et antiseptiques. En raison de sa haute teneur en huiles essentielles, le gel arthro-menthol n&rsquo;est pas recommand\u00e9 pour les femmes enceintes ou allaitantes.<\/p>\n<h3>Gel menthol efficace contre la raideur et la fatigue musculaire<\/h3>\n<p>La grande teneur en huile essentielle de menthe poivr\u00e9e, huile d&rsquo;eucalyptus, huile de clou de girofle dans le gel ont un effet tr\u00e8s b\u00e9n\u00e9fique sur les muscles raides et douloureux. Ils stimulent la circulation sanguine et favorisent la r\u00e9cup\u00e9ration des muscles.<\/p>\n<p>Ces ingr\u00e9dients puissants rendent le gel menthol extr\u00eamement appropri\u00e9 pour le traitement des muscles et des articulations raides et douloureuses.<\/p>\n<p>Gr\u00e2ce \u00e0 ces ingr\u00e9dients m\u00e9dicinaux, le gel Cannnaderm menthol arthro gel a un effet rafra\u00eechissant et relaxant sur les muscles raides et douloureux, ce qui r\u00e9duit la douleur et favorise la circulation du sang.<\/p>\n<h4>Gel menthol pour la r\u00e9habilitation<\/h4>\n<p>Ce gel rafra\u00eechissant a une texture l\u00e9g\u00e8re.<\/p>\n<p>Utilisation: Appliquer le gel Menthol arthro jusqu&rsquo;\u00e0 3 fois par jour sur la zone douloureuse \u00e0 au moins trois heures d&rsquo;intervalle. Se laver les mains. Ne pas appliquer sur une plaie ouverte ou sur le visage. Le gel ne convient pas aux enfants de moins de trois ans.<\/p>\n<p>Remarque: Les personnes pr\u00e9sentant une hypersensibilit\u00e9 connue \u00e0 l&rsquo;un des ingr\u00e9dients pr\u00e9sents ne doivent pas utiliser ce produit.<\/p>\n<p>Ingr\u00e9dients ( INCI): Aqua, Cannabis Sativa Seed Oil, Alcohol Denat, Sodium Acrylates Copolymer, Dicaprylyl Carbonate, Lecithin, Menthol, Olea Europaea Fruit Oil, Cannabis Sativa Seed Extract, Aesculus Hippocastanum Fruit Extract, Symphytum Officinale Root Extract,<\/p>\n<p>Mentha Piperita Oil, Phenylpropanol, Propanediol, Caprylyl Glycol, Tocopherol, Camphor, Eucalyptus Globulus Leaf Oil, Zingiber Officinale Root Extract, Propylene Glycol, Rosmarinus Officinalis Leaf Extract, Helianthus Annuus Seed Oil, Eugenia Caryophyllus Leaf Oil, Cinnamomum Zeylanicum Bark Oil<\/p>\n","protected":false},"excerpt":{"rendered":"<p>Menthol arhtro gel est un gel rafra\u00eechissant pour le massage et le traitement de la fatigue musculaire, raideur musculaire caus\u00e9e par une surcharge musculaire pendant une activit\u00e9 physique intense.<\/p>\n","protected":false},"featured_media":311,"comment_status":"open","ping_status":"closed","template":"","meta":{"ocean_post_layout":"","ocean_both_sidebars_style":"","ocean_both_sidebars_content_width":0,"ocean_both_sidebars_sidebars_width":0,"ocean_sidebar":"","ocean_second_sidebar":"","ocean_disable_margins":"enable","ocean_add_body_class":"","ocean_shortcode_before_top_bar":"","ocean_shortcode_after_top_bar":"","ocean_shortcode_before_header":"","ocean_shortcode_after_header":"","ocean_has_shortcode":"","ocean_shortcode_after_title":"","ocean_shortcode_before_footer_widgets":"","ocean_shortcode_after_footer_widgets":"","ocean_shortcode_before_footer_bottom":"","ocean_shortcode_after_footer_bottom":"","ocean_display_top_bar":"default","ocean_display_header":"default","ocean_header_style":"","ocean_center_header_left_menu":"","ocean_custom_header_template":"","ocean_custom_logo":0,"ocean_custom_retina_logo":0,"ocean_custom_logo_max_width":0,"ocean_custom_logo_tablet_max_width":0,"ocean_custom_logo_mobile_max_width":0,"ocean_custom_logo_max_height":0,"ocean_custom_logo_tablet_max_height":0,"ocean_custom_logo_mobile_max_height":0,"ocean_header_custom_menu":"","ocean_menu_typo_font_family":"","ocean_menu_typo_font_subset":"","ocean_menu_typo_font_size":0,"ocean_menu_typo_font_size_tablet":0,"ocean_menu_typo_font_size_mobile":0,"ocean_menu_typo_font_size_unit":"px","ocean_menu_typo_font_weight":"","ocean_menu_typo_font_weight_tablet":"","ocean_menu_typo_font_weight_mobile":"","ocean_menu_typo_transform":"","ocean_menu_typo_transform_tablet":"","ocean_menu_typo_transform_mobile":"","ocean_menu_typo_line_height":0,"ocean_menu_typo_line_height_tablet":0,"ocean_menu_typo_line_height_mobile":0,"ocean_menu_typo_line_height_unit":"","ocean_menu_typo_spacing":0,"ocean_menu_typo_spacing_tablet":0,"ocean_menu_typo_spacing_mobile":0,"ocean_menu_typo_spacing_unit":"","ocean_menu_link_color":"","ocean_menu_link_color_hover":"","ocean_menu_link_color_active":"","ocean_menu_link_background":"","ocean_menu_link_hover_background":"","ocean_menu_link_active_background":"","ocean_menu_social_links_bg":"","ocean_menu_social_hover_links_bg":"","ocean_menu_social_links_color":"","ocean_menu_social_hover_links_color":"","ocean_disable_title":"default","ocean_disable_heading":"default","ocean_post_title":"","ocean_post_subheading":"","ocean_post_title_style":"","ocean_post_title_background_color":"","ocean_post_title_background":0,"ocean_post_title_bg_image_position":"","ocean_post_title_bg_image_attachment":"","ocean_post_title_bg_image_repeat":"","ocean_post_title_bg_image_size":"","ocean_post_title_height":0,"ocean_post_title_bg_overlay":0.5,"ocean_post_title_bg_overlay_color":"","ocean_disable_breadcrumbs":"default","ocean_breadcrumbs_color":"","ocean_breadcrumbs_separator_color":"","ocean_breadcrumbs_links_color":"","ocean_breadcrumbs_links_hover_color":"","ocean_display_footer_widgets":"default","ocean_display_footer_bottom":"default","ocean_custom_footer_template":""},"product_brand":[109],"product_cat":[41,32,31,43],"product_tag":[125],"class_list":{"0":"post-2121","1":"product","2":"type-product","3":"status-publish","4":"has-post-thumbnail","6":"product_brand-cannaderm","7":"product_cat-cbd-et-chanvre-biologique","8":"product_cat-muscles-articulations-et-dos","9":"product_cat-sante","10":"product_cat-soins-naturels-cbd","11":"product_tag-vegan","13":"entry","14":"has-media","16":"first","17":"instock","18":"taxable","19":"shipping-taxable","20":"purchasable","21":"product-type-simple","22":"has-rating","23":"col","24":"span_1_of_3","25":"owp-content-center","26":"owp-thumbs-layout-horizontal","27":"owp-btn-normal","28":"owp-tabs-layout-section","29":"has-no-thumbnails","30":"circle-sale"},"_links":{"self":[{"href":"https:\/\/www.biobey.be\/fr\/wp-json\/wp\/v2\/product\/2121","targetHints":{"allow":["GET"]}}],"collection":[{"href":"https:\/\/www.biobey.be\/fr\/wp-json\/wp\/v2\/product"}],"about":[{"href":"https:\/\/www.biobey.be\/fr\/wp-json\/wp\/v2\/types\/product"}],"replies":[{"embeddable":true,"href":"https:\/\/www.biobey.be\/fr\/wp-json\/wp\/v2\/comments?post=2121"}],"wp:featuredmedia":[{"embeddable":true,"href":"https:\/\/www.biobey.be\/fr\/wp-json\/wp\/v2\/media\/311"}],"wp:attachment":[{"href":"https:\/\/www.biobey.be\/fr\/wp-json\/wp\/v2\/media?parent=2121"}],"wp:term":[{"taxonomy":"product_brand","embeddable":true,"href":"https:\/\/www.biobey.be\/fr\/wp-json\/wp\/v2\/product_brand?post=2121"},{"taxonomy":"product_cat","embeddable":true,"href":"https:\/\/www.biobey.be\/fr\/wp-json\/wp\/v2\/product_cat?post=2121"},{"taxonomy":"product_tag","embeddable":true,"href":"https:\/\/www.biobey.be\/fr\/wp-json\/wp\/v2\/product_tag?post=2121"}],"curies":[{"name":"wp","href":"https:\/\/api.w.org\/{rel}","templated":true}]}}