{"id":2126,"date":"2024-03-31T14:00:34","date_gmt":"2024-03-31T12:00:34","guid":{"rendered":"https:\/\/www.biobey.be\/fr-temp\/produit\/gel-de-chanvre-annabis-pour-les-muscles-lisses\/"},"modified":"2026-04-16T13:16:28","modified_gmt":"2026-04-16T11:16:28","slug":"gel-de-chanvre-annabis-pour-les-muscles-lisses","status":"publish","type":"product","link":"https:\/\/www.biobey.be\/fr\/produit\/gel-de-chanvre-annabis-pour-les-muscles-lisses\/","title":{"rendered":"Gel de massage au chanvre"},"content":{"rendered":"<p>Gel de massage au chanvre d&rsquo;Annabis est un gel de massage sp\u00e9cialement d\u00e9velopp\u00e9 pour le traitement des muscles et articulations douloureux. Gel de massage au chanvre rafra\u00eechit, d\u00e9tend et calme instantan\u00e9ment les muscles et articulations tendus et fatigu\u00e9s.<\/p>\n<p>De plus, il stimule la circulation sanguine. L&rsquo;huile de chanvre (constituant de base du gel de chanvre) est riche en vitamines E et en om\u00e9ga 3-6 et 9. Ces substances ont un effet b\u00e9n\u00e9fique sur les muscles tendus et fatigu\u00e9s. Par cons\u00e9quent, le gel de chanvre\u00a0 est principalement destin\u00e9 aux personnes qui souffrent fr\u00e9quemment de tension musculaire et de fatigue musculaire.<\/p>\n<h2>le traitement des muscles et articulations douloureux avec le gel de massage au chanvre<\/h2>\n<p>L&rsquo;ingr\u00e9dient principal du Gel de chanvre est l&rsquo;huile de graines de chanvre de haute qualit\u00e9 enrichie d&rsquo;huile de thym \u00e9th\u00e9r\u00e9 et d&rsquo;huile de cajeput. Le gel de chanvre avec ces principes actifs est un gel de massage tr\u00e8s efficace pour le traitement des muscles et articulations douloureux.<\/p>\n<p>De plus, il stimule la circulation sanguine afin que les d\u00e9chets et l&rsquo;humidit\u00e9 soient \u00e9limin\u00e9s plus rapidement. Cela favorisera le processus naturel de r\u00e9cup\u00e9ration des fibres musculaires.<\/p>\n<h3><strong>Une meilleure circulation sanguine soulage les douleurs musculaires.<\/strong><\/h3>\n<p>Gel de massage au chanvre doit son effet \u00e0 la combinaison d&rsquo;huile de chanvre, camphre, huile de cajeput et extrait de thym. L&rsquo;huile de chanvre est press\u00e9e \u00e0 froid exclusivement \u00e0 partir des graines de chanvre, \u00e0 ne pas confondre avec le CBD. L&rsquo;huile de chanvre est riche en acides gras essentiels, am\u00e9liore la circulation sanguine, inhibe l&rsquo;inflammation et favorise une gu\u00e9rison rapide des blessures.<\/p>\n<p>Le camphre est anti-inflammatoire, antispasmodique et analg\u00e9sique dans les douleurs musculaires et articulaires. L&rsquo;huile de cajeput est connue pour son effet antidouleur et particuli\u00e8rement dans les douleurs musculaires et articulaires. L&rsquo;extrait de thym favorise la circulation sanguine et est \u00e9galement d\u00e9sinfectant. Les avantages de chaque ingr\u00e9dient sont appuy\u00e9s par des preuves scientifiques.<\/p>\n<h4>Gel de massage au chanvre contre Muscles tendus<\/h4>\n<p>Les principes actifs du gel tels que l&rsquo;huile de chanvre, le camphre sont anti-inflammatoires, stimulent la circulation sanguine et contribuent \u00e0 une r\u00e9cup\u00e9ration plus rapide des muscles et des l\u00e9sions. Le massage au gel de chanvre favorise la r\u00e9cup\u00e9ration musculaire et assure une musculature saine et souple.<\/p>\n<h5><strong>Pour les sportifs et les personnes ayant un mode de vie actif<\/strong><\/h5>\n<p>Ce gel de massage a un effet relaxant et soulage la douleur. Les athl\u00e8tes et les personnes ayant un mode de vie actif b\u00e9n\u00e9ficient de l&rsquo;utilisation du gel de chanvre. Convient pour un usage quotidien.<\/p>\n<p>Utilisation : Appliquer le gel de chanvre sur la zone o\u00f9 il fait mal. Lavez-vous les mains apr\u00e8s usage. Ne pas appliquer sur une plaie ouverte ou sur le visage. Le gel ne convient pas aux enfants de moins de 3 ans.<\/p>\n<p>*Une explication d\u00e9taill\u00e9e de chaque ingr\u00e9dient se trouve sur la page de l&rsquo;encyclop\u00e9die des ingr\u00e9dients.<\/p>\n<p>Ingr\u00e9dients( INCI): Aqua, Glycerin, Cannabis Sativa Seed Oil, Alcohol Denat., Camphor, Carbomer, Triethanolamine, Phenylpropanol, Propanediol, Caprylyl Glycol, Tocopherol, Melaleuca Leucadendron Cajaputi Oil, Styrax Tonkinensis Resin Extract, Thymus Vulgaris Oil<\/p>\n<p>Le gel de chanvre d&rsquo;Annabis est remplac\u00e9 par <strong><a href=\"https:\/\/www.biobey.be\/fr\/produit\/gel-anti-douleur-du-dos-de-la-nuque\/\">Thermolka Extra de Cannaderm<\/a> <\/strong><\/p>\n<h3>Le gel de chanvre est-il adapt\u00e9 au traitement des douleurs musculaires chez les personnes \u00e0 la peau sensible ou hypersensible ?<\/h3>\n<p>Nous recommandons de toujours v\u00e9rifier la composition du produit avant de l&rsquo;utiliser. Remarque Les personnes pr\u00e9sentant une hypersensibilit\u00e9 connue \u00e0 l&rsquo;un des ingr\u00e9dients pr\u00e9sents ne doivent pas utiliser ce produit.<\/p>\n","protected":false},"excerpt":{"rendered":"<p>Annabis Hemp Gel est id\u00e9al pour le massage de tout le corps pour d\u00e9tendre les muscles et stimuler la circulation sanguine. Ce gel de massage au chanvre stimule le r\u00e9tablissement apr\u00e8s une blessure.<\/p>\n","protected":false},"featured_media":150,"comment_status":"open","ping_status":"closed","template":"","meta":{"ocean_post_layout":"","ocean_both_sidebars_style":"","ocean_both_sidebars_content_width":0,"ocean_both_sidebars_sidebars_width":0,"ocean_sidebar":"","ocean_second_sidebar":"","ocean_disable_margins":"enable","ocean_add_body_class":"","ocean_shortcode_before_top_bar":"","ocean_shortcode_after_top_bar":"","ocean_shortcode_before_header":"","ocean_shortcode_after_header":"","ocean_has_shortcode":"","ocean_shortcode_after_title":"","ocean_shortcode_before_footer_widgets":"","ocean_shortcode_after_footer_widgets":"","ocean_shortcode_before_footer_bottom":"","ocean_shortcode_after_footer_bottom":"","ocean_display_top_bar":"default","ocean_display_header":"default","ocean_header_style":"","ocean_center_header_left_menu":"","ocean_custom_header_template":"","ocean_custom_logo":0,"ocean_custom_retina_logo":0,"ocean_custom_logo_max_width":0,"ocean_custom_logo_tablet_max_width":0,"ocean_custom_logo_mobile_max_width":0,"ocean_custom_logo_max_height":0,"ocean_custom_logo_tablet_max_height":0,"ocean_custom_logo_mobile_max_height":0,"ocean_header_custom_menu":"","ocean_menu_typo_font_family":"","ocean_menu_typo_font_subset":"","ocean_menu_typo_font_size":0,"ocean_menu_typo_font_size_tablet":0,"ocean_menu_typo_font_size_mobile":0,"ocean_menu_typo_font_size_unit":"px","ocean_menu_typo_font_weight":"","ocean_menu_typo_font_weight_tablet":"","ocean_menu_typo_font_weight_mobile":"","ocean_menu_typo_transform":"","ocean_menu_typo_transform_tablet":"","ocean_menu_typo_transform_mobile":"","ocean_menu_typo_line_height":0,"ocean_menu_typo_line_height_tablet":0,"ocean_menu_typo_line_height_mobile":0,"ocean_menu_typo_line_height_unit":"","ocean_menu_typo_spacing":0,"ocean_menu_typo_spacing_tablet":0,"ocean_menu_typo_spacing_mobile":0,"ocean_menu_typo_spacing_unit":"","ocean_menu_link_color":"","ocean_menu_link_color_hover":"","ocean_menu_link_color_active":"","ocean_menu_link_background":"","ocean_menu_link_hover_background":"","ocean_menu_link_active_background":"","ocean_menu_social_links_bg":"","ocean_menu_social_hover_links_bg":"","ocean_menu_social_links_color":"","ocean_menu_social_hover_links_color":"","ocean_disable_title":"default","ocean_disable_heading":"default","ocean_post_title":"","ocean_post_subheading":"","ocean_post_title_style":"","ocean_post_title_background_color":"","ocean_post_title_background":0,"ocean_post_title_bg_image_position":"","ocean_post_title_bg_image_attachment":"","ocean_post_title_bg_image_repeat":"","ocean_post_title_bg_image_size":"","ocean_post_title_height":0,"ocean_post_title_bg_overlay":0.5,"ocean_post_title_bg_overlay_color":"","ocean_disable_breadcrumbs":"default","ocean_breadcrumbs_color":"","ocean_breadcrumbs_separator_color":"","ocean_breadcrumbs_links_color":"","ocean_breadcrumbs_links_hover_color":"","ocean_display_footer_widgets":"default","ocean_display_footer_bottom":"default","ocean_custom_footer_template":""},"product_brand":[103],"product_cat":[41,32,31],"product_tag":[125],"class_list":{"0":"post-2126","1":"product","2":"type-product","3":"status-publish","4":"has-post-thumbnail","6":"product_brand-annabis-hemp","7":"product_cat-cbd-et-chanvre-biologique","8":"product_cat-muscles-articulations-et-dos","9":"product_cat-sante","10":"product_tag-vegan","12":"entry","13":"has-media","15":"first","16":"instock","17":"taxable","18":"shipping-taxable","19":"purchasable","20":"product-type-simple","21":"has-rating","22":"col","23":"span_1_of_3","24":"owp-content-center","25":"owp-thumbs-layout-horizontal","26":"owp-btn-normal","27":"owp-tabs-layout-section","28":"has-no-thumbnails","29":"circle-sale"},"_links":{"self":[{"href":"https:\/\/www.biobey.be\/fr\/wp-json\/wp\/v2\/product\/2126","targetHints":{"allow":["GET"]}}],"collection":[{"href":"https:\/\/www.biobey.be\/fr\/wp-json\/wp\/v2\/product"}],"about":[{"href":"https:\/\/www.biobey.be\/fr\/wp-json\/wp\/v2\/types\/product"}],"replies":[{"embeddable":true,"href":"https:\/\/www.biobey.be\/fr\/wp-json\/wp\/v2\/comments?post=2126"}],"wp:featuredmedia":[{"embeddable":true,"href":"https:\/\/www.biobey.be\/fr\/wp-json\/wp\/v2\/media\/150"}],"wp:attachment":[{"href":"https:\/\/www.biobey.be\/fr\/wp-json\/wp\/v2\/media?parent=2126"}],"wp:term":[{"taxonomy":"product_brand","embeddable":true,"href":"https:\/\/www.biobey.be\/fr\/wp-json\/wp\/v2\/product_brand?post=2126"},{"taxonomy":"product_cat","embeddable":true,"href":"https:\/\/www.biobey.be\/fr\/wp-json\/wp\/v2\/product_cat?post=2126"},{"taxonomy":"product_tag","embeddable":true,"href":"https:\/\/www.biobey.be\/fr\/wp-json\/wp\/v2\/product_tag?post=2126"}],"curies":[{"name":"wp","href":"https:\/\/api.w.org\/{rel}","templated":true}]}}