{"id":2129,"date":"2024-04-02T15:30:13","date_gmt":"2024-04-02T13:30:13","guid":{"rendered":"https:\/\/www.biobey.be\/fr-temp\/produit\/orcann-bain-de-bouche-30ml\/"},"modified":"2025-10-27T11:07:45","modified_gmt":"2025-10-27T10:07:45","slug":"orcann-bain-de-bouche-30ml","status":"publish","type":"product","link":"https:\/\/www.biobey.be\/fr\/produit\/orcann-bain-de-bouche-30ml\/","title":{"rendered":"Orcann bain de bouche"},"content":{"rendered":"<p>Bain de bouche en chanvre naturel \u00e0 l&rsquo;extrait de graines de chanvre et \u00e0 l&rsquo;huile de bergamote \u00e9th\u00e9r\u00e9e restaure les irritations caus\u00e9es par les appareils orthodontiques ou les proth\u00e8ses dentaires et offre ainsi un compl\u00e9ment efficace \u00e0 l&rsquo;entretien quotidien de la cavit\u00e9 buccale.<\/p>\n<p>La forte teneur en huiles essentielles et en extraits v\u00e9g\u00e9taux tels que l&rsquo;huile de chanvre, l&rsquo;huile de bergamote, l&rsquo;huile de menthe, l&rsquo;extrait de feuilles de st\u00e9via pr\u00e9sents dans le bain de bouche acc\u00e9l\u00e8rent la r\u00e9cup\u00e9ration des gencives enflamm\u00e9es.<\/p>\n<p>De plus, ils ont un effet antibact\u00e9rien et neutralisent les substances qui causent la mauvaise haleine. Pour un traitement rapide et efficace des aphtes, nous recommandons l&rsquo;utilisation du <strong><a href=\"https:\/\/www.biobey.be\/fr\/produit\/traitement-aphtes-et-plaies-buccales-5-ml\/\">traitement aphtes et Plaies Buccales.<\/a><\/strong><\/p>\n<p><strong>Application de Bain de bouche en chanvre<\/strong><br \/>\nCeci assure une cavit\u00e9 buccale saine et une haleine fra\u00eeche. Le bain de bouche naturel Orcann peut \u00eatre utilis\u00e9 en concentration dilu\u00e9e ou compl\u00e8te.<\/p>\n<p>A concentration dilu\u00e9e, le contenu de la bouteille Orcann convient pour la pr\u00e9paration de trois litres de rince-bouche. Pour une utilisation concentr\u00e9e, verser une petite quantit\u00e9 sur l&rsquo;\u00e9couvillon et l&rsquo;appliquer directement sur la zone affect\u00e9e.<\/p>\n<p>Le bain de bouche convient aussi bien aux adultes qu&rsquo;aux enfants. Pour de meilleurs r\u00e9sultats, ne pas utiliser le rince-bouche imm\u00e9diatement apr\u00e8s avoir mang\u00e9 ou bu.<\/p>\n<h2>Bain de bouche en chanvre antibact\u00e9rien<\/h2>\n<p>Bain de bouche en chanvre naturel Orcann est compos\u00e9 d&rsquo;ingr\u00e9dients actifs de haute qualit\u00e9 tels que l&rsquo;extrait de graines de chanvre, l&rsquo;extrait de st\u00e9via et l&rsquo;huile essentielle de bergamote, l&rsquo;huile de menthe et de sauge.<\/p>\n<p>L&rsquo;huile essentielle de sauge a un effet antibact\u00e9rien et r\u00e9g\u00e9n\u00e9rateur, elle aide \u00e0 soulager les infections des gencives et les saignements. La combinaison de l&rsquo;extrait de graines de chanvre, de l&rsquo;huile de menthe et de l&rsquo;huile de bergamote <strong>\u00e9limine les bact\u00e9ries, nettoie la cavit\u00e9 orale des impuret\u00e9s et \u00e9limine la mauvaise haleine.<\/strong><\/p>\n<h3>Rem\u00e8de naturel pour les gencives sensibles et ab\u00eem\u00e9es<\/h3>\n<p>Le bain de bouche Orcann riche en antioxydants, vitamines, min\u00e9raux, acides gras insatur\u00e9s om\u00e9ga-3 et 6 acc\u00e9l\u00e8re la r\u00e9g\u00e9n\u00e9ration des gencives et des cavit\u00e9s buccales endommag\u00e9es. De plus, il soulage les sympt\u00f4mes douloureux et d\u00e9sagr\u00e9ables et r\u00e9duit l&rsquo;hypersensibilit\u00e9 des gencives.<\/p>\n<p>Le m\u00e9lange d&rsquo;huile essentielle de sauge et d&rsquo;huile de bergamote a un effet anti-inflammatoire qui pr\u00e9vient les infections des gencives et les saignements. Le rince-bouche Orcann assure une cicatrisation rapide des gencives enflamm\u00e9es et favorise la sant\u00e9 g\u00e9n\u00e9rale de la cavit\u00e9 buccale.<\/p>\n<h3>Orcann pour une haleine fra\u00eeche et agr\u00e9able<\/h3>\n<p>L&rsquo;association d&rsquo;huiles essentielles de sauge, de menthe et de bergamote a un effet antibact\u00e9rien qui neutralise les substances responsables de la mauvaise haleine. De plus, il \u00e9limine non seulement la mauvaise haleine \u00e0 long terme, mais assure \u00e9galement une haleine fra\u00eeche et agr\u00e9able apr\u00e8s la premi\u00e8re utilisation.<\/p>\n<h3>Comment utiliser un bain de bouche naturel pour les gencives enflamm\u00e9es ?<\/h3>\n<p>Pour une suppl\u00e9mentation quotidienne de la bouche et de l&rsquo;usage dentaire dilu\u00e9 : verser environ 10 gouttes de rince-bouche naturel Orcann dans 0,5L d&rsquo;eau ti\u00e8de, bien remuer et rincer la bouche ensuite.<br \/>\nPour les gencives enflamm\u00e9es ou les irritations, utiliser non dilu\u00e9 et local : Appliquer le coton-tige humidifi\u00e9 directement sur la tache irrit\u00e9e.<\/p>\n<p>Ingredients (INCI):Cannabis Sativa Seed Extract, Alcohol Den,aqua Mentha Piperita Oil, Citrus Bergamia Peel Oil Expressed, Salvia Officinalis Oil, Stevia Rebaudiana Extract.<\/p>\n<h3>\u00c0 quelle fr\u00e9quence peut-on utiliser un bain de bouche ?<\/h3>\n<p>Les bains de bouche naturels ou les bains de bouche d&rsquo;Argital peuvent \u00eatre utilis\u00e9s quotidiennement car ils ne contiennent pas de fluor ou d&rsquo;autres substances nocives.<\/p>\n<p>Les bains de bouche conventionnels pour les gencives enflamm\u00e9es ne peuvent \u00eatre utilis\u00e9s que de mani\u00e8re limit\u00e9e, car ils contiennent des substances qui ne contribuent pas \u00e0 la sant\u00e9.<\/p>\n","protected":false},"excerpt":{"rendered":"<p>Rince-bouche naturel gingivite r\u00e9g\u00e9n\u00e8re les gencives malades. Il r\u00e9duit la sensibilit\u00e9 excessive des gencives et procure une haleine fra\u00eeche.<strong> <em>Le bain de bouche Orcann est remplac\u00e9 par le bain de bouche Argital <\/em><\/strong><\/p>\n","protected":false},"featured_media":102,"comment_status":"open","ping_status":"closed","template":"","meta":{"ocean_post_layout":"","ocean_both_sidebars_style":"","ocean_both_sidebars_content_width":0,"ocean_both_sidebars_sidebars_width":0,"ocean_sidebar":"0","ocean_second_sidebar":"0","ocean_disable_margins":"enable","ocean_add_body_class":"","ocean_shortcode_before_top_bar":"","ocean_shortcode_after_top_bar":"","ocean_shortcode_before_header":"","ocean_shortcode_after_header":"","ocean_has_shortcode":"","ocean_shortcode_after_title":"","ocean_shortcode_before_footer_widgets":"","ocean_shortcode_after_footer_widgets":"","ocean_shortcode_before_footer_bottom":"","ocean_shortcode_after_footer_bottom":"","ocean_display_top_bar":"default","ocean_display_header":"default","ocean_header_style":"","ocean_center_header_left_menu":"0","ocean_custom_header_template":"0","ocean_custom_logo":0,"ocean_custom_retina_logo":0,"ocean_custom_logo_max_width":0,"ocean_custom_logo_tablet_max_width":0,"ocean_custom_logo_mobile_max_width":0,"ocean_custom_logo_max_height":0,"ocean_custom_logo_tablet_max_height":0,"ocean_custom_logo_mobile_max_height":0,"ocean_header_custom_menu":"0","ocean_menu_typo_font_family":"0","ocean_menu_typo_font_subset":"","ocean_menu_typo_font_size":0,"ocean_menu_typo_font_size_tablet":0,"ocean_menu_typo_font_size_mobile":0,"ocean_menu_typo_font_size_unit":"px","ocean_menu_typo_font_weight":"","ocean_menu_typo_font_weight_tablet":"","ocean_menu_typo_font_weight_mobile":"","ocean_menu_typo_transform":"","ocean_menu_typo_transform_tablet":"","ocean_menu_typo_transform_mobile":"","ocean_menu_typo_line_height":0,"ocean_menu_typo_line_height_tablet":0,"ocean_menu_typo_line_height_mobile":0,"ocean_menu_typo_line_height_unit":"","ocean_menu_typo_spacing":0,"ocean_menu_typo_spacing_tablet":0,"ocean_menu_typo_spacing_mobile":0,"ocean_menu_typo_spacing_unit":"","ocean_menu_link_color":"","ocean_menu_link_color_hover":"","ocean_menu_link_color_active":"","ocean_menu_link_background":"","ocean_menu_link_hover_background":"","ocean_menu_link_active_background":"","ocean_menu_social_links_bg":"","ocean_menu_social_hover_links_bg":"","ocean_menu_social_links_color":"","ocean_menu_social_hover_links_color":"","ocean_disable_title":"default","ocean_disable_heading":"default","ocean_post_title":"","ocean_post_subheading":"","ocean_post_title_style":"","ocean_post_title_background_color":"","ocean_post_title_background":0,"ocean_post_title_bg_image_position":"","ocean_post_title_bg_image_attachment":"","ocean_post_title_bg_image_repeat":"","ocean_post_title_bg_image_size":"","ocean_post_title_height":0,"ocean_post_title_bg_overlay":0.5,"ocean_post_title_bg_overlay_color":"","ocean_disable_breadcrumbs":"default","ocean_breadcrumbs_color":"","ocean_breadcrumbs_separator_color":"","ocean_breadcrumbs_links_color":"","ocean_breadcrumbs_links_hover_color":"","ocean_display_footer_widgets":"default","ocean_display_footer_bottom":"default","ocean_custom_footer_template":"0","ofc_meta_disable_footer_callout":"","ofc_meta_callout_button_url":"","ofc_meta_callout_button_txt":"","ofc_meta_callout_text":""},"product_brand":[103],"product_cat":[29,16],"product_tag":[136,125],"class_list":{"0":"post-2129","1":"product","2":"type-product","3":"status-publish","4":"has-post-thumbnail","6":"product_brand-annabis-hemp","7":"product_cat-hygiene-buccale","8":"product_cat-soins","9":"product_tag-sans-fluor","10":"product_tag-vegan","12":"entry","13":"has-media","15":"first","16":"instock","17":"taxable","18":"shipping-taxable","19":"purchasable","20":"product-type-simple","21":"has-rating","22":"col","23":"span_1_of_3","24":"owp-content-center","25":"owp-thumbs-layout-horizontal","26":"owp-btn-normal","27":"owp-tabs-layout-section","28":"has-no-thumbnails","29":"circle-sale"},"_links":{"self":[{"href":"https:\/\/www.biobey.be\/fr\/wp-json\/wp\/v2\/product\/2129","targetHints":{"allow":["GET"]}}],"collection":[{"href":"https:\/\/www.biobey.be\/fr\/wp-json\/wp\/v2\/product"}],"about":[{"href":"https:\/\/www.biobey.be\/fr\/wp-json\/wp\/v2\/types\/product"}],"replies":[{"embeddable":true,"href":"https:\/\/www.biobey.be\/fr\/wp-json\/wp\/v2\/comments?post=2129"}],"wp:featuredmedia":[{"embeddable":true,"href":"https:\/\/www.biobey.be\/fr\/wp-json\/wp\/v2\/media\/102"}],"wp:attachment":[{"href":"https:\/\/www.biobey.be\/fr\/wp-json\/wp\/v2\/media?parent=2129"}],"wp:term":[{"taxonomy":"product_brand","embeddable":true,"href":"https:\/\/www.biobey.be\/fr\/wp-json\/wp\/v2\/product_brand?post=2129"},{"taxonomy":"product_cat","embeddable":true,"href":"https:\/\/www.biobey.be\/fr\/wp-json\/wp\/v2\/product_cat?post=2129"},{"taxonomy":"product_tag","embeddable":true,"href":"https:\/\/www.biobey.be\/fr\/wp-json\/wp\/v2\/product_tag?post=2129"}],"curies":[{"name":"wp","href":"https:\/\/api.w.org\/{rel}","templated":true}]}}