{"id":2131,"date":"2024-03-26T23:00:38","date_gmt":"2024-03-26T22:00:38","guid":{"rendered":"https:\/\/www.biobey.be\/fr-temp\/produit\/shampoing-chanvre-sans-sulfates-250-ml\/"},"modified":"2025-07-11T13:27:50","modified_gmt":"2025-07-11T11:27:50","slug":"shampoing-chanvre-sans-sulfates-250-ml","status":"publish","type":"product","link":"https:\/\/www.biobey.be\/fr\/produit\/shampoing-chanvre-sans-sulfates-250-ml\/","title":{"rendered":"Shampooing bio pour cheveux secs et pointes fourchues 250 ml"},"content":{"rendered":"<p>Shampooing bio pour cheveux secs et pointes fourchues sans sulfate nettoie le cuir chevelu, renforce ensuite les cheveux et r\u00e9duit les pointes fourchues. Le shampooing naturel riche en acides gras essentiels om\u00e9ga 3 et 6, vitamines et antioxydants nourrit le cuir chevelu et renforce les cheveux vuln\u00e9rables.<\/p>\n<p>Cela restaure et revitalise les cheveux ab\u00eem\u00e9s, r\u00e9duisant ainsi la perte de cheveux. Gr\u00e2ce \u00e0 sa composition douce, le shampooing soigne efficacement le cuir chevelu sensible ayant tendance \u00e0 l&rsquo;ecz\u00e9ma, au psoriasis et aux irritations.En cas d&rsquo;ecz\u00e9ma s\u00e9borrh\u00e9ique avec pellicules, il est recommand\u00e9 d&rsquo;utiliser <a href=\"https:\/\/www.biobey.be\/fr\/produit\/shampooing-bio-contre-les-pellicules\/\">le shampooing naturel Capillu<\/a>s.<\/p>\n<h2>Shampooing bio pour cheveux secs : composants actifs<\/h2>\n<p>Shampooing bio pour cheveux secs et pointes fourchues contient des ingr\u00e9dients soigneusement s\u00e9lectionn\u00e9s qui prennent soin et r\u00e9parent les cheveux. Le D-panthanol est une vitamine importante pour les cheveux. Elle nourrit et fortifie les cheveux secs et fragiles.<\/p>\n<p>L&rsquo;huile d&rsquo;argan contient de la vitamine E et de la provitamine A, qui stimulent le renouvellement cellulaire et la r\u00e9cup\u00e9ration des cheveux. En cons\u00e9quence, les cheveux retrouvent leur apparence saine et brillante.<\/p>\n<p>Pour soigner les cheveux cassants et ab\u00eem\u00e9s et les pointes fourchues, utilisez <a href=\"https:\/\/www.biobey.be\/fr\/produit\/masque-capillaire-reparateur-bio-200-ml\/\">le masque capillaire r\u00e9parateur bio<\/a> de la marque Bema bio Hairpro. Ce masque capillaire r\u00e9parateur est utilis\u00e9 avec succ\u00e8s pour les cheveux endommag\u00e9s.<\/p>\n<h3>Soins capillaires naturels<\/h3>\n<p>Shampooing bio pour cheveux secs et pointes fourchues nettoie le cuir chevelu des impuret\u00e9s et hydrate les cheveux. La combinaison de l&rsquo;huile d&rsquo;argan contient une teneur \u00e9lev\u00e9e en acides gras insatur\u00e9s et en vitamines. Ceux-ci renforcent les cheveux en apportant au cuir chevelu et \u00e0 la racine du cheveu les nutriments n\u00e9cessaires.<\/p>\n<p>Cela restaure les cheveux ab\u00eem\u00e9s et pr\u00e9vient les pointes fourchues. De plus, le m\u00e9lange d&rsquo;huile de santal et d&rsquo;huile de c\u00e8dre de l&rsquo;Atlas prot\u00e8ge les cheveux contre la dess\u00e8chement et pr\u00e9vient la perte de cheveux. Lorsqu&rsquo;ils sont utilis\u00e9s r\u00e9guli\u00e8rement, les cheveux sont doux au toucher et soyeux et ont un aspect sain.<\/p>\n<h3>Soins du cuir chevelu sensible<\/h3>\n<p>Shampooing bio pour cheveux secs et pointes fourchues purifie et r\u00e9g\u00e9n\u00e8re les cheveux sans les ab\u00eemer ni les dess\u00e9cher. Sa composition douce en fait un shampooing adapt\u00e9 aux peaux sensibles sujettes au psoriasis et \u00e0 l&rsquo;ecz\u00e9ma. Le shampooing apaise et calme les irritations du cuir chevelu.<\/p>\n<p>Ce shampooing est certifi\u00e9 pour les enfants de 0 \u00e0 3 ans.<br \/>\n<strong>Utilisation:<\/strong> Verser une petite quantit\u00e9 de shampooing dans le creux de la main et l&rsquo;appliquer sur les cheveux humides.<\/p>\n<p>Ingr\u00e9dients: Aqua, Cocamidopropyl Betaine, Coco-Glucoside, Sodium Cocoamphoacetate, Sorbitan Sesquicaprylate, Lactic Acid, Disodium Cocoyl Glutamate,<\/p>\n<p>Sodium Caproyl\/Lauroyl Lactylate, Triethyl Citrate, Panthenol, Taraxacum Officinale Extract, Veronica Officinalis Extract, Calendula Officinalis Extract, Euphrasia Officinalis Extract, Achillea Millefolium Extract, Equisetum Arvense Extract, Viola Tricolor Extract,<\/p>\n<p>Aesculum Hippocastanum Extract, Malva Mauritiana Extract, Plantago Lanceolata Leaf Extract, Tilia Euchlora Extract, Lavandula Angustifolia Extract, Sambucus Nigra Extract, Arnica Montana Extract, Mentha Spicata Herb Extract, Bellis Perennis Extract, Lamium Album Extract,<\/p>\n<p>Potentilla Anserina Extract, Linaria Vulgaris Extract, Cannabis Sativa Seed Oil, Argania Spinosa Kernel Oil, Amyris Balsamifera Bark Oil, Lavandula Angustifolia Oil, Cedrus Atlantica Wood Oil, Sodium Benzoate, Potassium Sorbate, Citric Acid, Linalool.<\/p>\n<p>Le shampooing Bodycann est d\u00e9finitivement remplac\u00e9 par le shampooing Boabab de Naturaequa pour une r\u00e9paration intensive des cheveux secs et des pointes fourchues.<\/p>\n","protected":false},"excerpt":{"rendered":"<p>Shampooing bio pour cheveux secs et pointes fourchues renforce les cheveux cassants et r\u00e9duit les pointes fourchues. Il convient \u00e9galement au cuir chevelu sensible \u00e0 l&rsquo;ecz\u00e9ma et au psoriasis. <strong>Le shampooing Bodycann est d\u00e9finitivement remplac\u00e9 par le shampooing Boabab de Naturaequa pour une r\u00e9paration intensive des cheveux secs et des pointes fourchues.<\/strong><\/p>\n","protected":false},"featured_media":165,"comment_status":"open","ping_status":"closed","template":"","meta":{"ocean_post_layout":"","ocean_both_sidebars_style":"","ocean_both_sidebars_content_width":0,"ocean_both_sidebars_sidebars_width":0,"ocean_sidebar":"","ocean_second_sidebar":"","ocean_disable_margins":"enable","ocean_add_body_class":"","ocean_shortcode_before_top_bar":"","ocean_shortcode_after_top_bar":"","ocean_shortcode_before_header":"","ocean_shortcode_after_header":"","ocean_has_shortcode":"","ocean_shortcode_after_title":"","ocean_shortcode_before_footer_widgets":"","ocean_shortcode_after_footer_widgets":"","ocean_shortcode_before_footer_bottom":"","ocean_shortcode_after_footer_bottom":"","ocean_display_top_bar":"default","ocean_display_header":"default","ocean_header_style":"","ocean_center_header_left_menu":"","ocean_custom_header_template":"","ocean_custom_logo":0,"ocean_custom_retina_logo":0,"ocean_custom_logo_max_width":0,"ocean_custom_logo_tablet_max_width":0,"ocean_custom_logo_mobile_max_width":0,"ocean_custom_logo_max_height":0,"ocean_custom_logo_tablet_max_height":0,"ocean_custom_logo_mobile_max_height":0,"ocean_header_custom_menu":"","ocean_menu_typo_font_family":"","ocean_menu_typo_font_subset":"","ocean_menu_typo_font_size":0,"ocean_menu_typo_font_size_tablet":0,"ocean_menu_typo_font_size_mobile":0,"ocean_menu_typo_font_size_unit":"px","ocean_menu_typo_font_weight":"","ocean_menu_typo_font_weight_tablet":"","ocean_menu_typo_font_weight_mobile":"","ocean_menu_typo_transform":"","ocean_menu_typo_transform_tablet":"","ocean_menu_typo_transform_mobile":"","ocean_menu_typo_line_height":0,"ocean_menu_typo_line_height_tablet":0,"ocean_menu_typo_line_height_mobile":0,"ocean_menu_typo_line_height_unit":"","ocean_menu_typo_spacing":0,"ocean_menu_typo_spacing_tablet":0,"ocean_menu_typo_spacing_mobile":0,"ocean_menu_typo_spacing_unit":"","ocean_menu_link_color":"","ocean_menu_link_color_hover":"","ocean_menu_link_color_active":"","ocean_menu_link_background":"","ocean_menu_link_hover_background":"","ocean_menu_link_active_background":"","ocean_menu_social_links_bg":"","ocean_menu_social_hover_links_bg":"","ocean_menu_social_links_color":"","ocean_menu_social_hover_links_color":"","ocean_disable_title":"default","ocean_disable_heading":"default","ocean_post_title":"","ocean_post_subheading":"","ocean_post_title_style":"","ocean_post_title_background_color":"","ocean_post_title_background":0,"ocean_post_title_bg_image_position":"","ocean_post_title_bg_image_attachment":"","ocean_post_title_bg_image_repeat":"","ocean_post_title_bg_image_size":"","ocean_post_title_height":0,"ocean_post_title_bg_overlay":0.5,"ocean_post_title_bg_overlay_color":"","ocean_disable_breadcrumbs":"default","ocean_breadcrumbs_color":"","ocean_breadcrumbs_separator_color":"","ocean_breadcrumbs_links_color":"","ocean_breadcrumbs_links_hover_color":"","ocean_display_footer_widgets":"default","ocean_display_footer_bottom":"default","ocean_custom_footer_template":""},"product_brand":[103],"product_cat":[25,16,24],"product_tag":[133,128],"class_list":{"0":"post-2131","1":"product","2":"type-product","3":"status-publish","4":"has-post-thumbnail","6":"product_brand-annabis-hemp","7":"product_cat-shampooing-naturel","8":"product_cat-soins","9":"product_cat-soins-cheveux","10":"product_tag-sansparfumsynthetique","11":"product_tag-sanssulfates","13":"entry","14":"has-media","16":"first","17":"instock","18":"taxable","19":"shipping-taxable","20":"purchasable","21":"product-type-simple","22":"has-rating","23":"col","24":"span_1_of_3","25":"owp-content-center","26":"owp-thumbs-layout-horizontal","27":"owp-btn-normal","28":"owp-tabs-layout-section","29":"has-no-thumbnails","30":"circle-sale"},"_links":{"self":[{"href":"https:\/\/www.biobey.be\/fr\/wp-json\/wp\/v2\/product\/2131","targetHints":{"allow":["GET"]}}],"collection":[{"href":"https:\/\/www.biobey.be\/fr\/wp-json\/wp\/v2\/product"}],"about":[{"href":"https:\/\/www.biobey.be\/fr\/wp-json\/wp\/v2\/types\/product"}],"replies":[{"embeddable":true,"href":"https:\/\/www.biobey.be\/fr\/wp-json\/wp\/v2\/comments?post=2131"}],"wp:featuredmedia":[{"embeddable":true,"href":"https:\/\/www.biobey.be\/fr\/wp-json\/wp\/v2\/media\/165"}],"wp:attachment":[{"href":"https:\/\/www.biobey.be\/fr\/wp-json\/wp\/v2\/media?parent=2131"}],"wp:term":[{"taxonomy":"product_brand","embeddable":true,"href":"https:\/\/www.biobey.be\/fr\/wp-json\/wp\/v2\/product_brand?post=2131"},{"taxonomy":"product_cat","embeddable":true,"href":"https:\/\/www.biobey.be\/fr\/wp-json\/wp\/v2\/product_cat?post=2131"},{"taxonomy":"product_tag","embeddable":true,"href":"https:\/\/www.biobey.be\/fr\/wp-json\/wp\/v2\/product_tag?post=2131"}],"curies":[{"name":"wp","href":"https:\/\/api.w.org\/{rel}","templated":true}]}}