{"id":2132,"date":"2025-04-07T00:25:35","date_gmt":"2025-04-06T22:25:35","guid":{"rendered":"https:\/\/www.biobey.be\/fr-temp\/produit\/le-creme-du-jour-cremcann-q10\/"},"modified":"2026-01-15T20:16:18","modified_gmt":"2026-01-15T19:16:18","slug":"le-creme-du-jour-cremcann-q10","status":"publish","type":"product","link":"https:\/\/www.biobey.be\/fr\/produit\/le-creme-du-jour-cremcann-q10\/","title":{"rendered":"Cr\u00e8me de jour au chanvre 75 g"},"content":{"rendered":"<p>La cr\u00e8me de jour au chanvre est une cr\u00e8me bio hydratante r\u00e9g\u00e9n\u00e9ratrice aux 27% d&rsquo;extraits de chanvre qui nourrit intens\u00e9ment la peau et la prot\u00e8ge des radicaux libres.<\/p>\n<p>La formule riche en vitamine E et en acides gras insatur\u00e9s <span style=\"color: #0000ff;\"><a style=\"color: #0000ff;\" href=\"https:\/\/www.biobey.be\/fr\/produit\/creme-visage-bio-a-effet-botox-50ml\/\">hydrate la peau et combat les premiers signes du vieillissement cutan\u00e9<\/a><\/span>. La cr\u00e8me de jour au chanvre pour le visage convient aux soins quotidiens de tous les types de peau, y compris les peaux sensibles.<\/p>\n<p>Une utilisation r\u00e9guli\u00e8re nourrit la peau s\u00e8che et fatigu\u00e9e. De plus, elle nourrit et prot\u00e8ge la peau contre la d\u00e9shydratation. Ainsi, le visage a une apparence jeune et fra\u00eeche.<\/p>\n<h2>Cr\u00e8me de jour au chanvre r\u00e9g\u00e9n\u00e9ratrice bio hydratation intense<\/h2>\n<p>La cr\u00e8me de jour au chanvre Bio Regenerance contient une forte teneur en huile de graines de chanvre et des extraits de chanvre \u00e0 27%. Ces ingr\u00e9dients contiennent des acides gras essentiels om\u00e9ga 3-6, de la vitamine E, des min\u00e9raux et des prot\u00e9ines v\u00e9g\u00e9tales. Ils r\u00e9parent les peaux irrit\u00e9es, s\u00e8ches ou fatigu\u00e9es et leur apportent tous les nutriments n\u00e9cessaires.<\/p>\n<p>En cons\u00e9quence, la peau est plus saine, plus ferme et uniforme.<br \/>\nGr\u00e2ce \u00e0 la combinaison d&rsquo;huile essentielle de th\u00e9ier, d&rsquo;huile d&rsquo;amande et de beurre de karit\u00e9, la peau est soign\u00e9e sans boucher les pores. Le visage re\u00e7oit des soins efficaces en douceur. Le visage a une apparence fra\u00eeche et <strong>b\u00e9n\u00e9ficie d&rsquo;une protection quotidienne efficace.<\/strong><\/p>\n<p><strong>Quelle cr\u00e8me de jour bio convient aux peaux extr\u00eamement s\u00e8ches ?<\/strong><\/p>\n<p>La cr\u00e8me Regenerace de Cannaderm est un produit de soin id\u00e9al pour ce type de peau en raison de sa composition sp\u00e9cifique (huile de graines de chanvre, huile de rose et huile de g\u00e9ranium) pour le traitement des peaux extr\u00eamement s\u00e8ches et rid\u00e9es.<br \/>\nRegenerace peut apaiser la peau extr\u00eamement s\u00e8che et squameuse, l&rsquo;hydrater en profondeur et ainsi estomper les rides.<\/p>\n<p>Si vous souffrez d&rsquo;une peau extr\u00eamement s\u00e8che et rid\u00e9e, nous vous recommandons de vous laver le visage avec des <span style=\"color: #0000ff;\"><a style=\"color: #0000ff;\" href=\"https:\/\/www.biobey.be\/fr\/produit\/lait-nettoyant-hypoallergenique-sensitive\/\">nettoyants naturels doux<\/a><\/span>, qui ne dess\u00e8chent pas la peau, et d&rsquo;utiliser <span style=\"color: #0000ff;\"><a style=\"color: #0000ff;\" href=\"https:\/\/www.biobey.be\/fr\/produit\/acide-hyaluronique-bio-stimulant-vit-c\/\">un s\u00e9rum \u00e0 base d&rsquo;acide hyaluronique<\/a> <\/span>apr\u00e8s le lavage pour renforcer l&rsquo;hydratation.<\/p>\n<p>La cr\u00e8me Cannaderm Regenerace peut ensuite \u00eatre appliqu\u00e9e au moins deux fois par jour pour des r\u00e9sultats optimaux.<\/p>\n<h3>Cr\u00e8me de jour au chanvre contre les rides<\/h3>\n<p>La cr\u00e8me de jour hydratante bio offre une protection efficace contre les influences ext\u00e9rieures n\u00e9fastes. Gr\u00e2ce \u00e0 des ingr\u00e9dients actifs tels que les extraits de chanvre et le beurre de karit\u00e9, la cr\u00e8me de jour au chanvre pour le visage renforce la barri\u00e8re cutan\u00e9e naturelle et soutient l&rsquo;immunit\u00e9 de la peau.<\/p>\n<p>La peau s\u00e8che re\u00e7oit les soins et la protection n\u00e9cessaires contre les influences ext\u00e9rieures irritantes. En outre, la cr\u00e8me faciale au chanvre Bio agit contre la formation de rides et de ridules. Ainsi, la peau conserve son aspect jeune.<\/p>\n<p><strong>Une peau souple et douce<\/strong><br \/>\nLa cr\u00e8me de jour au chanvre Regenrace nourrit et prend soin de la peau en douceur. La cr\u00e8me de jour pure est sans parfum ni fragrance. La cr\u00e8me naturelle pour le visage convient donc \u00e0 tous les types de peau, y compris les peaux sensibles.<\/p>\n<p>La texture cr\u00e9meuse est rapidement absorb\u00e9e par la peau et n&rsquo;est pas grasse au toucher, ce qui en fait une bonne base sous le maquillage. Avec une utilisation r\u00e9guli\u00e8re, la peau sera souple et \u00e9clatante.<\/p>\n<p><strong>Utilisation :<\/strong> Appliquer la cr\u00e8me sur une peau nettoy\u00e9e, plusieurs fois par jour si n\u00e9cessaire. Elle est adapt\u00e9e \u00e0 un usage quotidien. La cr\u00e8me peut \u00eatre appliqu\u00e9e sur le visage, le cou et le d\u00e9collet\u00e9. Dur\u00e9e de conservation jusqu&rsquo;\u00e0 6 mois apr\u00e8s ouverture.<\/p>\n<p>Cannaderm Regenerace est un produit certifi\u00e9 CPK bio. Le CPK bio est une certification stricte. Cette cr\u00e8me ne contient pas de parfums synth\u00e9tiques, ni de colorants, ni de parabens, ni d&rsquo;huiles min\u00e9rales (comme la vaseline).<\/p>\n<p><strong>(INCI):<\/strong> Aqua, <a href=\"https:\/\/www.biobey.be\/fr\/cannabis-sativa-l\/\">Cannabis Sativa Seed Oil<\/a>, Glyceryl Stearates, Glyceryl Stearate Citrate, Cetearyl Alcohol bio, Glycerin, Butyrospermum Parkii Butter, Panthenol, Tocopheryl Acetate, Benzyl Alcohol, Cetearyl Glucoside, Bisabolol, Eugenia Caryophyllus Leaf oil, Eugenol, Xanthan gum, potassium sorbate, Sodium Benzoate, Lecithin, Melaleuca Alternifolia Leaf Oil, Illicitum Verum Fruit Oil, Helianthus Annuus seed oil, tocopherol, Beta-Sitosterol, lactic Acid, Limonene, Squalene, Citric Acid, Linalool.<\/p>\n","protected":false},"excerpt":{"rendered":"<p>La cr\u00e8me de jour certifi\u00e9e Bio avec une forte teneur en extraits de chanvre b\u00e9n\u00e9fiques nourrit la peau de mani\u00e8re intensive. Elle donne \u00e0 la peau un aspect sain et uniforme. De plus, elle prot\u00e8ge la peau contre les influences ext\u00e9rieures.<br \/>\n75 g<\/p>\n","protected":false},"featured_media":279,"comment_status":"open","ping_status":"closed","template":"","meta":{"ocean_post_layout":"","ocean_both_sidebars_style":"","ocean_both_sidebars_content_width":0,"ocean_both_sidebars_sidebars_width":0,"ocean_sidebar":"0","ocean_second_sidebar":"0","ocean_disable_margins":"enable","ocean_add_body_class":"","ocean_shortcode_before_top_bar":"","ocean_shortcode_after_top_bar":"","ocean_shortcode_before_header":"","ocean_shortcode_after_header":"","ocean_has_shortcode":"","ocean_shortcode_after_title":"","ocean_shortcode_before_footer_widgets":"","ocean_shortcode_after_footer_widgets":"","ocean_shortcode_before_footer_bottom":"","ocean_shortcode_after_footer_bottom":"","ocean_display_top_bar":"default","ocean_display_header":"default","ocean_header_style":"","ocean_center_header_left_menu":"0","ocean_custom_header_template":"0","ocean_custom_logo":0,"ocean_custom_retina_logo":0,"ocean_custom_logo_max_width":0,"ocean_custom_logo_tablet_max_width":0,"ocean_custom_logo_mobile_max_width":0,"ocean_custom_logo_max_height":0,"ocean_custom_logo_tablet_max_height":0,"ocean_custom_logo_mobile_max_height":0,"ocean_header_custom_menu":"0","ocean_menu_typo_font_family":"0","ocean_menu_typo_font_subset":"","ocean_menu_typo_font_size":0,"ocean_menu_typo_font_size_tablet":0,"ocean_menu_typo_font_size_mobile":0,"ocean_menu_typo_font_size_unit":"px","ocean_menu_typo_font_weight":"","ocean_menu_typo_font_weight_tablet":"","ocean_menu_typo_font_weight_mobile":"","ocean_menu_typo_transform":"","ocean_menu_typo_transform_tablet":"","ocean_menu_typo_transform_mobile":"","ocean_menu_typo_line_height":0,"ocean_menu_typo_line_height_tablet":0,"ocean_menu_typo_line_height_mobile":0,"ocean_menu_typo_line_height_unit":"","ocean_menu_typo_spacing":0,"ocean_menu_typo_spacing_tablet":0,"ocean_menu_typo_spacing_mobile":0,"ocean_menu_typo_spacing_unit":"","ocean_menu_link_color":"","ocean_menu_link_color_hover":"","ocean_menu_link_color_active":"","ocean_menu_link_background":"","ocean_menu_link_hover_background":"","ocean_menu_link_active_background":"","ocean_menu_social_links_bg":"","ocean_menu_social_hover_links_bg":"","ocean_menu_social_links_color":"","ocean_menu_social_hover_links_color":"","ocean_disable_title":"default","ocean_disable_heading":"default","ocean_post_title":"","ocean_post_subheading":"","ocean_post_title_style":"","ocean_post_title_background_color":"","ocean_post_title_background":0,"ocean_post_title_bg_image_position":"","ocean_post_title_bg_image_attachment":"","ocean_post_title_bg_image_repeat":"","ocean_post_title_bg_image_size":"","ocean_post_title_height":0,"ocean_post_title_bg_overlay":0.5,"ocean_post_title_bg_overlay_color":"","ocean_disable_breadcrumbs":"default","ocean_breadcrumbs_color":"","ocean_breadcrumbs_separator_color":"","ocean_breadcrumbs_links_color":"","ocean_breadcrumbs_links_hover_color":"","ocean_display_footer_widgets":"default","ocean_display_footer_bottom":"default","ocean_custom_footer_template":"0"},"product_brand":[109],"product_cat":[41,19,47,49,17,16,43],"product_tag":[126,133,127,125],"class_list":{"0":"post-2132","1":"product","2":"type-product","3":"status-publish","4":"has-post-thumbnail","6":"product_brand-cannaderm","7":"product_cat-cbd-et-chanvre-biologique","8":"product_cat-cremes-naturelles-de-jour-et-de-nuit","9":"product_cat-offres-et-minis","10":"product_cat-peau-seche","11":"product_cat-soins-du-visage","12":"product_cat-soins","13":"product_cat-soins-naturels-cbd","14":"product_tag-sans-paraben","15":"product_tag-sansparfumsynthetique","16":"product_tag-sans-silicone","17":"product_tag-vegan","19":"entry","20":"has-media","22":"first","23":"instock","24":"taxable","25":"shipping-taxable","26":"purchasable","27":"product-type-simple","28":"has-rating","29":"col","30":"span_1_of_3","31":"owp-content-center","32":"owp-thumbs-layout-horizontal","33":"owp-btn-normal","34":"owp-tabs-layout-section","35":"has-no-thumbnails","36":"circle-sale"},"_links":{"self":[{"href":"https:\/\/www.biobey.be\/fr\/wp-json\/wp\/v2\/product\/2132","targetHints":{"allow":["GET"]}}],"collection":[{"href":"https:\/\/www.biobey.be\/fr\/wp-json\/wp\/v2\/product"}],"about":[{"href":"https:\/\/www.biobey.be\/fr\/wp-json\/wp\/v2\/types\/product"}],"replies":[{"embeddable":true,"href":"https:\/\/www.biobey.be\/fr\/wp-json\/wp\/v2\/comments?post=2132"}],"wp:featuredmedia":[{"embeddable":true,"href":"https:\/\/www.biobey.be\/fr\/wp-json\/wp\/v2\/media\/279"}],"wp:attachment":[{"href":"https:\/\/www.biobey.be\/fr\/wp-json\/wp\/v2\/media?parent=2132"}],"wp:term":[{"taxonomy":"product_brand","embeddable":true,"href":"https:\/\/www.biobey.be\/fr\/wp-json\/wp\/v2\/product_brand?post=2132"},{"taxonomy":"product_cat","embeddable":true,"href":"https:\/\/www.biobey.be\/fr\/wp-json\/wp\/v2\/product_cat?post=2132"},{"taxonomy":"product_tag","embeddable":true,"href":"https:\/\/www.biobey.be\/fr\/wp-json\/wp\/v2\/product_tag?post=2132"}],"curies":[{"name":"wp","href":"https:\/\/api.w.org\/{rel}","templated":true}]}}