{"id":2134,"date":"2024-04-02T22:46:37","date_gmt":"2024-04-02T20:46:37","guid":{"rendered":"https:\/\/www.biobey.be\/fr-temp\/produit\/cremcann-silver-contre-acne\/"},"modified":"2025-08-27T12:42:54","modified_gmt":"2025-08-27T10:42:54","slug":"cremcann-silver-contre-acne","status":"publish","type":"product","link":"https:\/\/www.biobey.be\/fr\/produit\/cremcann-silver-contre-acne\/","title":{"rendered":"Cremcann Silver contre Acne 15ml"},"content":{"rendered":"<p>Cremcann Silver est une cr\u00e8me anti-acn\u00e9 naturellement certifi\u00e9e Cremcann Silver offre un traitement rapide et efficace contre l&rsquo;acn\u00e9, les boutons et les pores rouges enflamm\u00e9s. Cette cr\u00e8me naturelle poss\u00e8de des propri\u00e9t\u00e9s anti-inflammatoires gr\u00e2ce \u00e0 ses pr\u00e9cieux ingr\u00e9dients.<\/p>\n<p>Pour un traitement efficace et rapide de l&rsquo;acn\u00e9, nous recommandons \u00e9galement d&rsquo;utiliser le <a href=\"https:\/\/www.biobey.be\/fr\/produit\/traitement-contre-acne-serum-hemp\/\">s\u00e9rum anti-acn\u00e9 \u00e0 forte concentration<\/a> de cannaderm. Ce s\u00e9rum contient 56% d&rsquo;extraits de chanvre b\u00e9n\u00e9fiques et a un effet rapide et efficace sur l&rsquo;acn\u00e9 sans dess\u00e9cher la peau<\/p>\n<h2>formule \u00e0 base d&rsquo;argent collo\u00efdal et d&rsquo;extraits de chanvre<\/h2>\n<p>La cr\u00e8me de chanvre pour les boutons du visage est riche en acides insatur\u00e9s, vitamines et min\u00e9raux qui apaisent la peau probl\u00e9matique. De plus, ils acc\u00e9l\u00e8rent le processus de r\u00e9g\u00e9n\u00e9ration de la peau.<\/p>\n<p>Les pustules et les pores rouges enflamm\u00e9s sont efficacement \u00e9limin\u00e9s. En cons\u00e9quence, la peau para\u00eet souple et m\u00eame \u00e0 nouveau. La cr\u00e8me naturelle anti-acn\u00e9 est destin\u00e9e \u00e0 un usage temporaire pour le traitement local de l&rsquo;acn\u00e9 et des taches.<\/p>\n<p><strong>Cremcann Silver &#8211; Cr\u00e8me naturelle contre les boutons et l&rsquo;acn\u00e9<\/strong><\/p>\n<p>Cremcann est compos\u00e9 d&rsquo;ingr\u00e9dients soigneusement s\u00e9lectionn\u00e9s tels que l&rsquo;huile de chanvre, l&rsquo;extrait de chanvre, l&rsquo;argent collo\u00efdal, l&rsquo;huile d&rsquo;amande et le beurre de karit\u00e9.<\/p>\n<p>La composition de l&rsquo;argent collo\u00efdal et de l&rsquo;extrait de chanvre a un effet antibact\u00e9rien. Il calme les peaux enflamm\u00e9es et pr\u00e9vient les infections. De plus, la cr\u00e8me faciale de chanvre contient de l&rsquo;huile d&rsquo;amande et du beurre de karit\u00e9.<\/p>\n<p>Ces ingr\u00e9dients hydratent et nourrissent la peau sans l&rsquo;irriter ni la dess\u00e9cher. La cr\u00e8me est destin\u00e9e \u00e0 un usage temporaire <strong>pour le traitement local de l&rsquo;acn\u00e9 et des taches.<\/strong><\/p>\n<h3>Cremcann Silver cr\u00e8me pour une peau uniforme et saine<\/h3>\n<p>La cr\u00e8me naturelle anti-acn\u00e9 convient \u00e0 tous les types de peau, y compris les peaux sensibles. L&rsquo;huile de chanvre et l&rsquo;extrait de chanvre sont riches en acides gras essentiels om\u00e9ga-3 et 6, min\u00e9raux et vitamines.<\/p>\n<p>Ceux-ci r\u00e9duisent l&rsquo;inflammation et les rougeurs sans d\u00e9pouiller la peau de ses huiles naturelles. Ainsi, elle procure un <strong>soulagement rapide et redonne \u00e0 la peau probl\u00e9matique un aspect uniforme et sain.<\/strong><\/p>\n<p>La peau est ensuite nourrie avec les nutriments n\u00e9cessaires. Il en r\u00e9sulte un teint uniforme et une peau belle et lisse.<\/p>\n<p><strong>Mode d&#8217;emploi :<\/strong> Nettoyer la peau avant utilisation. Appliquer la cr\u00e8me localement sur les imperfections. La cr\u00e8me est destin\u00e9e \u00e0 une utilisation temporaire jusqu&rsquo;\u00e0 ce que les parties probl\u00e9matiques aient \u00e9t\u00e9 corrig\u00e9es. La cr\u00e8me peut \u00eatre utilis\u00e9e plusieurs fois par jour. Dur\u00e9e de conservation jusqu&rsquo;\u00e0 6 mois apr\u00e8s ouverture.<\/p>\n<p>Ingr\u00e9dients (INCI):Aqua, Cannabis Sativa Seed Oil, Prunus Amygdalus Dulcis Oil, Glyceryl Stearate Citrate, Butyrospermum Parkii Butter, Cetearyl Alcohol, Olea Europaea Fruit Oil, Glyceryl Stearate, Cera Alba, Tocopheryl Acetate, Cannabis Sativa Seed Extract, Sorbitan Olivates,<\/p>\n<p>Cetearyl Glucoside, Sodium Benzoate, Potassium Sorbate, Helianthus Annuus Hybrid Oil, Humulus Lupulus Oil, Ethyl Ferulate, Tocopherol, Colloidal Silver, Citric Acid<\/p>\n<h3>Quel est le meilleur produit bio contre l&rsquo;acn\u00e9 ?<\/h3>\n<p>L&rsquo;acn\u00e9 est caus\u00e9e par l&rsquo;inflammation de la peau dans laquelle se trouve la couche s\u00e9bac\u00e9e. Le traitement de l&rsquo;acn\u00e9 a donc pour but de<\/p>\n<p>1. S&rsquo;attaquer \u00e0 la cause de l&rsquo;inflammation par un nettoyage antibact\u00e9rien doux.<br \/>\n2. R\u00e9duire l&rsquo;inflammation, les rougeurs et les gonflements \u00e0 l&rsquo;aide de produits anti-inflammatoires tels que le s\u00e9rum anti-acn\u00e9 Cannaderm.<br \/>\n3. Soigner la peau enflamm\u00e9e pour acc\u00e9l\u00e9rer le processus de gu\u00e9rison, pr\u00e9venir l&rsquo;inflammation et hydrater la peau. Pour cela, il est possible d&rsquo;utiliser la cr\u00e8me anti-acn\u00e9 de Cannaderm.<\/p>\n","protected":false},"excerpt":{"rendered":"<p>Cr\u00e8me naturelle contre acne Cremcann Silver est con\u00e7ue pour traiter l&rsquo;acn\u00e9, les boutons et les pores rouges enflamm\u00e9s. Il aide \u00e0 traiter et \u00e0 pr\u00e9venir l&rsquo;inflammation des boutons.<\/p>\n<p><em>La cr\u00e8me anti-acn\u00e9 au chanvre a \u00e9t\u00e9 remplac\u00e9e par la cr\u00e8me anti-acn\u00e9 de Cannaderm. La cr\u00e8me anti-acn\u00e9 de Cannaderm a une composition plus naturelle et agit plus efficacement. Elle contient une forte teneur en huile de graines de chanvre, qui soulage l&rsquo;acn\u00e9 sans dess\u00e9cher la peau. <\/em><\/p>\n","protected":false},"featured_media":175,"comment_status":"open","ping_status":"closed","template":"","meta":{"ocean_post_layout":"","ocean_both_sidebars_style":"","ocean_both_sidebars_content_width":0,"ocean_both_sidebars_sidebars_width":0,"ocean_sidebar":"","ocean_second_sidebar":"","ocean_disable_margins":"enable","ocean_add_body_class":"","ocean_shortcode_before_top_bar":"","ocean_shortcode_after_top_bar":"","ocean_shortcode_before_header":"","ocean_shortcode_after_header":"","ocean_has_shortcode":"","ocean_shortcode_after_title":"","ocean_shortcode_before_footer_widgets":"","ocean_shortcode_after_footer_widgets":"","ocean_shortcode_before_footer_bottom":"","ocean_shortcode_after_footer_bottom":"","ocean_display_top_bar":"default","ocean_display_header":"default","ocean_header_style":"","ocean_center_header_left_menu":"","ocean_custom_header_template":"","ocean_custom_logo":0,"ocean_custom_retina_logo":0,"ocean_custom_logo_max_width":0,"ocean_custom_logo_tablet_max_width":0,"ocean_custom_logo_mobile_max_width":0,"ocean_custom_logo_max_height":0,"ocean_custom_logo_tablet_max_height":0,"ocean_custom_logo_mobile_max_height":0,"ocean_header_custom_menu":"","ocean_menu_typo_font_family":"","ocean_menu_typo_font_subset":"","ocean_menu_typo_font_size":0,"ocean_menu_typo_font_size_tablet":0,"ocean_menu_typo_font_size_mobile":0,"ocean_menu_typo_font_size_unit":"px","ocean_menu_typo_font_weight":"","ocean_menu_typo_font_weight_tablet":"","ocean_menu_typo_font_weight_mobile":"","ocean_menu_typo_transform":"","ocean_menu_typo_transform_tablet":"","ocean_menu_typo_transform_mobile":"","ocean_menu_typo_line_height":0,"ocean_menu_typo_line_height_tablet":0,"ocean_menu_typo_line_height_mobile":0,"ocean_menu_typo_line_height_unit":"","ocean_menu_typo_spacing":0,"ocean_menu_typo_spacing_tablet":0,"ocean_menu_typo_spacing_mobile":0,"ocean_menu_typo_spacing_unit":"","ocean_menu_link_color":"","ocean_menu_link_color_hover":"","ocean_menu_link_color_active":"","ocean_menu_link_background":"","ocean_menu_link_hover_background":"","ocean_menu_link_active_background":"","ocean_menu_social_links_bg":"","ocean_menu_social_hover_links_bg":"","ocean_menu_social_links_color":"","ocean_menu_social_hover_links_color":"","ocean_disable_title":"default","ocean_disable_heading":"default","ocean_post_title":"","ocean_post_subheading":"","ocean_post_title_style":"","ocean_post_title_background_color":"","ocean_post_title_background":0,"ocean_post_title_bg_image_position":"","ocean_post_title_bg_image_attachment":"","ocean_post_title_bg_image_repeat":"","ocean_post_title_bg_image_size":"","ocean_post_title_height":0,"ocean_post_title_bg_overlay":0.5,"ocean_post_title_bg_overlay_color":"","ocean_disable_breadcrumbs":"default","ocean_breadcrumbs_color":"","ocean_breadcrumbs_separator_color":"","ocean_breadcrumbs_links_color":"","ocean_breadcrumbs_links_hover_color":"","ocean_display_footer_widgets":"default","ocean_display_footer_bottom":"default","ocean_custom_footer_template":""},"product_brand":[103],"product_cat":[21,17,16],"product_tag":[126],"class_list":{"0":"post-2134","1":"product","2":"type-product","3":"status-publish","4":"has-post-thumbnail","6":"product_brand-annabis-hemp","7":"product_cat-acne-et-peau-abimee","8":"product_cat-soins-du-visage","9":"product_cat-soins","10":"product_tag-sans-paraben","12":"entry","13":"has-media","15":"first","16":"instock","17":"taxable","18":"shipping-taxable","19":"purchasable","20":"product-type-simple","21":"has-rating","22":"col","23":"span_1_of_3","24":"owp-content-center","25":"owp-thumbs-layout-horizontal","26":"owp-btn-normal","27":"owp-tabs-layout-section","28":"has-no-thumbnails","29":"circle-sale"},"_links":{"self":[{"href":"https:\/\/www.biobey.be\/fr\/wp-json\/wp\/v2\/product\/2134","targetHints":{"allow":["GET"]}}],"collection":[{"href":"https:\/\/www.biobey.be\/fr\/wp-json\/wp\/v2\/product"}],"about":[{"href":"https:\/\/www.biobey.be\/fr\/wp-json\/wp\/v2\/types\/product"}],"replies":[{"embeddable":true,"href":"https:\/\/www.biobey.be\/fr\/wp-json\/wp\/v2\/comments?post=2134"}],"wp:featuredmedia":[{"embeddable":true,"href":"https:\/\/www.biobey.be\/fr\/wp-json\/wp\/v2\/media\/175"}],"wp:attachment":[{"href":"https:\/\/www.biobey.be\/fr\/wp-json\/wp\/v2\/media?parent=2134"}],"wp:term":[{"taxonomy":"product_brand","embeddable":true,"href":"https:\/\/www.biobey.be\/fr\/wp-json\/wp\/v2\/product_brand?post=2134"},{"taxonomy":"product_cat","embeddable":true,"href":"https:\/\/www.biobey.be\/fr\/wp-json\/wp\/v2\/product_cat?post=2134"},{"taxonomy":"product_tag","embeddable":true,"href":"https:\/\/www.biobey.be\/fr\/wp-json\/wp\/v2\/product_tag?post=2134"}],"curies":[{"name":"wp","href":"https:\/\/api.w.org\/{rel}","templated":true}]}}