{"id":2135,"date":"2022-07-12T15:48:37","date_gmt":"2022-07-12T13:48:37","guid":{"rendered":"https:\/\/www.biobey.be\/fr-temp\/produit\/q10-men-creme-visage-50-ml\/"},"modified":"2026-01-12T18:05:56","modified_gmt":"2026-01-12T17:05:56","slug":"q10-men-creme-visage-50-ml","status":"publish","type":"product","link":"https:\/\/www.biobey.be\/fr\/produit\/q10-men-creme-visage-50-ml\/","title":{"rendered":"Q10 MEN cr\u00e8me visage 50 ml"},"content":{"rendered":"<p>Q10 MEN estt La cr\u00e8me naturelle certifi\u00e9e pour hommes \u00e0 base d&rsquo;extrait de chanvre a \u00e9t\u00e9 sp\u00e9cialement d\u00e9velopp\u00e9e pour les soins de la peau des hommes. Pour une hydratation intensive de la peau, nous recommandons la<strong> <a href=\"https:\/\/www.biobey.be\/fr\/produit\/creme-hydratante-homme-bio\/\">cr\u00e8me hydratante anti-\u00e2ge pour hommes de la marque Nature Up<\/a><\/strong>. Cette cr\u00e8me anti-\u00e2ge 100% naturelle hydrate intens\u00e9ment la peau et la prot\u00e8ge pendant 12 heures contre les influences ext\u00e9rieures n\u00e9fastes.<\/p>\n<p>Cr\u00e8me naturelle pour hommes, riche en acides gras essentiels om\u00e9ga 3 et 6, en vitamine E et en antioxydants qui nourrissent intens\u00e9ment la peau. De plus, elle apaise les irritations de la peau apr\u00e8s le rasage et ralentit le processus de vieillissement cutan\u00e9. Gr\u00e2ce \u00e0 sa composition douce, cette cr\u00e8me naturelle convient \u00e0 tous les types de peau, y compris les peaux sensibles. Avec une utilisation r\u00e9guli\u00e8re, la peau serra fra\u00eeche et saine.<\/p>\n<h2>Composition unique de Q10 MEN \u00e0 base d&rsquo;extraits de chanvre<\/h2>\n<p>Cremcann Q10 est compos\u00e9 d&rsquo;ingr\u00e9dients actifs pr\u00e9cieux tels que l&rsquo;huile de graines de chanvre, l&rsquo;extrait de chanvre, la coenzyme Q10, l&rsquo;huile d&rsquo;amande, l&rsquo;huile de lavande et le beurre de karit\u00e9. La cr\u00e8me naturelle pour hommes aux om\u00e9ga-3-6 r\u00e9gule l&rsquo;\u00e9quilibre hydrique de la peau et favorise le renouvellement cellulaire. Elle nourrit et prot\u00e8ge la peau de l&rsquo;homme, qui a naturellement besoin d&rsquo;une hydratation suppl\u00e9mentaire, contre la d\u00e9shydratation et l&rsquo;irritation.<\/p>\n<h3>Cr\u00e8me naturelle pour hommes<\/h3>\n<p>La composition de l&rsquo;huile de chanvre, de l&rsquo;extrait de chanvre et du beurre de karit\u00e9 contient des acides gras insatur\u00e9s, des min\u00e9raux et des vitamines. Ce m\u00e9lange r\u00e9gule l&rsquo;\u00e9quilibre hydrique de la peau et favorise le renouvellement cellulaire.<\/p>\n<h3>Soin apr\u00e8s-rasage efficace<\/h3>\n<p>La cr\u00e8me pure pour hommes r\u00e9g\u00e9n\u00e8re et hydrate intens\u00e9ment la peau irrit\u00e9e apr\u00e8s le rasage. Gr\u00e2ce \u00e0 ses principes actifs riches en min\u00e9raux, antioxydants et vitamines qui nourrissent et hydratent la peau. Ils favorisent \u00e9galement la capacit\u00e9 r\u00e9g\u00e9n\u00e9ratrice naturelle de la peau et ont un effet calmant sur les irritations cutan\u00e9es. Elle hydrate et r\u00e9g\u00e9n\u00e8re intens\u00e9ment les peaux irrit\u00e9es et s\u00e8ches. Ainsi, la peau sera agr\u00e9ablement douce apr\u00e8s le rasage. La cr\u00e8me pour le visage s&rsquo;absorbe rapidement et n&rsquo;est pas grasse.<\/p>\n<p><strong>Utilisation<\/strong> : Appliquer sur le visage et le cou nettoy\u00e9s. Elle convient \u00e0 tous les types de peau, comme les cr\u00e8mes de jour et de nuit ou apr\u00e8s-rasage apr\u00e8s-rasage. Vous pouvez appliquer la cr\u00e8me directement sur la peau ras\u00e9e. Dur\u00e9e de conservation jusqu&rsquo;\u00e0 6 mois apr\u00e8s la premi\u00e8re ouverture.<br \/>\nIngredi\u00ebnten (INCI): Aqua, Cannabis Sativa Seed Oil, Prunus Amygdalus Dulcis Oil, Glyceryl Stearate Citrate, Butyrospermum Parkii Butter, Cetearyl Alcohol, Olea Europaea Fruit Oil, Glyceryl Stearate, Cera Alba, Ubiquinone, Tocopheryl Acetate, Cannabis Sativa Seed Extract, Sorbitan Olivate, Cetearyl Glucoside, Sodium Benzoate, Potassium Sorbate, Helianthus Annuus Hybrid oil, Humulus Lupulus Oil, Ethyl Ferulate, Tocopherol, Amyris Balsamifera Bark Oil, Lavandula Angustifolia Oil, Citrus Aurantium Dulcis Peel Oil, Linalool, Limonene, Citric Acid.<\/p>\n","protected":false},"excerpt":{"rendered":"<p>La cr\u00e8me visage chanvre pour homme est faite pour soigner efficacement la peau des hommes. Gr\u00e2ce \u00e0 sa pr\u00e9cieuse composition, elle hydrate la peau, pr\u00e9vient les rides et la d\u00e9shydratation.<\/p>\n","protected":false},"featured_media":188,"comment_status":"open","ping_status":"closed","template":"","meta":{"ocean_post_layout":"","ocean_both_sidebars_style":"","ocean_both_sidebars_content_width":0,"ocean_both_sidebars_sidebars_width":0,"ocean_sidebar":"","ocean_second_sidebar":"","ocean_disable_margins":"enable","ocean_add_body_class":"","ocean_shortcode_before_top_bar":"","ocean_shortcode_after_top_bar":"","ocean_shortcode_before_header":"","ocean_shortcode_after_header":"","ocean_has_shortcode":"","ocean_shortcode_after_title":"","ocean_shortcode_before_footer_widgets":"","ocean_shortcode_after_footer_widgets":"","ocean_shortcode_before_footer_bottom":"","ocean_shortcode_after_footer_bottom":"","ocean_display_top_bar":"default","ocean_display_header":"default","ocean_header_style":"","ocean_center_header_left_menu":"","ocean_custom_header_template":"","ocean_custom_logo":0,"ocean_custom_retina_logo":0,"ocean_custom_logo_max_width":0,"ocean_custom_logo_tablet_max_width":0,"ocean_custom_logo_mobile_max_width":0,"ocean_custom_logo_max_height":0,"ocean_custom_logo_tablet_max_height":0,"ocean_custom_logo_mobile_max_height":0,"ocean_header_custom_menu":"","ocean_menu_typo_font_family":"","ocean_menu_typo_font_subset":"","ocean_menu_typo_font_size":0,"ocean_menu_typo_font_size_tablet":0,"ocean_menu_typo_font_size_mobile":0,"ocean_menu_typo_font_size_unit":"px","ocean_menu_typo_font_weight":"","ocean_menu_typo_font_weight_tablet":"","ocean_menu_typo_font_weight_mobile":"","ocean_menu_typo_transform":"","ocean_menu_typo_transform_tablet":"","ocean_menu_typo_transform_mobile":"","ocean_menu_typo_line_height":0,"ocean_menu_typo_line_height_tablet":0,"ocean_menu_typo_line_height_mobile":0,"ocean_menu_typo_line_height_unit":"","ocean_menu_typo_spacing":0,"ocean_menu_typo_spacing_tablet":0,"ocean_menu_typo_spacing_mobile":0,"ocean_menu_typo_spacing_unit":"","ocean_menu_link_color":"","ocean_menu_link_color_hover":"","ocean_menu_link_color_active":"","ocean_menu_link_background":"","ocean_menu_link_hover_background":"","ocean_menu_link_active_background":"","ocean_menu_social_links_bg":"","ocean_menu_social_hover_links_bg":"","ocean_menu_social_links_color":"","ocean_menu_social_hover_links_color":"","ocean_disable_title":"default","ocean_disable_heading":"default","ocean_post_title":"","ocean_post_subheading":"","ocean_post_title_style":"","ocean_post_title_background_color":"","ocean_post_title_background":0,"ocean_post_title_bg_image_position":"","ocean_post_title_bg_image_attachment":"","ocean_post_title_bg_image_repeat":"","ocean_post_title_bg_image_size":"","ocean_post_title_height":0,"ocean_post_title_bg_overlay":0.5,"ocean_post_title_bg_overlay_color":"","ocean_disable_breadcrumbs":"default","ocean_breadcrumbs_color":"","ocean_breadcrumbs_separator_color":"","ocean_breadcrumbs_links_color":"","ocean_breadcrumbs_links_hover_color":"","ocean_display_footer_widgets":"default","ocean_display_footer_bottom":"default","ocean_custom_footer_template":""},"product_brand":[103],"product_cat":[16,30],"product_tag":[133,125],"class_list":{"0":"post-2135","1":"product","2":"type-product","3":"status-publish","4":"has-post-thumbnail","6":"product_brand-annabis-hemp","7":"product_cat-soins","8":"product_cat-soins-pour-hommes","9":"product_tag-sansparfumsynthetique","10":"product_tag-vegan","12":"entry","13":"has-media","15":"first","16":"instock","17":"taxable","18":"shipping-taxable","19":"purchasable","20":"product-type-simple","21":"has-rating","22":"col","23":"span_1_of_3","24":"owp-content-center","25":"owp-thumbs-layout-horizontal","26":"owp-btn-normal","27":"owp-tabs-layout-section","28":"has-no-thumbnails","29":"circle-sale"},"_links":{"self":[{"href":"https:\/\/www.biobey.be\/fr\/wp-json\/wp\/v2\/product\/2135","targetHints":{"allow":["GET"]}}],"collection":[{"href":"https:\/\/www.biobey.be\/fr\/wp-json\/wp\/v2\/product"}],"about":[{"href":"https:\/\/www.biobey.be\/fr\/wp-json\/wp\/v2\/types\/product"}],"replies":[{"embeddable":true,"href":"https:\/\/www.biobey.be\/fr\/wp-json\/wp\/v2\/comments?post=2135"}],"wp:featuredmedia":[{"embeddable":true,"href":"https:\/\/www.biobey.be\/fr\/wp-json\/wp\/v2\/media\/188"}],"wp:attachment":[{"href":"https:\/\/www.biobey.be\/fr\/wp-json\/wp\/v2\/media?parent=2135"}],"wp:term":[{"taxonomy":"product_brand","embeddable":true,"href":"https:\/\/www.biobey.be\/fr\/wp-json\/wp\/v2\/product_brand?post=2135"},{"taxonomy":"product_cat","embeddable":true,"href":"https:\/\/www.biobey.be\/fr\/wp-json\/wp\/v2\/product_cat?post=2135"},{"taxonomy":"product_tag","embeddable":true,"href":"https:\/\/www.biobey.be\/fr\/wp-json\/wp\/v2\/product_tag?post=2135"}],"curies":[{"name":"wp","href":"https:\/\/api.w.org\/{rel}","templated":true}]}}