{"id":2136,"date":"2023-03-05T23:46:49","date_gmt":"2023-03-05T22:46:49","guid":{"rendered":"https:\/\/www.biobey.be\/fr-temp\/produit\/creme-anti-rides-naturel-50ml\/"},"modified":"2026-01-26T06:46:28","modified_gmt":"2026-01-26T05:46:28","slug":"creme-anti-rides-naturel-50ml","status":"publish","type":"product","link":"https:\/\/www.biobey.be\/fr\/produit\/creme-anti-rides-naturel-50ml\/","title":{"rendered":"Cr\u00e8me anti-rides bio vitamine E 50 ml"},"content":{"rendered":"<p>Cr\u00e8me anti-rides bio vitamine E et F pour le visage renforce et prot\u00e8ge efficacement la peau mature contre les influences ext\u00e9rieures.<\/p>\n<h2>Cr\u00e8me anti-rides bio pour une peau ferme<\/h2>\n<p>Parce que moins de collag\u00e8ne et d&rsquo;\u00e9lastine sont produits dans le tissu conjonctif sous-cutan\u00e9, plus la peau est mature, plus elle est sensible aux influences ext\u00e9rieures. L&rsquo;huile d&rsquo;amande est l&rsquo;un des principaux ingr\u00e9dients de cette cr\u00e8me naturel contre rides \u00e0 base de vitamine E et a un effet r\u00e9g\u00e9n\u00e9rateur intensif sur la peau et la reproduction des cellules de l&rsquo;\u00e9piderme.<\/p>\n<p>De plus, cette cr\u00e8me anti-\u00e2ge\u00a0 hydrate et nourrit en profondeur et donne \u00e0 votre peau une apparence plus juv\u00e9nile.<\/p>\n<p>C&rsquo;est pourquoi la cr\u00e8me \u00e0 la vitamine E Argital est extr\u00eamement adapt\u00e9e pour nourrir et prot\u00e9ger votre peau afin de lutter contre les signes de vieillissement et les rides.<\/p>\n<h3>Cr\u00e8me anti-rides bio efficace<\/h3>\n<p>Les effets b\u00e9n\u00e9fiques d&rsquo;une combinaison sp\u00e9ciale d&rsquo;extraits de plantes et d&rsquo;huiles hydratantes sont :<br \/>\nProtection de la peau contre les radicaux libres<br \/>\nHydratation en profondeur<br \/>\nApaise les irritations et les rougeurs<br \/>\nFournit de pr\u00e9cieux nutriments \u00e0 la peau mature.<br \/>\nGr\u00e2ce \u00e0 sa haute teneur en ingr\u00e9dients nourrissants, r\u00e9parateurs et protecteurs, la cr\u00e8me Vitamine E &amp; F convient comme cr\u00e8me de jour et de nuit.<\/p>\n<h4>Cr\u00e8me anti-rides bio: composition b\u00e9n\u00e9fique<\/h4>\n<p>Les ingr\u00e9dients principaux de cette cr\u00e8me anti-rides bio sont l&rsquo;huile d&rsquo;amande v\u00e9g\u00e9tale, l&rsquo;huile de germe de bl\u00e9 et l&rsquo;huile de bourrache. L&rsquo;huile d&rsquo;amande douce biologique contient de grandes quantit\u00e9s de vitamine E et d&rsquo;acides gras qui non seulement stimulent la r\u00e9g\u00e9n\u00e9ration de la peau mais aussi combattent les rides.<\/p>\n<p>L&rsquo;huile de bourrache fait partie des huiles s\u00e8ches et p\u00e9n\u00e8tre rapidement en profondeur dans la peau. L&rsquo;huile de bourrache stimule la circulation sanguine et la r\u00e9g\u00e9n\u00e9ration des cellules. De plus, elle am\u00e9liore l&rsquo;\u00e9quilibre hydrique de la peau et pr\u00e9vient la formation de rides.<\/p>\n<p>L&rsquo;huile de germe de bl\u00e9 a un effet r\u00e9g\u00e9n\u00e9rant, prot\u00e8ge la peau contre les radicaux libres et aide \u00e0 pr\u00e9venir les rides.<br \/>\nLe beurre de cacao et l&rsquo;extrait de malt hydratent la peau en profondeur. L&rsquo;extrait de Rose Sauvage a un effet tonifiant, \u00a0il apaise et soulage les irritations et les rougeurs de la peau.<\/p>\n<p>Gr\u00e2ce \u00e0 l&rsquo;association d&rsquo;actifs de haute qualit\u00e9, la peau plus mature est nourrie et prot\u00e9g\u00e9e des agressions ext\u00e9rieures.<\/p>\n<h4><strong>Cr\u00e8me anti-rides bio ralentit le vieillissement cutan\u00e9<\/strong><\/h4>\n<p>Vous ne pouvez pas emp\u00eacher le vieillissement, mais vous pouvez combattre efficacement les caract\u00e9ristiques externes du vieillissement cutan\u00e9.<\/p>\n<p>Si vous comparez deux personnes du m\u00eame \u00e2ge, vous remarquerez que leur peau peut \u00eatre tr\u00e8s diff\u00e9rente, une personne n&rsquo;a pratiquement pas de rides alors que l&rsquo;autre en a beaucoup. Ainsi, outre l&rsquo;h\u00e9r\u00e9dit\u00e9, des facteurs externes tels que le mode de vie et les soins jouent un r\u00f4le essentiel dans l&rsquo;\u00e9tat de la peau. Avec l&rsquo;\u00e2ge, la peau perd de son \u00e9lasticit\u00e9 et de sa fermet\u00e9.<\/p>\n<p>Cette cr\u00e8me naturelle anti-\u00e2ge aux extraits v\u00e9g\u00e9taux et \u00e0 haute concentration en vitamines E et F aide \u00e0 restaurer et soutenir l&rsquo;\u00e9lasticit\u00e9 de la peau.<\/p>\n<p>Bien s\u00fbr, un mode de vie sain est encore largement d\u00e9terminant. Boire suffisamment d&rsquo;eau et manger des aliments sains font du bien \u00e0 la peau. Un exercice physique suffisant a un effet positif sur la peau et son \u00e9lasticit\u00e9.<\/p>\n<h4>Comment faire dispara\u00eetre les rides ?<\/h4>\n<p>Pour \u00e9liminer ou pr\u00e9venir les rides pr\u00e9matur\u00e9es, il est important d&rsquo;hydrater votre peau et votre corps. Boire suffisamment d&rsquo;eau est aussi important qu&rsquo;un bon traitement antirides naturel. La cr\u00e8me anti-rides naturelle \u00e0 haute concentration en vitamines E et F fournit \u00e0 votre peau des acides gras polyinsatur\u00e9s de haute qualit\u00e9 et restaure la barri\u00e8re naturelle de la peau.<\/p>\n<p>Le Conseil : Appliquez sur une peau propre et s\u00e8che le matin et\/ou le soir sur le visage et le cou.<\/p>\n<p><strong>Ingr\u00e9dients (INCI)<\/strong>: aqua, Prunus Amygdalus Dulcis Oil, Potassium Palmitoyl Hydrolyzed Wheat Protein, Glyceryl Stearate, Ceterayl Alcohol, Glycerin, Alcohol, Polyglyceryl,6 Distearate, Olea Europea Fruit Oil, Persea Gratissima Oil, Triticum Vulgaris Oil, Malva Sylvestris Leaf Extract,<\/p>\n<p>Rosa Canina Fruit Extract, Theobroma Cacao Butter, Helianthus Annuus Seed Oil, Cananga Odorata Flower Oil*, Citrus Aurantium Amara Flower Oil*, Xanthan Gum, Borago Officinalis Seed Oil, Solum Fullonum, Styrax Benzoin Resin Extract, Berberis Vulgaris Bark Extract, Lactic Acid, Tocopherol<\/p>\n<p>Voir aussi le <a href=\"https:\/\/www.biobey.be\/fr\/produit\/huile-anti-age-visage-bio-50ml\/\">s\u00e9rum antirides de la marque Argital<\/a> : peut \u00eatre utilis\u00e9 en combinaison avec la cr\u00e8me \u00e0 la vitamine E.<\/p>\n<h4><strong>Informations compl\u00e9mentaires sur la cr\u00e8me antirides naturelle vitamines E et F<\/strong><\/h4>\n<p>Aucun conservateur synth\u00e9tique, parfum synth\u00e9tique ou colorant artificiel n&rsquo;a \u00e9t\u00e9 ajout\u00e9 \u00e0 cette cr\u00e8me antirides. Argital est une compagnie qui a plus de 40 ans d&rsquo;exp\u00e9rience dans la production des produits de soins les plus purs.<\/p>\n<p>Tous les produits de la marque Argital sont exempts de conservateurs synth\u00e9tiques, de parfums synth\u00e9tiques et de colorants artificiels. Argital n&rsquo;utilise que des mati\u00e8res premi\u00e8res naturelles et biologiques pour la fabrication de ses produits de soin. En outre, ils utilisent une m\u00e9thode de production durable et respectueuse de l&rsquo;environnement.<\/p>\n<p>Cr\u00e8me anti-rides bio vitamine E contient des huiles essentielles biologiques dans sa composition. Ces huiles essentielles biologiques contiennent les composants suivants: Alcool benzylique, Benzyl Benzoate, Benzyl Salicylate, Citral, Eugenol, Farnesol, Geraniol, Isoeugenol, Linalool, Limonene.<\/p>\n","protected":false},"excerpt":{"rendered":"<p>Cr\u00e8me anti-rides bio pour le visage \u00e0 base de vitamines E et F qui hydrate et nourrit la peau en profondeur. Elle am\u00e9liore la fermet\u00e9 et l&rsquo;\u00e9lasticit\u00e9 des peaux matures.<\/p>\n","protected":false},"featured_media":217,"comment_status":"open","ping_status":"closed","template":"","meta":{"ocean_post_layout":"","ocean_both_sidebars_style":"","ocean_both_sidebars_content_width":0,"ocean_both_sidebars_sidebars_width":0,"ocean_sidebar":"","ocean_second_sidebar":"","ocean_disable_margins":"enable","ocean_add_body_class":"","ocean_shortcode_before_top_bar":"","ocean_shortcode_after_top_bar":"","ocean_shortcode_before_header":"","ocean_shortcode_after_header":"","ocean_has_shortcode":"","ocean_shortcode_after_title":"","ocean_shortcode_before_footer_widgets":"","ocean_shortcode_after_footer_widgets":"","ocean_shortcode_before_footer_bottom":"","ocean_shortcode_after_footer_bottom":"","ocean_display_top_bar":"default","ocean_display_header":"default","ocean_header_style":"","ocean_center_header_left_menu":"","ocean_custom_header_template":"","ocean_custom_logo":0,"ocean_custom_retina_logo":0,"ocean_custom_logo_max_width":0,"ocean_custom_logo_tablet_max_width":0,"ocean_custom_logo_mobile_max_width":0,"ocean_custom_logo_max_height":0,"ocean_custom_logo_tablet_max_height":0,"ocean_custom_logo_mobile_max_height":0,"ocean_header_custom_menu":"","ocean_menu_typo_font_family":"","ocean_menu_typo_font_subset":"","ocean_menu_typo_font_size":0,"ocean_menu_typo_font_size_tablet":0,"ocean_menu_typo_font_size_mobile":0,"ocean_menu_typo_font_size_unit":"px","ocean_menu_typo_font_weight":"","ocean_menu_typo_font_weight_tablet":"","ocean_menu_typo_font_weight_mobile":"","ocean_menu_typo_transform":"","ocean_menu_typo_transform_tablet":"","ocean_menu_typo_transform_mobile":"","ocean_menu_typo_line_height":0,"ocean_menu_typo_line_height_tablet":0,"ocean_menu_typo_line_height_mobile":0,"ocean_menu_typo_line_height_unit":"","ocean_menu_typo_spacing":0,"ocean_menu_typo_spacing_tablet":0,"ocean_menu_typo_spacing_mobile":0,"ocean_menu_typo_spacing_unit":"","ocean_menu_link_color":"","ocean_menu_link_color_hover":"","ocean_menu_link_color_active":"","ocean_menu_link_background":"","ocean_menu_link_hover_background":"","ocean_menu_link_active_background":"","ocean_menu_social_links_bg":"","ocean_menu_social_hover_links_bg":"","ocean_menu_social_links_color":"","ocean_menu_social_hover_links_color":"","ocean_disable_title":"default","ocean_disable_heading":"default","ocean_post_title":"","ocean_post_subheading":"","ocean_post_title_style":"","ocean_post_title_background_color":"","ocean_post_title_background":0,"ocean_post_title_bg_image_position":"","ocean_post_title_bg_image_attachment":"","ocean_post_title_bg_image_repeat":"","ocean_post_title_bg_image_size":"","ocean_post_title_height":0,"ocean_post_title_bg_overlay":0.5,"ocean_post_title_bg_overlay_color":"","ocean_disable_breadcrumbs":"default","ocean_breadcrumbs_color":"","ocean_breadcrumbs_separator_color":"","ocean_breadcrumbs_links_color":"","ocean_breadcrumbs_links_hover_color":"","ocean_display_footer_widgets":"default","ocean_display_footer_bottom":"default","ocean_custom_footer_template":""},"product_brand":[102],"product_cat":[19,17,16,20],"product_tag":[126,125],"class_list":{"0":"post-2136","1":"product","2":"type-product","3":"status-publish","4":"has-post-thumbnail","6":"product_brand-argital","7":"product_cat-cremes-naturelles-de-jour-et-de-nuit","8":"product_cat-soins-du-visage","9":"product_cat-soins","10":"product_cat-anti-age","11":"product_tag-sans-paraben","12":"product_tag-vegan","14":"entry","15":"has-media","17":"first","18":"instock","19":"taxable","20":"shipping-taxable","21":"purchasable","22":"product-type-simple","23":"has-rating","24":"col","25":"span_1_of_3","26":"owp-content-center","27":"owp-thumbs-layout-horizontal","28":"owp-btn-normal","29":"owp-tabs-layout-section","30":"has-no-thumbnails","31":"circle-sale"},"_links":{"self":[{"href":"https:\/\/www.biobey.be\/fr\/wp-json\/wp\/v2\/product\/2136","targetHints":{"allow":["GET"]}}],"collection":[{"href":"https:\/\/www.biobey.be\/fr\/wp-json\/wp\/v2\/product"}],"about":[{"href":"https:\/\/www.biobey.be\/fr\/wp-json\/wp\/v2\/types\/product"}],"replies":[{"embeddable":true,"href":"https:\/\/www.biobey.be\/fr\/wp-json\/wp\/v2\/comments?post=2136"}],"wp:featuredmedia":[{"embeddable":true,"href":"https:\/\/www.biobey.be\/fr\/wp-json\/wp\/v2\/media\/217"}],"wp:attachment":[{"href":"https:\/\/www.biobey.be\/fr\/wp-json\/wp\/v2\/media?parent=2136"}],"wp:term":[{"taxonomy":"product_brand","embeddable":true,"href":"https:\/\/www.biobey.be\/fr\/wp-json\/wp\/v2\/product_brand?post=2136"},{"taxonomy":"product_cat","embeddable":true,"href":"https:\/\/www.biobey.be\/fr\/wp-json\/wp\/v2\/product_cat?post=2136"},{"taxonomy":"product_tag","embeddable":true,"href":"https:\/\/www.biobey.be\/fr\/wp-json\/wp\/v2\/product_tag?post=2136"}],"curies":[{"name":"wp","href":"https:\/\/api.w.org\/{rel}","templated":true}]}}