{"id":2137,"date":"2025-04-09T00:50:41","date_gmt":"2025-04-08T22:50:41","guid":{"rendered":"https:\/\/www.biobey.be\/fr-temp\/produit\/creme-bio-5-jours-douleurs-et-crampes-menstruelles\/"},"modified":"2026-02-18T20:30:41","modified_gmt":"2026-02-18T19:30:41","slug":"creme-bio-5-jours-douleurs-et-crampes-menstruelles","status":"publish","type":"product","link":"https:\/\/www.biobey.be\/fr\/produit\/creme-bio-5-jours-douleurs-et-crampes-menstruelles\/","title":{"rendered":"Remede crampes menstruelles 30ml"},"content":{"rendered":"<p>Remede naturel pour crampes menstruelles\u00a0 a un effet anti-douleur et relaxant sur les muscles et le corps entier. Il a \u00e9galement un effet calmant positif sur l&rsquo;esprit.<\/p>\n<p>Les ingr\u00e9dients actifs de cette cr\u00e8me pour les douleurs menstruelles sont des extraits \u00e0 base de plantes de tormentil, Potentilla Anserina et de blanc sourd oreille. D&rsquo;autres ingr\u00e9dients importants sont l&rsquo;huile de sauge muscat \u00e9th\u00e9r\u00e9e et l&rsquo;argile verte.<\/p>\n<h2>Remede naturel crampes menstruelles a un effet soulageant<\/h2>\n<p>Tormentil et Silverweed sont spasmolytiques ou antispasmodiques et sont tr\u00e8s efficaces pour les p\u00e9riodes douloureuses ou les crampes. L&rsquo;ortie blanche sourde a un effet apaisant et a g\u00e9n\u00e9ralement un effet positif sur l&rsquo;organe sexuel f\u00e9minin.<\/p>\n<p>L&rsquo;huile essentielle puissante de sauge muscat ou huile \u00e9carlate contient des niveaux \u00e9lev\u00e9s de phyto-\u0153strog\u00e8ne. L&rsquo;huile de sauge muscat adoucit les r\u00e8gles abondantes, r\u00e9duit l&rsquo;enflure et aide \u00e0 normaliser les cycles irr\u00e9guliers. De plus, il soulage les sympt\u00f4mes du SPM et du stress.<\/p>\n<p>L&rsquo;argile verte biologique et l&rsquo;huile de lavande soulagent la douleur et d\u00e9tendent les muscles.<br \/>\nLa combinaison de ces extraits m\u00e9dicinaux \u00e0 base de plantes, d&rsquo;huiles essentielles et d&rsquo;argile verte antiseptique d\u00e9tend les muscles, soulage les douleurs et les crampes menstruelles.<\/p>\n<h3>Cr\u00e8me crampes menstruelles avec un effet relaxant<\/h3>\n<p>L&rsquo;huile de sauge muscat a un effet b\u00e9n\u00e9fique sur les sympt\u00f4mes physiques et psychologiques, elle apaise efficacement les sautes d&rsquo;humeur et les sympt\u00f4mes du SPM. Un m\u00e9lange d&rsquo;huiles essentielles puissantes d&rsquo;ylang-ylang, de citron et de lavande ainsi que d&rsquo;extrait de vanille ont un effet relaxant non seulement sur les muscles mais aussi sur l&rsquo;esprit.<\/p>\n<p>L&rsquo;action aromath\u00e9rapeutique de ce d\u00e9licat m\u00e9lange d&rsquo;huiles essentielles stimule les sens et a un effet calmant. Elle contribue au bien-\u00eatre g\u00e9n\u00e9ral pendant les jours difficiles des r\u00e8gles.<\/p>\n<p>L&rsquo;application de la cr\u00e8me anti-douleur menstruelle avec un l\u00e9ger massage am\u00e9liore l&rsquo;absorption des principes actifs et stimule la circulation sanguine, rendant l&rsquo;effet de la cr\u00e8me encore plus efficace.<\/p>\n<p>La cr\u00e8me 5 jours Argital est un produit naturel certifi\u00e9 et ne contient aucun parfum, conservateur ou colorant synth\u00e9tique. Elle convient aux v\u00e9g\u00e9tariens et aux v\u00e9g\u00e9taliens.<\/p>\n<h2>Comment utiliser la cr\u00e8me naturelle contre les douleurs menstruelles ?<\/h2>\n<p>Appliquer la cr\u00e8me sur le bas-ventre et masser avec de l\u00e9gers mouvements circulaires jusqu&rsquo;\u00e0 absorption compl\u00e8te.<br \/>\nL&rsquo;application de la cr\u00e8me contre les douleurs menstruelles par un l\u00e9ger massage assure une meilleure absorption des principes actifs et favorise la circulation sanguine, ce qui rend l&rsquo;effet de la cr\u00e8me encore plus efficace.<\/p>\n<h2>Rem\u00e9dier naturellement aux douleurs menstruelles<\/h2>\n<p>Il existe de nombreuses m\u00e9thodes naturelles pour rem\u00e9dier aux douleurs menstruelles s\u00e9v\u00e8res. Voici une liste de 4 rem\u00e8des naturels efficaces contre les douleurs menstruelles.<\/p>\n<p>1. Utiliser la cr\u00e8me naturelle contre les douleurs menstruelles Argital ,<br \/>\n2. La carafe chaude pour d\u00e9tendre les muscles abdominaux inf\u00e9rieurs et favoriser la circulation sanguine.<br \/>\n3. L&rsquo;utilisation de l&rsquo;enzyme serrapeptase peut \u00e9ventuellement aider en cas de dysm\u00e9norrh\u00e9e.<br \/>\n4. Boire des tisanes \u00e0 base de gingembre, de camomille, de m\u00e9lisse et de fenouil peut \u00eatre analg\u00e9sique et apaisant..<\/p>\n<p>Une explication d\u00e9taill\u00e9e de chaque ingr\u00e9dient se trouve sur la page de l&rsquo;encyclop\u00e9die des ingr\u00e9dients. <a href=\"https:\/\/www.biobey.be\/fr\/chercher-les-ingredients\/\">Cliquez ici<\/a><\/p>\n<p>Ingr\u00e9dients (INCI): Aqua, Glycerin, Polyglyceryl 6 Distearate, Cetyl Alcohol*, <a href=\"https:\/\/www.biobey.be\/fr\/huile-d-amande\/\">Prunus Amygdalus Dulcis Oil<\/a>*, Persea Gratissima Oil*, Alcohol bio*, <a href=\"https:\/\/www.biobey.be\/fr\/potentilla-anserina-extract\/\">Potentilla Anserina Extract<\/a>, <a href=\"https:\/\/www.biobey.be\/fr\/tormentille\/\">Potentilla Erecta Root Extract,<\/a> Lamium Album Extract, Salvia Sclarea Extract*, Equisetum Arvense Leaf Extract*,<\/p>\n<p>Arctostaphylos Uva Ursi Leaf Extract*, <a href=\"https:\/\/www.biobey.be\/fr\/solum-fullonum\/\">Solum Fullonum<\/a>, Berberis Vulgaris Bark Extract, Styrax Benzoin Resin Extract, Vanilla Planifolia Fruit Extract*, Citrus Limon Peel Oil*, Cananga Odorata Flower Oil, <a href=\"https:\/\/www.biobey.be\/fr\/lavandula-hybrida\/\">Lavandula Hybrida Oil,<\/a> <a href=\"https:\/\/www.biobey.be\/fr\/salvia-sclarea\/\">Salvia sclarea Oil<\/a> *Composants naturels des huiles essentielles<\/p>\n<p>*Ingr\u00e9dients issus de l&rsquo;agriculture biologique<\/p>\n","protected":false},"excerpt":{"rendered":"<p>La cr\u00e8me contre les douleurs des r\u00e8gles soulage les muscles du bas-ventre et soulage les crampes menstruelles. La cr\u00e8me est compos\u00e9e d&rsquo;extraits de plantes, d&rsquo;huiles de haute qualit\u00e9 et d&rsquo;huiles essentielles m\u00e9dicinales.<\/p>\n","protected":false},"featured_media":159,"comment_status":"open","ping_status":"closed","template":"","meta":{"ocean_post_layout":"","ocean_both_sidebars_style":"","ocean_both_sidebars_content_width":0,"ocean_both_sidebars_sidebars_width":0,"ocean_sidebar":"0","ocean_second_sidebar":"0","ocean_disable_margins":"enable","ocean_add_body_class":"","ocean_shortcode_before_top_bar":"","ocean_shortcode_after_top_bar":"","ocean_shortcode_before_header":"","ocean_shortcode_after_header":"","ocean_has_shortcode":"","ocean_shortcode_after_title":"","ocean_shortcode_before_footer_widgets":"","ocean_shortcode_after_footer_widgets":"","ocean_shortcode_before_footer_bottom":"","ocean_shortcode_after_footer_bottom":"","ocean_display_top_bar":"default","ocean_display_header":"default","ocean_header_style":"","ocean_center_header_left_menu":"0","ocean_custom_header_template":"0","ocean_custom_logo":0,"ocean_custom_retina_logo":0,"ocean_custom_logo_max_width":0,"ocean_custom_logo_tablet_max_width":0,"ocean_custom_logo_mobile_max_width":0,"ocean_custom_logo_max_height":0,"ocean_custom_logo_tablet_max_height":0,"ocean_custom_logo_mobile_max_height":0,"ocean_header_custom_menu":"0","ocean_menu_typo_font_family":"0","ocean_menu_typo_font_subset":"","ocean_menu_typo_font_size":0,"ocean_menu_typo_font_size_tablet":0,"ocean_menu_typo_font_size_mobile":0,"ocean_menu_typo_font_size_unit":"px","ocean_menu_typo_font_weight":"","ocean_menu_typo_font_weight_tablet":"","ocean_menu_typo_font_weight_mobile":"","ocean_menu_typo_transform":"","ocean_menu_typo_transform_tablet":"","ocean_menu_typo_transform_mobile":"","ocean_menu_typo_line_height":0,"ocean_menu_typo_line_height_tablet":0,"ocean_menu_typo_line_height_mobile":0,"ocean_menu_typo_line_height_unit":"","ocean_menu_typo_spacing":0,"ocean_menu_typo_spacing_tablet":0,"ocean_menu_typo_spacing_mobile":0,"ocean_menu_typo_spacing_unit":"","ocean_menu_link_color":"","ocean_menu_link_color_hover":"","ocean_menu_link_color_active":"","ocean_menu_link_background":"","ocean_menu_link_hover_background":"","ocean_menu_link_active_background":"","ocean_menu_social_links_bg":"","ocean_menu_social_hover_links_bg":"","ocean_menu_social_links_color":"","ocean_menu_social_hover_links_color":"","ocean_disable_title":"default","ocean_disable_heading":"default","ocean_post_title":"","ocean_post_subheading":"","ocean_post_title_style":"","ocean_post_title_background_color":"","ocean_post_title_background":0,"ocean_post_title_bg_image_position":"","ocean_post_title_bg_image_attachment":"","ocean_post_title_bg_image_repeat":"","ocean_post_title_bg_image_size":"","ocean_post_title_height":0,"ocean_post_title_bg_overlay":0.5,"ocean_post_title_bg_overlay_color":"","ocean_disable_breadcrumbs":"default","ocean_breadcrumbs_color":"","ocean_breadcrumbs_separator_color":"","ocean_breadcrumbs_links_color":"","ocean_breadcrumbs_links_hover_color":"","ocean_display_footer_widgets":"default","ocean_display_footer_bottom":"default","ocean_custom_footer_template":"0"},"product_brand":[102],"product_cat":[27,31,16,51,37],"product_tag":[127,125],"class_list":{"0":"post-2137","1":"product","2":"type-product","3":"status-publish","4":"has-post-thumbnail","6":"product_brand-argital","7":"product_cat-hygiene-intime","8":"product_cat-sante","9":"product_cat-soins","10":"product_cat-soins-du-corps","11":"product_cat-zones-intimes-et-crampes-menstruelles","12":"product_tag-sans-silicone","13":"product_tag-vegan","15":"entry","16":"has-media","18":"first","19":"outofstock","20":"taxable","21":"shipping-taxable","22":"purchasable","23":"product-type-simple","24":"has-rating","25":"col","26":"span_1_of_3","27":"owp-content-center","28":"owp-thumbs-layout-horizontal","29":"owp-btn-normal","30":"owp-tabs-layout-section","31":"has-no-thumbnails","32":"circle-sale"},"_links":{"self":[{"href":"https:\/\/www.biobey.be\/fr\/wp-json\/wp\/v2\/product\/2137","targetHints":{"allow":["GET"]}}],"collection":[{"href":"https:\/\/www.biobey.be\/fr\/wp-json\/wp\/v2\/product"}],"about":[{"href":"https:\/\/www.biobey.be\/fr\/wp-json\/wp\/v2\/types\/product"}],"replies":[{"embeddable":true,"href":"https:\/\/www.biobey.be\/fr\/wp-json\/wp\/v2\/comments?post=2137"}],"wp:featuredmedia":[{"embeddable":true,"href":"https:\/\/www.biobey.be\/fr\/wp-json\/wp\/v2\/media\/159"}],"wp:attachment":[{"href":"https:\/\/www.biobey.be\/fr\/wp-json\/wp\/v2\/media?parent=2137"}],"wp:term":[{"taxonomy":"product_brand","embeddable":true,"href":"https:\/\/www.biobey.be\/fr\/wp-json\/wp\/v2\/product_brand?post=2137"},{"taxonomy":"product_cat","embeddable":true,"href":"https:\/\/www.biobey.be\/fr\/wp-json\/wp\/v2\/product_cat?post=2137"},{"taxonomy":"product_tag","embeddable":true,"href":"https:\/\/www.biobey.be\/fr\/wp-json\/wp\/v2\/product_tag?post=2137"}],"curies":[{"name":"wp","href":"https:\/\/api.w.org\/{rel}","templated":true}]}}