{"id":2138,"date":"2025-04-06T21:07:31","date_gmt":"2025-04-06T19:07:31","guid":{"rendered":"https:\/\/www.biobey.be\/fr-temp\/produit\/shampooing-bio-antipelliculaire-argital-100-ml\/"},"modified":"2025-09-09T23:48:51","modified_gmt":"2025-09-09T21:48:51","slug":"shampooing-bio-antipelliculaire-argital-100-ml","status":"publish","type":"product","link":"https:\/\/www.biobey.be\/fr\/produit\/shampooing-bio-antipelliculaire-argital-100-ml\/","title":{"rendered":"Shampooing bio antipelliculaire 100ml"},"content":{"rendered":"<p>Shampooing bio antipelliculaire avec cette composition \u00e9quilibr\u00e9e d&rsquo;ingr\u00e9dients actifs stabilise la production de s\u00e9bum du cuir chevelu, combat efficacement les pellicules ou les squames. L&rsquo;agent antipelliculaire stimule la circulation sanguine du cuir chevelu. Ceci assure la promotion d&rsquo;une croissance saine des cheveux.<\/p>\n<p>Souffrez-vous d&rsquo;ecz\u00e9ma s\u00e9borrh\u00e9ique sur le cuir chevelu ou d&rsquo;une forme tr\u00e8s grave de pellicules sur le cuir chevelu avec des plaques s\u00e8ches, de gros flocons ? Dans ce cas, nous vous conseillons d&rsquo;utiliser le shampooing <span style=\"color: #008000;\"><strong><a style=\"color: #008000;\" href=\"https:\/\/www.biobey.be\/fr\/produit\/shampooing-bio-contre-les-pellicules\/\">bio Capillus contre la s\u00e9borrh\u00e9e<\/a><\/strong><\/span>. Capillus est un shampooing antipelliculaire naturel et tr\u00e8s efficace \u00e0 base d&rsquo;extraits de chanvre.<\/p>\n<h2>Shampooing bio antipelliculaire soulage les d\u00e9mangeaisons du cuir chevelu<\/h2>\n<p>La formule sp\u00e9ciale sans alcool \u00e0 base d&rsquo;extraits pr\u00e9cieux est un excellent compl\u00e9ment aux soins capillaires. La lotion antipelliculaire sans sulfates et\/ou autres produits chimiques est principalement d\u00e9velopp\u00e9e pour le soin du cuir chevelu irrit\u00e9 avec pellicules s\u00e9v\u00e8res. Les huiles essentielles purifiantes d&rsquo;eucalyptus et de menthe apaisent le cuir chevelu sec et d\u00e9mangeant.<\/p>\n<p>La lotion capillaire biologique contre les pellicules et les irritations du cuir chevelu ne contient aucun ingr\u00e9dient synth\u00e9tique potentiellement irritant. Gr\u00e2ce \u00e0 sa composition naturelle douce, il convient \u00e0 une utilisation r\u00e9guli\u00e8re et \u00e0 long terme.<\/p>\n<h3>Shampooing bio antipelliculaire contre les pellicules et les squames capillaires.<\/h3>\n<p>Les pellicules sont une forme l\u00e9g\u00e8re courante d&rsquo;ecz\u00e9ma s\u00e9borro\u00efque et apparaissent lorsque les cellules du cuir chevelu se renouvellent trop rapidement. Comme le cuir chevelu n&rsquo;a pas assez de temps pour \u00e9liminer ces cellules mortes, elles s&rsquo;entassent et forment des pellicules. En bref, cela signifie que votre cuir chevelu est d\u00e9s\u00e9quilibr\u00e9.<\/p>\n<h4>Shampooing bio antipelliculaire favorise la croissance des cheveux<\/h4>\n<p>L&rsquo;ingr\u00e9dient principal, l&rsquo;extrait de romarin renforce la microcirculation dans les capillaires du cuir chevelu et contribue \u00e0 une croissance saine des cheveux. Ingr\u00e9dient principal de cette lotion antipelliculaire naturelle, l&rsquo;extrait de romarin est reconnu pour son action efficace contre diverses maladies de peau.<\/p>\n<p>La synergie entre l&rsquo;huile de romarin anti-inflammatoire et d&rsquo;autres huiles essentielles favorise la circulation du cuir chevelu. Ceci stabilise la production de s\u00e9bum et contribue \u00e0 la sant\u00e9 du cuir chevelu.<\/p>\n<h3>Quel shampooing est le plus efficace contre les pellicules ?<\/h3>\n<p>Le meilleur shampooing qui aide rapidement et efficacement \u00e0 lutter contre les squames, la peau s\u00e8che et donc les formes graves de pellicules ou d&rsquo;ecz\u00e9ma s\u00e9borrh\u00e9ique est <a href=\"https:\/\/www.biobey.be\/fr\/produit\/shampooing-bio-contre-les-pellicules\/\">Capillus de la marque Cannaderm.<\/a> La lotion antipelliculaire de la marque Argital convient mieux aux personnes ayant des pellicules l\u00e9g\u00e8res.<\/p>\n<p><strong>Utilisation\u00a0:<\/strong> Utiliser comme un shampooing normal. Le passage des shampooings chimiques aux shampooings et revitalisants capillaires 100% naturels, sans SLS ni silicones nocifs, est un grand changement pour vos cheveux et votre cuir chevelu.<\/p>\n<h4><strong>Remarque :<\/strong><\/h4>\n<p>Pendant la premi\u00e8re phase ou apr\u00e8s les premiers lavages avec un shampooing naturel pur, vos cheveux peuvent \u00eatre fragiles ou secs. Cela prend 2 semaines, dans certains cas cela peut prendre jusqu&rsquo;\u00e0 2 mois parce que les produits de soins capillaires naturels d\u00e9toxifient vos cheveux des polym\u00e8res p\u00e9trochimiques, silicone ou autres substances synth\u00e9tiques. C&rsquo;est une r\u00e9action normale.<\/p>\n<p>Apr\u00e8s cette p\u00e9riode, vos cheveux et votre cuir chevelu seront exempts de SLS et de silicones, ce qui les rendra plus forts et plus sains. Vous remarquerez \u00e9galement qu&rsquo;apr\u00e8s avoir cess\u00e9 d&rsquo;utiliser des shampooings chimiques agressifs, vous aurez beaucoup moins de perte de cheveux et vos cheveux auront l&rsquo;air plus volumineux.<\/p>\n<p>Attention : \u00c9viter le contact avec les yeux !<\/p>\n<p>*Une explication d\u00e9taill\u00e9e de chaque ingr\u00e9dient se trouve sur la page de l&rsquo;encyclop\u00e9die des ingr\u00e9dients.<\/p>\n<p><strong>Effets du shampooing bio antipelliculaire<\/strong><br \/>\n&#8211; purifie le cuir chevelu et les cheveux<br \/>\n&#8211; apaise les d\u00e9mangeaisons du cuir chevelu<br \/>\n&#8211; favorise la croissance des cheveux<br \/>\n&#8211; rem\u00e9die aux formes l\u00e9g\u00e8res de pellicules (pour les formes s\u00e9v\u00e8res de pellicules ou les squames du cuir chevelu, nous recommandons d&rsquo;utiliser le Shampooing bio contre les pellicules).<\/p>\n<p><strong>Ingr\u00e9dients (INCI):<\/strong> Cocamidopropyl Betaine, Thymus Vulgaris Oil*, &gt;Rosmarinus Officinalis Leaf Oil, Eucalyptus Globulus Leaf Oil*, Lavandula Hybrida Oil*, Cananga Odorata Flower Oil*, Mentha Piperita Oil*, Pelargonium Graveolens Oil*, Cymbopogon Nardus Oil*, Citrus Limon Peel Oil*, Pinus Mugo Pumilio Twig Leaf Oil*, Simmondsia Chinensis Oi, Triticum Vulgare Germ Oil, Ricinus Communis Seed Oil<\/p>\n<p>* Composants d&rsquo;huiles essentielles naturelles<\/p>\n<p>Ingr\u00e9dients issus de l&rsquo;agriculture biologique: Lavandula Hybrida Oil<\/p>\n<h3><strong>Informations compl\u00e9mentaires sur ce shampooing antipelliculaire bio<\/strong><\/h3>\n<p><strong>Shampooing bio antipelliculaire est fait par Argital.<\/strong><\/p>\n<p>Argital est une marque italienne fond\u00e9e en 1979 par le biologiste Giuseppe Ferraro. Les produits Argital ont l&rsquo;une des formules les plus pures et des compositions efficaces, certifi\u00e9es par les certificats les plus stricts tels que BDIH, Demeter.<\/p>\n<p>Les produits Argital sont certifi\u00e9s Vegan et ecoCONTROL par Icea. Les produits sont fabriqu\u00e9s en petites quantit\u00e9s pour garantir une fra\u00eecheur maximale.<\/p>\n<p>Emballage \u00e9cologique : ICEA Eco plastique recycl\u00e9<br \/>\nProcessus de production durable : Italie<\/p>\n","protected":false},"excerpt":{"rendered":"<p>Lotion ou shampooing bio antipelliculaire 100\u2009% naturelle aux extraits de romarin et d&rsquo;huile de jojoba \u00e9limine efficacement les pellicules du cuir chevelu ou les pellicules sur la peau. Il apaise ensuite le cuir chevelu qui d\u00e9mange et pr\u00e9vient la formation de pellicules.<\/p>\n","protected":false},"featured_media":84,"comment_status":"open","ping_status":"closed","template":"","meta":{"ocean_post_layout":"","ocean_both_sidebars_style":"","ocean_both_sidebars_content_width":0,"ocean_both_sidebars_sidebars_width":0,"ocean_sidebar":"","ocean_second_sidebar":"","ocean_disable_margins":"enable","ocean_add_body_class":"","ocean_shortcode_before_top_bar":"","ocean_shortcode_after_top_bar":"","ocean_shortcode_before_header":"","ocean_shortcode_after_header":"","ocean_has_shortcode":"","ocean_shortcode_after_title":"","ocean_shortcode_before_footer_widgets":"","ocean_shortcode_after_footer_widgets":"","ocean_shortcode_before_footer_bottom":"","ocean_shortcode_after_footer_bottom":"","ocean_display_top_bar":"default","ocean_display_header":"default","ocean_header_style":"","ocean_center_header_left_menu":"","ocean_custom_header_template":"","ocean_custom_logo":0,"ocean_custom_retina_logo":0,"ocean_custom_logo_max_width":0,"ocean_custom_logo_tablet_max_width":0,"ocean_custom_logo_mobile_max_width":0,"ocean_custom_logo_max_height":0,"ocean_custom_logo_tablet_max_height":0,"ocean_custom_logo_mobile_max_height":0,"ocean_header_custom_menu":"","ocean_menu_typo_font_family":"","ocean_menu_typo_font_subset":"","ocean_menu_typo_font_size":0,"ocean_menu_typo_font_size_tablet":0,"ocean_menu_typo_font_size_mobile":0,"ocean_menu_typo_font_size_unit":"px","ocean_menu_typo_font_weight":"","ocean_menu_typo_font_weight_tablet":"","ocean_menu_typo_font_weight_mobile":"","ocean_menu_typo_transform":"","ocean_menu_typo_transform_tablet":"","ocean_menu_typo_transform_mobile":"","ocean_menu_typo_line_height":0,"ocean_menu_typo_line_height_tablet":0,"ocean_menu_typo_line_height_mobile":0,"ocean_menu_typo_line_height_unit":"","ocean_menu_typo_spacing":0,"ocean_menu_typo_spacing_tablet":0,"ocean_menu_typo_spacing_mobile":0,"ocean_menu_typo_spacing_unit":"","ocean_menu_link_color":"","ocean_menu_link_color_hover":"","ocean_menu_link_color_active":"","ocean_menu_link_background":"","ocean_menu_link_hover_background":"","ocean_menu_link_active_background":"","ocean_menu_social_links_bg":"","ocean_menu_social_hover_links_bg":"","ocean_menu_social_links_color":"","ocean_menu_social_hover_links_color":"","ocean_disable_title":"default","ocean_disable_heading":"default","ocean_post_title":"","ocean_post_subheading":"","ocean_post_title_style":"","ocean_post_title_background_color":"","ocean_post_title_background":0,"ocean_post_title_bg_image_position":"","ocean_post_title_bg_image_attachment":"","ocean_post_title_bg_image_repeat":"","ocean_post_title_bg_image_size":"","ocean_post_title_height":0,"ocean_post_title_bg_overlay":0.5,"ocean_post_title_bg_overlay_color":"","ocean_disable_breadcrumbs":"default","ocean_breadcrumbs_color":"","ocean_breadcrumbs_separator_color":"","ocean_breadcrumbs_links_color":"","ocean_breadcrumbs_links_hover_color":"","ocean_display_footer_widgets":"default","ocean_display_footer_bottom":"default","ocean_custom_footer_template":""},"product_brand":[102],"product_cat":[34,31,16,24,30,50],"product_tag":[132,127,128,125],"class_list":{"0":"post-2138","1":"product","2":"type-product","3":"status-publish","4":"has-post-thumbnail","6":"product_brand-argital","7":"product_cat-problemes-de-cheveux-et-de-cuir-chevelu","8":"product_cat-sante","9":"product_cat-soins","10":"product_cat-soins-cheveux","11":"product_cat-soins-pour-hommes","12":"product_cat-traitement-capillaire-intensif","13":"product_tag-sans-alcool","14":"product_tag-sans-silicone","15":"product_tag-sanssulfates","16":"product_tag-vegan","18":"entry","19":"has-media","21":"first","22":"instock","23":"taxable","24":"shipping-taxable","25":"purchasable","26":"product-type-simple","27":"has-rating","28":"col","29":"span_1_of_3","30":"owp-content-center","31":"owp-thumbs-layout-horizontal","32":"owp-btn-normal","33":"owp-tabs-layout-section","34":"has-no-thumbnails","35":"circle-sale"},"_links":{"self":[{"href":"https:\/\/www.biobey.be\/fr\/wp-json\/wp\/v2\/product\/2138","targetHints":{"allow":["GET"]}}],"collection":[{"href":"https:\/\/www.biobey.be\/fr\/wp-json\/wp\/v2\/product"}],"about":[{"href":"https:\/\/www.biobey.be\/fr\/wp-json\/wp\/v2\/types\/product"}],"replies":[{"embeddable":true,"href":"https:\/\/www.biobey.be\/fr\/wp-json\/wp\/v2\/comments?post=2138"}],"wp:featuredmedia":[{"embeddable":true,"href":"https:\/\/www.biobey.be\/fr\/wp-json\/wp\/v2\/media\/84"}],"wp:attachment":[{"href":"https:\/\/www.biobey.be\/fr\/wp-json\/wp\/v2\/media?parent=2138"}],"wp:term":[{"taxonomy":"product_brand","embeddable":true,"href":"https:\/\/www.biobey.be\/fr\/wp-json\/wp\/v2\/product_brand?post=2138"},{"taxonomy":"product_cat","embeddable":true,"href":"https:\/\/www.biobey.be\/fr\/wp-json\/wp\/v2\/product_cat?post=2138"},{"taxonomy":"product_tag","embeddable":true,"href":"https:\/\/www.biobey.be\/fr\/wp-json\/wp\/v2\/product_tag?post=2138"}],"curies":[{"name":"wp","href":"https:\/\/api.w.org\/{rel}","templated":true}]}}