{"id":2140,"date":"2025-03-31T16:42:03","date_gmt":"2025-03-31T14:42:03","guid":{"rendered":"https:\/\/www.biobey.be\/fr-temp\/produit\/gel-nettoyant-hygiene-intime-bio-argital-250-ml\/"},"modified":"2026-03-27T19:15:30","modified_gmt":"2026-03-27T18:15:30","slug":"gel-nettoyant-hygiene-intime-bio-argital-250-ml","status":"publish","type":"product","link":"https:\/\/www.biobey.be\/fr\/produit\/gel-nettoyant-hygiene-intime-bio-argital-250-ml\/","title":{"rendered":"Gel intime bio 250ml"},"content":{"rendered":"<p>Gel intime bio \u00e0 base d&rsquo;extraits de plantes et d&rsquo;huiles antibact\u00e9riennes. Elle a un effet \u00e0 la fois nourrissant et cicatrisant. La combinaison d&rsquo;acide lactique naturel, d&rsquo;extraits de plantes et d&rsquo;huiles curatives assure un <strong>nettoyage efficace et une fra\u00eecheur durable de la zone intime<\/strong>.<\/p>\n<h2>Gel intime bio &#8211; fra\u00eecheur et protection<\/h2>\n<p>Les principes actifs du gel de lavage augmentent la r\u00e9sistance aux bact\u00e9ries et champignons nuisibles. Ceci assure la r\u00e9cup\u00e9ration et la protection de la microflore naturelle du vagin.<\/p>\n<p>Gr\u00e2ce \u00e0 ses propri\u00e9t\u00e9s antibact\u00e9riennes et antifongiques, le gel intime bio est id\u00e9al pour les personnes souffrant de mycoses et de maladies g\u00e9nitales similaires.<\/p>\n<p>L&rsquo;ingr\u00e9dient actif principal du gel de lavage est l&rsquo;huile de niaouli. L&rsquo;extrait a un effet antiseptique et antimycosique sp\u00e9cial. Le niaouli maintient l&rsquo;\u00e9quilibre de l&rsquo;environnement naturel acide du vagin, combat et pr\u00e9vient la croissance des bact\u00e9ries et mycoses d\u00e9sagr\u00e9ables.<\/p>\n<p>L&rsquo;huile de menthe, de lavande et de clou de girofle renforce l&rsquo;effet d\u00e9sinfectant et cicatrisant du niaouli, apaise les peaux sensibles, combat les odeurs d\u00e9sagr\u00e9ables et procure une grande sensation de fra\u00eecheur et de l\u00e9g\u00e8ret\u00e9.<\/p>\n<p>Le gel intime bio ne contient que des agents moussants doux et naturels. Ainsi, la couche protectrice naturelle de la peau sensible des zones intimes n&rsquo;est ni perturb\u00e9e ni d\u00e9shydrat\u00e9e. Le lavage intime d&rsquo;Argital assure non seulement <strong>un nettoyage efficace sans irritation, mais aide \u00e9galement \u00e0 pr\u00e9venir l&rsquo;inflammation et les infections des zones intimes.<\/strong><\/p>\n<h3>Gel intime bio pour le traitement des mycoses et des maladies gyn\u00e9cologiques<\/h3>\n<p>La peau de la zone intime est d\u00e9licate et poss\u00e8de une couche protectrice naturelle. Une hygi\u00e8ne intime m\u00e9diocre ou exag\u00e9r\u00e9e avec des produits chimiques toxiques enl\u00e8ve la protection naturelle. Il diminue la r\u00e9sistance aux champignons et favorise les infections bact\u00e9riennes. Ce bain intime naturel \u00e0 base d&rsquo;extraits de plantes biologiques est id\u00e9al pour les personnes souffrant de mycoses et d&rsquo;autres probl\u00e8mes g\u00e9nitaux.<\/p>\n<p>Gr\u00e2ce \u00e0 l&rsquo;effet cicatrisant et antiseptique des extraits v\u00e9g\u00e9taux, du Niaouli, des huiles d\u00e9sinfectantes, le gel lavant assure un nettoyage doux et efficace. Il combat et pr\u00e9vient les infections bact\u00e9riennes et fongiques.<\/p>\n<p><strong>Utilisation:<\/strong> Mettre une petite quantit\u00e9 de gel dans les mains, appliquer sur la zone intime et rincer abondamment \u00e0 l&rsquo;eau claire. Le gel est adapt\u00e9 \u00e0 un usage quotidien.<br \/>\nNote : la pr\u00e9sence d&rsquo;huiles d\u00e9sinfectantes procure une l\u00e9g\u00e8re sensation de picotement au d\u00e9but, ce n&rsquo;est pas une sensation d\u00e9sagr\u00e9able, mais ne peut pas convenir aux personnes ayant une peau tr\u00e8s sensible dans les parties intimes.<\/p>\n<p>*Une explication d\u00e9taill\u00e9e de chaque ingr\u00e9dient se trouve sur la page de l&rsquo;encyclop\u00e9die des ingr\u00e9dients. <span style=\"color: #0000ff;\"><a style=\"color: #0000ff;\" href=\"https:\/\/www.biobey.be\/fr\/chercher-les-ingredients\/\">Cliquez ici<\/a><\/span><br \/>\nIngr\u00e9dients (INCI): Aqua, Sodium Cocoyl Glutamate, Caprylyl\/Capryl Glucoside, Denat. Alcohol, Juniperus Communis Extract (extrait de gen\u00e9vrier),<\/p>\n<p>Arctium Lappa Extract, Lauryl Glucoside, Arnica Montana Flower Extract, Solum Fullonum, Betaine, Styrax Benzoin Resin Extract, Berberis Vulgaris Bark Extract, Lactic Acid (l&rsquo;acide lactique qui r\u00e9sulte de la fermentation des fruits et des l\u00e9gumes),<\/p>\n<p>Cananga Odorata Flower Oil, Lavandula Hybrida Oil, Eugenia Caryophyllus Flower Oil, Pogostemon Cablin Leaf Oil, Lecithin, Olea Europaea Fruit Oil (huile d&rsquo;olive), Prunus Amygdalus Dulcis Oil (huile d&rsquo;amande douce), Triticum Vulgare Germ Oil (huile de germe de bl\u00e9)<br \/>\n*Composants d&rsquo;huiles essentielles naturelles<\/p>\n<p>issus de l&rsquo;agriculture biologique: Alcohol, Arctium Lappa Extract, Olea Europaea Fruit Oil , Prunus Amygdalus Dulcis Oil (huile d&rsquo;amande douce).<br \/>\nIngr\u00e9dients Demeter: Juniperus Communis Extract, Lavandula Hybrida Oil<\/p>\n<p><strong>Gel intime bio &#8211; informations compl\u00e9mentaires sur le produit<\/strong><\/p>\n<p>Le gel intime bio a \u00e9t\u00e9 formul\u00e9e par Argital. Argital est une marque italienne qui se consacre au d\u00e9veloppement de cosm\u00e9tiques et de produits de soins personnels biologiques et naturels.<\/p>\n<p><span style=\"color: #0000ff;\"><a style=\"color: #0000ff;\" href=\"https:\/\/www.biobey.be\/fr\/decouvrez-lhistoire-dargital\/\">Argital<\/a><\/span> a \u00e9t\u00e9 fond\u00e9e en 1979. Tous les produits Argital sont le r\u00e9sultat d&rsquo;une recherche m\u00e9ticuleuse. Les produits sont soumis \u00e0 des tests stricts en laboratoire afin de garantir la qualit\u00e9, la s\u00e9curit\u00e9 et l&rsquo;efficacit\u00e9 des composants naturels individuels (argile verte, herbes, huiles essentielles) et des produits finis.<\/p>\n<p>Le gel intime bio ne contient pas de conservateurs chimiques, de parfums synth\u00e9tiques ou de colorants artificiels. Il est produit en Italie de mani\u00e8re \u00e9cologique. Ce gel intime bio est emball\u00e9 dans un contenant \u00e9cologique, en plastique certifi\u00e9 ICEA ECO<\/p>\n","protected":false},"excerpt":{"rendered":"<p>Gel intime bio, qui consiste en une combinaison d&rsquo;extraits de plantes et d&rsquo;huiles curatives, \u00e0 savoir la menthe, la lavande et l&rsquo;huile de girofle, assure un nettoyage doux, mais efficace et une fra\u00eecheur durable de la zone intime.<\/p>\n","protected":false},"featured_media":156,"comment_status":"open","ping_status":"closed","template":"","meta":{"ocean_post_layout":"","ocean_both_sidebars_style":"","ocean_both_sidebars_content_width":0,"ocean_both_sidebars_sidebars_width":0,"ocean_sidebar":"","ocean_second_sidebar":"","ocean_disable_margins":"enable","ocean_add_body_class":"","ocean_shortcode_before_top_bar":"","ocean_shortcode_after_top_bar":"","ocean_shortcode_before_header":"","ocean_shortcode_after_header":"","ocean_has_shortcode":"","ocean_shortcode_after_title":"","ocean_shortcode_before_footer_widgets":"","ocean_shortcode_after_footer_widgets":"","ocean_shortcode_before_footer_bottom":"","ocean_shortcode_after_footer_bottom":"","ocean_display_top_bar":"default","ocean_display_header":"default","ocean_header_style":"","ocean_center_header_left_menu":"","ocean_custom_header_template":"","ocean_custom_logo":0,"ocean_custom_retina_logo":0,"ocean_custom_logo_max_width":0,"ocean_custom_logo_tablet_max_width":0,"ocean_custom_logo_mobile_max_width":0,"ocean_custom_logo_max_height":0,"ocean_custom_logo_tablet_max_height":0,"ocean_custom_logo_mobile_max_height":0,"ocean_header_custom_menu":"","ocean_menu_typo_font_family":"","ocean_menu_typo_font_subset":"","ocean_menu_typo_font_size":0,"ocean_menu_typo_font_size_tablet":0,"ocean_menu_typo_font_size_mobile":0,"ocean_menu_typo_font_size_unit":"px","ocean_menu_typo_font_weight":"","ocean_menu_typo_font_weight_tablet":"","ocean_menu_typo_font_weight_mobile":"","ocean_menu_typo_transform":"","ocean_menu_typo_transform_tablet":"","ocean_menu_typo_transform_mobile":"","ocean_menu_typo_line_height":0,"ocean_menu_typo_line_height_tablet":0,"ocean_menu_typo_line_height_mobile":0,"ocean_menu_typo_line_height_unit":"","ocean_menu_typo_spacing":0,"ocean_menu_typo_spacing_tablet":0,"ocean_menu_typo_spacing_mobile":0,"ocean_menu_typo_spacing_unit":"","ocean_menu_link_color":"","ocean_menu_link_color_hover":"","ocean_menu_link_color_active":"","ocean_menu_link_background":"","ocean_menu_link_hover_background":"","ocean_menu_link_active_background":"","ocean_menu_social_links_bg":"","ocean_menu_social_hover_links_bg":"","ocean_menu_social_links_color":"","ocean_menu_social_hover_links_color":"","ocean_disable_title":"default","ocean_disable_heading":"default","ocean_post_title":"","ocean_post_subheading":"","ocean_post_title_style":"","ocean_post_title_background_color":"","ocean_post_title_background":0,"ocean_post_title_bg_image_position":"","ocean_post_title_bg_image_attachment":"","ocean_post_title_bg_image_repeat":"","ocean_post_title_bg_image_size":"","ocean_post_title_height":0,"ocean_post_title_bg_overlay":0.5,"ocean_post_title_bg_overlay_color":"","ocean_disable_breadcrumbs":"default","ocean_breadcrumbs_color":"","ocean_breadcrumbs_separator_color":"","ocean_breadcrumbs_links_color":"","ocean_breadcrumbs_links_hover_color":"","ocean_display_footer_widgets":"default","ocean_display_footer_bottom":"default","ocean_custom_footer_template":""},"product_brand":[102],"product_cat":[27,31,16,51,37],"product_tag":[131,125],"class_list":{"0":"post-2140","1":"product","2":"type-product","3":"status-publish","4":"has-post-thumbnail","6":"product_brand-argital","7":"product_cat-hygiene-intime","8":"product_cat-sante","9":"product_cat-soins","10":"product_cat-soins-du-corps","11":"product_cat-zones-intimes-et-crampes-menstruelles","12":"product_tag-sans-glycerine","13":"product_tag-vegan","15":"entry","16":"has-media","18":"first","19":"instock","20":"taxable","21":"shipping-taxable","22":"purchasable","23":"product-type-simple","24":"has-rating","25":"col","26":"span_1_of_3","27":"owp-content-center","28":"owp-thumbs-layout-horizontal","29":"owp-btn-normal","30":"owp-tabs-layout-section","31":"has-no-thumbnails","32":"circle-sale"},"_links":{"self":[{"href":"https:\/\/www.biobey.be\/fr\/wp-json\/wp\/v2\/product\/2140","targetHints":{"allow":["GET"]}}],"collection":[{"href":"https:\/\/www.biobey.be\/fr\/wp-json\/wp\/v2\/product"}],"about":[{"href":"https:\/\/www.biobey.be\/fr\/wp-json\/wp\/v2\/types\/product"}],"replies":[{"embeddable":true,"href":"https:\/\/www.biobey.be\/fr\/wp-json\/wp\/v2\/comments?post=2140"}],"wp:featuredmedia":[{"embeddable":true,"href":"https:\/\/www.biobey.be\/fr\/wp-json\/wp\/v2\/media\/156"}],"wp:attachment":[{"href":"https:\/\/www.biobey.be\/fr\/wp-json\/wp\/v2\/media?parent=2140"}],"wp:term":[{"taxonomy":"product_brand","embeddable":true,"href":"https:\/\/www.biobey.be\/fr\/wp-json\/wp\/v2\/product_brand?post=2140"},{"taxonomy":"product_cat","embeddable":true,"href":"https:\/\/www.biobey.be\/fr\/wp-json\/wp\/v2\/product_cat?post=2140"},{"taxonomy":"product_tag","embeddable":true,"href":"https:\/\/www.biobey.be\/fr\/wp-json\/wp\/v2\/product_tag?post=2140"}],"curies":[{"name":"wp","href":"https:\/\/api.w.org\/{rel}","templated":true}]}}