{"id":2143,"date":"2025-03-31T20:40:52","date_gmt":"2025-03-31T18:40:52","guid":{"rendered":"https:\/\/www.biobey.be\/fr-temp\/produit\/savon-argital-huile-damande-100g\/"},"modified":"2025-11-04T21:31:02","modified_gmt":"2025-11-04T20:31:02","slug":"savon-argital-huile-damande-100g","status":"publish","type":"product","link":"https:\/\/www.biobey.be\/fr\/produit\/savon-argital-huile-damande-100g\/","title":{"rendered":"Savon argile verte bio d&rsquo;amande 100g"},"content":{"rendered":"<p>Savon argile verte du corps naturel \u00e0 l&rsquo;argile verte et \u00e0 l&rsquo;huile d&rsquo;amande nettoie la peau du corps sans l&rsquo;irriter ni la dess\u00e9cher. L&rsquo;huile d&rsquo;amande pure nourrit et hydrate intens\u00e9ment la peau. Gr\u00e2ce \u00e0 ses ingr\u00e9dients respectueux de la peau et des soins, ce savon naturel convient m\u00eame <a href=\"https:\/\/www.biobey.be\/fr\/produit\/x-oil-huile-de-massage-neutre-cbd-peau-100ml\/\">aux peaux les plus sensibles et allergiques.<\/a><\/p>\n<p>La formule \u00e0 base d&rsquo;ingr\u00e9dients purs d&rsquo;huile d&rsquo;amande et d&rsquo;argile verte enrichie d&rsquo;un puissant m\u00e9lange d&rsquo;huiles essentielles de lavande, patchouli, cypr\u00e8s, pin et menthe a des effets purifiants et nourrissants.<\/p>\n<h2>Savon argile verte naturel\u00a0 du corps naturel soin en douceur<\/h2>\n<p>Le savon argile verte naturel\u00a0 d&rsquo;Argital nettoie et nourrit intens\u00e9ment la peau. L&rsquo;argile verte riche en min\u00e9raux est un excellent nettoyant absorbant et antiseptique pour la peau. Il stimule la circulation sanguine et favorise le renouvellement cellulaire naturel de la peau.<\/p>\n<p>L&rsquo;huile d&rsquo;amande contient des niveaux \u00e9lev\u00e9s d&rsquo;acides gras insatur\u00e9s et de vitamines. Cela hydrate et nourrit efficacement la peau. L&rsquo;association de l&rsquo;huile d&rsquo;amande et de l&rsquo;argile verte purifie et hydrate la peau.<\/p>\n<p>L&rsquo;argile verte enrichie en huiles essentielles m\u00e9dicinales stimule la circulation sanguine afin que les d\u00e9chets soient \u00e9limin\u00e9s plus rapidement et que le processus naturel de renouvellement cellulaire de la peau soit soutenu.<\/p>\n<h3>Exfoliation douce et naturelle de la peau<\/h3>\n<p>Le savon argile verte\u00a0 v\u00e9g\u00e9tal nourrissant Argital exfolie la peau en douceur gr\u00e2ce \u00e0 l&rsquo;argile verte biologique utilis\u00e9e dans le savon.<\/p>\n<p><strong>Hydrate et apaise la peau<\/strong><\/p>\n<p>L&rsquo;huile d&rsquo;amande et le m\u00e9lange d&rsquo;huiles essentielles naturelles de lavande, patchouli, cypr\u00e8s, pin et menthe<span style=\"color: #0000ff;\"><a style=\"color: #0000ff;\" href=\"https:\/\/www.biobey.be\/fr\/produit\/huile-nettoyante-et-nourrissante-visage\/\"> nourrissent et hydratent la peau de mani\u00e8re intensive.<\/a><\/span><\/p>\n<p>Ce savon naturel convient \u00e0 tous les types de peaux ainsi qu&rsquo;aux peaux sensibles ayant tendance aux irritations. Gr\u00e2ce \u00e0 sa mousse onctueuse et \u00e0 sa formule enrichie en ingr\u00e9dients nourrissants, le savon v\u00e9g\u00e9tal d&rsquo;Argital assure une peau purifi\u00e9e et soign\u00e9e.<\/p>\n<h3>Comment utiliser le savon naturel \u00e0 l&rsquo;argile verte ?<\/h3>\n<p>Gr\u00e2ce \u00e0 sa formule douce, le savon naturel \u00e0 l&rsquo;argile verte peut \u00eatre utilis\u00e9 r\u00e9guli\u00e8rement. Frottez le savon entre vos paumes humides pour le faire mousser plus rapidement.<\/p>\n<p>Appliquez ensuite le savon sur la peau humide. Massez doucement le savon en mouvements circulaires sur tout le corps. Rincez ensuite \u00e0 l&rsquo;eau ti\u00e8de. Placez le savon dans un endroit sec apr\u00e8s utilisation.<\/p>\n<p>Le savon naturel \u00e0 l&rsquo;argile verte est produit par Argital en Italie. Argital est un fabricant italien de produits de soins biologiques et \u00e9cologiques \u00e0 base de poudre d&rsquo;argile verte.<\/p>\n<p>Les produits Argital sont fabriqu\u00e9s de mani\u00e8re \u00e9cologique \u00e0 partir d&rsquo;extraits naturels de haute qualit\u00e9 et de poudre d&rsquo;argile verte pure. Les produits Argital sont certifi\u00e9s Icea Bio, BDIH, EcoControl et Demeter.<br \/>\n*Une explication d\u00e9taill\u00e9e de chaque ingr\u00e9dient se trouve sur la page de l&rsquo;encyclop\u00e9die des ingr\u00e9dients.<\/p>\n<p>Ingredi\u00ebnten( INCI) : Sodium Palmate, Sodium Cocoate, Aqua, Glycerin, Sodium Chloride, Citric Acid, Styrax Benzoin Resin Extract, Pogostemon Cablin Leaf Oil*, Solum Fullonum, Prunus Amygdalus Dulcis Oil, Cupressus Sempervirens Oil*,<\/p>\n<p>Lavandula Hybrida Oil*, Pinus Mugo Pumilio Twig Leaf Oil*, Mentha Piperita Oil*. * Composants d&rsquo;huiles essentielles naturelles<br \/>\nIngr\u00e9dients issus de l&rsquo;agriculture biologique Lavandula Hybrida Oil<\/p>\n<h4>Informations additionnelles sur le Savon argile verte<\/h4>\n<p>Les produits de la marque Argital ne contiennent ni conservateurs synth\u00e9tiques, ni parfums synth\u00e9tiques, ni colorants artificiels.<br \/>\nOrigine des mat\u00e9riaux bruts et processus de production<br \/>\n&#8211; Processus de production \u00e9cologique : certificat Demeter, agriculture biodynamique<br \/>\n&#8211; Pays d&rsquo;origine des mati\u00e8res premi\u00e8res : EU<br \/>\n&#8211; Produit en : Italie<\/p>\n","protected":false},"excerpt":{"rendered":"<p>Le savon argile verte v\u00e9g\u00e9tal \u00e0 l&rsquo;argile verte et \u00e0 l&rsquo;huile d&rsquo;amande Argital nettoie et nourrit intens\u00e9ment la peau. L&rsquo;argile verte riche en min\u00e9raux est un excellent nettoyant absorbant et antiseptique pour la peau.<\/p>\n","protected":false},"featured_media":96,"comment_status":"open","ping_status":"closed","template":"","meta":{"ocean_post_layout":"","ocean_both_sidebars_style":"","ocean_both_sidebars_content_width":0,"ocean_both_sidebars_sidebars_width":0,"ocean_sidebar":"","ocean_second_sidebar":"","ocean_disable_margins":"enable","ocean_add_body_class":"","ocean_shortcode_before_top_bar":"","ocean_shortcode_after_top_bar":"","ocean_shortcode_before_header":"","ocean_shortcode_after_header":"","ocean_has_shortcode":"","ocean_shortcode_after_title":"","ocean_shortcode_before_footer_widgets":"","ocean_shortcode_after_footer_widgets":"","ocean_shortcode_before_footer_bottom":"","ocean_shortcode_after_footer_bottom":"","ocean_display_top_bar":"default","ocean_display_header":"default","ocean_header_style":"","ocean_center_header_left_menu":"","ocean_custom_header_template":"","ocean_custom_logo":0,"ocean_custom_retina_logo":0,"ocean_custom_logo_max_width":0,"ocean_custom_logo_tablet_max_width":0,"ocean_custom_logo_mobile_max_width":0,"ocean_custom_logo_max_height":0,"ocean_custom_logo_tablet_max_height":0,"ocean_custom_logo_mobile_max_height":0,"ocean_header_custom_menu":"","ocean_menu_typo_font_family":"","ocean_menu_typo_font_subset":"","ocean_menu_typo_font_size":0,"ocean_menu_typo_font_size_tablet":0,"ocean_menu_typo_font_size_mobile":0,"ocean_menu_typo_font_size_unit":"px","ocean_menu_typo_font_weight":"","ocean_menu_typo_font_weight_tablet":"","ocean_menu_typo_font_weight_mobile":"","ocean_menu_typo_transform":"","ocean_menu_typo_transform_tablet":"","ocean_menu_typo_transform_mobile":"","ocean_menu_typo_line_height":0,"ocean_menu_typo_line_height_tablet":0,"ocean_menu_typo_line_height_mobile":0,"ocean_menu_typo_line_height_unit":"","ocean_menu_typo_spacing":0,"ocean_menu_typo_spacing_tablet":0,"ocean_menu_typo_spacing_mobile":0,"ocean_menu_typo_spacing_unit":"","ocean_menu_link_color":"","ocean_menu_link_color_hover":"","ocean_menu_link_color_active":"","ocean_menu_link_background":"","ocean_menu_link_hover_background":"","ocean_menu_link_active_background":"","ocean_menu_social_links_bg":"","ocean_menu_social_hover_links_bg":"","ocean_menu_social_links_color":"","ocean_menu_social_hover_links_color":"","ocean_disable_title":"default","ocean_disable_heading":"default","ocean_post_title":"","ocean_post_subheading":"","ocean_post_title_style":"","ocean_post_title_background_color":"","ocean_post_title_background":0,"ocean_post_title_bg_image_position":"","ocean_post_title_bg_image_attachment":"","ocean_post_title_bg_image_repeat":"","ocean_post_title_bg_image_size":"","ocean_post_title_height":0,"ocean_post_title_bg_overlay":0.5,"ocean_post_title_bg_overlay_color":"","ocean_disable_breadcrumbs":"default","ocean_breadcrumbs_color":"","ocean_breadcrumbs_separator_color":"","ocean_breadcrumbs_links_color":"","ocean_breadcrumbs_links_hover_color":"","ocean_display_footer_widgets":"default","ocean_display_footer_bottom":"default","ocean_custom_footer_template":""},"product_brand":[102],"product_cat":[52,16,51],"product_tag":[128,125],"class_list":{"0":"post-2143","1":"product","2":"type-product","3":"status-publish","4":"has-post-thumbnail","6":"product_brand-argital","7":"product_cat-nettoyage-et-hygiene","8":"product_cat-soins","9":"product_cat-soins-du-corps","10":"product_tag-sanssulfates","11":"product_tag-vegan","13":"entry","14":"has-media","16":"first","17":"instock","18":"taxable","19":"shipping-taxable","20":"purchasable","21":"product-type-simple","22":"has-rating","23":"col","24":"span_1_of_3","25":"owp-content-center","26":"owp-thumbs-layout-horizontal","27":"owp-btn-normal","28":"owp-tabs-layout-section","29":"has-no-thumbnails","30":"circle-sale"},"_links":{"self":[{"href":"https:\/\/www.biobey.be\/fr\/wp-json\/wp\/v2\/product\/2143","targetHints":{"allow":["GET"]}}],"collection":[{"href":"https:\/\/www.biobey.be\/fr\/wp-json\/wp\/v2\/product"}],"about":[{"href":"https:\/\/www.biobey.be\/fr\/wp-json\/wp\/v2\/types\/product"}],"replies":[{"embeddable":true,"href":"https:\/\/www.biobey.be\/fr\/wp-json\/wp\/v2\/comments?post=2143"}],"wp:featuredmedia":[{"embeddable":true,"href":"https:\/\/www.biobey.be\/fr\/wp-json\/wp\/v2\/media\/96"}],"wp:attachment":[{"href":"https:\/\/www.biobey.be\/fr\/wp-json\/wp\/v2\/media?parent=2143"}],"wp:term":[{"taxonomy":"product_brand","embeddable":true,"href":"https:\/\/www.biobey.be\/fr\/wp-json\/wp\/v2\/product_brand?post=2143"},{"taxonomy":"product_cat","embeddable":true,"href":"https:\/\/www.biobey.be\/fr\/wp-json\/wp\/v2\/product_cat?post=2143"},{"taxonomy":"product_tag","embeddable":true,"href":"https:\/\/www.biobey.be\/fr\/wp-json\/wp\/v2\/product_tag?post=2143"}],"curies":[{"name":"wp","href":"https:\/\/api.w.org\/{rel}","templated":true}]}}