{"id":2145,"date":"2023-08-21T00:15:32","date_gmt":"2023-08-20T22:15:32","guid":{"rendered":"https:\/\/www.biobey.be\/fr-temp\/produit\/shampooing-bio-hypoallergenique-bebe-250ml\/"},"modified":"2025-11-25T00:06:12","modified_gmt":"2025-11-24T23:06:12","slug":"shampooing-bio-hypoallergenique-bebe-250ml","status":"publish","type":"product","link":"https:\/\/www.biobey.be\/fr\/produit\/shampooing-bio-hypoallergenique-bebe-250ml\/","title":{"rendered":"Shampooing bio b\u00e9b\u00e9 250ml"},"content":{"rendered":"<p>Shampooing bio b\u00e9b\u00e9 a une fonction \u00e0 la fois nettoyante et protectrice. Les agents moussants naturels et les prot\u00e9ines v\u00e9g\u00e9tales \u00e9liminent les impuret\u00e9s. De plus, ils adoucissent et prot\u00e8gent la peau et les cheveux contre le dess\u00e8chement.<\/p>\n<h2>Shampooing bio b\u00e9b\u00e9 pour un nettoyage en douceur<\/h2>\n<p>Shampooing bio b\u00e9b\u00e9 Argital ne contient pas de sulfates synth\u00e9tiques qui affectent la barri\u00e8re naturelle de la peau. Argital utilise des sulfates de plantes, ils sont beaucoup plus appropri\u00e9s pour la peau vuln\u00e9rable des b\u00e9b\u00e9s et ne causent pas d&rsquo;irritation. L&rsquo;argile verte biologique s\u00e9ch\u00e9e au soleil pr\u00e9sente dans le shampooing absorbe les salet\u00e9s, d\u00e9sinfecte et prot\u00e8ge la peau sensible des irritations et des inflammations.<\/p>\n<p>Le calendula, l&rsquo;un des principaux ingr\u00e9dients de ce shampooing naturel pour b\u00e9b\u00e9, soulage efficacement les irritations et les rougeurs et apaise la peau. Le bois de santal nourrit et prot\u00e8ge la peau de le dess\u00e8chement. De plus, le shampooing bio b\u00e9b\u00e9 prot\u00e8ge la peau et les cheveux sensibles de votre b\u00e9b\u00e9 contre l&rsquo;irritation.<\/p>\n<p>Des extraits de plantes biologiques et de l&rsquo;argile verte contribuent \u00e0 la r\u00e9g\u00e9n\u00e9ration de la peau. Ils nourrissent la peau d\u00e9licate de b\u00e9b\u00e9 avec des vitamines et des nutriments. L&rsquo;ingr\u00e9dient principal, le Calendula apaise la peau et favorise la r\u00e9g\u00e9n\u00e9ration naturelle de la peau ab\u00eem\u00e9e.<\/p>\n<h3><strong>Quel shampoing bio d\u2019Argital pour cheveux de b\u00e9b\u00e9 ?<\/strong><\/h3>\n<p>Gr\u00e2ce \u00e0 sa composition 100 % naturelle, sans parfum ni huiles essentielles, ce shampooing et cr\u00e8me de douche hypoallerg\u00e9nique pour b\u00e9b\u00e9s d&rsquo; Argital convient m\u00eame aux peaux et cheveux les plus sensibles. C&rsquo;est le meilleur choix pour les soins quotidiens et l&rsquo;hygi\u00e8ne des b\u00e9b\u00e9s et des enfants.<\/p>\n<p>D&rsquo;autres ingr\u00e9dients actifs importants sont l&rsquo;extrait d&rsquo;arnica et l&rsquo;huile de santal biologique, ils d\u00e9sinfectent et prot\u00e8gent la peau des irritations. Des agents tensioactifs ou moussants v\u00e9g\u00e9taux doux m\u00e9lang\u00e9s \u00e0 des extraits v\u00e9g\u00e9taux et \u00e0 de l&rsquo;argile verte antibact\u00e9rienne \u00e9liminent les salet\u00e9s, prennent soin de la peau et des cheveux de votre b\u00e9b\u00e9.<\/p>\n<p>Convient \u00e9galement pour les soins quotidiens des personnes \u00e0 la peau tr\u00e8s sensible et des personnes ayant une tendance aux allergies cutan\u00e9es.<\/p>\n<h4><strong>Efficacit\u00e9 prouv\u00e9e des produits de soins de la peau Argital Baby<\/strong><\/h4>\n<p>Les tests sp\u00e9ciaux r\u00e9alis\u00e9s avec la collaboration d&rsquo;un groupe de m\u00e8res ont montr\u00e9 qu&rsquo;avec l&rsquo;application de la gamme de soins pour b\u00e9b\u00e9s Argital, m\u00eame les cas les plus s\u00e9v\u00e8res d&rsquo;\u00e9ryth\u00e8me fessier disparaissent en peu de temps. Les produits Argital Baby care tels que le shampooing naturel hypoallerg\u00e9nique pour b\u00e9b\u00e9 sont naturels et test\u00e9s antiallergiques.<\/p>\n<p>La cr\u00e8me de protection naturelle hypoallerg\u00e9nique pour b\u00e9b\u00e9 contre l&rsquo;\u00e9ryth\u00e8me fessier et les irritations cutan\u00e9es, la lotion naturelle hypoallerg\u00e9nique hydratante et nourrissante pour b\u00e9b\u00e9 sont compos\u00e9s d&rsquo;ingr\u00e9dients 100 % naturels. Les principes actifs sont la violette et l&rsquo;argile verte marine.L&rsquo;argile verte a un effet hydratant, protecteur et purifiant.<\/p>\n<h4>Comment utiliser le shampooing bio b\u00e9b\u00e9?<\/h4>\n<p>Appliquer un peu de shampooing douche sur la peau ou les cheveux mouill\u00e9s, masser l\u00e9g\u00e8rement. Rincer abondamment \u00e0 l&rsquo;eau.Le shampooing bio bebe peut \u00eatre utilis\u00e9 r\u00e9guli\u00e8rement gr\u00e2ce \u00e0 sa formule douce. Ne convient pas \u00e0 l&rsquo;ingestion. Conserver le shampooing dans un endroit sec et \u00e0 temp\u00e9rature ambiante.<\/p>\n<p>*Une explication d\u00e9taill\u00e9e de chaque ingr\u00e9dient se trouve sur la page de l&rsquo;encyclop\u00e9die des ingr\u00e9dients. <strong><a href=\"https:\/\/www.biobey.be\/fr\/chercher-les-ingredients\/\">Cliquez ici<\/a><\/strong><\/p>\n<p>Ingr\u00e9dients (INCI): Aqua, Calendula Officinalis Flower Extract, Arnica Montana Flower Extract, Sodium Cocoyl Glutamate, Potassium Cocoyl Rice Amino Acids, Alcohol, Solum fullonum, Vanilla Planifolia Fruit extract, Xanthan Gum, Santalum Album Oil. Ingr\u00e9dients biologique: Calendula Officinalis Flower Extract, Alcohol, Vanilla planifolia extract<\/p>\n","protected":false},"excerpt":{"rendered":"<p>Shampooing\u00a0 hypoallerg\u00e9nique bio pour b\u00e9b\u00e9 et gel douche nettoie en douceur la peau et les cheveux sensibles de votre b\u00e9b\u00e9. Il ne contient pas de sulfates synth\u00e9tiques qui affectent la barri\u00e8re cutan\u00e9e.<\/p>\n","protected":false},"featured_media":197,"comment_status":"open","ping_status":"closed","template":"","meta":{"ocean_post_layout":"","ocean_both_sidebars_style":"","ocean_both_sidebars_content_width":0,"ocean_both_sidebars_sidebars_width":0,"ocean_sidebar":"","ocean_second_sidebar":"","ocean_disable_margins":"enable","ocean_add_body_class":"","ocean_shortcode_before_top_bar":"","ocean_shortcode_after_top_bar":"","ocean_shortcode_before_header":"","ocean_shortcode_after_header":"","ocean_has_shortcode":"","ocean_shortcode_after_title":"","ocean_shortcode_before_footer_widgets":"","ocean_shortcode_after_footer_widgets":"","ocean_shortcode_before_footer_bottom":"","ocean_shortcode_after_footer_bottom":"","ocean_display_top_bar":"default","ocean_display_header":"default","ocean_header_style":"","ocean_center_header_left_menu":"","ocean_custom_header_template":"","ocean_custom_logo":0,"ocean_custom_retina_logo":0,"ocean_custom_logo_max_width":0,"ocean_custom_logo_tablet_max_width":0,"ocean_custom_logo_mobile_max_width":0,"ocean_custom_logo_max_height":0,"ocean_custom_logo_tablet_max_height":0,"ocean_custom_logo_mobile_max_height":0,"ocean_header_custom_menu":"","ocean_menu_typo_font_family":"","ocean_menu_typo_font_subset":"","ocean_menu_typo_font_size":0,"ocean_menu_typo_font_size_tablet":0,"ocean_menu_typo_font_size_mobile":0,"ocean_menu_typo_font_size_unit":"px","ocean_menu_typo_font_weight":"","ocean_menu_typo_font_weight_tablet":"","ocean_menu_typo_font_weight_mobile":"","ocean_menu_typo_transform":"","ocean_menu_typo_transform_tablet":"","ocean_menu_typo_transform_mobile":"","ocean_menu_typo_line_height":0,"ocean_menu_typo_line_height_tablet":0,"ocean_menu_typo_line_height_mobile":0,"ocean_menu_typo_line_height_unit":"","ocean_menu_typo_spacing":0,"ocean_menu_typo_spacing_tablet":0,"ocean_menu_typo_spacing_mobile":0,"ocean_menu_typo_spacing_unit":"","ocean_menu_link_color":"","ocean_menu_link_color_hover":"","ocean_menu_link_color_active":"","ocean_menu_link_background":"","ocean_menu_link_hover_background":"","ocean_menu_link_active_background":"","ocean_menu_social_links_bg":"","ocean_menu_social_hover_links_bg":"","ocean_menu_social_links_color":"","ocean_menu_social_hover_links_color":"","ocean_disable_title":"default","ocean_disable_heading":"default","ocean_post_title":"","ocean_post_subheading":"","ocean_post_title_style":"","ocean_post_title_background_color":"","ocean_post_title_background":0,"ocean_post_title_bg_image_position":"","ocean_post_title_bg_image_attachment":"","ocean_post_title_bg_image_repeat":"","ocean_post_title_bg_image_size":"","ocean_post_title_height":0,"ocean_post_title_bg_overlay":0.5,"ocean_post_title_bg_overlay_color":"","ocean_disable_breadcrumbs":"default","ocean_breadcrumbs_color":"","ocean_breadcrumbs_separator_color":"","ocean_breadcrumbs_links_color":"","ocean_breadcrumbs_links_hover_color":"","ocean_display_footer_widgets":"default","ocean_display_footer_bottom":"default","ocean_custom_footer_template":""},"product_brand":[102],"product_cat":[44,45],"product_tag":[127,128,125],"class_list":{"0":"post-2145","1":"product","2":"type-product","3":"status-publish","4":"has-post-thumbnail","6":"product_brand-argital","7":"product_cat-enfant-et-bebe","8":"product_cat-soin-de-bain-bebe","9":"product_tag-sans-silicone","10":"product_tag-sanssulfates","11":"product_tag-vegan","13":"entry","14":"has-media","16":"first","17":"instock","18":"taxable","19":"shipping-taxable","20":"purchasable","21":"product-type-simple","22":"has-rating","23":"col","24":"span_1_of_3","25":"owp-content-center","26":"owp-thumbs-layout-horizontal","27":"owp-btn-normal","28":"owp-tabs-layout-section","29":"has-no-thumbnails","30":"circle-sale"},"_links":{"self":[{"href":"https:\/\/www.biobey.be\/fr\/wp-json\/wp\/v2\/product\/2145","targetHints":{"allow":["GET"]}}],"collection":[{"href":"https:\/\/www.biobey.be\/fr\/wp-json\/wp\/v2\/product"}],"about":[{"href":"https:\/\/www.biobey.be\/fr\/wp-json\/wp\/v2\/types\/product"}],"replies":[{"embeddable":true,"href":"https:\/\/www.biobey.be\/fr\/wp-json\/wp\/v2\/comments?post=2145"}],"wp:featuredmedia":[{"embeddable":true,"href":"https:\/\/www.biobey.be\/fr\/wp-json\/wp\/v2\/media\/197"}],"wp:attachment":[{"href":"https:\/\/www.biobey.be\/fr\/wp-json\/wp\/v2\/media?parent=2145"}],"wp:term":[{"taxonomy":"product_brand","embeddable":true,"href":"https:\/\/www.biobey.be\/fr\/wp-json\/wp\/v2\/product_brand?post=2145"},{"taxonomy":"product_cat","embeddable":true,"href":"https:\/\/www.biobey.be\/fr\/wp-json\/wp\/v2\/product_cat?post=2145"},{"taxonomy":"product_tag","embeddable":true,"href":"https:\/\/www.biobey.be\/fr\/wp-json\/wp\/v2\/product_tag?post=2145"}],"curies":[{"name":"wp","href":"https:\/\/api.w.org\/{rel}","templated":true}]}}