{"id":2146,"date":"2025-05-23T14:00:50","date_gmt":"2025-05-23T12:00:50","guid":{"rendered":"https:\/\/www.biobey.be\/fr-temp\/produit\/creme-protectrice-bebe-hypoallergenique-50ml\/"},"modified":"2025-11-25T00:06:12","modified_gmt":"2025-11-24T23:06:12","slug":"creme-protectrice-bebe-hypoallergenique-50ml","status":"publish","type":"product","link":"https:\/\/www.biobey.be\/fr\/produit\/creme-protectrice-bebe-hypoallergenique-50ml\/","title":{"rendered":"Cr\u00e8me pour le change b\u00e9b\u00e9 bio 50ml"},"content":{"rendered":"<p>Une cr\u00e8me hypoallerg\u00e9nique naturelle pour soigner intensivement la peau irrit\u00e9e et rougie des b\u00e9b\u00e9s? La cr\u00e8me pour b\u00e9b\u00e9s hypoallerg\u00e9nique biologique a un effet cicatrisant et protecteur intensif sur la peau vuln\u00e9rable de b\u00e9b\u00e9.<\/p>\n<p><strong>Quels sont les effets de cette cr\u00e8me protectrice naturelle pour b\u00e9b\u00e9s ou pour peaux sensibles ?<\/strong><\/p>\n<p>Gr\u00e2ce \u00e0 ses composants naturels et m\u00e9dicinaux, cette cr\u00e8me pour b\u00e9b\u00e9s poss\u00e8de les propri\u00e9t\u00e9s suivantes:<\/p>\n<ol>\n<li>Apaise les peaux irrit\u00e9es<\/li>\n<li>A un effet anti-inflammatoire<\/li>\n<li>Aide \u00e0 pr\u00e9venir les \u00e9ruptions cutan\u00e9es et les d\u00e9mangeaisons<\/li>\n<\/ol>\n<p>La formule sp\u00e9ciale \u00e0 base d&rsquo;ingr\u00e9dients naturels tels que le calendula, l&rsquo;argile verte, le jojoba et l&rsquo;huile d&rsquo;amande rend la cr\u00e8me particuli\u00e8rement adapt\u00e9e aux peaux les plus sensibles de b\u00e9b\u00e9.<\/p>\n<h2>La cr\u00e8me soulage et apaise la peau rouge et irrit\u00e9e.<\/h2>\n<p>De plus, la composition d&rsquo;extraits de plantes m\u00e9dicinales curatives et de boue verte antibact\u00e9rienne forme une barri\u00e8re protectrice contre les effets nocifs de l&rsquo;urine et des selles. Le <span style=\"color: #0000ff;\"><a style=\"color: #0000ff;\" href=\"https:\/\/www.biobey.be\/fr\/produit\/bio-calendula-creme-au-souci-pour-les-peaux-sensibles-75ml\/\">calendula<\/a><\/span> et l&rsquo;extrait tricolore de violette adoucissent et prot\u00e8gent les peaux sensibles. De plus, ces extraits assurent une r\u00e9g\u00e9n\u00e9ration et une cicatrisation rapides.<\/p>\n<p>L&rsquo;association d&rsquo;huile de jojoba, d&rsquo;huile d&rsquo;olive et d&rsquo;huile d&rsquo;amande nourrit la peau avec les vitamines n\u00e9cessaires, la prot\u00e8ge contre la dess\u00e8chement et les irritations r\u00e9p\u00e9t\u00e9es.<\/p>\n<p>Les propri\u00e9t\u00e9s antibact\u00e9riennes de l&rsquo;oxyde de zinc et de l&rsquo;argile verte assurent non seulement une cicatrisation rapide, mais pr\u00e9viennent efficacement l&rsquo;inflammation. La cire d&rsquo;abeille ajout\u00e9e cr\u00e9e alors un l\u00e9ger film protecteur \u00e0 la surface de la peau pour pr\u00e9venir la friction. Cela prot\u00e8ge la peau de l&rsquo;humidit\u00e9 et des irritants.<\/p>\n<p><strong>La cr\u00e8me hypoallerg\u00e9nique \u00e0 texture \u00e9paisse nourrit et apaise efficacement la peau irrit\u00e9e et sensible de b\u00e9b\u00e9.<\/strong><\/p>\n<p>Action hydratante et calmante intense. La cr\u00e8me naturelle pour b\u00e9b\u00e9s est compos\u00e9e d&rsquo;ingr\u00e9dients enti\u00e8rement naturels. De plus, il ne contient pas de produits chimiques inutiles qui peuvent irriter la peau d\u00e9licate de b\u00e9b\u00e9. Par cons\u00e9quent, il convient m\u00eame aux peaux de b\u00e9b\u00e9 les plus sensibles et les plus vuln\u00e9rables.<\/p>\n<p>Les principes actifs de cette cr\u00e8me pour b\u00e9b\u00e9s hypoallerg\u00e9nique soutiennent la barri\u00e8re lipidique naturelle de la peau et prot\u00e8gent ainsi la peau de la d\u00e9shydratation.<\/p>\n<h3>La cr\u00e8me pour le change a un effet anti-inflammatoire<\/h3>\n<p>La composition d&rsquo;oxyde de zinc de la cr\u00e8me soulage la douleur et apaise la peau rouge et irrit\u00e9e. Le jojoba, l&rsquo;huile d&rsquo;amande et d&rsquo;olive nourrissent et favorisent la r\u00e9g\u00e9n\u00e9ration de la peau.<\/p>\n<p>L&rsquo;argile verte biologique absorbe alors l&rsquo;exc\u00e8s d&rsquo;humidit\u00e9 et a un effet anti-inflammatoire naturel sur la peau. Ceci fait de la cr\u00e8me pour b\u00e9b\u00e9 hypoallerg\u00e9nique Argital le meilleur choix pour les soins intensifs et la protection de la peau sensible de b\u00e9b\u00e9.<\/p>\n<p><strong>Pr\u00e9vient les irritations et prot\u00e8ge la peau sensible<\/strong><\/p>\n<p>La peau de b\u00e9b\u00e9 est plus fine et plus d\u00e9licate que celle d&rsquo;un adulte. Il r\u00e9agit donc de mani\u00e8re plus sensible aux influences ext\u00e9rieures et aux produits chimiques nocifs contenus dans les produits de soin. Cela peut rapidement irriter la peau de b\u00e9b\u00e9 et n\u00e9cessiter des soins suppl\u00e9mentaires.<\/p>\n<p>La <span style=\"color: #0000ff;\"><a style=\"color: #0000ff;\" href=\"https:\/\/www.biobey.be\/fr\/produit\/couperose-creme-de-jour-hypoallergenique\/\">cr\u00e8me protectrice hypoallerg\u00e9nique<\/a><\/span> renforce la r\u00e9sistance naturelle de la peau et la prot\u00e8ge des irritations et des frottements.<\/p>\n<h4><strong>Efficacit\u00e9 prouv\u00e9e des produits de soins pour b\u00e9b\u00e9s argital<\/strong><\/h4>\n<p>Les tests sp\u00e9ciaux r\u00e9alis\u00e9s avec la collaboration d&rsquo;un groupe de m\u00e8res ont montr\u00e9 qu&rsquo;avec l&rsquo;application de la gamme de soins pour b\u00e9b\u00e9s Argital, m\u00eame les cas les plus s\u00e9v\u00e8res d&rsquo;\u00e9ryth\u00e8me fessier disparaissent en peu de temps.<\/p>\n<p>Les produits Argital Baby care tels que le shampooing naturel hypoallerg\u00e9nique pour b\u00e9b\u00e9, la cr\u00e8me de protection naturelle hypoallerg\u00e9nique pour b\u00e9b\u00e9 contre l&rsquo;\u00e9ryth\u00e8me fessier et les irritations cutan\u00e9es, la lotion naturelle hypoallerg\u00e9nique hydratante et nourrissante pour b\u00e9b\u00e9 sont compos\u00e9s d&rsquo;ingr\u00e9dients 100% naturels.<\/p>\n<p>Les principes actifs sont la violette et l&rsquo;argile verte marine. L&rsquo;argile verte a un effet hydratant, protecteur et purifiant.<\/p>\n<h4><strong>Utilisation :<\/strong><\/h4>\n<p>Appliquer une fine couche de cr\u00e8me sur la peau irrit\u00e9e. Appliquer cette cr\u00e8me protectrice apr\u00e8s chaque bain et avant de mettre une couche propre.<\/p>\n<p><strong>Processus de production durable et emballage \u00e9cologique<\/strong><br \/>\n&#8211; Couvercle : plastique bio et \u00e9co recycl\u00e9 ICEA<br \/>\n&#8211; Emballage \u00e9cologique : Tube en aluminium sans microplastiques<\/p>\n<p>Dans la composition de la cr\u00e8me naturelle pour b\u00e9b\u00e9 contre l&rsquo;\u00e9ryth\u00e8me fessier, il n&rsquo;est pas ajout\u00e9 de conservateurs synth\u00e9tiques, de colorants ou de colorants artificiels.<\/p>\n<p>Ingr\u00e9dients (INCI): Aqua, Viola Tricolor Extract, Calendula Officinalis Flower Extract, Malva Sylvestris Extract, Olea Europaea Fruit Oil, Polyglyceryl 6-Distearate, Zinc Oxide, Glycerin, Alcohol, Prunus Amygdalus Dulcis Oil, Cera Alba, Solum Fullonum, Vanilla Planifolia Extract, Simmondsia Chinensis Oil<\/p>\n<p>Ingr\u00e9dients issus de l&rsquo;agriculture biologique: Viola tricolor Extract, Calendula Officinalis Flower Extract, Malva Sylvestris Extract, Olea Europaea Fruit Oil, Alcohol, Prunus Amygdalus Dulcis Oil, Vanilla Planifolia Extract, Simmondsia Chinensis Oil<\/p>\n","protected":false},"excerpt":{"rendered":"<p>La cr\u00e8me pour le change pour b\u00e9b\u00e9s hypoallerg\u00e9nique prot\u00e8ge et r\u00e9g\u00e9n\u00e8re intens\u00e9ment les peaux vuln\u00e9rables ainsi que les peaux hypersensibles. La cr\u00e8me naturelle pour b\u00e9b\u00e9s est riche en calandula, argile verte, huile de jojoba et huile d&rsquo;amande.<\/p>\n","protected":false},"featured_media":160,"comment_status":"open","ping_status":"closed","template":"","meta":{"ocean_post_layout":"","ocean_both_sidebars_style":"","ocean_both_sidebars_content_width":0,"ocean_both_sidebars_sidebars_width":0,"ocean_sidebar":"0","ocean_second_sidebar":"0","ocean_disable_margins":"enable","ocean_add_body_class":"","ocean_shortcode_before_top_bar":"","ocean_shortcode_after_top_bar":"","ocean_shortcode_before_header":"","ocean_shortcode_after_header":"","ocean_has_shortcode":"","ocean_shortcode_after_title":"","ocean_shortcode_before_footer_widgets":"","ocean_shortcode_after_footer_widgets":"","ocean_shortcode_before_footer_bottom":"","ocean_shortcode_after_footer_bottom":"","ocean_display_top_bar":"default","ocean_display_header":"default","ocean_header_style":"","ocean_center_header_left_menu":"0","ocean_custom_header_template":"0","ocean_custom_logo":0,"ocean_custom_retina_logo":0,"ocean_custom_logo_max_width":0,"ocean_custom_logo_tablet_max_width":0,"ocean_custom_logo_mobile_max_width":0,"ocean_custom_logo_max_height":0,"ocean_custom_logo_tablet_max_height":0,"ocean_custom_logo_mobile_max_height":0,"ocean_header_custom_menu":"0","ocean_menu_typo_font_family":"0","ocean_menu_typo_font_subset":"","ocean_menu_typo_font_size":0,"ocean_menu_typo_font_size_tablet":0,"ocean_menu_typo_font_size_mobile":0,"ocean_menu_typo_font_size_unit":"px","ocean_menu_typo_font_weight":"","ocean_menu_typo_font_weight_tablet":"","ocean_menu_typo_font_weight_mobile":"","ocean_menu_typo_transform":"","ocean_menu_typo_transform_tablet":"","ocean_menu_typo_transform_mobile":"","ocean_menu_typo_line_height":0,"ocean_menu_typo_line_height_tablet":0,"ocean_menu_typo_line_height_mobile":0,"ocean_menu_typo_line_height_unit":"","ocean_menu_typo_spacing":0,"ocean_menu_typo_spacing_tablet":0,"ocean_menu_typo_spacing_mobile":0,"ocean_menu_typo_spacing_unit":"","ocean_menu_link_color":"","ocean_menu_link_color_hover":"","ocean_menu_link_color_active":"","ocean_menu_link_background":"","ocean_menu_link_hover_background":"","ocean_menu_link_active_background":"","ocean_menu_social_links_bg":"","ocean_menu_social_hover_links_bg":"","ocean_menu_social_links_color":"","ocean_menu_social_hover_links_color":"","ocean_disable_title":"default","ocean_disable_heading":"default","ocean_post_title":"","ocean_post_subheading":"","ocean_post_title_style":"","ocean_post_title_background_color":"","ocean_post_title_background":0,"ocean_post_title_bg_image_position":"","ocean_post_title_bg_image_attachment":"","ocean_post_title_bg_image_repeat":"","ocean_post_title_bg_image_size":"","ocean_post_title_height":0,"ocean_post_title_bg_overlay":0.5,"ocean_post_title_bg_overlay_color":"","ocean_disable_breadcrumbs":"default","ocean_breadcrumbs_color":"","ocean_breadcrumbs_separator_color":"","ocean_breadcrumbs_links_color":"","ocean_breadcrumbs_links_hover_color":"","ocean_display_footer_widgets":"default","ocean_display_footer_bottom":"default","ocean_custom_footer_template":"0"},"product_brand":[102],"product_cat":[44,46,48],"product_tag":[126,133],"class_list":{"0":"post-2146","1":"product","2":"type-product","3":"status-publish","4":"has-post-thumbnail","6":"product_brand-argital","7":"product_cat-enfant-et-bebe","8":"product_cat-sante-du-bebe-et-de-lenfant","9":"product_cat-soins-pour-bebes-et-enfants","10":"product_tag-sans-paraben","11":"product_tag-sansparfumsynthetique","13":"entry","14":"has-media","16":"first","17":"instock","18":"taxable","19":"shipping-taxable","20":"purchasable","21":"product-type-simple","22":"has-rating","23":"col","24":"span_1_of_3","25":"owp-content-center","26":"owp-thumbs-layout-horizontal","27":"owp-btn-normal","28":"owp-tabs-layout-section","29":"has-no-thumbnails","30":"circle-sale"},"_links":{"self":[{"href":"https:\/\/www.biobey.be\/fr\/wp-json\/wp\/v2\/product\/2146","targetHints":{"allow":["GET"]}}],"collection":[{"href":"https:\/\/www.biobey.be\/fr\/wp-json\/wp\/v2\/product"}],"about":[{"href":"https:\/\/www.biobey.be\/fr\/wp-json\/wp\/v2\/types\/product"}],"replies":[{"embeddable":true,"href":"https:\/\/www.biobey.be\/fr\/wp-json\/wp\/v2\/comments?post=2146"}],"wp:featuredmedia":[{"embeddable":true,"href":"https:\/\/www.biobey.be\/fr\/wp-json\/wp\/v2\/media\/160"}],"wp:attachment":[{"href":"https:\/\/www.biobey.be\/fr\/wp-json\/wp\/v2\/media?parent=2146"}],"wp:term":[{"taxonomy":"product_brand","embeddable":true,"href":"https:\/\/www.biobey.be\/fr\/wp-json\/wp\/v2\/product_brand?post=2146"},{"taxonomy":"product_cat","embeddable":true,"href":"https:\/\/www.biobey.be\/fr\/wp-json\/wp\/v2\/product_cat?post=2146"},{"taxonomy":"product_tag","embeddable":true,"href":"https:\/\/www.biobey.be\/fr\/wp-json\/wp\/v2\/product_tag?post=2146"}],"curies":[{"name":"wp","href":"https:\/\/api.w.org\/{rel}","templated":true}]}}