{"id":2147,"date":"2023-09-13T22:21:57","date_gmt":"2023-09-13T20:21:57","guid":{"rendered":"https:\/\/www.biobey.be\/fr-temp\/produit\/argital-lotion-hypoallergenique-bebe-250ml\/"},"modified":"2025-11-25T00:06:12","modified_gmt":"2025-11-24T23:06:12","slug":"argital-lotion-hypoallergenique-bebe-250ml","status":"publish","type":"product","link":"https:\/\/www.biobey.be\/fr\/produit\/argital-lotion-hypoallergenique-bebe-250ml\/","title":{"rendered":"Lait de toilette b\u00e9b\u00e9 bio 250ml"},"content":{"rendered":"<p>Lait de toilette b\u00e9b\u00e9 bio d&rsquo; Argital a \u00e9t\u00e9 sp\u00e9cialement d\u00e9velopp\u00e9e pour la peau sensible de b\u00e9b\u00e9. Les extraits v\u00e9g\u00e9taux et les huiles organiques pr\u00e9sents dans la cr\u00e8me soignent la peau de b\u00e9b\u00e9. Ils renforcent ensuite la barri\u00e8re cutan\u00e9e naturelle.<\/p>\n<h5><strong>Composition pure du lait de toilette b\u00e9b\u00e9 bio\u00a0<\/strong><\/h5>\n<p>L&rsquo;ingr\u00e9dient de base de lait de toilette b\u00e9b\u00e9 bio est l&rsquo;huile de noyau d&rsquo;abricot biologique enrichie d&rsquo;huile d&rsquo;olive et d&rsquo;amande. Le m\u00e9lange de ces trois huiles nourrit, apaise et apporte \u00e0 la peau vuln\u00e9rable de b\u00e9b\u00e9 les vitamines n\u00e9cessaires. Tandis que les extraits de Malva, de Calendula et de violet tricolore assurent une r\u00e9g\u00e9n\u00e9ration et une gu\u00e9rison plus rapides de la peau rouge et ab\u00eem\u00e9e.<\/p>\n<p>Un autre ingr\u00e9dient actif de la lotion naturelle pour b\u00e9b\u00e9 est l&rsquo;argile verte.<\/p>\n<p>Lait de toilette b\u00e9b\u00e9 bio a un effet antibact\u00e9rien, d\u00e9sinfectant et prot\u00e8ge la peau contre les inflammations et les irritations cutan\u00e9es.<br \/>\nLa composition unique d&rsquo;ingr\u00e9dients naturels purs et d&rsquo;huiles biologiques fait de Lait de toilette b\u00e9b\u00e9 bio une lotion adapt\u00e9e aux soins quotidiens et \u00e0 l&rsquo;hydratation m\u00eame des peaux les plus sensibles.<\/p>\n<h2>Lait de toilette b\u00e9b\u00e9 bio hydrate et apaise la peau s\u00e8che<\/h2>\n<p>L&rsquo;ingr\u00e9dient principal de la cr\u00e8me est l&rsquo;huile de noyau d&rsquo;abricot biologique, riche en vitamines A, C et E et en nombreux antioxydants. L&rsquo;huile de noyaux d&rsquo;abricot est connue pour ses effets b\u00e9n\u00e9fiques sur la peau. Il est utilis\u00e9 depuis des si\u00e8cles contre les inflammations et les irritations de la peau. Associ\u00e9e \u00e0 l&rsquo;huile d&rsquo;amande et \u00e0 l&rsquo;huile d&rsquo;olive, elle hydrate intens\u00e9ment et apaise les peaux rouges irrit\u00e9es.<\/p>\n<h3>Lait de toilette b\u00e9b\u00e9 bio contribue \u00e0 la r\u00e9g\u00e9n\u00e9ration de la peau<\/h3>\n<p>Les extraits v\u00e9g\u00e9taux de Calendula, Malva et de violette tricolore ont un effet cicatrisant sur la peau et contribuent au renouvellement cellulaire rapide. L&rsquo;extrait de calendula restaure, adoucit et assouplit la peau. Le malva (grosse herbe \u00e0 fromage) est une plante comestible aux propri\u00e9t\u00e9s m\u00e9dicinales remarquables et tr\u00e8s efficace dans le traitement des \u00e9ruptions cutan\u00e9es et de l&rsquo;ecz\u00e9ma.<\/p>\n<p>Synergie entre les extraits de plantes m\u00e9dicinales, l&rsquo;argile verte et l&rsquo;huile de noyau d&rsquo;abricot biologique, l&rsquo;huile d&rsquo;amande renforce la barri\u00e8re naturelle de la peau de b\u00e9b\u00e9. De plus, il prot\u00e8ge la peau contre les influences ext\u00e9rieures nocives.<\/p>\n<h4>Efficacit\u00e9 prouv\u00e9e des produits de soins pour b\u00e9b\u00e9s argital<\/h4>\n<p>Les tests sp\u00e9ciaux r\u00e9alis\u00e9s avec la collaboration d&rsquo;un groupe de m\u00e8res ont montr\u00e9 qu&rsquo;avec l&rsquo;application de la gamme de soins pour b\u00e9b\u00e9s Argital, m\u00eame les cas les plus s\u00e9v\u00e8res d&rsquo;\u00e9ryth\u00e8me fessier disparaissent en peu de temps.<\/p>\n<p>Les produits Argital Baby care tels que le shampooing naturel hypoallerg\u00e9nique pour b\u00e9b\u00e9, la cr\u00e8me de protection naturelle hypoallerg\u00e9nique pour b\u00e9b\u00e9 contre l&rsquo;\u00e9ryth\u00e8me fessier et les irritations cutan\u00e9es, cr\u00e8me b\u00e9b\u00e9 bio hypoallerg\u00e9nique hydratante et nourrissante pour b\u00e9b\u00e9 sont compos\u00e9s d&rsquo;ingr\u00e9dients 100% naturels. Les principes actifs sont la violette et l&rsquo;argile verte marine.<\/p>\n<p>L&rsquo;argile verte a un effet hydratant, protecteur et purifiant.<\/p>\n<p>Utilisation: Appliquer un peu de Lait de toilette b\u00e9b\u00e9 bio sur la peau s\u00e8che et nettoy\u00e9e. Bien masser ensuite. Il convient aux soins quotidiens du b\u00e9b\u00e9. De plus, il peut \u00e9galement \u00eatre utilis\u00e9 pour le soin des personnes \u00e0 la peau tr\u00e8s sensible.<\/p>\n<p>*Une explication d\u00e9taill\u00e9e de chaque ingr\u00e9dient se trouve sur la page de l&rsquo;encyclop\u00e9die des ingr\u00e9dients. <strong><a href=\"https:\/\/www.biobey.be\/fr\/chercher-les-ingredients\/\">Cliquez ici<\/a><\/strong><\/p>\n<p>Ingr\u00e9dients (INCI): Aqua, Calendula Officinalis Flower Extract, Viola Tricolor Extract,Malva Sylvestris Extract, Prunus Amygdalus Dulcis Oil, Prunus Armeniaca Kernel Oil, Olea Europaea Fruit Oil, Polyglyceryl-6 Distearate, Alcohol, Solum Fullonum, <a href=\"https:\/\/www.biobey.be\/fr\/extrait-d-ecorce-de-vulgaris-berbere-ou-epines-vinettes\/\">Berberis Vulgaris Bark Extract<\/a>, Styrax Benzoin Resin Extract, Vanilla Planifolia Fruit Extract<\/p>\n<p>Ingr\u00e9dients de l&rsquo;agriculture biologique: Calendula Officinalis Flower Extract, Viola Tricolor Extract, Malva Sylvestris\u00a0 Extract, Prunus Amygdalus Dulcis Oil, Prunus Armeniaca Kernel Oil, Olea Europaea Fruit Oil, Alcohol, Vanilla Planifolia Fruit ExtractLa<\/p>\n<p>Lotion naturelle hypoallerg\u00e9nique pour b\u00e9b\u00e9 \u00e0 la peau s\u00e8che ne contient que des ingr\u00e9dients 100% naturels issus de l&rsquo;agriculture europ\u00e9enne et de l&rsquo;agriculture biodynamique de l&rsquo;EU.<br \/>\nCette lotion hypoallerg\u00e9nique pour b\u00e9b\u00e9 convient aux enfants ayant une peau tr\u00e8s sensible.<\/p>\n","protected":false},"excerpt":{"rendered":"<p>Gr\u00e2ce \u00e0 ses ingr\u00e9dients naturels purs et \u00e0 ses huiles essentielles, cette lotion hypoallerg\u00e9nique est id\u00e9ale pour le soin et l&rsquo;hydratation quotidienne de la peau de b\u00e9b\u00e9, m\u00eame la plus sensible.<\/p>\n","protected":false},"featured_media":166,"comment_status":"open","ping_status":"closed","template":"","meta":{"ocean_post_layout":"","ocean_both_sidebars_style":"","ocean_both_sidebars_content_width":0,"ocean_both_sidebars_sidebars_width":0,"ocean_sidebar":"","ocean_second_sidebar":"","ocean_disable_margins":"enable","ocean_add_body_class":"","ocean_shortcode_before_top_bar":"","ocean_shortcode_after_top_bar":"","ocean_shortcode_before_header":"","ocean_shortcode_after_header":"","ocean_has_shortcode":"","ocean_shortcode_after_title":"","ocean_shortcode_before_footer_widgets":"","ocean_shortcode_after_footer_widgets":"","ocean_shortcode_before_footer_bottom":"","ocean_shortcode_after_footer_bottom":"","ocean_display_top_bar":"default","ocean_display_header":"default","ocean_header_style":"","ocean_center_header_left_menu":"","ocean_custom_header_template":"","ocean_custom_logo":0,"ocean_custom_retina_logo":0,"ocean_custom_logo_max_width":0,"ocean_custom_logo_tablet_max_width":0,"ocean_custom_logo_mobile_max_width":0,"ocean_custom_logo_max_height":0,"ocean_custom_logo_tablet_max_height":0,"ocean_custom_logo_mobile_max_height":0,"ocean_header_custom_menu":"","ocean_menu_typo_font_family":"","ocean_menu_typo_font_subset":"","ocean_menu_typo_font_size":0,"ocean_menu_typo_font_size_tablet":0,"ocean_menu_typo_font_size_mobile":0,"ocean_menu_typo_font_size_unit":"px","ocean_menu_typo_font_weight":"","ocean_menu_typo_font_weight_tablet":"","ocean_menu_typo_font_weight_mobile":"","ocean_menu_typo_transform":"","ocean_menu_typo_transform_tablet":"","ocean_menu_typo_transform_mobile":"","ocean_menu_typo_line_height":0,"ocean_menu_typo_line_height_tablet":0,"ocean_menu_typo_line_height_mobile":0,"ocean_menu_typo_line_height_unit":"","ocean_menu_typo_spacing":0,"ocean_menu_typo_spacing_tablet":0,"ocean_menu_typo_spacing_mobile":0,"ocean_menu_typo_spacing_unit":"","ocean_menu_link_color":"","ocean_menu_link_color_hover":"","ocean_menu_link_color_active":"","ocean_menu_link_background":"","ocean_menu_link_hover_background":"","ocean_menu_link_active_background":"","ocean_menu_social_links_bg":"","ocean_menu_social_hover_links_bg":"","ocean_menu_social_links_color":"","ocean_menu_social_hover_links_color":"","ocean_disable_title":"default","ocean_disable_heading":"default","ocean_post_title":"","ocean_post_subheading":"","ocean_post_title_style":"","ocean_post_title_background_color":"","ocean_post_title_background":0,"ocean_post_title_bg_image_position":"","ocean_post_title_bg_image_attachment":"","ocean_post_title_bg_image_repeat":"","ocean_post_title_bg_image_size":"","ocean_post_title_height":0,"ocean_post_title_bg_overlay":0.5,"ocean_post_title_bg_overlay_color":"","ocean_disable_breadcrumbs":"default","ocean_breadcrumbs_color":"","ocean_breadcrumbs_separator_color":"","ocean_breadcrumbs_links_color":"","ocean_breadcrumbs_links_hover_color":"","ocean_display_footer_widgets":"default","ocean_display_footer_bottom":"default","ocean_custom_footer_template":""},"product_brand":[102],"product_cat":[44,46,48],"product_tag":[130,133,127,125],"class_list":{"0":"post-2147","1":"product","2":"type-product","3":"status-publish","4":"has-post-thumbnail","6":"product_brand-argital","7":"product_cat-enfant-et-bebe","8":"product_cat-sante-du-bebe-et-de-lenfant","9":"product_cat-soins-pour-bebes-et-enfants","10":"product_tag-hyporallergenique","11":"product_tag-sansparfumsynthetique","12":"product_tag-sans-silicone","13":"product_tag-vegan","15":"entry","16":"has-media","18":"first","19":"instock","20":"taxable","21":"shipping-taxable","22":"purchasable","23":"product-type-simple","24":"has-rating","25":"col","26":"span_1_of_3","27":"owp-content-center","28":"owp-thumbs-layout-horizontal","29":"owp-btn-normal","30":"owp-tabs-layout-section","31":"has-no-thumbnails","32":"circle-sale"},"_links":{"self":[{"href":"https:\/\/www.biobey.be\/fr\/wp-json\/wp\/v2\/product\/2147","targetHints":{"allow":["GET"]}}],"collection":[{"href":"https:\/\/www.biobey.be\/fr\/wp-json\/wp\/v2\/product"}],"about":[{"href":"https:\/\/www.biobey.be\/fr\/wp-json\/wp\/v2\/types\/product"}],"replies":[{"embeddable":true,"href":"https:\/\/www.biobey.be\/fr\/wp-json\/wp\/v2\/comments?post=2147"}],"wp:featuredmedia":[{"embeddable":true,"href":"https:\/\/www.biobey.be\/fr\/wp-json\/wp\/v2\/media\/166"}],"wp:attachment":[{"href":"https:\/\/www.biobey.be\/fr\/wp-json\/wp\/v2\/media?parent=2147"}],"wp:term":[{"taxonomy":"product_brand","embeddable":true,"href":"https:\/\/www.biobey.be\/fr\/wp-json\/wp\/v2\/product_brand?post=2147"},{"taxonomy":"product_cat","embeddable":true,"href":"https:\/\/www.biobey.be\/fr\/wp-json\/wp\/v2\/product_cat?post=2147"},{"taxonomy":"product_tag","embeddable":true,"href":"https:\/\/www.biobey.be\/fr\/wp-json\/wp\/v2\/product_tag?post=2147"}],"curies":[{"name":"wp","href":"https:\/\/api.w.org\/{rel}","templated":true}]}}