{"id":2148,"date":"2025-03-24T00:07:27","date_gmt":"2025-03-23T23:07:27","guid":{"rendered":"https:\/\/www.biobey.be\/fr-temp\/produit\/laltro-collutorio-natuurlijke-mondwater\/"},"modified":"2026-03-01T15:43:55","modified_gmt":"2026-03-01T14:43:55","slug":"laltro-collutorio-natuurlijke-mondwater","status":"publish","type":"product","link":"https:\/\/www.biobey.be\/fr\/produit\/laltro-collutorio-natuurlijke-mondwater\/","title":{"rendered":"Bain de bouche dents sensible 100ml"},"content":{"rendered":"<p>Bain de bouche bio sans fluor pour les dents sensible L&rsquo;altro collutorio est un bain de bouche nettoyant et rafra\u00eechissant \u00e0 base d&rsquo;extraits v\u00e9g\u00e9taux. Il am\u00e9liore l&rsquo;hygi\u00e8ne bucco-dentaire, combat les causes de la mauvaise haleine et pr\u00e9vient les maladies des gencives.<\/p>\n<p>Les principaux ingr\u00e9dients de ce bain de bouche sont l&rsquo;eau argent\u00e9e, l&rsquo;extrait d&rsquo;ananas, la sauge et l&rsquo;argile verte. Les ingr\u00e9dients naturels prot\u00e8gent les dents et les gencives de l&rsquo;inflammation. Le gel d&rsquo;argile verte assure une r\u00e9cup\u00e9ration rapide des petites plaies dans la bouche et est efficace dans le traitement des pucerons.<\/p>\n<p>Un bain de bouche bio sans fluor pr\u00e9vient la carie dentaire, combat les causes de la mauvaise haleine et assure une haleine fra\u00eeche toute la journ\u00e9e. Le rince-bouche est incolore, mais prend une couleur laiteuse lorsqu&rsquo;il est dilu\u00e9 avec de l&rsquo;eau.<\/p>\n<h2>Bain de bouche bio sans fluor pr\u00e9vient gencives et caries<\/h2>\n<p>La principale cause de carie dentaire et de gingivite est la croissance et la propagation de bact\u00e9ries nocives dans la bouche. Le bain de bouche contient de l&rsquo;argent antibact\u00e9rien qui emp\u00eache la croissance de bact\u00e9ries nocives dans la bouche. La combinaison d&rsquo;argile verte et d&rsquo;argent antibact\u00e9rien assure une gu\u00e9rison rapide des gencives enflamm\u00e9es. En outre, le bain de bouche, la propagation des bact\u00e9ries nocives efficacement contre.<\/p>\n<p><strong>Effet apaisant sur les gencives sensibles<\/strong><\/p>\n<p>Bain de bouche bio sans fluor contient une pr\u00e9cieuse plante m\u00e9dicinale, la racine de Ratanhia. La racine de ratanhia a une large application m\u00e9dicinale. Il est utilis\u00e9 pour les maux de gorge et la gingivite. Gr\u00e2ce \u00e0 son effet calmant, il convient parfaitement aux gencives sensibles et douloureuses.<\/p>\n<h3>Pr\u00e9vient et combat les causes de la mauvaise haleine (halitose)<\/h3>\n<p>L&rsquo;halitose ou la mauvaise haleine prolong\u00e9e peuvent avoir plusieurs causes. Les plus courantes sont : une mauvaise hygi\u00e8ne bucco-dentaire, une inflammation dans la bouche et la s\u00e9cheresse de la bouche. Les soins bucco-dentaires int\u00e9graux avec dentifrice et Bain de bouche bio sans fluor \u00e9liminent la mauvaise haleine en d\u00e9truisant sa cause.<\/p>\n<p>La combinaison de boue curative biologique, d&rsquo;argent antibact\u00e9rien et d&rsquo;extrait d&rsquo;ananas nettoie efficacement la cavit\u00e9 buccale et \u00e9limine les bact\u00e9ries nocives. Les extraits de sauge, de myrrhe et de menthe de haute qualit\u00e9 procurent une haleine fra\u00eeche toute la journ\u00e9e.<\/p>\n<p><strong>Composition pure de l&rsquo;altro collutorio<\/strong><\/p>\n<p>La composition naturelle de L&rsquo;altro collutorio assure une hygi\u00e8ne bucco-dentaire int\u00e9grale et favorise la sant\u00e9 de votre bouche et de vos dents. Gr\u00e2ce \u00e0 la composition du rince-bouche naturel, il convient aux personnes avec des dents et gencives sensibles.<\/p>\n<p>L&rsquo;argile verte favorise la circulation sanguine et favorise le processus de gu\u00e9rison des gencives et des petites plaies dans la bouche. Les extraits de plantes sont antibact\u00e9riens et rafra\u00eechissent l&rsquo;haleine.<\/p>\n<h4><strong>Comment utiliser le rince-bouche naturel<\/strong><br \/>\nDiluer d&rsquo;abord le bain de bouche concentr\u00e9 avec de l&rsquo;eau ti\u00e8de.<\/h4>\n<p>Effet de lumi\u00e8re ou effet pour un usage quotidien : diluer 5 ml de liquide dans 40 ml d&rsquo;eau ti\u00e8de.<br \/>\nPour une hygi\u00e8ne bucco-dentaire compl\u00e8te : diluer 5 ml de liquide dans 30 ml d&rsquo;eau ti\u00e8de.<br \/>\nPour un effet extra fort ou comme traitement contre l&rsquo;inflammation : Appliquer \u00e0 l&rsquo;aide d&rsquo;un coton sur la zone \u00e0 traiter.<br \/>\nUtilisation : se rincer la bouche deux fois par jour pendant 1 minute avec 10 ml de liquide.<br \/>\nNe pas avaler.<\/p>\n<p>*Une explication d\u00e9taill\u00e9e de chaque ingr\u00e9dient se trouve sur la page de l&rsquo;encyclop\u00e9die des ingr\u00e9dients.<\/p>\n<p>Ingr\u00e9dients (INCI): Glycerin, Alcohol bio, Aqua, Ananas Sativus Fruit Extract, Commiphora Myrrha Gum Extract, Salvia Officinalis Leaf Extract, Mentha Piperita Extract, Krameria Triandra Root Extract, Calendula Officinalis Flower Extract, Aroma*, Solum Fullonum, Silver<\/p>\n<p>* Ar\u00f4me naturel compos\u00e9 d&rsquo;huiles essentielles pures de: Eucaliptus**, Menta piperita**, Anice stellato, Garofano chiodi**<br \/>\nIngr\u00e9dients issus de l&rsquo;agriculture biologique : Alcohol, Ananas Sativus Fruit Extract, Salvia Officinalis Leaf Extract, Mentha Piperita Extract, Calendula Officinalis Flower Extract.<\/p>\n","protected":false},"excerpt":{"rendered":"<p>L&rsquo;altro collutorio est un bain de bouche aux extraits de plantes. Il am\u00e9liore l&rsquo;hygi\u00e8ne buccale, combat les causes de la mauvaise haleine, pr\u00e9vient la gingivite et renforce les gencives.<\/p>\n","protected":false},"featured_media":141,"comment_status":"open","ping_status":"closed","template":"","meta":{"ocean_post_layout":"","ocean_both_sidebars_style":"","ocean_both_sidebars_content_width":0,"ocean_both_sidebars_sidebars_width":0,"ocean_sidebar":"","ocean_second_sidebar":"","ocean_disable_margins":"enable","ocean_add_body_class":"","ocean_shortcode_before_top_bar":"","ocean_shortcode_after_top_bar":"","ocean_shortcode_before_header":"","ocean_shortcode_after_header":"","ocean_has_shortcode":"","ocean_shortcode_after_title":"","ocean_shortcode_before_footer_widgets":"","ocean_shortcode_after_footer_widgets":"","ocean_shortcode_before_footer_bottom":"","ocean_shortcode_after_footer_bottom":"","ocean_display_top_bar":"default","ocean_display_header":"default","ocean_header_style":"","ocean_center_header_left_menu":"","ocean_custom_header_template":"","ocean_custom_logo":0,"ocean_custom_retina_logo":0,"ocean_custom_logo_max_width":0,"ocean_custom_logo_tablet_max_width":0,"ocean_custom_logo_mobile_max_width":0,"ocean_custom_logo_max_height":0,"ocean_custom_logo_tablet_max_height":0,"ocean_custom_logo_mobile_max_height":0,"ocean_header_custom_menu":"","ocean_menu_typo_font_family":"","ocean_menu_typo_font_subset":"","ocean_menu_typo_font_size":0,"ocean_menu_typo_font_size_tablet":0,"ocean_menu_typo_font_size_mobile":0,"ocean_menu_typo_font_size_unit":"px","ocean_menu_typo_font_weight":"","ocean_menu_typo_font_weight_tablet":"","ocean_menu_typo_font_weight_mobile":"","ocean_menu_typo_transform":"","ocean_menu_typo_transform_tablet":"","ocean_menu_typo_transform_mobile":"","ocean_menu_typo_line_height":0,"ocean_menu_typo_line_height_tablet":0,"ocean_menu_typo_line_height_mobile":0,"ocean_menu_typo_line_height_unit":"","ocean_menu_typo_spacing":0,"ocean_menu_typo_spacing_tablet":0,"ocean_menu_typo_spacing_mobile":0,"ocean_menu_typo_spacing_unit":"","ocean_menu_link_color":"","ocean_menu_link_color_hover":"","ocean_menu_link_color_active":"","ocean_menu_link_background":"","ocean_menu_link_hover_background":"","ocean_menu_link_active_background":"","ocean_menu_social_links_bg":"","ocean_menu_social_hover_links_bg":"","ocean_menu_social_links_color":"","ocean_menu_social_hover_links_color":"","ocean_disable_title":"default","ocean_disable_heading":"default","ocean_post_title":"","ocean_post_subheading":"","ocean_post_title_style":"","ocean_post_title_background_color":"","ocean_post_title_background":0,"ocean_post_title_bg_image_position":"","ocean_post_title_bg_image_attachment":"","ocean_post_title_bg_image_repeat":"","ocean_post_title_bg_image_size":"","ocean_post_title_height":0,"ocean_post_title_bg_overlay":0.5,"ocean_post_title_bg_overlay_color":"","ocean_disable_breadcrumbs":"default","ocean_breadcrumbs_color":"","ocean_breadcrumbs_separator_color":"","ocean_breadcrumbs_links_color":"","ocean_breadcrumbs_links_hover_color":"","ocean_display_footer_widgets":"default","ocean_display_footer_bottom":"default","ocean_custom_footer_template":""},"product_brand":[102],"product_cat":[29,16],"product_tag":[125],"class_list":{"0":"post-2148","1":"product","2":"type-product","3":"status-publish","4":"has-post-thumbnail","6":"product_brand-argital","7":"product_cat-hygiene-buccale","8":"product_cat-soins","9":"product_tag-vegan","11":"entry","12":"has-media","14":"first","15":"instock","16":"taxable","17":"shipping-taxable","18":"purchasable","19":"product-type-simple","20":"has-rating","21":"col","22":"span_1_of_3","23":"owp-content-center","24":"owp-thumbs-layout-horizontal","25":"owp-btn-normal","26":"owp-tabs-layout-section","27":"has-no-thumbnails","28":"circle-sale"},"_links":{"self":[{"href":"https:\/\/www.biobey.be\/fr\/wp-json\/wp\/v2\/product\/2148","targetHints":{"allow":["GET"]}}],"collection":[{"href":"https:\/\/www.biobey.be\/fr\/wp-json\/wp\/v2\/product"}],"about":[{"href":"https:\/\/www.biobey.be\/fr\/wp-json\/wp\/v2\/types\/product"}],"replies":[{"embeddable":true,"href":"https:\/\/www.biobey.be\/fr\/wp-json\/wp\/v2\/comments?post=2148"}],"wp:featuredmedia":[{"embeddable":true,"href":"https:\/\/www.biobey.be\/fr\/wp-json\/wp\/v2\/media\/141"}],"wp:attachment":[{"href":"https:\/\/www.biobey.be\/fr\/wp-json\/wp\/v2\/media?parent=2148"}],"wp:term":[{"taxonomy":"product_brand","embeddable":true,"href":"https:\/\/www.biobey.be\/fr\/wp-json\/wp\/v2\/product_brand?post=2148"},{"taxonomy":"product_cat","embeddable":true,"href":"https:\/\/www.biobey.be\/fr\/wp-json\/wp\/v2\/product_cat?post=2148"},{"taxonomy":"product_tag","embeddable":true,"href":"https:\/\/www.biobey.be\/fr\/wp-json\/wp\/v2\/product_tag?post=2148"}],"curies":[{"name":"wp","href":"https:\/\/api.w.org\/{rel}","templated":true}]}}