{"id":2149,"date":"2025-05-27T01:45:24","date_gmt":"2025-05-26T23:45:24","guid":{"rendered":"https:\/\/www.biobey.be\/fr-temp\/produit\/argital-creme-hydratante-pour-les-pieds-75ml\/"},"modified":"2026-04-04T19:29:27","modified_gmt":"2026-04-04T17:29:27","slug":"argital-creme-hydratante-pour-les-pieds-75ml","status":"publish","type":"product","link":"https:\/\/www.biobey.be\/fr\/produit\/argital-creme-hydratante-pour-les-pieds-75ml\/","title":{"rendered":"Cr\u00e8me pieds crevasses 75ml"},"content":{"rendered":"<p>Vous souffrez de pieds secs, de fissures et de crevasses au niveau des talons ? La cr\u00e8me r\u00e9paratrice naturelle pour les pieds Argital est utilis\u00e9e efficacement pour traiter les pieds secs, les crevasses et les talons fendill\u00e9s.<\/p>\n<p><strong>L&rsquo;action principale de la cr\u00e8me naturelle pour les pieds contre les crevasses et les callosit\u00e9s<\/strong><\/p>\n<ol>\n<li>adoucit et nourrit la peau extr\u00eamement s\u00e8che des pieds<\/li>\n<li>lutte contre la transpiration des pieds, les mycoses<\/li>\n<li>r\u00e9pare les talons fendill\u00e9s<\/li>\n<li>soulage les pieds gonfl\u00e9s<\/li>\n<\/ol>\n<p>Cr\u00e8me pieds crevasses Argital pour soin des pieds est un produit de soin compos\u00e9 d&rsquo;huiles v\u00e9g\u00e9tales biologiques \u00e9quilibr\u00e9es, d&rsquo;argile verte et d&rsquo;un m\u00e9lange d&rsquo;huiles essentielles puissantes. Gr\u00e2ce \u00e0 ses ingr\u00e9dients purs de haute qualit\u00e9, il a un effet \u00e0 la fois cicatrisant et soignant.<\/p>\n<p>Il soulage efficacement l&rsquo;enflure des pieds et des chevilles et prot\u00e8ge contre les mycoses et les maladies fongiques. De plus, cette cr\u00e8me naturelle pour les pieds a un <strong>effet rafra\u00eechissant et nourrissant<\/strong> sur la peau des pieds. Pour les jambes fatigu\u00e9es et les pieds enfl\u00e9s, nous recommandons d&rsquo;utiliser le <span style=\"color: #0000ff;\"><a style=\"color: #0000ff;\" href=\"https:\/\/www.biobey.be\/fr\/produit\/varicann-gel-jambes-lourdes\/\">spray rafra\u00eechissant Venosil de Cannaderm<\/a><\/span>.<\/p>\n<h2>Cr\u00e8me pieds crevasses<\/h2>\n<p>L&rsquo;huile v\u00e9g\u00e9tale d&rsquo;amande et l&rsquo;huile de germe de bl\u00e9 utilis\u00e9es dans la composition restaurent et adoucissent les pieds extr\u00eamement secs, les callosit\u00e9s et les fissures dans les talons. Les huiles naturelles apportent \u00e0 la peau s\u00e8che des pieds toutes les vitamines et acides gras n\u00e9cessaires.<\/p>\n<p>L&rsquo;argile verte m\u00e9dicinale normalise l&rsquo;\u00e9quilibre hydrique des pieds et combat ainsi la transpiration des pieds. La <strong>fonction anti-mycotique<\/strong> de l&rsquo;argile verte combat et pr\u00e9vient les infections fongiques.<\/p>\n<p>L&rsquo;association d&rsquo;extraits d&rsquo;arnica, de romarin, de thym et de menthe r\u00e9duit l&rsquo;enflure des pieds et favorise la circulation sanguine. Cela procure un soulagement et un rafra\u00eechissement pour les pieds fatigu\u00e9s et enfl\u00e9s. Si vous souffrez surtout de jambes gonfl\u00e9es, de pieds gonfl\u00e9s et de varices, nous vous recommandons <span style=\"color: #0000ff;\"><a style=\"color: #0000ff;\" href=\"https:\/\/www.biobey.be\/fr\/produit\/gel-jambes-lourdes-et-fatiguees-100ml\/\">le gel pour jambes lourdes et fatigu\u00e9es<\/a>.<\/span><\/p>\n<p>Le m\u00e9lange d&rsquo;huiles essentielles pures et puissantes de menthe, de m\u00e9lisse et de lavande \u00e9limine efficacement les odeurs d\u00e9sagr\u00e9ables des pieds.<br \/>\nR\u00e9sultat : vos pieds sont ultra-doux, souples et sentent bon.<\/p>\n<h3>Jambes et pieds gonfl\u00e9s et fatigu\u00e9s<\/h3>\n<p>Les pieds fatigu\u00e9s et lourds peuvent avoir diff\u00e9rentes causes, comme une mauvaise posture ou une mauvaise fa\u00e7on de marcher. Elle est \u00e9galement fr\u00e9quente par temps chaud.<strong> La cr\u00e8me pieds crevasses naturelle<\/strong> d&rsquo;Argital soulage les pieds fatigu\u00e9s et enfl\u00e9s.<\/p>\n<p>Les principaux ingr\u00e9dients actifs de cette cr\u00e8me pieds crevasses sont des extraits purs d&rsquo;arnica, de romarin, de thym et de menthe. Gr\u00e2ce \u00e0 leur texture tr\u00e8s a\u00e9rienne, ils sont absorb\u00e9s tr\u00e8s rapidement en profondeur, ce qui leur assure une action efficace.<\/p>\n<p>L&rsquo;arnica aussi appel\u00e9e \u00ab\u00a0Valmine\u00a0\u00bb stimule la circulation sanguine afin que les d\u00e9chets et l&rsquo;humidit\u00e9 soient \u00e9limin\u00e9s plus rapidement. Les huiles essentielles biologiques de romarin et de menthe ont une action antiseptique, soulagent les douleurs musculaires et am\u00e9liorent la circulation sanguine.<\/p>\n<p>La synergie de ces substances pr\u00e9cieuses soulage imm\u00e9diatement les pieds et les jambes enfl\u00e9s et fatigu\u00e9s.<\/p>\n<p>Indiqu\u00e9e pour: cr\u00e8me pieds crevasses aide a\u00a0 soulager les pieds fatigu\u00e9s et irrit\u00e9s. Contre les pieds rugueux et secs. Pour les pieds des sportifs<\/p>\n<h4>Cr\u00e8me pieds crevasses contre les mycose et pieds secs<\/h4>\n<p>L&rsquo;huile de germe de bl\u00e9 et l&rsquo;huile d&rsquo;amande utilis\u00e9e dans la cr\u00e8me pieds fournissent des soins intensifs et adoucissent les pieds extr\u00eamement secs, les callosit\u00e9s et les fissures dans les talons.<\/p>\n<p>La haute teneur en puissant extrait v\u00e9g\u00e9tal antiseptique d&rsquo;Arnica, en argile verte anti mycotique et en huiles essentielles antibact\u00e9riennes de romarin, thym et menthe dans la formule combat tous les champignons des pieds pr\u00e9sents. Une utilisation r\u00e9guli\u00e8re aide \u00e0 pr\u00e9venir les champignons du pied.<\/p>\n<p>Ajoutez quelques gouttes du <span style=\"color: #0000ff;\"><a style=\"color: #0000ff;\" href=\"https:\/\/www.biobey.be\/fr\/produit\/mycose-forte-traitement-de-la-mycose\/\">s\u00e9rum Mycosis<\/a><\/span> contre les mycoses des pieds \u00e0 la cr\u00e8me pour les pieds pour un traitement efficace des mycoses des pieds et des nageurs.<\/p>\n<h4><strong>Utilisation:<\/strong><\/h4>\n<p>Lavez vos pieds avant utilisation et s\u00e9chez-les bien. Pour des r\u00e9sultats optimaux, massez la cr\u00e8me pieds crevasses tous les jours avec des mouvements relaxants.<\/p>\n<p><strong>Informations utiles sur la cr\u00e8me naturelle pour les pieds de Argital<\/strong><\/p>\n<p>La cr\u00e8me naturelle pour les pieds d&rsquo;Argital est produite en Italie de mani\u00e8re \u00e9cologique. Elle dispose d&rsquo;un emballage en aluminium \u00e9cologique<\/p>\n<p>&#8211; Pays d&rsquo;origine des mati\u00e8res premi\u00e8res : EU<br \/>\n&#8211; Huiles v\u00e9g\u00e9tales : press\u00e9es \u00e0 froid<br \/>\n&#8211; Huiles essentielles : agriculture biodynamiquePr\u00e9cision scientifique, qualit\u00e9 et s\u00e9curit\u00e9.<\/p>\n<p>Argital est une marque italienne fond\u00e9e en 1979 par le biologiste Giuseppe Ferraro. Les produits Argital ont l&rsquo;une des formules les plus pures et des compositions efficaces, certifi\u00e9es par les certificats les plus stricts tels que BDIH, Demeter.<\/p>\n<p>Les produits Argital sont certifi\u00e9s Vegan et ecoCONTROL par Icea. Les produits sont fabriqu\u00e9s en petites quantit\u00e9s pour garantir une fra\u00eecheur maximale.<\/p>\n<p>La cr\u00e8me naturelle pour les pieds d&rsquo;Argital ne contient pas de conservateurs chimiques, de parfums synth\u00e9tiques ou de colorants artificiels.<br \/>\n*Une explication d\u00e9taill\u00e9e de chaque ingr\u00e9dient se trouve sur la page de l&rsquo;encyclop\u00e9die des ingr\u00e9dients.<\/p>\n<p>Ingr\u00e9dients (INCI) : Aqua, Prunus Amygdalus Dulcis Oil, Glycerin, Cetyl Alcohol, Polyglyceryl 6 Distearate, Alcohol, Potassium Palmitoyl Hydrolyzed Wheat Protein, Glyceryl Stearate,<\/p>\n<p>Cetearyl Alcohol, Triticum Vulgare Germ Oil, Anthemis Nobilis Extract, Hedera Helix Extract, Rosmarinus Officinalis Extract,Arnica Montana Flower Extract, Solum Fullonum, Melissa Officinalis Oil*, Lavandula Hybrida Oil*,<\/p>\n<p>Mentha Piperita Oil*, Citrus Limon Peel Oil*, Thymus Vulgaris Oil*, Styrax Benzoin Resin Extract, Berberis Vulgaris Bark Extract, Xanthan Gum, Lactic Acid<\/p>\n<p>*Composants naturels des huiles essentielles<br \/>\nIngr\u00e9dients issus de l&rsquo;agriculture biologique: Alcohol, Anthemis Nobilis Extract.<br \/>\nIngr\u00e9dients Demeter: Hedera Helix Extract, Rosmarinus Officinalis Extract, Lavandula Hybrida Oil, Melissa Officinalis Oil<\/p>\n<p>&nbsp;<\/p>\n","protected":false},"excerpt":{"rendered":"<p><strong>Cr\u00e8me naturelle pour les pieds<\/strong> contre les <strong>crevasses aux pieds, pieds secs et abimes<\/strong>. Cette cr\u00e8me est compos\u00e9e d&rsquo;huiles v\u00e9g\u00e9tales, d&rsquo;argile verte et d&rsquo;huiles essentielles. La cr\u00e8me pieds est efficaces <strong>contre les mycoses<\/strong>, les maladies fongiques et soulage les pieds enfl\u00e9s.<\/p>\n","protected":false},"featured_media":82,"comment_status":"open","ping_status":"closed","template":"","meta":{"ocean_post_layout":"","ocean_both_sidebars_style":"","ocean_both_sidebars_content_width":0,"ocean_both_sidebars_sidebars_width":0,"ocean_sidebar":"","ocean_second_sidebar":"","ocean_disable_margins":"enable","ocean_add_body_class":"","ocean_shortcode_before_top_bar":"","ocean_shortcode_after_top_bar":"","ocean_shortcode_before_header":"","ocean_shortcode_after_header":"","ocean_has_shortcode":"","ocean_shortcode_after_title":"","ocean_shortcode_before_footer_widgets":"","ocean_shortcode_after_footer_widgets":"","ocean_shortcode_before_footer_bottom":"","ocean_shortcode_after_footer_bottom":"","ocean_display_top_bar":"default","ocean_display_header":"default","ocean_header_style":"","ocean_center_header_left_menu":"","ocean_custom_header_template":"","ocean_custom_logo":0,"ocean_custom_retina_logo":0,"ocean_custom_logo_max_width":0,"ocean_custom_logo_tablet_max_width":0,"ocean_custom_logo_mobile_max_width":0,"ocean_custom_logo_max_height":0,"ocean_custom_logo_tablet_max_height":0,"ocean_custom_logo_mobile_max_height":0,"ocean_header_custom_menu":"","ocean_menu_typo_font_family":"","ocean_menu_typo_font_subset":"","ocean_menu_typo_font_size":0,"ocean_menu_typo_font_size_tablet":0,"ocean_menu_typo_font_size_mobile":0,"ocean_menu_typo_font_size_unit":"px","ocean_menu_typo_font_weight":"","ocean_menu_typo_font_weight_tablet":"","ocean_menu_typo_font_weight_mobile":"","ocean_menu_typo_transform":"","ocean_menu_typo_transform_tablet":"","ocean_menu_typo_transform_mobile":"","ocean_menu_typo_line_height":0,"ocean_menu_typo_line_height_tablet":0,"ocean_menu_typo_line_height_mobile":0,"ocean_menu_typo_line_height_unit":"","ocean_menu_typo_spacing":0,"ocean_menu_typo_spacing_tablet":0,"ocean_menu_typo_spacing_mobile":0,"ocean_menu_typo_spacing_unit":"","ocean_menu_link_color":"","ocean_menu_link_color_hover":"","ocean_menu_link_color_active":"","ocean_menu_link_background":"","ocean_menu_link_hover_background":"","ocean_menu_link_active_background":"","ocean_menu_social_links_bg":"","ocean_menu_social_hover_links_bg":"","ocean_menu_social_links_color":"","ocean_menu_social_hover_links_color":"","ocean_disable_title":"default","ocean_disable_heading":"default","ocean_post_title":"","ocean_post_subheading":"","ocean_post_title_style":"","ocean_post_title_background_color":"","ocean_post_title_background":0,"ocean_post_title_bg_image_position":"","ocean_post_title_bg_image_attachment":"","ocean_post_title_bg_image_repeat":"","ocean_post_title_bg_image_size":"","ocean_post_title_height":0,"ocean_post_title_bg_overlay":0.5,"ocean_post_title_bg_overlay_color":"","ocean_disable_breadcrumbs":"default","ocean_breadcrumbs_color":"","ocean_breadcrumbs_separator_color":"","ocean_breadcrumbs_links_color":"","ocean_breadcrumbs_links_hover_color":"","ocean_display_footer_widgets":"default","ocean_display_footer_bottom":"default","ocean_custom_footer_template":""},"product_brand":[102],"product_cat":[47,26,35,31,16,51],"product_tag":[127,125],"class_list":{"0":"post-2149","1":"product","2":"type-product","3":"status-publish","4":"has-post-thumbnail","6":"product_brand-argital","7":"product_cat-offres-et-minis","8":"product_cat-mains-et-pieds","9":"product_cat-pieds","10":"product_cat-sante","11":"product_cat-soins","12":"product_cat-soins-du-corps","13":"product_tag-sans-silicone","14":"product_tag-vegan","16":"entry","17":"has-media","19":"first","20":"instock","21":"taxable","22":"shipping-taxable","23":"purchasable","24":"product-type-simple","25":"has-rating","26":"col","27":"span_1_of_3","28":"owp-content-center","29":"owp-thumbs-layout-horizontal","30":"owp-btn-normal","31":"owp-tabs-layout-section","32":"has-no-thumbnails","33":"circle-sale"},"_links":{"self":[{"href":"https:\/\/www.biobey.be\/fr\/wp-json\/wp\/v2\/product\/2149","targetHints":{"allow":["GET"]}}],"collection":[{"href":"https:\/\/www.biobey.be\/fr\/wp-json\/wp\/v2\/product"}],"about":[{"href":"https:\/\/www.biobey.be\/fr\/wp-json\/wp\/v2\/types\/product"}],"replies":[{"embeddable":true,"href":"https:\/\/www.biobey.be\/fr\/wp-json\/wp\/v2\/comments?post=2149"}],"wp:featuredmedia":[{"embeddable":true,"href":"https:\/\/www.biobey.be\/fr\/wp-json\/wp\/v2\/media\/82"}],"wp:attachment":[{"href":"https:\/\/www.biobey.be\/fr\/wp-json\/wp\/v2\/media?parent=2149"}],"wp:term":[{"taxonomy":"product_brand","embeddable":true,"href":"https:\/\/www.biobey.be\/fr\/wp-json\/wp\/v2\/product_brand?post=2149"},{"taxonomy":"product_cat","embeddable":true,"href":"https:\/\/www.biobey.be\/fr\/wp-json\/wp\/v2\/product_cat?post=2149"},{"taxonomy":"product_tag","embeddable":true,"href":"https:\/\/www.biobey.be\/fr\/wp-json\/wp\/v2\/product_tag?post=2149"}],"curies":[{"name":"wp","href":"https:\/\/api.w.org\/{rel}","templated":true}]}}