{"id":2150,"date":"2025-05-02T02:09:18","date_gmt":"2025-05-02T00:09:18","guid":{"rendered":"https:\/\/www.biobey.be\/fr-temp\/produit\/dentifrice-homeopathique-bio-argital-75ml\/"},"modified":"2026-03-31T19:12:25","modified_gmt":"2026-03-31T17:12:25","slug":"dentifrice-homeopathique-bio-argital-75ml","status":"publish","type":"product","link":"https:\/\/www.biobey.be\/fr\/produit\/dentifrice-homeopathique-bio-argital-75ml\/","title":{"rendered":"Dentifrice homeopathique bio 75ml"},"content":{"rendered":"<p>Omeobital est un dentifrice hom\u00e9opathique naturel avec extrait de calendula. Ce dentifrice naturel est un \u00e9l\u00e9ment essentiel de l&rsquo;hygi\u00e8ne buccale et dentaire pour les personnes ayant des dents et des gencives sensibles. Il fournit un nettoyage doux mais complet des dents et de l&rsquo;espace entre les dents.<\/p>\n<p>De plus, l&rsquo;om\u00e9obitol aide \u00e0 pr\u00e9venir la prolif\u00e9ration de microbes potentiellement nocifs qui affectent l&rsquo;\u00e9mail des dents et causent la plaque dentaire.<\/p>\n<h2>Omeobital contre ulc\u00e8res dans la cavit\u00e9 buccale<\/h2>\n<p>Le calendula est l&rsquo;un des principaux ingr\u00e9dients actifs de ce dentifrice hom\u00e9opathique naturel. Il est reconnu pour ses propri\u00e9t\u00e9s cicatrisantes et assure une r\u00e9cup\u00e9ration rapide des gencives endommag\u00e9es.<\/p>\n<p>L&rsquo;extrait a \u00e9galement un effet tr\u00e8s b\u00e9n\u00e9fique sur la sant\u00e9 des muqueuses. De plus, l&rsquo;Extrait de Calendula soulage l&rsquo;enflure des gencives et stimule la gu\u00e9rison des ulc\u00e8res et des ulc\u00e8res dans la bouche.<\/p>\n<p>Gr\u00e2ce \u00e0 ses propri\u00e9t\u00e9s cicatrisantes, l&rsquo;utilisation du dentifrice Omeobital est <strong>recommand\u00e9e pour les dents sensibles et les maladies de gencive<\/strong>. L&rsquo;extrait de Chamilla Recutita (extrait de camomille) a un effet antiseptique et d\u00e9sinfectant. Les huiles essentielles de citron et d&rsquo;anis apportent une haleine fra\u00eeche toute la journ\u00e9e.<\/p>\n<h2>Quel est l&rsquo;effet d&rsquo;un dentifrice hom\u00e9opathique sur les dents et les gencives sensibles ?<\/h2>\n<p>Le dentifrice hom\u00e9opathique sans fluor Argital <strong>aide \u00e0 r\u00e9duire la sensibilit\u00e9 des dents et \u00e0 traiter les gencives sensibles et enflamm\u00e9es<\/strong>. Son efficacit\u00e9 est due \u00e0 sa formule riche en extraits de plantes m\u00e9dicinales b\u00e9n\u00e9fiques.<\/p>\n<p>La combinaison d&rsquo;extraits biologiques de camomille, de calendula et d&rsquo;herbe \u00e0 fromage a des effets apaisants et anti-inflammatoires. Il apaise les douleurs d\u00e9sagr\u00e9ables des gencives enflamm\u00e9es et aide \u00e0 rendre les gencives plus r\u00e9sistantes.<\/p>\n<p>Le kaolin et l&rsquo;argile verte contribuent \u00e0 min\u00e9raliser les dents et la cavit\u00e9 buccale gr\u00e2ce \u00e0 leur formule riche en min\u00e9raux. Elles renforcent l&rsquo;\u00e9mail des dents et r\u00e9duisent la sensibilit\u00e9 dentaire.<\/p>\n<p>Les principes actifs du dentifrice hom\u00e9opathique pour dents sensibles ont des propri\u00e9t\u00e9s antibact\u00e9riennes. Le dentifrice convient donc pour r\u00e9duire et aider \u00e0 pr\u00e9venir la sensibilit\u00e9 des dents et des gencives.<\/p>\n<h3>Conseils pour L&rsquo;\u00e9rosion dentaire<\/h3>\n<p>&#8211; Il y a des douzaines de raisons d&rsquo;abandonner les boissons gazeuses et l&rsquo;une d&rsquo;elles est de pr\u00e9venir L&rsquo;\u00e9rosion de l&rsquo;\u00e9mail dentaire. &#8211; Apr\u00e8s avoir mang\u00e9 ou bu des produits acides, attendez au moins une heure avant de vous brosser les dents, sinon vous vous brosserez les dents avec de l&rsquo;acide \u00e0 la surface, ce qui causera plus d&rsquo;usure.<\/p>\n<p>Contre l&rsquo;usure par acide Les dentifrices organiques d&rsquo;Argital, y compris l&rsquo;Omeobital, sont connus pour leurs propri\u00e9t\u00e9s uniques et innovantes : aucun abrasif. Au lieu d&rsquo;abrasifs, ils utilisent des absorbants tels que l&rsquo;argile verte fine pour nettoyer les dents et la cavit\u00e9 buccale.<\/p>\n<h4>L&rsquo;absence d&rsquo;abrasifs rend ce dentifrice hom\u00e9opathique id\u00e9al pour les personnes souffrant d&rsquo;usure par acide.<\/h4>\n<p>* Le test d&rsquo;abrasivit\u00e9 a \u00e9t\u00e9 effectu\u00e9 \u00e0 l&rsquo;Universit\u00e9 de Pavie pour tous les dentifrices, \u00e0 l&rsquo;exception des dentifrices Dentie et Propolis. Mode d&#8217;emploi de l&rsquo;omeobital: Brossez-vous les dents deux fois par jour ou apr\u00e8s chaque repas avec un dentifrice naturel.<\/p>\n<p>Pour une hygi\u00e8ne bucco-dentaire compl\u00e8te, utilisez <span style=\"color: #0000ff;\"><a style=\"color: #0000ff;\" href=\"https:\/\/www.biobey.be\/fr\/produit\/laltro-collutorio-natuurlijke-mondwater\/\">un rince-bouche naturel<\/a><\/span>. Tous les dentifrices Argital sont compos\u00e9s d&rsquo;ingr\u00e9dients purs tr\u00e8s efficaces. En comparant diff\u00e9rents dentifrices naturels et biologiques, nous avons pu d\u00e9duire qu&rsquo;Argital poss\u00e8de les dentifrices les plus purs et les plus efficaces.<\/p>\n<p>Ingr\u00e9dients: Glycerin , Aqua, Kaolin, Calcium Carbonate, Alcohol, Xanthan Gum, Illicium Verum Fruit Oil, Rosa Canina Fruit Extract, Calendula Officinalis Flower Extract, Chamomilla Recutita Flower Extract, Malva Sylvestris Extract, Citrus Limon<\/p>\n<p>Peel Oil*, Solum Fullonum, Maris Sal, Styrax Benzoin Resin Extract, Berberis Vulgaris Bark Extract<br \/>\nIngr\u00e9dients issus de l&rsquo;agriculture biologique: Alcohol<\/p>\n<p>*Le dentifrice hom\u00e9opathique d&rsquo;Argital contient des huiles essentielles biologiques.<br \/>\nComposants des huiles essentielles naturelles : Limon\u00e8ne, Linalool<br \/>\nDemeter ingredi\u00ebnten: Rosa Canina Fruit Extract, Calendula Officinalis Flower Extract, Chamomilla Recutita Flower Extract, Malva Sylvestris Extract<\/p>\n<p><strong>Origine des mati\u00e8res premi\u00e8res et processus de production \u00e9cologique du dentifrice hom\u00e9opathique<\/strong> :<br \/>\n&#8211; Pays d&rsquo;origine des mati\u00e8res premi\u00e8res : Eu<br \/>\n&#8211; Produit en : Italie<\/p>\n<p><strong>Dentifrice hom\u00e9opathique :\u00a0production durable et emballage \u00e9cologique<\/strong><br \/>\nProduit sans utilisation de conservateurs synth\u00e9tiques, de colorants ou de parfums artificiels. Produit naturel pur<br \/>\nEmballage \u00e9cologique : tube en aluminium sans microplastique<\/p>\n","protected":false},"excerpt":{"rendered":"<p>Le dentifrice hom\u00e9opathique naturel pour dents et gencives sensibles traite efficacement le tartre, la plaque dentaire, aide \u00e0 pr\u00e9venir la carie et la carie dentaire. Il convient \u00e9galement aux personnes souffrant d&rsquo;usure par acide.<\/p>\n","protected":false},"featured_media":75,"comment_status":"open","ping_status":"closed","template":"","meta":{"ocean_post_layout":"","ocean_both_sidebars_style":"","ocean_both_sidebars_content_width":0,"ocean_both_sidebars_sidebars_width":0,"ocean_sidebar":"0","ocean_second_sidebar":"0","ocean_disable_margins":"enable","ocean_add_body_class":"","ocean_shortcode_before_top_bar":"","ocean_shortcode_after_top_bar":"","ocean_shortcode_before_header":"","ocean_shortcode_after_header":"","ocean_has_shortcode":"","ocean_shortcode_after_title":"","ocean_shortcode_before_footer_widgets":"","ocean_shortcode_after_footer_widgets":"","ocean_shortcode_before_footer_bottom":"","ocean_shortcode_after_footer_bottom":"","ocean_display_top_bar":"default","ocean_display_header":"default","ocean_header_style":"","ocean_center_header_left_menu":"0","ocean_custom_header_template":"0","ocean_custom_logo":0,"ocean_custom_retina_logo":0,"ocean_custom_logo_max_width":0,"ocean_custom_logo_tablet_max_width":0,"ocean_custom_logo_mobile_max_width":0,"ocean_custom_logo_max_height":0,"ocean_custom_logo_tablet_max_height":0,"ocean_custom_logo_mobile_max_height":0,"ocean_header_custom_menu":"0","ocean_menu_typo_font_family":"0","ocean_menu_typo_font_subset":"","ocean_menu_typo_font_size":0,"ocean_menu_typo_font_size_tablet":0,"ocean_menu_typo_font_size_mobile":0,"ocean_menu_typo_font_size_unit":"px","ocean_menu_typo_font_weight":"","ocean_menu_typo_font_weight_tablet":"","ocean_menu_typo_font_weight_mobile":"","ocean_menu_typo_transform":"","ocean_menu_typo_transform_tablet":"","ocean_menu_typo_transform_mobile":"","ocean_menu_typo_line_height":0,"ocean_menu_typo_line_height_tablet":0,"ocean_menu_typo_line_height_mobile":0,"ocean_menu_typo_line_height_unit":"","ocean_menu_typo_spacing":0,"ocean_menu_typo_spacing_tablet":0,"ocean_menu_typo_spacing_mobile":0,"ocean_menu_typo_spacing_unit":"","ocean_menu_link_color":"","ocean_menu_link_color_hover":"","ocean_menu_link_color_active":"","ocean_menu_link_background":"","ocean_menu_link_hover_background":"","ocean_menu_link_active_background":"","ocean_menu_social_links_bg":"","ocean_menu_social_hover_links_bg":"","ocean_menu_social_links_color":"","ocean_menu_social_hover_links_color":"","ocean_disable_title":"default","ocean_disable_heading":"default","ocean_post_title":"","ocean_post_subheading":"","ocean_post_title_style":"","ocean_post_title_background_color":"","ocean_post_title_background":0,"ocean_post_title_bg_image_position":"","ocean_post_title_bg_image_attachment":"","ocean_post_title_bg_image_repeat":"","ocean_post_title_bg_image_size":"","ocean_post_title_height":0,"ocean_post_title_bg_overlay":0.5,"ocean_post_title_bg_overlay_color":"","ocean_disable_breadcrumbs":"default","ocean_breadcrumbs_color":"","ocean_breadcrumbs_separator_color":"","ocean_breadcrumbs_links_color":"","ocean_breadcrumbs_links_hover_color":"","ocean_display_footer_widgets":"default","ocean_display_footer_bottom":"default","ocean_custom_footer_template":"0"},"product_brand":[102],"product_cat":[29,16],"product_tag":[138,139,136,125],"class_list":{"0":"post-2150","1":"product","2":"type-product","3":"status-publish","4":"has-post-thumbnail","6":"product_brand-argital","7":"product_cat-hygiene-buccale","8":"product_cat-soins","9":"product_tag-homeopathique","10":"product_tag-sans-abrasifs","11":"product_tag-sans-fluor","12":"product_tag-vegan","14":"entry","15":"has-media","17":"first","18":"instock","19":"taxable","20":"shipping-taxable","21":"purchasable","22":"product-type-simple","23":"has-rating","24":"col","25":"span_1_of_3","26":"owp-content-center","27":"owp-thumbs-layout-horizontal","28":"owp-btn-normal","29":"owp-tabs-layout-section","30":"has-no-thumbnails","31":"circle-sale"},"_links":{"self":[{"href":"https:\/\/www.biobey.be\/fr\/wp-json\/wp\/v2\/product\/2150","targetHints":{"allow":["GET"]}}],"collection":[{"href":"https:\/\/www.biobey.be\/fr\/wp-json\/wp\/v2\/product"}],"about":[{"href":"https:\/\/www.biobey.be\/fr\/wp-json\/wp\/v2\/types\/product"}],"replies":[{"embeddable":true,"href":"https:\/\/www.biobey.be\/fr\/wp-json\/wp\/v2\/comments?post=2150"}],"wp:featuredmedia":[{"embeddable":true,"href":"https:\/\/www.biobey.be\/fr\/wp-json\/wp\/v2\/media\/75"}],"wp:attachment":[{"href":"https:\/\/www.biobey.be\/fr\/wp-json\/wp\/v2\/media?parent=2150"}],"wp:term":[{"taxonomy":"product_brand","embeddable":true,"href":"https:\/\/www.biobey.be\/fr\/wp-json\/wp\/v2\/product_brand?post=2150"},{"taxonomy":"product_cat","embeddable":true,"href":"https:\/\/www.biobey.be\/fr\/wp-json\/wp\/v2\/product_cat?post=2150"},{"taxonomy":"product_tag","embeddable":true,"href":"https:\/\/www.biobey.be\/fr\/wp-json\/wp\/v2\/product_tag?post=2150"}],"curies":[{"name":"wp","href":"https:\/\/api.w.org\/{rel}","templated":true}]}}