{"id":2155,"date":"2025-03-24T03:00:32","date_gmt":"2025-03-24T02:00:32","guid":{"rendered":"https:\/\/www.biobey.be\/fr-temp\/produit\/masque-contour-des-yeux-poches-et-rides-50-ml\/"},"modified":"2026-04-22T23:10:32","modified_gmt":"2026-04-22T21:10:32","slug":"masque-contour-des-yeux-poches-et-rides-50-ml","status":"publish","type":"product","link":"https:\/\/www.biobey.be\/fr\/produit\/masque-contour-des-yeux-poches-et-rides-50-ml\/","title":{"rendered":"Masque contour yeux &#8211; poches 50ml"},"content":{"rendered":"<p>Gr\u00e2ce \u00e0 l&rsquo;association unique d&rsquo;argile verte et d&rsquo;extrait d&rsquo;\u00e9clat pour les yeux, ce masque contour yeux r\u00e9duit le volume les rides et les cernes autours des yeux. Utilis\u00e9 r\u00e9guli\u00e8rement, il prot\u00e8ge la peau sensible du contour des yeux. De plus, il aide \u00e0 maintenir une apparence fra\u00eeche, claire et jeune.<\/p>\n<h2>D\u00e9barrassez-vous des poches sous les yeux avec ce masque naturel pour le contour des yeux<\/h2>\n<p>L&rsquo;accumulation r\u00e9guli\u00e8re de liquide sous les yeux \u00e9tire la peau fine et d\u00e9licate sous les yeux. Le tissu cutan\u00e9 perd son \u00e9lasticit\u00e9 et devient plus sensible \u00e0 la formation de rides pr\u00e9matur\u00e9es. Le masque naturel pour les yeux stimule la microcirculation et a un effet drainant sur le liquide sous les yeux. Un soin sp\u00e9cifique du contour des yeux permet d&rsquo;\u00e9viter que le tissu cutan\u00e9 sous les yeux ne se rel\u00e2che et ne pr\u00e9sente donc aucun signe de vieillissement pr\u00e9matur\u00e9.<\/p>\n<h3>Masque contour des yeux contre les poches et les rides<\/h3>\n<p>Le masque contour des yeux naturel pour les yeux Argital contient de pr\u00e9cieux ingr\u00e9dients purs tels que de l&rsquo;extrait de collyre, de la camomille et de l&rsquo;huile de bourrache biologique. L&rsquo;effet synergique des principes actifs permet au masque naturel pour les yeux de fonctionner tr\u00e8s efficacement.<br \/>\nL&rsquo;application Cr\u00e8me Contour des Yeux de l&rsquo;int\u00e9rieur vers l&rsquo;ext\u00e9rieur.<\/p>\n<p>Masser la cr\u00e8me pour les yeux sur le coin externe de l&rsquo;\u0153il. En plus d&rsquo;un massage oculaire relaxant, il agit pr\u00e9ventivement contre les rides et favorise la r\u00e9cup\u00e9ration naturelle de la peau.<\/p>\n<p>L&rsquo;extrait d&rsquo;Euphrasia officinalis (euphrasia officinalis) est connu pour son effet m\u00e9dicinal en cas de divers probl\u00e8mes oculaires.L&rsquo;euphraise inhibe l&rsquo;inflammation des extr\u00e9mit\u00e9s des paupi\u00e8res et aide \u00e0 lutter contre l&rsquo;orgelet. C&rsquo;est un rem\u00e8de efficace et naturel contre la s\u00e9cheresse, la rougeur et les poches oculaires. Cet extrait est antiseptique et anti-inflammatoire.<\/p>\n<p>Par cons\u00e9quent, il est tr\u00e8s efficace pour \u00e9liminer les poches sous les yeux et les cernes autours des yeux. L&rsquo;argile verte de l&rsquo;Argital stimule aussi la circulation sanguine et absorbe les toxines. Elle absorbe l&rsquo;exc\u00e8s d&rsquo;humidit\u00e9 et apporte \u00e0 la peau les min\u00e9raux et oligo-\u00e9l\u00e9ments n\u00e9cessaires.<\/p>\n<p>De plus, la composition d&rsquo;argile verte sicilienne, d&rsquo;extraits de camomille, d&rsquo;huile de bourrache et de glyc\u00e9rine v\u00e9g\u00e9tale a un effet hydratant et liftant sur la peau. Ainsi, la peau terne et fatigu\u00e9e retrouve son \u00e9clat et sa fra\u00eecheur.<\/p>\n<h4>Masque contour des yeux stimule le renouvellement cellulaire de la peau<\/h4>\n<p>Le masque naturel pour les yeux Argital est une source riche en antioxydants, vitamines et acides gras. Ceux-ci fournissent \u00e0 la peau tous les nutriments n\u00e9cessaires.<\/p>\n<p>Il stimule le renouvellement cellulaire de la peau pour que la peau soit plus lisse et plus jeune. Elle renforce et prot\u00e8ge \u00e9galement la peau contre les radicaux libres. Parce que la peau sensible autour des yeux offre une plus grande r\u00e9sistance aux influences ext\u00e9rieures nocives, le vieillissement pr\u00e9matur\u00e9 de la peau est \u00e9vit\u00e9.<\/p>\n<p>L&rsquo;argile verte et l&rsquo;extrait d&rsquo;illuminateur r\u00e9duisent l&rsquo;enflure. Ainsi, les poches sous les yeux disparaissent. Le masque biologique pour les yeux stimule ensuite la micro circulation et \u00e9limine ainsi les cernes sous les yeux. Ainsi, la peau fatigu\u00e9e et terne du contour des yeux est nourrie et \u00e9claircie, ce qui lui donne un aspect frais et sain.<\/p>\n<p>Appliquer en couche \u00e9paisse (quelques millim\u00e8tres) sur la peau nettoy\u00e9e autour des yeux, en \u00e9vitant le contact direct avec les yeux. Retirer apr\u00e8s 10-20 minutes avec de l&rsquo;eau ti\u00e8de ou une \u00e9ponge humide. Il est recommand\u00e9 d&rsquo;humidifier l\u00e9g\u00e8rement le masque oculaire avec de l&rsquo;eau pendant l&rsquo;application afin qu&rsquo;il ne devienne pas rigide.<\/p>\n<p><strong>Remarque<\/strong> : Apr\u00e8s l&rsquo;application du masque oculaire, une couleur rose temporaire peut appara\u00eetre sur la peau autour des yeux. C&rsquo;est un signe de bonne circulation sanguine.<\/p>\n<p><strong>Conseil<\/strong> : Pour un effet encore plus efficace, la Cr\u00e8me Contour des Yeux est recommand\u00e9e.<\/p>\n<p>*Une explication d\u00e9taill\u00e9e de chaque ingr\u00e9dient se trouve sur la page de l&rsquo;encyclop\u00e9die des ingr\u00e9dients.<br \/>\nIngr\u00e9dients (INCI) : Solum Follonum, Aqua, Glycerin, Euphrasia Officinalis Extrac, Helichrysum Italicum Flower Extract, Chamomilla Recutita Flower Extract, Alcohol, Xanthan Gum, Styrax Benzoin Resin Extract, Berberis Vulgaris Bark Extract, Borago Officinalis Seed Oil, Lavandula Hybrida Oil, Rosa Damascena Flower Oil<\/p>\n<p>*Composants naturels des huiles essentielles<\/p>\n<p>*Ingr\u00e9dients issus de l&rsquo;agriculture biologique:Euphrasia Officinalis Extract \u2013 Helichrysum Italicum Flower Extract- Chamomilla Recutita Flower Extract \u2013 Alcohol \u2013 Borago Officinalis Seed Oil \u2013 Lavandula Hybrida Oil*.<\/p>\n","protected":false},"excerpt":{"rendered":"<p>Masque naturel anti poche sous les yeux d\u2019Argital enl\u00e8ve les cernes sous les yeux naturellement.<br \/>\nLe masque yeux naturel r\u00e9duit visiblement les signes de fatigue et les rides.<\/p>\n","protected":false},"featured_media":153,"comment_status":"open","ping_status":"closed","template":"","meta":{"ocean_post_layout":"","ocean_both_sidebars_style":"","ocean_both_sidebars_content_width":0,"ocean_both_sidebars_sidebars_width":0,"ocean_sidebar":"0","ocean_second_sidebar":"0","ocean_disable_margins":"enable","ocean_add_body_class":"","ocean_shortcode_before_top_bar":"","ocean_shortcode_after_top_bar":"","ocean_shortcode_before_header":"","ocean_shortcode_after_header":"","ocean_has_shortcode":"","ocean_shortcode_after_title":"","ocean_shortcode_before_footer_widgets":"","ocean_shortcode_after_footer_widgets":"","ocean_shortcode_before_footer_bottom":"","ocean_shortcode_after_footer_bottom":"","ocean_display_top_bar":"default","ocean_display_header":"default","ocean_header_style":"","ocean_center_header_left_menu":"0","ocean_custom_header_template":"0","ocean_custom_logo":0,"ocean_custom_retina_logo":0,"ocean_custom_logo_max_width":0,"ocean_custom_logo_tablet_max_width":0,"ocean_custom_logo_mobile_max_width":0,"ocean_custom_logo_max_height":0,"ocean_custom_logo_tablet_max_height":0,"ocean_custom_logo_mobile_max_height":0,"ocean_header_custom_menu":"0","ocean_menu_typo_font_family":"0","ocean_menu_typo_font_subset":"","ocean_menu_typo_font_size":0,"ocean_menu_typo_font_size_tablet":0,"ocean_menu_typo_font_size_mobile":0,"ocean_menu_typo_font_size_unit":"px","ocean_menu_typo_font_weight":"","ocean_menu_typo_font_weight_tablet":"","ocean_menu_typo_font_weight_mobile":"","ocean_menu_typo_transform":"","ocean_menu_typo_transform_tablet":"","ocean_menu_typo_transform_mobile":"","ocean_menu_typo_line_height":0,"ocean_menu_typo_line_height_tablet":0,"ocean_menu_typo_line_height_mobile":0,"ocean_menu_typo_line_height_unit":"","ocean_menu_typo_spacing":0,"ocean_menu_typo_spacing_tablet":0,"ocean_menu_typo_spacing_mobile":0,"ocean_menu_typo_spacing_unit":"","ocean_menu_link_color":"","ocean_menu_link_color_hover":"","ocean_menu_link_color_active":"","ocean_menu_link_background":"","ocean_menu_link_hover_background":"","ocean_menu_link_active_background":"","ocean_menu_social_links_bg":"","ocean_menu_social_hover_links_bg":"","ocean_menu_social_links_color":"","ocean_menu_social_hover_links_color":"","ocean_disable_title":"default","ocean_disable_heading":"default","ocean_post_title":"","ocean_post_subheading":"","ocean_post_title_style":"","ocean_post_title_background_color":"","ocean_post_title_background":0,"ocean_post_title_bg_image_position":"","ocean_post_title_bg_image_attachment":"","ocean_post_title_bg_image_repeat":"","ocean_post_title_bg_image_size":"","ocean_post_title_height":0,"ocean_post_title_bg_overlay":0.5,"ocean_post_title_bg_overlay_color":"","ocean_disable_breadcrumbs":"default","ocean_breadcrumbs_color":"","ocean_breadcrumbs_separator_color":"","ocean_breadcrumbs_links_color":"","ocean_breadcrumbs_links_hover_color":"","ocean_display_footer_widgets":"default","ocean_display_footer_bottom":"default","ocean_custom_footer_template":"0"},"product_brand":[102],"product_cat":[22,17,16,20],"product_tag":[126,133,125],"class_list":{"0":"post-2155","1":"product","2":"type-product","3":"status-publish","4":"has-post-thumbnail","6":"product_brand-argital","7":"product_cat-yeux-et-levres","8":"product_cat-soins-du-visage","9":"product_cat-soins","10":"product_cat-anti-age","11":"product_tag-sans-paraben","12":"product_tag-sansparfumsynthetique","13":"product_tag-vegan","15":"entry","16":"has-media","18":"first","19":"instock","20":"taxable","21":"shipping-taxable","22":"purchasable","23":"product-type-simple","24":"has-rating","25":"col","26":"span_1_of_3","27":"owp-content-center","28":"owp-thumbs-layout-horizontal","29":"owp-btn-normal","30":"owp-tabs-layout-section","31":"has-no-thumbnails","32":"circle-sale"},"_links":{"self":[{"href":"https:\/\/www.biobey.be\/fr\/wp-json\/wp\/v2\/product\/2155","targetHints":{"allow":["GET"]}}],"collection":[{"href":"https:\/\/www.biobey.be\/fr\/wp-json\/wp\/v2\/product"}],"about":[{"href":"https:\/\/www.biobey.be\/fr\/wp-json\/wp\/v2\/types\/product"}],"replies":[{"embeddable":true,"href":"https:\/\/www.biobey.be\/fr\/wp-json\/wp\/v2\/comments?post=2155"}],"wp:featuredmedia":[{"embeddable":true,"href":"https:\/\/www.biobey.be\/fr\/wp-json\/wp\/v2\/media\/153"}],"wp:attachment":[{"href":"https:\/\/www.biobey.be\/fr\/wp-json\/wp\/v2\/media?parent=2155"}],"wp:term":[{"taxonomy":"product_brand","embeddable":true,"href":"https:\/\/www.biobey.be\/fr\/wp-json\/wp\/v2\/product_brand?post=2155"},{"taxonomy":"product_cat","embeddable":true,"href":"https:\/\/www.biobey.be\/fr\/wp-json\/wp\/v2\/product_cat?post=2155"},{"taxonomy":"product_tag","embeddable":true,"href":"https:\/\/www.biobey.be\/fr\/wp-json\/wp\/v2\/product_tag?post=2155"}],"curies":[{"name":"wp","href":"https:\/\/api.w.org\/{rel}","templated":true}]}}