{"id":2158,"date":"2025-05-26T00:12:21","date_gmt":"2025-05-25T22:12:21","guid":{"rendered":"https:\/\/www.biobey.be\/fr-temp\/produit\/masque-a-argile-verte-argiltubo-250-ml\/"},"modified":"2026-01-12T18:05:56","modified_gmt":"2026-01-12T17:05:56","slug":"masque-a-argile-verte-argiltubo-250-ml","status":"publish","type":"product","link":"https:\/\/www.biobey.be\/fr\/produit\/masque-a-argile-verte-argiltubo-250-ml\/","title":{"rendered":"Masque argile verte 250 ml"},"content":{"rendered":"<p>\u00c0 la recherche d&rsquo;un masque facial \u00e0 l&rsquo;argile verte 100 % naturel ? Masque argile verte Argiltubo est un masque d&rsquo;argile verte 100% naturel d&rsquo;Argital. Ce masque \u00e0 l&rsquo;argile verte est un puissant produit de soin multifonctionnel pour le traitement de diverses maladies de la peau. Argiltubo est sp\u00e9cialement d\u00e9velopp\u00e9 <span style=\"color: #0000ff;\"><a style=\"color: #0000ff;\" href=\"https:\/\/www.biobey.be\/fr\/produit\/creme-visage-bio-a-effet-botox-50ml\/\">pour le traitement des rides fines<\/a><\/span>, de l&rsquo;acn\u00e9, des vergetures et de la cellulite.<\/p>\n<p>L&rsquo;ingr\u00e9dient principal, l&rsquo;argile verte active est riche en enzymes et contient des min\u00e9raux tels que l&rsquo;aluminium, le silicium, le fer, le potassium et le magn\u00e9sium.<\/p>\n<p>Gr\u00e2ce \u00e0 l&rsquo;effet anti-inflammatoire et antibact\u00e9rien de<strong> l&rsquo;argile verte sicilienne, c&rsquo;est un traitement efficace contre l&rsquo;ecz\u00e9ma, le psoriasis et de nombreuses autres affections cutan\u00e9es.<\/strong><\/p>\n<h2>Le traitement efficace de diverses conditions de peau avec le masque argile verte<\/h2>\n<p>Masque argile verte bio stimule la circulation sanguine de la peau, augmente l&rsquo;\u00e9lasticit\u00e9 de la peau et nourrit la peau en min\u00e9raux, acides amin\u00e9s et vitamines. Gr\u00e2ce aux propri\u00e9t\u00e9s purifiantes et revitalisantes de l&rsquo;Argiltubo, il est id\u00e9al comme masque facial contre les rides et pour renforcer le cou et le d\u00e9collet\u00e9. Il r\u00e9duit \u00e9galement les vergetures sur le corps.<\/p>\n<p>Apr\u00e8s le masque \u00e0 l&rsquo;argile verte, vous pouvez appliquer <span style=\"color: #0000ff;\"><a style=\"color: #0000ff;\" href=\"https:\/\/www.biobey.be\/fr\/produit\/creme-raffermissante-pour-le-buste-bema\/\">cette cr\u00e8me raffermissante naturelle pour les poitrines<\/a><\/span>. Elle renforce l&rsquo;action de l&rsquo;argile verte et convient \u00e0 un usage quotidien.<\/p>\n<p>Gr\u00e2ce \u00e0 son effet s\u00e9bor\u00e9gulateur et d\u00e9toxifiant, il aide \u00e0 r\u00e9duire les irritations du cuir chevelu, les pellicules et la formation de pellicules.La composition d&rsquo;Argiltubo est compos\u00e9e d&rsquo;argile verte sicilienne pure, d&rsquo;huile essentielle de bourrache et d&rsquo;huile de lavande certifi\u00e9e Demeter.<\/p>\n<p>Sa formule unique est enrichie d&rsquo;extraits v\u00e9g\u00e9taux purs de pr\u00eale, de souci, qui ont un effet calmant et r\u00e9g\u00e9n\u00e9rant sur les irritations et les \u00e9ruptions cutan\u00e9es. Gr\u00e2ce \u00e0 la composition naturelle et purifiante d&rsquo;Argiltubo et \u00e0 son effet doux et non irritant, il convient \u00e0 tous les types de peau.<\/p>\n<p><strong>Masque anti-\u00e2ge visage, cou et d\u00e9collet\u00e9<\/strong><\/p>\n<p>Le masque Argiltubo nourrit la peau s\u00e8che avec des vitamines et des acides gras insatur\u00e9s. Il stimule le processus naturel de renouvellement cellulaire, rendant la peau souple et plus \u00e9lastique. La haute teneur en silice et en huile essentielle de bourrache pr\u00e9sente dans le masque hydrate et nourrit la peau avec tous les nutriments n\u00e9cessaires. Le masque ralentit le processus de vieillissement et prot\u00e8ge contre les rides pr\u00e9matur\u00e9es.<\/p>\n<p>Utilisation : Appliquer le masque Argiltubo du bout des doigts ou \u00e0 la spatule directement sur la peau. Ne le frottez pas sur la peau. Laissez ensuite agir l&rsquo;argile pour que les toxines et les impuret\u00e9s soient bien absorb\u00e9es. Retirer le masque avec beaucoup d&rsquo;eau ou avec une \u00e9ponge humide.<br \/>\nPour les peaux grasses : Enlever le masque \u00e0 l&rsquo;argile apr\u00e8s 30 minutes.<\/p>\n<p><strong>Pour les peaux mixtes :<\/strong> Enlever le masque \u00e0 l&rsquo;argile apr\u00e8s 20 minutes.<\/p>\n<p><strong>Pour les peaux sensibles<\/strong> : Retirer le masque \u00e0 l&rsquo;argile au bout de 10 minutes.<\/p>\n<h3>Acn\u00e9 ecz\u00e9ma psoriasis \u00e9ruption cutan\u00e9e<\/h3>\n<p><span style=\"font-size: medium;\">Les causes courantes de maladies de la peau comme l&rsquo;ecz\u00e9ma, le psoriasis, la dermatite et l&rsquo;acn\u00e9 sont les allergies, les infections fongiques, les infections bact\u00e9riennes ou le d\u00e9s\u00e9quilibre de la production de s\u00e9bum. <\/span><\/p>\n<p><span style=\"font-size: medium;\">Parfois, il peut aussi s&rsquo;agir d&rsquo;une combinaison de plusieurs facteurs.\u00a0 <\/span><span style=\"font-size: medium;\">Par exemple, l&rsquo;acn\u00e9 est souvent la cause d&rsquo;une glande s\u00e9bac\u00e9e active et d&rsquo;une augmentation des bact\u00e9ries. Argiltubo est un outil efficace pour ces affections cutan\u00e9es gr\u00e2ce \u00e0 sa composition unique.<\/span><\/p>\n<p>L&rsquo;ingr\u00e9dient de base d&rsquo;Argiltubo est l&rsquo;argile verte. L&rsquo;argile verte r\u00e9gule la production de s\u00e9bum et \u00e9limine l&rsquo;exc\u00e8s de s\u00e9bum de la peau. De plus, Argiltubo absorbe les toxines et les toxines de l&rsquo;organisme et d\u00e9gage des min\u00e9raux. La peau est nettoy\u00e9e en profondeur et les pores obstru\u00e9s sont purifi\u00e9s.<\/p>\n<p>Gr\u00e2ce aux propri\u00e9t\u00e9s antibact\u00e9riennes et anti-inflammatoires de l&rsquo;argile, elle \u00e9limine les bact\u00e9ries sur la peau et les infections cutan\u00e9es. L&rsquo;association d&rsquo;argile verte, d&rsquo;extrait de souci et d&rsquo;huile essentielle de bourrache est riche en acides gras insatur\u00e9s et en vitamines min\u00e9rales, qui nourrissent et r\u00e9g\u00e9n\u00e8rent intens\u00e9ment la peau.<\/p>\n<p>Masque argile verte bio traite la peau probl\u00e9matique et la prot\u00e8ge contre les influences ext\u00e9rieures qui provoquent irritation et \u00e9ruptions cutan\u00e9es.<\/p>\n<p><strong>Conseil Biobey:<\/strong> en cas de probl\u00e8mes cutan\u00e9s atopiques, nous recommandons d&rsquo;utiliser quotidiennement la <span style=\"color: #0000ff;\"><a style=\"color: #0000ff;\" href=\"https:\/\/www.biobey.be\/fr\/produit\/eczema-peau-atopique-lotion-bio-150-ml\/\">lotion corporelle Cannaderm pour peaux atopiques.<\/a><\/span><\/p>\n<p>Utilisation\u00a0: Appliquer l&rsquo;argile verte Argiltubo du bout des doigts ou \u00e0 la spatule directement sur la peau. Ne frottez pas l&rsquo;argile sur la peau. Laissez ensuite l&rsquo;argile bien agir, afin que le masque \u00e0 l&rsquo;argile absorbe bien les toxines de votre peau. Retirer le masque \u00e0 l&rsquo;argile apr\u00e8s 10 minutes avec suffisamment d&rsquo;eau ou avec une \u00e9ponge humide<\/p>\n<h3>Action detox sur le visage et le corps<\/h3>\n<p>Il est important que le masque \u00e0 l&rsquo;argile s\u00e8che compl\u00e8tement. Laisser reposer environ 30 \u00e0 45 minutes jusqu&rsquo;\u00e0 ce qu&rsquo;il soit compl\u00e8tement sec. Retirer le masque \u00e0 l&rsquo;argile de la peau avec de l&rsquo;eau ti\u00e8de et par de l\u00e9gers mouvements circulaires dans le sens horaire jusqu&rsquo;\u00e0 ce que la peau soit compl\u00e8tement propre.<\/p>\n<p>M\u00eame de petits mouvements circulaires, lorsqu&rsquo;ils sont ex\u00e9cut\u00e9s correctement, sont b\u00e9n\u00e9fiques pour mieux r\u00e9guler la circulation des fluides dans nos tissus.<\/p>\n<p>Nous recommandons le sens des aiguilles d&rsquo;une montre pour ceux qui vivent dans l&rsquo;h\u00e9misph\u00e8re nord et le sens inverse des aiguilles d&rsquo;une montre pour ceux qui vivent dans l&rsquo;h\u00e9misph\u00e8re sud, en fonction du d\u00e9bit naturel de l&rsquo;eau dans chaque h\u00e9misph\u00e8re<\/p>\n<h3>Avantages du masque argile verte pour le corps<\/h3>\n<p><strong>Poitrine et d\u00e9collet\u00e9 robustes<\/strong><\/p>\n<p>L&rsquo;association d&rsquo;argile verte enrichie aux huiles essentielles de lavande et de bourrache aide \u00e0 raffermir la peau et ralentit le processus de vieillissement.<\/p>\n<p>L&rsquo;argile stimule le renouvellement cellulaire de la peau et favorise la circulation sanguine. Ceci a un effet positif sur l&rsquo;\u00e9lasticit\u00e9 de la peau. Gr\u00e2ce \u00e0 l&rsquo;effet r\u00e9g\u00e9n\u00e9rateur et nourrissant du masque, les seins et le d\u00e9collet\u00e9 paraissent plus fermes et plus fermes.<\/p>\n<p>Utilisation: Appliquer l&rsquo;argile verte Argiltubo du bout des doigts ou \u00e0 la spatule directement sur la peau. Ne frottez pas l&rsquo;argile sur la peau. Laisser ensuite bien agir l&rsquo;argile. Retirer le masque apr\u00e8s 10 ou 20 minutes avec beaucoup d&rsquo;eau ou avec une \u00e9ponge humide.<br \/>\nVergetures<\/p>\n<p>Argiltubo stimule la circulation sanguine et favorise la capacit\u00e9 naturelle de la peau \u00e0 r\u00e9cup\u00e9rer. Sa formule naturelle riche en acides gras insatur\u00e9s, antioxydants et vitamines nourrit et hydrate intens\u00e9ment la peau. Il renforce la peau et am\u00e9liore son \u00e9lasticit\u00e9, lui redonnant un aspect tendu.<\/p>\n<p>Utilisation: Appliquer l&rsquo;argile verte Argiltubo du bout des doigts ou \u00e0 la spatule directement sur la peau. Ne frottez pas l&rsquo;argile sur la peau. Laisser ensuite bien agir l&rsquo;argile. Enlevez le masque apr\u00e8s 20 minutes avec beaucoup d&rsquo;eau ou avec une \u00e9ponge humide.<\/p>\n<p>Argiltubo pour cheveux et cuir chevelu<\/p>\n<h3>Anti-pelliculaire &#8211; irritations du cuir chevelu cheveux gras<\/h3>\n<p>Les pellicules, les squames et les d\u00e9mangeaisons du cuir chevelu sont fr\u00e9quents chez les personnes dont le cuir chevelu est gras. Ceci est d\u00fb \u00e0 une production excessive de s\u00e9bum. La r\u00e9action sensible \u00e0 la levure pr\u00e9sente sur notre cuir chevelu est la cause principale des pellicules et des pellicules.<\/p>\n<p>De plus, les conditions climatiques et les ingr\u00e9dients irritants des shampooings ou des produits coiffants peuvent causer des irritations cutan\u00e9es, un cuir chevelu sec et des d\u00e9mangeaisons. <span style=\"color: #0000ff;\"><a style=\"color: #0000ff;\" href=\"https:\/\/www.biobey.be\/fr\/produit\/traitement-demangeaison-cuir-chevelu\/\">Cette lotion capillaire Atopos \u00e0 base d&rsquo;extraits de chanvre<\/a><\/span> est \u00e9galement tr\u00e8s efficace pour traiter les pellicules, les squames et les cheveux clairsem\u00e9s dus au s\u00e9borrh\u00e9e.<\/p>\n<p>Argiltubo agit efficacement sur les peaux irrit\u00e9es. Il r\u00e9gule la production de s\u00e9bum et absorbe les toxines, les r\u00e9sidus nocifs des produits coiffants et l&rsquo;exc\u00e8s de s\u00e9bum. Le masque contribue \u00e0 l&rsquo;\u00e9quilibre du cuir chevelu. Sa formule naturelle riche en min\u00e9raux, vitamines et acides gras insatur\u00e9s nourrit, r\u00e9g\u00e9n\u00e8re le cuir chevelu et les cheveux en douceur.<\/p>\n<p>Le cuir chevelu est restaur\u00e9, hydrat\u00e9 et prot\u00e9g\u00e9. L&rsquo;association d&rsquo;argile verte et d&rsquo;extrait de souci soulage les irritations et \u00e9limine les squames. Il en r\u00e9sulte un cuir chevelu sain et des cheveux \u00e9clatants de sant\u00e9.<\/p>\n<p>Utilisation: Appliquer le masque \u00e0 l&rsquo;argile verte sur les cheveux humides qui n&rsquo;ont pas encore \u00e9t\u00e9 lav\u00e9s au shampooing et laisser agir pendant 5 minutes. Rincez ensuite le masque et lavez les cheveux avec un shampooing.<\/p>\n<p><strong>Autres application<\/strong><\/p>\n<p>Piq\u00fbres d&rsquo;insectes : Appliquer le masque sur la piq\u00fbre d&rsquo;insecte et laisser agir pendant 10 minutes. Laver ensuite \u00e0 l&rsquo;eau.<br \/>\nPour les varices superficielles: Appliquer le masque Argiltubo du bout des doigts ou \u00e0 la spatule directement sur la zone \u00e0 traiter.<\/p>\n<p>Ne frottez pas l&rsquo;argile sur la peau. Laissez bien agir l&rsquo;argile, afin que les toxines et les impuret\u00e9s puissent \u00eatre absorb\u00e9es. Retirer le masque apr\u00e8s 20 minutes avec beaucoup d&rsquo;eau ou avec une \u00e9ponge humide.<\/p>\n<p>Ingr\u00e9dients (INCI) : Solum Fullonum, Aqua, Glyc\u00e9rine, Alcool*, Extrait de Calendula Officinales, Extrait d&rsquo;Equisetum Arvense, Borago Officinalis Seed Oil, Lavandula Hybrida Oil*, Xanthan Gum.<br \/>\nComposants naturels des huiles essentielles<br \/>\n*Ingr\u00e9dients issus de l&rsquo;agriculture biologique<\/p>\n<p>Le masque naturel \u00e0 l&rsquo;argile verte Argiltubo contient les ingr\u00e9dients suivants d\u00e9riv\u00e9s d&rsquo;huiles essentielles biologiques : Limonene, Linalool, Geraniol<\/p>\n<p>Ingr\u00e9dients Demeter : Extrait de fleur de Calendula Officinalis, extrait de feuille d&rsquo;Equisetum Arvense, huile de Lavandula Hybrida<\/p>\n","protected":false},"excerpt":{"rendered":"<p>Le masque argile verte 100% naturelle d&rsquo;Argital est un puissant produit de soin multifonctionnel qui aide \u00e0 r\u00e9soudre divers d\u00e9sordres et probl\u00e8mes de la peau. L&rsquo;ingr\u00e9dient principal est l&rsquo;argile verte active.<\/p>\n","protected":false},"featured_media":81,"comment_status":"open","ping_status":"closed","template":"","meta":{"ocean_post_layout":"","ocean_both_sidebars_style":"","ocean_both_sidebars_content_width":0,"ocean_both_sidebars_sidebars_width":0,"ocean_sidebar":"","ocean_second_sidebar":"","ocean_disable_margins":"enable","ocean_add_body_class":"","ocean_shortcode_before_top_bar":"","ocean_shortcode_after_top_bar":"","ocean_shortcode_before_header":"","ocean_shortcode_after_header":"","ocean_has_shortcode":"","ocean_shortcode_after_title":"","ocean_shortcode_before_footer_widgets":"","ocean_shortcode_after_footer_widgets":"","ocean_shortcode_before_footer_bottom":"","ocean_shortcode_after_footer_bottom":"","ocean_display_top_bar":"default","ocean_display_header":"default","ocean_header_style":"","ocean_center_header_left_menu":"","ocean_custom_header_template":"","ocean_custom_logo":0,"ocean_custom_retina_logo":0,"ocean_custom_logo_max_width":0,"ocean_custom_logo_tablet_max_width":0,"ocean_custom_logo_mobile_max_width":0,"ocean_custom_logo_max_height":0,"ocean_custom_logo_tablet_max_height":0,"ocean_custom_logo_mobile_max_height":0,"ocean_header_custom_menu":"","ocean_menu_typo_font_family":"","ocean_menu_typo_font_subset":"","ocean_menu_typo_font_size":0,"ocean_menu_typo_font_size_tablet":0,"ocean_menu_typo_font_size_mobile":0,"ocean_menu_typo_font_size_unit":"px","ocean_menu_typo_font_weight":"","ocean_menu_typo_font_weight_tablet":"","ocean_menu_typo_font_weight_mobile":"","ocean_menu_typo_transform":"","ocean_menu_typo_transform_tablet":"","ocean_menu_typo_transform_mobile":"","ocean_menu_typo_line_height":0,"ocean_menu_typo_line_height_tablet":0,"ocean_menu_typo_line_height_mobile":0,"ocean_menu_typo_line_height_unit":"","ocean_menu_typo_spacing":0,"ocean_menu_typo_spacing_tablet":0,"ocean_menu_typo_spacing_mobile":0,"ocean_menu_typo_spacing_unit":"","ocean_menu_link_color":"","ocean_menu_link_color_hover":"","ocean_menu_link_color_active":"","ocean_menu_link_background":"","ocean_menu_link_hover_background":"","ocean_menu_link_active_background":"","ocean_menu_social_links_bg":"","ocean_menu_social_hover_links_bg":"","ocean_menu_social_links_color":"","ocean_menu_social_hover_links_color":"","ocean_disable_title":"default","ocean_disable_heading":"default","ocean_post_title":"","ocean_post_subheading":"","ocean_post_title_style":"","ocean_post_title_background_color":"","ocean_post_title_background":0,"ocean_post_title_bg_image_position":"","ocean_post_title_bg_image_attachment":"","ocean_post_title_bg_image_repeat":"","ocean_post_title_bg_image_size":"","ocean_post_title_height":0,"ocean_post_title_bg_overlay":0.5,"ocean_post_title_bg_overlay_color":"","ocean_disable_breadcrumbs":"default","ocean_breadcrumbs_color":"","ocean_breadcrumbs_separator_color":"","ocean_breadcrumbs_links_color":"","ocean_breadcrumbs_links_hover_color":"","ocean_display_footer_widgets":"default","ocean_display_footer_bottom":"default","ocean_custom_footer_template":""},"product_brand":[102],"product_cat":[21,28,53,23,26,18,35,34,31,17,16,20,24,51,30,50],"product_tag":[126,125],"class_list":{"0":"post-2158","1":"product","2":"type-product","3":"status-publish","4":"has-post-thumbnail","6":"product_brand-argital","7":"product_cat-acne-et-peau-abimee","8":"product_cat-anti-cellulite","9":"product_cat-corps-peau","10":"product_cat-cou-decollete","11":"product_cat-mains-et-pieds","12":"product_cat-nettoyage-de-la-peau-et-masques","13":"product_cat-pieds","14":"product_cat-problemes-de-cheveux-et-de-cuir-chevelu","15":"product_cat-sante","16":"product_cat-soins-du-visage","17":"product_cat-soins","18":"product_cat-anti-age","19":"product_cat-soins-cheveux","20":"product_cat-soins-du-corps","21":"product_cat-soins-pour-hommes","22":"product_cat-traitement-capillaire-intensif","23":"product_tag-sans-paraben","24":"product_tag-vegan","26":"entry","27":"has-media","29":"first","30":"instock","31":"taxable","32":"shipping-taxable","33":"purchasable","34":"product-type-simple","35":"has-rating","36":"col","37":"span_1_of_3","38":"owp-content-center","39":"owp-thumbs-layout-horizontal","40":"owp-btn-normal","41":"owp-tabs-layout-section","42":"has-no-thumbnails","43":"circle-sale"},"_links":{"self":[{"href":"https:\/\/www.biobey.be\/fr\/wp-json\/wp\/v2\/product\/2158","targetHints":{"allow":["GET"]}}],"collection":[{"href":"https:\/\/www.biobey.be\/fr\/wp-json\/wp\/v2\/product"}],"about":[{"href":"https:\/\/www.biobey.be\/fr\/wp-json\/wp\/v2\/types\/product"}],"replies":[{"embeddable":true,"href":"https:\/\/www.biobey.be\/fr\/wp-json\/wp\/v2\/comments?post=2158"}],"wp:featuredmedia":[{"embeddable":true,"href":"https:\/\/www.biobey.be\/fr\/wp-json\/wp\/v2\/media\/81"}],"wp:attachment":[{"href":"https:\/\/www.biobey.be\/fr\/wp-json\/wp\/v2\/media?parent=2158"}],"wp:term":[{"taxonomy":"product_brand","embeddable":true,"href":"https:\/\/www.biobey.be\/fr\/wp-json\/wp\/v2\/product_brand?post=2158"},{"taxonomy":"product_cat","embeddable":true,"href":"https:\/\/www.biobey.be\/fr\/wp-json\/wp\/v2\/product_cat?post=2158"},{"taxonomy":"product_tag","embeddable":true,"href":"https:\/\/www.biobey.be\/fr\/wp-json\/wp\/v2\/product_tag?post=2158"}],"curies":[{"name":"wp","href":"https:\/\/api.w.org\/{rel}","templated":true}]}}