{"id":2159,"date":"2023-09-13T22:49:16","date_gmt":"2023-09-13T20:49:16","guid":{"rendered":"https:\/\/www.biobey.be\/fr-temp\/produit\/apres-shampoing-vegetal-argital-200-ml\/"},"modified":"2026-01-28T14:57:03","modified_gmt":"2026-01-28T13:57:03","slug":"apres-shampoing-vegetal-argital-200-ml","status":"publish","type":"product","link":"https:\/\/www.biobey.be\/fr\/produit\/apres-shampoing-vegetal-argital-200-ml\/","title":{"rendered":"Apr\u00e8s shampooing v\u00e9g\u00e9tal 200 ml"},"content":{"rendered":"<p>Le apr\u00e8s shampooing bio est compos\u00e9 des ingr\u00e9dients les plus purs et les plus puissants comme l&rsquo;argile verte, le jojoba, la lavande et l&rsquo;huile d&rsquo;amande. Les extraits de plantes et les huiles essentielles apportent de la vitalit\u00e9, gardant les cheveux agr\u00e9ablement doux et \u00e9clatants.<\/p>\n<p>La prot\u00e9ine de bl\u00e9 traite les pointes fourchues. Pendant que l&rsquo;huile d&rsquo;olive, de jojoba et d&rsquo;amande <strong>nourrit les cheveux ab\u00eem\u00e9s et secs<\/strong>.<\/p>\n<h2>Apr\u00e8s shampooing bio de revitalisation des cheveux<\/h2>\n<p>L&rsquo;exposition \u00e0 une chaleur excessive et l&rsquo;utilisation r\u00e9guli\u00e8re de lisseurs ou de s\u00e8che-cheveux dess\u00e8chent les cheveux et les rendent cassants. D&rsquo;autres produits coiffants et shampooings irritants sont souvent la cause de cheveux cassants et ab\u00eem\u00e9s. Le baume capillaire biologique offre une solution efficace.<\/p>\n<p>Elle r\u00e9g\u00e9n\u00e8re les cheveux sans vie gr\u00e2ce \u00e0 ses principes actifs. La prot\u00e9ine de bl\u00e9 aide les cellules cili\u00e9es \u00e0 renouveler et \u00e0 normaliser la structure capillaire endommag\u00e9e. Cela <strong>redonne aux cheveux leur brillance et leur \u00e9lasticit\u00e9 naturelle<\/strong>.<\/p>\n<h3>Apr\u00e8s shampooing bio pour des cheveux sains et brillants<\/h3>\n<p>La formule \u00e0 base de plantes, riche en antioxydants, prot\u00e9ines v\u00e9g\u00e9tales et vitamines, hydrate et nourrit les cheveux secs. En cons\u00e9quence, les cheveux ternes et cassants retrouvent leur \u00e9clat et leur fra\u00eecheur.<\/p>\n<p>La combinaison d&rsquo;extraits v\u00e9g\u00e9taux et d&rsquo;huiles am\u00e9liore l&rsquo;\u00e9lasticit\u00e9 des cheveux. Cet apr\u00e8s shampoing renforce le cuir chevelu et <strong>pr\u00e9vient la chute des cheveux<\/strong>. Il en r\u00e9sulte des cheveux beaux, brillants et volumineux.<\/p>\n<h4>Apr\u00e8s shampooing bio<\/h4>\n<p>Le revitalisant naturel, sans parab\u00e8nes, sans parfum de synth\u00e8se et sans sulfates, <strong>nourrit les cheveux sans les alourdir<\/strong>. Les huiles essentielles de lavande, d&rsquo;ylang ylang et de g\u00e9ranium aident \u00e0 pr\u00e9venir les irritations et les pellicules en r\u00e9gulant la production de s\u00e9bum dans le cuir chevelu. Le cuir chevelu et les cheveux sont ainsi mieux prot\u00e9g\u00e9s contre les influences ext\u00e9rieures.<\/p>\n<h4>Nouvelle formule am\u00e9lior\u00e9e de l&rsquo;apr\u00e8s-shampoing<\/h4>\n<p><strong>Utilisation comme apr\u00e8s-shampoing nourrissant pour les cheveux<\/strong><\/p>\n<p>Appliquez une petite quantit\u00e9 de revitalisant Vegetal uniform\u00e9ment sur les cheveux lav\u00e9s et mouill\u00e9s. Laissez agir l&rsquo;apr\u00e8s-shampoing pendant 3 \u00e0 5 minutes, puis rincez les cheveux \u00e0 fond.<\/p>\n<p><strong>Utilisation comme masque pour les cheveux<\/strong><\/p>\n<p>Apr\u00e8s avoir lav\u00e9 vos cheveux, appliquez l&rsquo;apr\u00e8s-shampoing\/masque capillaire et r\u00e9partissez-le sur les longueurs et les pointes des cheveux. Laissez tremper pendant environ 10 minutes. Rincez ensuite abondamment \u00e0 l&rsquo;eau ti\u00e8de.<\/p>\n<p><strong>Remarque<\/strong><\/p>\n<p>Le remplacement des shampooings chimiques par des shampooings et des revitalisants capillaires 100% naturels sans sulfate nocifs et sans silicones est un grand changement pour vos cheveux et votre cuir chevelu.<br \/>\nPendant la premi\u00e8re phase ou apr\u00e8s les premiers shampooings avec un shampooing naturel pur, vos cheveux peuvent \u00eatre fragiles ou secs.<\/p>\n<p>Cela prend 2 semaines, dans certains cas cela peut prendre jusqu&rsquo;\u00e0 2 mois parce que les produits de soins capillaires naturels d\u00e9toxifient vos cheveux des polym\u00e8res p\u00e9trochimiques, silicone ou autres substances synth\u00e9tiques.<\/p>\n<p>C&rsquo;est une r\u00e9action normale. Apr\u00e8s cette p\u00e9riode, vos cheveux et votre cuir chevelu seront exempts de sulfate et de silicones, ce qui les rendra plus forts et plus sains.<\/p>\n<p>Vous remarquerez \u00e9galement qu&rsquo;apr\u00e8s avoir cess\u00e9 d&rsquo;utiliser des shampooings chimiques agressifs, vous aurez beaucoup moins de perte de cheveux et vos cheveux auront l&rsquo;air plus volumineux.<\/p>\n<p>Ingr\u00e9dients (INCI)<strong>:<\/strong> Aqua, Glyceryl, Potassium Palmitoyl Hydrolyzed Wheat Protein\/Glyceryl Stearate\/Cetearyl Alcohol, Alcohol bio** , Sodium Cocoyl Glutamate, Sodium Cocoyl Hydrolyzed Wheat Protein, Olea Europaea Fruit Oil*, Prunus Amygdalus Dulcis Oil*, Equisetum Arvense Leaf Extract*, Arctium Lappa Root Extract*, Urtica Dioica Extract*, Cetearyl Alcohol, Betaine,<\/p>\n<p>Lactic Acid, Solum Fullonum, Xanthan Gum, Simmondsia Chinensis Oil*, Cananga Odorata Flower Oil, Pelargonium Graveolens Oil, Lavandula Hybrida Oil*, Foeniculum Vulgare Oil, Citrus Limon Peel Oil*, Illicium Verum Fruit Oil, Benzyl Alcohol,Benzyl Benzoate,Benzyl Salicylate, Eugenol, Farnesol,<\/p>\n<p>Geraniol, Isoeugenol, Linalool,Citronellol, Limonene, Citral.<br \/>\nLes allerg\u00e8nes possibles de l&rsquo;apr\u00e8s-shampoing naturel sont: Linalool, Limonene, Citral, Citronellol, Geraniol.<\/p>\n<p>Composants d&rsquo;huiles essentielles naturelles<br \/>\nIngr\u00e9dients issus de l&rsquo;agriculture biologique: Alcohol, Equisetum Arvense Leaf Extract, Arctium Lappa Extract, Olea Europaea Fruit Oil, Prunus Amygdalus Dulcis Oil,\u00a0 Urtica Dioica Extract, Simmondsia Chinensis Oil, Lavandula Hybrida Oil, Citrus Limon Peel Oil<\/p>\n","protected":false},"excerpt":{"rendered":"<p>Apr\u00e8s shampooing bio est con\u00e7u pour les cheveux cassants et ab\u00eem\u00e9s. La composition \u00e0 base d&rsquo;argile verte, d&rsquo;extraits v\u00e9g\u00e9taux et d&rsquo;huiles essentielles restaure et renforce la structure du cheveu. Gr\u00e2ce \u00e0 sa nouvelle formule am\u00e9lior\u00e9e, cet apr\u00e8s-shampoing Argital, qui nourrit les cheveux en profondeur, peut \u00e9galement \u00eatre utilis\u00e9 comme masque pour cheveux.<\/p>\n","protected":false},"featured_media":281,"comment_status":"open","ping_status":"closed","template":"","meta":{"ocean_post_layout":"","ocean_both_sidebars_style":"","ocean_both_sidebars_content_width":0,"ocean_both_sidebars_sidebars_width":0,"ocean_sidebar":"","ocean_second_sidebar":"","ocean_disable_margins":"enable","ocean_add_body_class":"","ocean_shortcode_before_top_bar":"","ocean_shortcode_after_top_bar":"","ocean_shortcode_before_header":"","ocean_shortcode_after_header":"","ocean_has_shortcode":"","ocean_shortcode_after_title":"","ocean_shortcode_before_footer_widgets":"","ocean_shortcode_after_footer_widgets":"","ocean_shortcode_before_footer_bottom":"","ocean_shortcode_after_footer_bottom":"","ocean_display_top_bar":"default","ocean_display_header":"default","ocean_header_style":"","ocean_center_header_left_menu":"","ocean_custom_header_template":"","ocean_custom_logo":0,"ocean_custom_retina_logo":0,"ocean_custom_logo_max_width":0,"ocean_custom_logo_tablet_max_width":0,"ocean_custom_logo_mobile_max_width":0,"ocean_custom_logo_max_height":0,"ocean_custom_logo_tablet_max_height":0,"ocean_custom_logo_mobile_max_height":0,"ocean_header_custom_menu":"","ocean_menu_typo_font_family":"","ocean_menu_typo_font_subset":"","ocean_menu_typo_font_size":0,"ocean_menu_typo_font_size_tablet":0,"ocean_menu_typo_font_size_mobile":0,"ocean_menu_typo_font_size_unit":"px","ocean_menu_typo_font_weight":"","ocean_menu_typo_font_weight_tablet":"","ocean_menu_typo_font_weight_mobile":"","ocean_menu_typo_transform":"","ocean_menu_typo_transform_tablet":"","ocean_menu_typo_transform_mobile":"","ocean_menu_typo_line_height":0,"ocean_menu_typo_line_height_tablet":0,"ocean_menu_typo_line_height_mobile":0,"ocean_menu_typo_line_height_unit":"","ocean_menu_typo_spacing":0,"ocean_menu_typo_spacing_tablet":0,"ocean_menu_typo_spacing_mobile":0,"ocean_menu_typo_spacing_unit":"","ocean_menu_link_color":"","ocean_menu_link_color_hover":"","ocean_menu_link_color_active":"","ocean_menu_link_background":"","ocean_menu_link_hover_background":"","ocean_menu_link_active_background":"","ocean_menu_social_links_bg":"","ocean_menu_social_hover_links_bg":"","ocean_menu_social_links_color":"","ocean_menu_social_hover_links_color":"","ocean_disable_title":"default","ocean_disable_heading":"default","ocean_post_title":"","ocean_post_subheading":"","ocean_post_title_style":"","ocean_post_title_background_color":"","ocean_post_title_background":0,"ocean_post_title_bg_image_position":"","ocean_post_title_bg_image_attachment":"","ocean_post_title_bg_image_repeat":"","ocean_post_title_bg_image_size":"","ocean_post_title_height":0,"ocean_post_title_bg_overlay":0.5,"ocean_post_title_bg_overlay_color":"","ocean_disable_breadcrumbs":"default","ocean_breadcrumbs_color":"","ocean_breadcrumbs_separator_color":"","ocean_breadcrumbs_links_color":"","ocean_breadcrumbs_links_hover_color":"","ocean_display_footer_widgets":"default","ocean_display_footer_bottom":"default","ocean_custom_footer_template":""},"product_brand":[102],"product_cat":[16,24,50],"product_tag":[127,128,125],"class_list":{"0":"post-2159","1":"product","2":"type-product","3":"status-publish","4":"has-post-thumbnail","6":"product_brand-argital","7":"product_cat-soins","8":"product_cat-soins-cheveux","9":"product_cat-traitement-capillaire-intensif","10":"product_tag-sans-silicone","11":"product_tag-sanssulfates","12":"product_tag-vegan","14":"entry","15":"has-media","17":"first","18":"instock","19":"taxable","20":"shipping-taxable","21":"purchasable","22":"product-type-simple","23":"has-rating","24":"col","25":"span_1_of_3","26":"owp-content-center","27":"owp-thumbs-layout-horizontal","28":"owp-btn-normal","29":"owp-tabs-layout-section","30":"has-no-thumbnails","31":"circle-sale"},"_links":{"self":[{"href":"https:\/\/www.biobey.be\/fr\/wp-json\/wp\/v2\/product\/2159","targetHints":{"allow":["GET"]}}],"collection":[{"href":"https:\/\/www.biobey.be\/fr\/wp-json\/wp\/v2\/product"}],"about":[{"href":"https:\/\/www.biobey.be\/fr\/wp-json\/wp\/v2\/types\/product"}],"replies":[{"embeddable":true,"href":"https:\/\/www.biobey.be\/fr\/wp-json\/wp\/v2\/comments?post=2159"}],"wp:featuredmedia":[{"embeddable":true,"href":"https:\/\/www.biobey.be\/fr\/wp-json\/wp\/v2\/media\/281"}],"wp:attachment":[{"href":"https:\/\/www.biobey.be\/fr\/wp-json\/wp\/v2\/media?parent=2159"}],"wp:term":[{"taxonomy":"product_brand","embeddable":true,"href":"https:\/\/www.biobey.be\/fr\/wp-json\/wp\/v2\/product_brand?post=2159"},{"taxonomy":"product_cat","embeddable":true,"href":"https:\/\/www.biobey.be\/fr\/wp-json\/wp\/v2\/product_cat?post=2159"},{"taxonomy":"product_tag","embeddable":true,"href":"https:\/\/www.biobey.be\/fr\/wp-json\/wp\/v2\/product_tag?post=2159"}],"curies":[{"name":"wp","href":"https:\/\/api.w.org\/{rel}","templated":true}]}}