{"id":2160,"date":"2025-01-11T20:42:01","date_gmt":"2025-01-11T19:42:01","guid":{"rendered":"https:\/\/www.biobey.be\/fr-temp\/produit\/shampoing-bio-cheveux-normal-secs-250ml\/"},"modified":"2026-04-03T00:27:02","modified_gmt":"2026-04-02T22:27:02","slug":"shampoing-bio-cheveux-normal-secs-250ml","status":"publish","type":"product","link":"https:\/\/www.biobey.be\/fr\/produit\/shampoing-bio-cheveux-normal-secs-250ml\/","title":{"rendered":"Shampooing bio cheveux secs 250ml"},"content":{"rendered":"<p>Shampooing bio cheveux secs avec la combinaison unique d&rsquo;ingr\u00e9dients actifs purs renforce et apporte aux cheveux ab\u00eem\u00e9s et secs tous les nutriments n\u00e9cessaires. Apr\u00e8s l&rsquo;utilisation du shampooing, les cheveux seront souples et brillants. Le shampooing bio cheveux secs est compos\u00e9 d&rsquo;ingr\u00e9dients s\u00e9lectionn\u00e9s avec soin qui restaurent la fragilit\u00e9 des cheveux et les prot\u00e8gent des agressions ext\u00e9rieures.<\/p>\n<p>Les extraits de racine de bardane ainsi que les huiles essentielles de patchouli, de lavande et d&rsquo;ylang ylang soignent le cuir chevelu, nourrissent intens\u00e9ment les cheveux, aident \u00e0 pr\u00e9venir les d\u00e9mangeaisons et les pellicules. La combinaison d&rsquo;extrait d&rsquo;huile d&rsquo;olive, de germe de bl\u00e9 et d&rsquo;huile d&rsquo;amande renforce et pr\u00e9vient la s\u00e9cheresse des cheveux.<\/p>\n<h2>Shampooing naturel pour cheveux secs<\/h2>\n<p>Le shampooing pur \u00e0 base d&rsquo;argile verte nettoie et r\u00e9g\u00e9n\u00e8re le cuir chevelu et les cheveux en douceur. Le shampooing bio est exempt de sulfates, silicones, parab\u00e8nes et colorants artificiels. Ce shampooing bio cheveux secs nettoie les cheveux de toutes les impuret\u00e9s sans irriter ni dess\u00e9cher le cuir chevelu. Le shampooing naturel contient de l&rsquo;argile verte et un grand extrait de bardane (Anctum Leppa). Ces ingr\u00e9dients ont un effet antibact\u00e9rien. Ils \u00e9liminent l&rsquo;exc\u00e8s de production de s\u00e9bum et la salet\u00e9 des cheveux. Le cuir chevelu est restaur\u00e9 et prot\u00e9g\u00e9 des r\u00e9sidus caus\u00e9s par les influences ext\u00e9rieures et les produits coiffants. En cons\u00e9quence, les cheveux fragiles et secs sont plus forts et retrouvent leur \u00e9lasticit\u00e9 naturelle.<\/p>\n<h3><strong>Shampooing bio cheveux secs<\/strong><\/h3>\n<p>Shampooing bio cheveux secs sans sulfates et de produits chimiques nocifs, est un produit efficace qui convient aussi bien pour le nettoyage du cuir chevelu que pour un soin en profondeur des cheveux. Gr\u00e2ce \u00e0 sa composition efficace riche en vitamines et en acides gras, le shampooing r\u00e9duit les pointes fourchues et rend les cheveux forts. Les cheveux secs redeviendront doux au toucher et auront une belle brillance saine.<\/p>\n<p>UTILISATION : Bien agiter avant utilisation. Verser le shampooing dans le creux de la main et appliquer une petite quantit\u00e9, environ 1 cuill\u00e8re \u00e0 soupe sur les cheveux humides avant le premier lavage. Pour le deuxi\u00e8me lavage, appliquer la moiti\u00e9 de la premi\u00e8re dose. Il est adapt\u00e9 \u00e0 un usage quotidien.<\/p>\n<h3><strong>Transition vers shampooing naturel sans produits chimiques &#8211; Shampooing bio cheveux secs<\/strong><\/h3>\n<p>REMARQUE : Le remplacement des shampooings chimiques par des shampooings et des revitalisants capillaires 100% naturels sans SLS nocifs et sans silicones est un grand changement pour vos cheveux et votre cuir chevelu.<br \/>\nPendant la premi\u00e8re phase ou apr\u00e8s les premiers shampooings avec un shampooing naturel pur, vos cheveux peuvent \u00eatre fragiles ou secs.<\/p>\n<p>Cela prend 2 semaines, dans certains cas cela peut prendre jusqu&rsquo;\u00e0 2 mois parce que les produits de soins capillaires naturels d\u00e9toxifient vos cheveux des polym\u00e8res p\u00e9trochimiques, silicone ou autres substances synth\u00e9tiques. C&rsquo;est une r\u00e9action normale. Apr\u00e8s cette p\u00e9riode, vos cheveux et votre cuir chevelu seront exempts de SLS et de silicones, ce qui les rendra plus forts et plus sains. Vous remarquerez \u00e9galement qu&rsquo;apr\u00e8s avoir cess\u00e9 d&rsquo;utiliser des shampooings chimiques agressifs, vous aurez beaucoup moins de perte de cheveux et vos cheveux auront l&rsquo;air plus volumineux.<\/p>\n<p>Ingr\u00e9dients( INCI): Aqua, Sodium Cocoyl Glutamate, <a href=\"https:\/\/www.biobey.be\/fr\/caprylyl-capryl-glucoside\/\">Caprylyl\/Capryl Glucoside<\/a>, Alcohol, Juniperus Communis Extract, Arctium Lappa Extract, Lauryl Glucoside, Arnica Montana Flower Extract, Solum Fullonum, Xanthan Gum, Betaine, Styrax Benzoin Resin Extract, Berberis Vulgaris Bark Extract, Lactic Acid, Cananga Odorata Flower Oil*, Lavandula Hybrida Oil*,<\/p>\n<p>Eugenia Caryophyllus Flower Oil*, Pogostemon Cablin Leaf Oil, Lecithin, Olea Europaea Fruit Oil, Prunus Amygdalus Dulcis Oil, Triticum Vulgare Germ Oil<br \/>\n<strong>Allerg\u00e8nes :<\/strong> le shampooing naturel pour cheveux normaux contient de l&rsquo;eug\u00e9nol, du linalool, du g\u00e9raniol d&rsquo;origine naturelle (ce sont des composants des huiles essentielles naturelles).<br \/>\nIngr\u00e9dients issus de l&rsquo;agriculture biologique: \u00a0Alcohol, Arctium Lappa Extract, Olea Europaea Fruit Oil , Prunus Amygdalus Dulcis Oil<\/p>\n<p>Ingr\u00e9dient Demeter: Juniperus Communis Extract, <a href=\"https:\/\/www.biobey.be\/fr\/lavandula-angustifolia\/\">Lavandula Hybrida Oil<\/a><\/p>\n<h4>Informations compl\u00e9mentaires &#8211; Shampooing bio cheveux secs<\/h4>\n<p>Lors du processus de production des produits Argital, aucun conservateur synth\u00e9tique, parfum synth\u00e9tique ou colorant artificiel n&rsquo;est utilis\u00e9.<\/p>\n<h5>Le processus de production et l&rsquo;origine des mati\u00e8res premi\u00e8res<\/h5>\n<p>&#8211; Les produits Argital sont fabriqu\u00e9s dans : Italie<br \/>\n&#8211; Pays d&rsquo;origine des mati\u00e8res premi\u00e8res : EU<br \/>\n&#8211; Terre d&rsquo;origine de l&rsquo;argile verte : la Sicile, elle est particuli\u00e8rement rare en raison de son origine marine.<br \/>\n&#8211; Huiles v\u00e9g\u00e9tales : press\u00e9es \u00e0 froid<br \/>\n&#8211; Huiles essentielles : agriculture biodynamique<\/p>\n","protected":false},"excerpt":{"rendered":"<p>Shampooing bio pour cheveux secs nettoie en douceur le cuir chevelu. Il renforce les cheveux cassants et ab\u00eem\u00e9s et r\u00e9duit efficacement les pointes fourchues.<\/p>\n","protected":false},"featured_media":139,"comment_status":"open","ping_status":"closed","template":"","meta":{"ocean_post_layout":"","ocean_both_sidebars_style":"","ocean_both_sidebars_content_width":0,"ocean_both_sidebars_sidebars_width":0,"ocean_sidebar":"","ocean_second_sidebar":"","ocean_disable_margins":"enable","ocean_add_body_class":"","ocean_shortcode_before_top_bar":"","ocean_shortcode_after_top_bar":"","ocean_shortcode_before_header":"","ocean_shortcode_after_header":"","ocean_has_shortcode":"","ocean_shortcode_after_title":"","ocean_shortcode_before_footer_widgets":"","ocean_shortcode_after_footer_widgets":"","ocean_shortcode_before_footer_bottom":"","ocean_shortcode_after_footer_bottom":"","ocean_display_top_bar":"default","ocean_display_header":"default","ocean_header_style":"","ocean_center_header_left_menu":"","ocean_custom_header_template":"","ocean_custom_logo":0,"ocean_custom_retina_logo":0,"ocean_custom_logo_max_width":0,"ocean_custom_logo_tablet_max_width":0,"ocean_custom_logo_mobile_max_width":0,"ocean_custom_logo_max_height":0,"ocean_custom_logo_tablet_max_height":0,"ocean_custom_logo_mobile_max_height":0,"ocean_header_custom_menu":"","ocean_menu_typo_font_family":"","ocean_menu_typo_font_subset":"","ocean_menu_typo_font_size":0,"ocean_menu_typo_font_size_tablet":0,"ocean_menu_typo_font_size_mobile":0,"ocean_menu_typo_font_size_unit":"px","ocean_menu_typo_font_weight":"","ocean_menu_typo_font_weight_tablet":"","ocean_menu_typo_font_weight_mobile":"","ocean_menu_typo_transform":"","ocean_menu_typo_transform_tablet":"","ocean_menu_typo_transform_mobile":"","ocean_menu_typo_line_height":0,"ocean_menu_typo_line_height_tablet":0,"ocean_menu_typo_line_height_mobile":0,"ocean_menu_typo_line_height_unit":"","ocean_menu_typo_spacing":0,"ocean_menu_typo_spacing_tablet":0,"ocean_menu_typo_spacing_mobile":0,"ocean_menu_typo_spacing_unit":"","ocean_menu_link_color":"","ocean_menu_link_color_hover":"","ocean_menu_link_color_active":"","ocean_menu_link_background":"","ocean_menu_link_hover_background":"","ocean_menu_link_active_background":"","ocean_menu_social_links_bg":"","ocean_menu_social_hover_links_bg":"","ocean_menu_social_links_color":"","ocean_menu_social_hover_links_color":"","ocean_disable_title":"default","ocean_disable_heading":"default","ocean_post_title":"","ocean_post_subheading":"","ocean_post_title_style":"","ocean_post_title_background_color":"","ocean_post_title_background":0,"ocean_post_title_bg_image_position":"","ocean_post_title_bg_image_attachment":"","ocean_post_title_bg_image_repeat":"","ocean_post_title_bg_image_size":"","ocean_post_title_height":0,"ocean_post_title_bg_overlay":0.5,"ocean_post_title_bg_overlay_color":"","ocean_disable_breadcrumbs":"default","ocean_breadcrumbs_color":"","ocean_breadcrumbs_separator_color":"","ocean_breadcrumbs_links_color":"","ocean_breadcrumbs_links_hover_color":"","ocean_display_footer_widgets":"default","ocean_display_footer_bottom":"default","ocean_custom_footer_template":""},"product_brand":[102],"product_cat":[47,25,16,24],"product_tag":[127,128,125],"class_list":{"0":"post-2160","1":"product","2":"type-product","3":"status-publish","4":"has-post-thumbnail","6":"product_brand-argital","7":"product_cat-offres-et-minis","8":"product_cat-shampooing-naturel","9":"product_cat-soins","10":"product_cat-soins-cheveux","11":"product_tag-sans-silicone","12":"product_tag-sanssulfates","13":"product_tag-vegan","15":"entry","16":"has-media","18":"first","19":"instock","20":"taxable","21":"shipping-taxable","22":"purchasable","23":"product-type-simple","24":"has-rating","25":"col","26":"span_1_of_3","27":"owp-content-center","28":"owp-thumbs-layout-horizontal","29":"owp-btn-normal","30":"owp-tabs-layout-section","31":"has-no-thumbnails","32":"circle-sale"},"_links":{"self":[{"href":"https:\/\/www.biobey.be\/fr\/wp-json\/wp\/v2\/product\/2160","targetHints":{"allow":["GET"]}}],"collection":[{"href":"https:\/\/www.biobey.be\/fr\/wp-json\/wp\/v2\/product"}],"about":[{"href":"https:\/\/www.biobey.be\/fr\/wp-json\/wp\/v2\/types\/product"}],"replies":[{"embeddable":true,"href":"https:\/\/www.biobey.be\/fr\/wp-json\/wp\/v2\/comments?post=2160"}],"wp:featuredmedia":[{"embeddable":true,"href":"https:\/\/www.biobey.be\/fr\/wp-json\/wp\/v2\/media\/139"}],"wp:attachment":[{"href":"https:\/\/www.biobey.be\/fr\/wp-json\/wp\/v2\/media?parent=2160"}],"wp:term":[{"taxonomy":"product_brand","embeddable":true,"href":"https:\/\/www.biobey.be\/fr\/wp-json\/wp\/v2\/product_brand?post=2160"},{"taxonomy":"product_cat","embeddable":true,"href":"https:\/\/www.biobey.be\/fr\/wp-json\/wp\/v2\/product_cat?post=2160"},{"taxonomy":"product_tag","embeddable":true,"href":"https:\/\/www.biobey.be\/fr\/wp-json\/wp\/v2\/product_tag?post=2160"}],"curies":[{"name":"wp","href":"https:\/\/api.w.org\/{rel}","templated":true}]}}