{"id":2162,"date":"2025-03-24T03:24:34","date_gmt":"2025-03-24T02:24:34","guid":{"rendered":"https:\/\/www.biobey.be\/fr-temp\/produit\/creme-anti-rides-yeux-bio-15-ml\/"},"modified":"2026-02-01T11:33:19","modified_gmt":"2026-02-01T10:33:19","slug":"creme-anti-rides-yeux-bio-15-ml","status":"publish","type":"product","link":"https:\/\/www.biobey.be\/fr\/produit\/creme-anti-rides-yeux-bio-15-ml\/","title":{"rendered":"Cr\u00e8me contour des yeux bio 15ml"},"content":{"rendered":"<p>La cr\u00e8me contour des yeux bio multifonctionnelle efficace contre des rides. Elle contient de nombreux antioxydants, des acides gras insatur\u00e9s et des vitamines. La peau fragile du contour des yeux est ainsi r\u00e9g\u00e9n\u00e9r\u00e9e et intens\u00e9ment nourrie. La cr\u00e8me pour les yeux bio agit sur les rides existantes et \u00e9mergentes.<\/p>\n<p>Cette cr\u00e8me contour des yeux bio r\u00e9duit \u00e9galement l&rsquo;apparence des cernes sous les yeux. Quand utilis\u00e9e r\u00e9guli\u00e8rement, la cr\u00e8me naturelle anti-\u00e2ge pour les yeux r\u00e9duit l&rsquo;apparence des rides fines, \u00e9claircit les cernes et lisse la peau. La peau est \u00e9clatante, lisse et saine.<\/p>\n<h2>Raffermir le contour des yeux avec la Cr\u00e8me contour des yeux bio<\/h2>\n<p>La peau sous les yeux est beaucoup plus fine et plus sensible que le reste de la peau. La peau autour des yeux ne poss\u00e8de pratiquement pas de glandes s\u00e9bac\u00e9es et tr\u00e8s peu de muscles. La d\u00e9shydratation de cette peau fine entra\u00eene non seulement des rides fines plus visibles, mais aussi une r\u00e9tention de fluide.<\/p>\n<p>C&rsquo;est pourquoi le contour des yeux a besoin de soins sp\u00e9cifiques. Les cr\u00e8mes hydratantes et nourrissantes pour le contour des yeux emp\u00eachent la peau fine de se dess\u00e9cher et lui apportent tous les nutriments n\u00e9cessaires.<\/p>\n<h3>Cr\u00e8me contour des yeux bio prot\u00e8ge la peau et pr\u00e9vient les rides<\/h3>\n<p>La combinaison de l&rsquo;extrait de confort oculaire, de camomille et d&rsquo;h\u00e9lichrysum italicum (extrait de curry) a un effet d\u00e9congestionnant, anti-inflammatoire et r\u00e9g\u00e9n\u00e9rateur qui r\u00e9duit la visibilit\u00e9 des poches et des cernes des yeux. Elle rafra\u00eechit et \u00e9claircit ainsi les peaux fatigu\u00e9es et ternes.<\/p>\n<p>Le m\u00e9lange d&rsquo;argile verte, d&rsquo;huiles d&rsquo;amande, de jojoba nourrit la peau s\u00e8che et stimule naturellement le renouvellement cellulaire. Ceci rend la peau souple et ralentit le processus de vieillissement de la peau et pr\u00e9vient les rides.<\/p>\n<p>L&rsquo;huile Persea Gratissima ou huile d&rsquo;Avocat dans la composition de cette cr\u00e8me contour des yeux naturelle se distingue par sa teneur \u00e9lev\u00e9e en acide ol\u00e9ique (60%).<\/p>\n<p>L&rsquo;acide ol\u00e9ique hydrate la peau, assure une meilleure p\u00e9n\u00e9tration des autres substances actives dans la couche corn\u00e9e. L&rsquo;ol\u00e9ine rend la barri\u00e8re lipidique de la peau plus perm\u00e9able aux autres ingr\u00e9dients actifs.<\/p>\n<p>La peau autour des yeux est fine et fragile. Cela le rend particuli\u00e8rement sensible \u00e0 la d\u00e9shydratation ou \u00e0 l&rsquo;irritation. Il est donc important que la peau re\u00e7oive l&rsquo;attention et les soins n\u00e9cessaires. Les extraits de plantes et les huiles essentielles pures hydratent intens\u00e9ment et am\u00e9liorent l&rsquo;\u00e9lasticit\u00e9 de la peau.<\/p>\n<p>La cr\u00e8me naturelle anti-\u00e2ge pour les yeux renforce la r\u00e9silience de la peau et la prot\u00e8ge contre le dess\u00e8chement et le vieillissement pr\u00e9matur\u00e9 de la peau, caus\u00e9s par des influences ext\u00e9rieures.<\/p>\n<h3>Cr\u00e8me contour des yeux bio pour les soins de tous les jours<\/h3>\n<p>La cr\u00e8me contour des yeux bio a une texture tr\u00e8s agr\u00e9able, incroyablement douce au toucher et qui p\u00e9n\u00e8tre rapidement dans la peau. La cr\u00e8me naturelle anti-\u00e2ge pour les yeux soigne intens\u00e9ment la peau tendre du contour des yeux et lui apporte tous les nutriments n\u00e9cessaires. La peau est ainsi unifi\u00e9e et \u00e9clatante.<\/p>\n<p>Par la suite, les huiles essentielles de lavande et de rose de Damas offrent un parfum subtil et merveilleux. En cons\u00e9quence, la peau est douce au toucher, fra\u00eeche et vivifiante.<\/p>\n<p>Appliquez la cr\u00e8me contour des yeux matin et soir sur un contour des yeux nettoy\u00e9&gt;<\/p>\n<p>Combinez la cr\u00e8me contour des yeux\u00a0 avec le masque contour des yeux Argital pour un effet encore plus fort.<\/p>\n<p>Ingr\u00e9dients (INCI) : Aqua, Prunus Amygdalus Dulcis Oil, Polyglyceryl-6 Distearate, Simmondsia Chinensis Seed Oil, Euphrasia Officinalis Extract, Helichrysum Italicum Flower Extract,<\/p>\n<p>Chamomilla Recutita Flower Extract, Alcohol, SolumFullonum, Persea Gratissima Oil, Cetyl Alcohol, XanthanGum, Lavandula Hybrida Oil, Rosa Damascena Flower Oil<br \/>\n*Composants naturels des huiles essentielles<br \/>\n<strong>*Contient du limon\u00e8ne d\u00e9riv\u00e9 d&rsquo;huiles essentielles biologiques<\/strong><\/p>\n<p><strong>Allerg\u00e8nes possibles :<\/strong> La cr\u00e8me de contour des yeux anti-rides naturelle contient du Linalool, du Geraniol, du Citronellol d&rsquo;origine naturelle (pr\u00e9sent dans la composition de cette cr\u00e8me pour les yeux comme composant des huiles essentielles naturelles).<\/p>\n<p>Puis-je utiliser cette cr\u00e8me contour des yeux antirides naturelle si je suis intol\u00e9rant au gluten ?<\/p>\n<p>Oui, cette cr\u00e8me pour le contour des yeux d&rsquo;Argital ne contient pas de gluten et convient aux personnes intol\u00e9rantes au gluten.<\/p>\n<p>Ingr\u00e9dients biologiques : Prunus Amygdalus Dulcis Oil , Simmondsia Chinensis Seed Oil , Euphrasia Officinalis Extract , Helichrysum Italicum Flower Extract , Chamomilla Recutita Flower Extract, Alcohol, Persea Gratissima Oil, Lavandula Hybrida Oil*<\/p>\n<h5>Informations additionnelles sur la cr\u00e8me contour des yeux bio<\/h5>\n<p>Les produits de la marque Argital ne contiennent ni conservateurs synth\u00e9tiques, ni parfums synth\u00e9tiques, ni colorants artificiels.<br \/>\nOrigine des mat\u00e9riaux bruts et processus de production<br \/>\n&#8211; Processus de production \u00e9cologique : certificat Demeter, agriculture biodynamique<br \/>\n&#8211; Pays d&rsquo;origine des mati\u00e8res premi\u00e8res : EU<br \/>\n&#8211; Produit en : Italie<\/p>\n<p>Processus de production durable et emballage \u00e9cologique<br \/>\n&#8211; Couvercle : ICEA bio &amp; \u00e9coplastique recycl\u00e9<br \/>\n&#8211; Emballage \u00e9cologique : tube en aluminium sans microplastique<br \/>\n&#8211; Dans un tube de cr\u00e8me en aluminium, les lotions se conservent beaucoup mieux et plus longtemps que dans un pot en plastique ou en verre.<\/p>\n","protected":false},"excerpt":{"rendered":"<p>La cr\u00e8me naturelle pour les yeux est un produit anti-\u00e2ge efficace qui contient de nombreux antioxydants, des acides gras insatur\u00e9s et des vitamines. Cette cr\u00e8me contour des yeux bio procure un regard plus \u00e9clatant, plus frais et plus jeune.<br \/>\nCette cr\u00e8me naturelle pour les yeux est certifi\u00e9e Bio (ICEA BIO Cosmetics).<\/p>\n","protected":false},"featured_media":170,"comment_status":"open","ping_status":"closed","template":"","meta":{"ocean_post_layout":"","ocean_both_sidebars_style":"","ocean_both_sidebars_content_width":0,"ocean_both_sidebars_sidebars_width":0,"ocean_sidebar":"","ocean_second_sidebar":"","ocean_disable_margins":"enable","ocean_add_body_class":"","ocean_shortcode_before_top_bar":"","ocean_shortcode_after_top_bar":"","ocean_shortcode_before_header":"","ocean_shortcode_after_header":"","ocean_has_shortcode":"","ocean_shortcode_after_title":"","ocean_shortcode_before_footer_widgets":"","ocean_shortcode_after_footer_widgets":"","ocean_shortcode_before_footer_bottom":"","ocean_shortcode_after_footer_bottom":"","ocean_display_top_bar":"default","ocean_display_header":"default","ocean_header_style":"","ocean_center_header_left_menu":"","ocean_custom_header_template":"","ocean_custom_logo":0,"ocean_custom_retina_logo":0,"ocean_custom_logo_max_width":0,"ocean_custom_logo_tablet_max_width":0,"ocean_custom_logo_mobile_max_width":0,"ocean_custom_logo_max_height":0,"ocean_custom_logo_tablet_max_height":0,"ocean_custom_logo_mobile_max_height":0,"ocean_header_custom_menu":"","ocean_menu_typo_font_family":"","ocean_menu_typo_font_subset":"","ocean_menu_typo_font_size":0,"ocean_menu_typo_font_size_tablet":0,"ocean_menu_typo_font_size_mobile":0,"ocean_menu_typo_font_size_unit":"px","ocean_menu_typo_font_weight":"","ocean_menu_typo_font_weight_tablet":"","ocean_menu_typo_font_weight_mobile":"","ocean_menu_typo_transform":"","ocean_menu_typo_transform_tablet":"","ocean_menu_typo_transform_mobile":"","ocean_menu_typo_line_height":0,"ocean_menu_typo_line_height_tablet":0,"ocean_menu_typo_line_height_mobile":0,"ocean_menu_typo_line_height_unit":"","ocean_menu_typo_spacing":0,"ocean_menu_typo_spacing_tablet":0,"ocean_menu_typo_spacing_mobile":0,"ocean_menu_typo_spacing_unit":"","ocean_menu_link_color":"","ocean_menu_link_color_hover":"","ocean_menu_link_color_active":"","ocean_menu_link_background":"","ocean_menu_link_hover_background":"","ocean_menu_link_active_background":"","ocean_menu_social_links_bg":"","ocean_menu_social_hover_links_bg":"","ocean_menu_social_links_color":"","ocean_menu_social_hover_links_color":"","ocean_disable_title":"default","ocean_disable_heading":"default","ocean_post_title":"","ocean_post_subheading":"","ocean_post_title_style":"","ocean_post_title_background_color":"","ocean_post_title_background":0,"ocean_post_title_bg_image_position":"","ocean_post_title_bg_image_attachment":"","ocean_post_title_bg_image_repeat":"","ocean_post_title_bg_image_size":"","ocean_post_title_height":0,"ocean_post_title_bg_overlay":0.5,"ocean_post_title_bg_overlay_color":"","ocean_disable_breadcrumbs":"default","ocean_breadcrumbs_color":"","ocean_breadcrumbs_separator_color":"","ocean_breadcrumbs_links_color":"","ocean_breadcrumbs_links_hover_color":"","ocean_display_footer_widgets":"default","ocean_display_footer_bottom":"default","ocean_custom_footer_template":""},"product_brand":[102],"product_cat":[17,16,20,22],"product_tag":[126,133,127,125],"class_list":{"0":"post-2162","1":"product","2":"type-product","3":"status-publish","4":"has-post-thumbnail","6":"product_brand-argital","7":"product_cat-soins-du-visage","8":"product_cat-soins","9":"product_cat-anti-age","10":"product_cat-yeux-et-levres","11":"product_tag-sans-paraben","12":"product_tag-sansparfumsynthetique","13":"product_tag-sans-silicone","14":"product_tag-vegan","16":"entry","17":"has-media","19":"first","20":"instock","21":"taxable","22":"shipping-taxable","23":"purchasable","24":"product-type-simple","25":"has-rating","26":"col","27":"span_1_of_3","28":"owp-content-center","29":"owp-thumbs-layout-horizontal","30":"owp-btn-normal","31":"owp-tabs-layout-section","32":"has-no-thumbnails","33":"circle-sale"},"_links":{"self":[{"href":"https:\/\/www.biobey.be\/fr\/wp-json\/wp\/v2\/product\/2162","targetHints":{"allow":["GET"]}}],"collection":[{"href":"https:\/\/www.biobey.be\/fr\/wp-json\/wp\/v2\/product"}],"about":[{"href":"https:\/\/www.biobey.be\/fr\/wp-json\/wp\/v2\/types\/product"}],"replies":[{"embeddable":true,"href":"https:\/\/www.biobey.be\/fr\/wp-json\/wp\/v2\/comments?post=2162"}],"wp:featuredmedia":[{"embeddable":true,"href":"https:\/\/www.biobey.be\/fr\/wp-json\/wp\/v2\/media\/170"}],"wp:attachment":[{"href":"https:\/\/www.biobey.be\/fr\/wp-json\/wp\/v2\/media?parent=2162"}],"wp:term":[{"taxonomy":"product_brand","embeddable":true,"href":"https:\/\/www.biobey.be\/fr\/wp-json\/wp\/v2\/product_brand?post=2162"},{"taxonomy":"product_cat","embeddable":true,"href":"https:\/\/www.biobey.be\/fr\/wp-json\/wp\/v2\/product_cat?post=2162"},{"taxonomy":"product_tag","embeddable":true,"href":"https:\/\/www.biobey.be\/fr\/wp-json\/wp\/v2\/product_tag?post=2162"}],"curies":[{"name":"wp","href":"https:\/\/api.w.org\/{rel}","templated":true}]}}