{"id":2166,"date":"2025-04-07T00:11:07","date_gmt":"2025-04-06T22:11:07","guid":{"rendered":"https:\/\/www.biobey.be\/fr-temp\/produit\/creme-visage-nourrissante-et-hydratante-50-ml\/"},"modified":"2025-07-11T12:59:04","modified_gmt":"2025-07-11T10:59:04","slug":"creme-visage-nourrissante-et-hydratante-50-ml","status":"publish","type":"product","link":"https:\/\/www.biobey.be\/fr\/produit\/creme-visage-nourrissante-et-hydratante-50-ml\/","title":{"rendered":"Cr\u00e8me Nourrissante visage bio 50 ml"},"content":{"rendered":"<p>Cr\u00e8me Nourrissante visage naturelle hydrate, prot\u00e8ge et donne \u00e0 la peau tous les soins n\u00e9cessaires. Elle peut donc \u00eatre utilis\u00e9e comme cr\u00e8me de jour et de nuit.<\/p>\n<p>La formule naturelle d&rsquo;extraits v\u00e9g\u00e9taux, d&rsquo;huiles et de beurre de cacao nourrissant r\u00e9g\u00e9n\u00e8re la peau sans laisser de couche grasse. Gr\u00e2ce \u00e0 la composition unique de la cr\u00e8me nourrissante visage et \u00e0 son action polyvalente, elle convient \u00e0 diff\u00e9rents types de peau.<\/p>\n<p>Avez-vous une peau tr\u00e8s s\u00e8che et d\u00e9shydrat\u00e9e ? Nous vous conseillons alors<span style=\"color: #0000ff;\"> <a style=\"color: #0000ff;\" href=\"https:\/\/www.biobey.be\/fr\/produit\/creme-visage-oxygene-hydratante-bio-50ml\/\">la cr\u00e8me de jour hydratante Bema Bio.<\/a><\/span><br \/>\nL&rsquo;huile de jojoba est l&rsquo;ingr\u00e9dient de base de la cr\u00e8me de jour naturelle Argital. La combinaison des huiles essentielles d&rsquo;ylang-ylang, de lavande et de g\u00e9ranium \u00e0 la boue verte a un effet cicatrisant sur la peau irrit\u00e9e et s\u00e8che.<\/p>\n<h2>Les bienfaits de l&rsquo;huile de jojoba dans une cr\u00e8me naturelle pour le visage<\/h2>\n<p>L&rsquo;huile de jojoba biologique dans la cr\u00e8me naturelle pour le visage est riche en antioxydants. La vitamine E prot\u00e8ge la peau des effets n\u00e9gatifs des radicaux libres. L&rsquo;huile de jojoba nourrit la peau avec les nutriments n\u00e9cessaires sans obstruer les pores. Cela en fait un moyen <strong>efficace de traiter les peaux grasses et d\u00e9shydrat\u00e9es. <\/strong><\/p>\n<p>De plus, la combinaison des huiles essentielles d&rsquo;ylang-ylang, de lavande et de g\u00e9ranium avec l&rsquo;argile verte a un effet curatif sur les peaux irrit\u00e9es et s\u00e8ches. Soigne les peaux irrit\u00e9es et s\u00e8ches.<\/p>\n<p>La combinaison de l&rsquo;huile d&rsquo;amande et de l&rsquo;huile d&rsquo;ylang-ylang a une forte capacit\u00e9 \u00e0 restaurer les peaux irrit\u00e9es et s\u00e8ches. L&rsquo;huile de lavande et l&rsquo;huile de calendula ont des <a href=\"https:\/\/www.biobey.be\/fr\/produit\/bio-pommade-calendula-dermatite\/\"><span style=\"color: #0000ff;\">effets apaisants sur les peaux \u00e0 probl\u00e8mes.<\/span><\/a> Les extraits de calendula et de lavande acc\u00e9l\u00e8rent le processus de gu\u00e9rison d&rsquo;une barri\u00e8re cutan\u00e9e affect\u00e9e et r\u00e9duisent les rougeurs.<\/p>\n<h2>Que fait la Cr\u00e8me Nourrissante visage bio ?<\/h2>\n<p>La cr\u00e8me de jour nourrissante naturelle \u00e0 base d&rsquo;argile verte et d&rsquo;huiles naturelles hydrate et soigne intens\u00e9ment les peaux s\u00e8ches. Gr\u00e2ce \u00e0 sa formule 100 % naturelle et \u00e0 sa composition douce, la cr\u00e8me de jour naturelle respecte la peau.<\/p>\n<p>Les principes actifs p\u00e9n\u00e8trent dans la peau et lui apportent les vitamines n\u00e9cessaires. La cr\u00e8me de jour nourrissante am\u00e9liore la r\u00e9tention d&rsquo;eau de la peau en pr\u00e9venant la d\u00e9shydratation.<\/p>\n<p>Elle convient \u00e0 tous les types de peau, qu&rsquo;elle soit s\u00e8che, grasse ou \u00e0 probl\u00e8mes. L&rsquo;extrait de jojoba prot\u00e8ge la peau et aide \u00e0 pr\u00e9venir les rides. Le beurre de cacao et le beurre de karit\u00e9 assurent une belle peau lisse. L&rsquo;utilisation quotidienne de cette cr\u00e8me naturelle pour le visage procure \u00e0 la peau une sensation de bien-\u00eatre et de douceur.<\/p>\n<h4>Certification: BDIH &#8211; <a href=\"https:\/\/www.biobey.be\/fr\/encyclopedie\/certificats-bio\/lav\/\">LAV<\/a><\/h4>\n<p>UTILISATION : Appliquer une fine couche matin et\/ou soir sur une peau bien nettoy\u00e9e. Massez ensuite d\u00e9licatement la cr\u00e8me hydratante pour le visage jusqu&rsquo;\u00e0 ce qu&rsquo;elle p\u00e9n\u00e8tre bien dans la peau. La cr\u00e8me s&rsquo;applique sur le visage, le cou et le d\u00e9collet\u00e9.<\/p>\n<p><strong>Caract\u00e9ristiques de la cr\u00e8me de jour nourrissante<\/strong><br \/>\nType de peau : peau d\u00e9shydrat\u00e9e<br \/>\nLa cr\u00e8me de jour nourrissante a un emballage durable, \u00e0 savoir un tube en aluminium sans microplastiques.<\/p>\n<p><strong>Origine des mati\u00e8res premi\u00e8res et du processus de production<\/strong><br \/>\nProcessus de production \u00e9cologique : certificat Demeter, agriculture biodynamique<br \/>\nPays d&rsquo;origine des mati\u00e8res premi\u00e8res EU<br \/>\nProduit dans : Italie<\/p>\n<p><strong>Ingr\u00e9dients (INCI):<\/strong> Aqua, Simmondsia Chinensis Oil, Alcohol, Potassium Palmitoyl Hydrolyzed Wheat Protein, Glyceryl Stearate, Cetearyl Alcohol bio, Glycerin, Cananga Odorata Flower Oil, Prunus Amygdalus Dulcis Oil, Triticum Vulgare Germ Oil, Malva Sylvestris Leaf Extract, Theobroma Cacao Butter,<\/p>\n<p>Butyrospermum Parkii Butter, Cera Alba], Calendula Officinalis Flower Extract, Pelargonium Graveolens Oil*, Lavandula Hybrida Oil, Solum Fullonum, Styrax Benzoin Resin Extract, Berberis Vulgaris Bark Extract, Lactic Acid<br \/>\nComposant d&rsquo;huiles essentielles naturelles<\/p>\n<p><strong>Ingr\u00e9dients issus de l&rsquo;agriculture biologique:<\/strong> Alcohol, Prunus Amygdalus Dulcis Oil, Olea Europea Fruit Oil, Helianthus Annuus Seed OilLa cr\u00e8me de jour nourrissante pour le visage d&rsquo;Argital contient des huiles essentielles naturelles. Ces huiles essentielles naturelles contiennent les substances suivantes\u00a0:<br \/>\nBenzyl Alcohol, Benzyl Benzoate, Benzyl Salicilate, Eugenol, Farnesol, Geraniol, Isoeugenol, Linalool, Citronellol,Limonene.<\/p>\n","protected":false},"excerpt":{"rendered":"<p>La cr\u00e8me nourrissante naturelle pour le visage hydrate et prot\u00e8ge la peau des dommages externes. Gr\u00e2ce \u00e0 sa multifonctionnalit\u00e9, elle peut \u00eatre utilis\u00e9e comme cr\u00e8me de jour et de nuit.<\/p>\n","protected":false},"featured_media":94,"comment_status":"open","ping_status":"closed","template":"","meta":{"ocean_post_layout":"","ocean_both_sidebars_style":"","ocean_both_sidebars_content_width":0,"ocean_both_sidebars_sidebars_width":0,"ocean_sidebar":"","ocean_second_sidebar":"","ocean_disable_margins":"enable","ocean_add_body_class":"","ocean_shortcode_before_top_bar":"","ocean_shortcode_after_top_bar":"","ocean_shortcode_before_header":"","ocean_shortcode_after_header":"","ocean_has_shortcode":"","ocean_shortcode_after_title":"","ocean_shortcode_before_footer_widgets":"","ocean_shortcode_after_footer_widgets":"","ocean_shortcode_before_footer_bottom":"","ocean_shortcode_after_footer_bottom":"","ocean_display_top_bar":"default","ocean_display_header":"default","ocean_header_style":"","ocean_center_header_left_menu":"","ocean_custom_header_template":"","ocean_custom_logo":0,"ocean_custom_retina_logo":0,"ocean_custom_logo_max_width":0,"ocean_custom_logo_tablet_max_width":0,"ocean_custom_logo_mobile_max_width":0,"ocean_custom_logo_max_height":0,"ocean_custom_logo_tablet_max_height":0,"ocean_custom_logo_mobile_max_height":0,"ocean_header_custom_menu":"","ocean_menu_typo_font_family":"","ocean_menu_typo_font_subset":"","ocean_menu_typo_font_size":0,"ocean_menu_typo_font_size_tablet":0,"ocean_menu_typo_font_size_mobile":0,"ocean_menu_typo_font_size_unit":"px","ocean_menu_typo_font_weight":"","ocean_menu_typo_font_weight_tablet":"","ocean_menu_typo_font_weight_mobile":"","ocean_menu_typo_transform":"","ocean_menu_typo_transform_tablet":"","ocean_menu_typo_transform_mobile":"","ocean_menu_typo_line_height":0,"ocean_menu_typo_line_height_tablet":0,"ocean_menu_typo_line_height_mobile":0,"ocean_menu_typo_line_height_unit":"","ocean_menu_typo_spacing":0,"ocean_menu_typo_spacing_tablet":0,"ocean_menu_typo_spacing_mobile":0,"ocean_menu_typo_spacing_unit":"","ocean_menu_link_color":"","ocean_menu_link_color_hover":"","ocean_menu_link_color_active":"","ocean_menu_link_background":"","ocean_menu_link_hover_background":"","ocean_menu_link_active_background":"","ocean_menu_social_links_bg":"","ocean_menu_social_hover_links_bg":"","ocean_menu_social_links_color":"","ocean_menu_social_hover_links_color":"","ocean_disable_title":"default","ocean_disable_heading":"default","ocean_post_title":"","ocean_post_subheading":"","ocean_post_title_style":"","ocean_post_title_background_color":"","ocean_post_title_background":0,"ocean_post_title_bg_image_position":"","ocean_post_title_bg_image_attachment":"","ocean_post_title_bg_image_repeat":"","ocean_post_title_bg_image_size":"","ocean_post_title_height":0,"ocean_post_title_bg_overlay":0.5,"ocean_post_title_bg_overlay_color":"","ocean_disable_breadcrumbs":"default","ocean_breadcrumbs_color":"","ocean_breadcrumbs_separator_color":"","ocean_breadcrumbs_links_color":"","ocean_breadcrumbs_links_hover_color":"","ocean_display_footer_widgets":"default","ocean_display_footer_bottom":"default","ocean_custom_footer_template":""},"product_brand":[102],"product_cat":[19,49,17,16],"product_tag":[126,127],"class_list":{"0":"post-2166","1":"product","2":"type-product","3":"status-publish","4":"has-post-thumbnail","6":"product_brand-argital","7":"product_cat-cremes-naturelles-de-jour-et-de-nuit","8":"product_cat-peau-seche","9":"product_cat-soins-du-visage","10":"product_cat-soins","11":"product_tag-sans-paraben","12":"product_tag-sans-silicone","14":"entry","15":"has-media","17":"first","18":"instock","19":"taxable","20":"shipping-taxable","21":"purchasable","22":"product-type-simple","23":"has-rating","24":"col","25":"span_1_of_3","26":"owp-content-center","27":"owp-thumbs-layout-horizontal","28":"owp-btn-normal","29":"owp-tabs-layout-section","30":"has-no-thumbnails","31":"circle-sale"},"_links":{"self":[{"href":"https:\/\/www.biobey.be\/fr\/wp-json\/wp\/v2\/product\/2166","targetHints":{"allow":["GET"]}}],"collection":[{"href":"https:\/\/www.biobey.be\/fr\/wp-json\/wp\/v2\/product"}],"about":[{"href":"https:\/\/www.biobey.be\/fr\/wp-json\/wp\/v2\/types\/product"}],"replies":[{"embeddable":true,"href":"https:\/\/www.biobey.be\/fr\/wp-json\/wp\/v2\/comments?post=2166"}],"wp:featuredmedia":[{"embeddable":true,"href":"https:\/\/www.biobey.be\/fr\/wp-json\/wp\/v2\/media\/94"}],"wp:attachment":[{"href":"https:\/\/www.biobey.be\/fr\/wp-json\/wp\/v2\/media?parent=2166"}],"wp:term":[{"taxonomy":"product_brand","embeddable":true,"href":"https:\/\/www.biobey.be\/fr\/wp-json\/wp\/v2\/product_brand?post=2166"},{"taxonomy":"product_cat","embeddable":true,"href":"https:\/\/www.biobey.be\/fr\/wp-json\/wp\/v2\/product_cat?post=2166"},{"taxonomy":"product_tag","embeddable":true,"href":"https:\/\/www.biobey.be\/fr\/wp-json\/wp\/v2\/product_tag?post=2166"}],"curies":[{"name":"wp","href":"https:\/\/api.w.org\/{rel}","templated":true}]}}