{"id":2167,"date":"2025-05-01T00:05:55","date_gmt":"2025-04-30T22:05:55","guid":{"rendered":"https:\/\/www.biobey.be\/fr-temp\/produit\/shampooing-bio-cheveux-gras-argital-250-ml\/"},"modified":"2026-02-21T09:02:58","modified_gmt":"2026-02-21T08:02:58","slug":"shampooing-bio-cheveux-gras-argital-250-ml","status":"publish","type":"product","link":"https:\/\/www.biobey.be\/fr\/produit\/shampooing-bio-cheveux-gras-argital-250-ml\/","title":{"rendered":"Shampooing bio contre les cheveux gras 250ml"},"content":{"rendered":"<p>Vous avez des cheveux facilement gras avec une tendance aux pellicules ? Vous recherchez un shampooing naturel contre les cheveux gras sans silicones ? Le shampooing bio contre les cheveux gras de la marque Argital est formul\u00e9 sans silicones, sans sulfates et sans parab\u00e8nes.<\/p>\n<p>Le shampooing bio contre les cheveux gras Argital contient de l&rsquo;argile verte, des extraits naturels de lavande et d&rsquo;ortie. Ces ingr\u00e9dients renforcent les cheveux et r\u00e9duisent la perte de cheveux.<\/p>\n<p><strong>Les bienfaits du shampoing naturel cheveux gras en r\u00e9sum\u00e9:<\/strong><\/p>\n<ol>\n<li>traite les cheveux gras<\/li>\n<li>apaise le cuir chevelu<\/li>\n<li>r\u00e9gule la production de s\u00e9bum<\/li>\n<li>r\u00e9duit visiblement les pellicules<\/li>\n<li>aide \u00e0 r\u00e9duire la chute des cheveux<\/li>\n<li>en utilisation r\u00e9guli\u00e8re, ce shampooing renforce les cheveux et leur donne plus d&rsquo;\u00e9clat.<\/li>\n<\/ol>\n<p>Le shampooing bio cheveux gras est efficace gr\u00e2ce \u00e0 sa pr\u00e9cieuse composition. Les extraits de plantes apaisent le cuir chevelu, aident \u00e0 pr\u00e9venir les irritations et \u00e0 r\u00e9duire la production excessive de s\u00e9bum de la peau.<\/p>\n<p>Ceci rend les cheveux moins gras et plus sains. L&rsquo;extrait d&rsquo;ortie pr\u00e9vient les pellicules et nourrit le cuir chevelu. Ensuite, l&rsquo;argile verte nettoie efficacement et en douceur les cheveux et le cuir chevelu.<\/p>\n<h2>Rem\u00e8de contre les cheveux gras<\/h2>\n<p>L&rsquo;extrait d&rsquo;ortie est utilis\u00e9 depuis un millier d&rsquo;ann\u00e9es pour ses propri\u00e9t\u00e9s cicatrisantes. L&rsquo;extrait <span style=\"color: #0000ff;\"><a style=\"color: #0000ff;\" href=\"https:\/\/www.biobey.be\/fr\/produit\/shampooing-bio-contre-les-pellicules\/\">r\u00e9g\u00e9n\u00e8re le cuir chevelu et pr\u00e9vient les pellicules<\/a><\/span>. Par la suite, le shampooing pur renforce les cheveux, favorise leur croissance et les prot\u00e8ge des influences ext\u00e9rieures nocives.<\/p>\n<h3>Comment ne pas avoir les cheveux gras ?<\/h3>\n<p>Les cheveux gras peuvent avoir de nombreuses causes, comme la fluctuation des hormones du stress ou l&rsquo;utilisation de produits de soins capillaires agressifs contenant des sulfates et des silicones. Les shampoings conventionnels avec SLS et SLES (d\u00e9graissants agressifs) dissolvent la salet\u00e9, le s\u00e9bum mais aussi la graisse naturelle de la peau.<\/p>\n<p>Cela perturbe la fonction de barri\u00e8re du cuir chevelu et fait que le cuir chevelu produit plus de s\u00e9bum. Ainsi, plus vous vous lavez les cheveux, plus vite ils redeviennent gras.<\/p>\n<h2>Comment traiter les cheveux gras\u202f?<\/h2>\n<p>Pour traiter et pr\u00e9venir les cheveux gras, il est pr\u00e9f\u00e9rable de prendre soin de vos cheveux avec des produits de soins capillaires naturels.<br \/>\nLavez toujours vos cheveux avec un shampooing doux et naturel pour cheveux gras qui r\u00e9gule la production de s\u00e9bum et purifie et hydrate le cuir chevelu.<\/p>\n<p>Utilisez les masques capillaires DIY <span style=\"color: #0000ff;\"><a style=\"color: #0000ff;\" href=\"https:\/\/www.biobey.be\/fr\/produit\/poudre-dargile-verte-ventilee-sechee-au-soleil\/\">Detox \u00e0 l&rsquo;argile verte<\/a><\/span> ou blanche. Ces masques capillaires, comme Argiltubo, nettoient votre cuir chevelu des substances nocives et de la salet\u00e9 et r\u00e9gulent la production de s\u00e9bum, pr\u00e9venant ainsi les irritations. Ils fournissent \u00e9galement au cuir chevelu tous les min\u00e9raux et vitamines n\u00e9cessaires et stimulent la croissance des cheveux.<\/p>\n<h4>Cheveux volumineux naturels avec le shampooing bio cheveux gras<\/h4>\n<p>Le shampooing bio cheveux gras est sp\u00e9cialement con\u00e7u pour les cheveux gras et d\u00e9ficients en volume. En stabilisant la production de s\u00e9bum, le cuir chevelu n&rsquo;est pas surcharg\u00e9. Ce shampooing biologique pour cheveux gras \u00e9limine l&rsquo;exc\u00e8s de s\u00e9bum du cuir chevelu et rend les cheveux plus volumineux et plus sains.<\/p>\n<p>Apr\u00e8s avoir lav\u00e9 les cheveux avec le shampooing bio cheveux gras d&rsquo;Argital, les cheveux sont lisses et brillants.<\/p>\n<p><strong>Utilisation<\/strong> : Bien agiter avant l&#8217;emploi pour s&rsquo;assurer que l&rsquo;argile est bien m\u00e9lang\u00e9e. Verser le shampooing dans le creux de la main et appliquer une petite quantit\u00e9, environ 1 cuill\u00e8re \u00e0 soupe sur les cheveux humides avant le premier lavage. Pour le deuxi\u00e8me lavage, appliquer la moiti\u00e9 de la premi\u00e8re dose. Le shampooing est adapt\u00e9 \u00e0 un usage quotidien.<\/p>\n<p><strong>Remarque :<\/strong> Le remplacement des shampooings chimiques par des shampooings et des revitalisants 100 % naturels sans sulfates et sans silicones nocifs est un grand changement pour vos cheveux et votre cuir chevelu, car pendant la premi\u00e8re phase ou apr\u00e8s le premier lavage avec un shampooing naturel pur, vos cheveux peuvent \u00eatre fragiles ou secs.<\/p>\n<p>Cela prend 2 semaines, dans certains cas cela peut prendre jusqu&rsquo;\u00e0 2 mois parce que les produits de soins capillaires naturels peuvent d\u00e9toxifier vos cheveux des polym\u00e8res p\u00e9trochimiques, silicones ou autres substances synth\u00e9tiques.<\/p>\n<p>C&rsquo;est une r\u00e9action normale. Apr\u00e8s cette p\u00e9riode, vos cheveux et votre cuir chevelu seront exempts de sulfates et de silicones, ce qui les rendra plus forts et plus sains. Vous remarquerez \u00e9galement qu&rsquo;apr\u00e8s avoir cess\u00e9 d&rsquo;utiliser des shampooings chimiques agressifs, vous aurez beaucoup moins de perte de cheveux et vos <span style=\"color: #0000ff;\"><a style=\"color: #0000ff;\" href=\"https:\/\/www.biobey.be\/fr\/produit\/mousse-coiffante-pour-cheveux-boucles\/\">cheveux auront l&rsquo;air plus volumineux<\/a><\/span>.<\/p>\n<p>*Une explication d\u00e9taill\u00e9e de chaque ingr\u00e9dient se trouve sur la page de l&rsquo;encyclop\u00e9die des ingr\u00e9dients.<\/p>\n<p><strong>Sp\u00e9cifications du shampooing bio contre les cheveux gras<\/strong><br \/>\n&#8211; purifie le cuir chevelu<br \/>\n&#8211; r\u00e9gule la production de s\u00e9bum<br \/>\n&#8211; rend les cheveux forts et brillants<br \/>\n&#8211; efficace contre les formes l\u00e9g\u00e8res de pellicules<br \/>\n&#8211; donne plus de volume aux cheveux<\/p>\n<p>Ingr\u00e9dients (INCI): Aqua, Sodium Cocoyl Glutamate, Caprylyl\/Capryl Glucoside, Alcohol, Urtica Dioica Extract, Rosmarinus Officinalis Extract, Lauryl Glucoside, Arnica Montana Flower Extract, Solum Fullonum, Xanthan Gum, Betaine, Lavandula<\/p>\n<p>Hybrida Oil*, Styrax Benzoin Resin Extract, Berberis Vulgaris Bark Extract, Eugenia Caryophyllus Flower Oil, Lactic Acid, Prunus Amygdalus Dulcis Oil, Lecithin<br \/>\n* Composants d&rsquo;huiles essentielles naturelles<\/p>\n<p>Ingr\u00e9dients issus de l&rsquo;agriculture biologique: Alcohol, Prunus Amygdalus Dulcis Oil<br \/>\nDemeter ingr\u00e9dients:Urtica Diodica Extract, Rosmarinus officinalis Extract, Lavandula Hybrida Oil<\/p>\n<p>Allerg\u00e8nes possibles :Alcohol, Lavandula Hybrida Oil, Eugenia Caryophyllus Oil. Contient du limon\u00e8ne, de l&rsquo;Eug\u00e9nol, du linalol d&rsquo;origine naturelle (pr\u00e9sent dans le produit comme composant des huiles essentielles naturelles)<br \/>\n<strong>Pour en savoir plus sur le shampooing bio cheveux gras.<\/strong><\/p>\n<p>Aucun conservateur synth\u00e9tique, parfum synth\u00e9tique ou colorant artificiel n&rsquo;est ajout\u00e9 aux produits d&rsquo;Argital.<br \/>\nOrigine des mati\u00e8res premi\u00e8res et processus de production<br \/>\nProduit en : Italie<br \/>\nProcessus de production \u00e9cologique : certificat Demeter, agriculture bio-dynamique<br \/>\nOrigine des mati\u00e8res premi\u00e8res : EUROPE<br \/>\nMat\u00e9riaux d&#8217;emballage : bouteille de shampoing en plastique recycl\u00e9. Certification Icea Eco<\/p>\n","protected":false},"excerpt":{"rendered":"<p>Le shampooing bio cheveux gras apaise le cuir chevelu, r\u00e9gule la production de s\u00e9bum et r\u00e9duit visiblement les pellicules. Il contient de l&rsquo;argile verte, des extraits de lavande et d&rsquo;ortie.<\/p>\n","protected":false},"featured_media":95,"comment_status":"open","ping_status":"closed","template":"","meta":{"ocean_post_layout":"","ocean_both_sidebars_style":"","ocean_both_sidebars_content_width":0,"ocean_both_sidebars_sidebars_width":0,"ocean_sidebar":"0","ocean_second_sidebar":"0","ocean_disable_margins":"enable","ocean_add_body_class":"","ocean_shortcode_before_top_bar":"","ocean_shortcode_after_top_bar":"","ocean_shortcode_before_header":"","ocean_shortcode_after_header":"","ocean_has_shortcode":"","ocean_shortcode_after_title":"","ocean_shortcode_before_footer_widgets":"","ocean_shortcode_after_footer_widgets":"","ocean_shortcode_before_footer_bottom":"","ocean_shortcode_after_footer_bottom":"","ocean_display_top_bar":"default","ocean_display_header":"default","ocean_header_style":"","ocean_center_header_left_menu":"0","ocean_custom_header_template":"0","ocean_custom_logo":0,"ocean_custom_retina_logo":0,"ocean_custom_logo_max_width":0,"ocean_custom_logo_tablet_max_width":0,"ocean_custom_logo_mobile_max_width":0,"ocean_custom_logo_max_height":0,"ocean_custom_logo_tablet_max_height":0,"ocean_custom_logo_mobile_max_height":0,"ocean_header_custom_menu":"0","ocean_menu_typo_font_family":"0","ocean_menu_typo_font_subset":"","ocean_menu_typo_font_size":0,"ocean_menu_typo_font_size_tablet":0,"ocean_menu_typo_font_size_mobile":0,"ocean_menu_typo_font_size_unit":"px","ocean_menu_typo_font_weight":"","ocean_menu_typo_font_weight_tablet":"","ocean_menu_typo_font_weight_mobile":"","ocean_menu_typo_transform":"","ocean_menu_typo_transform_tablet":"","ocean_menu_typo_transform_mobile":"","ocean_menu_typo_line_height":0,"ocean_menu_typo_line_height_tablet":0,"ocean_menu_typo_line_height_mobile":0,"ocean_menu_typo_line_height_unit":"","ocean_menu_typo_spacing":0,"ocean_menu_typo_spacing_tablet":0,"ocean_menu_typo_spacing_mobile":0,"ocean_menu_typo_spacing_unit":"","ocean_menu_link_color":"","ocean_menu_link_color_hover":"","ocean_menu_link_color_active":"","ocean_menu_link_background":"","ocean_menu_link_hover_background":"","ocean_menu_link_active_background":"","ocean_menu_social_links_bg":"","ocean_menu_social_hover_links_bg":"","ocean_menu_social_links_color":"","ocean_menu_social_hover_links_color":"","ocean_disable_title":"default","ocean_disable_heading":"default","ocean_post_title":"","ocean_post_subheading":"","ocean_post_title_style":"","ocean_post_title_background_color":"","ocean_post_title_background":0,"ocean_post_title_bg_image_position":"","ocean_post_title_bg_image_attachment":"","ocean_post_title_bg_image_repeat":"","ocean_post_title_bg_image_size":"","ocean_post_title_height":0,"ocean_post_title_bg_overlay":0.5,"ocean_post_title_bg_overlay_color":"","ocean_disable_breadcrumbs":"default","ocean_breadcrumbs_color":"","ocean_breadcrumbs_separator_color":"","ocean_breadcrumbs_links_color":"","ocean_breadcrumbs_links_hover_color":"","ocean_display_footer_widgets":"default","ocean_display_footer_bottom":"default","ocean_custom_footer_template":"0"},"product_brand":[102],"product_cat":[25,16,24],"product_tag":[127,128,125],"class_list":{"0":"post-2167","1":"product","2":"type-product","3":"status-publish","4":"has-post-thumbnail","6":"product_brand-argital","7":"product_cat-shampooing-naturel","8":"product_cat-soins","9":"product_cat-soins-cheveux","10":"product_tag-sans-silicone","11":"product_tag-sanssulfates","12":"product_tag-vegan","14":"entry","15":"has-media","17":"first","18":"instock","19":"taxable","20":"shipping-taxable","21":"purchasable","22":"product-type-simple","23":"has-rating","24":"col","25":"span_1_of_3","26":"owp-content-center","27":"owp-thumbs-layout-horizontal","28":"owp-btn-normal","29":"owp-tabs-layout-section","30":"has-no-thumbnails","31":"circle-sale"},"_links":{"self":[{"href":"https:\/\/www.biobey.be\/fr\/wp-json\/wp\/v2\/product\/2167","targetHints":{"allow":["GET"]}}],"collection":[{"href":"https:\/\/www.biobey.be\/fr\/wp-json\/wp\/v2\/product"}],"about":[{"href":"https:\/\/www.biobey.be\/fr\/wp-json\/wp\/v2\/types\/product"}],"replies":[{"embeddable":true,"href":"https:\/\/www.biobey.be\/fr\/wp-json\/wp\/v2\/comments?post=2167"}],"wp:featuredmedia":[{"embeddable":true,"href":"https:\/\/www.biobey.be\/fr\/wp-json\/wp\/v2\/media\/95"}],"wp:attachment":[{"href":"https:\/\/www.biobey.be\/fr\/wp-json\/wp\/v2\/media?parent=2167"}],"wp:term":[{"taxonomy":"product_brand","embeddable":true,"href":"https:\/\/www.biobey.be\/fr\/wp-json\/wp\/v2\/product_brand?post=2167"},{"taxonomy":"product_cat","embeddable":true,"href":"https:\/\/www.biobey.be\/fr\/wp-json\/wp\/v2\/product_cat?post=2167"},{"taxonomy":"product_tag","embeddable":true,"href":"https:\/\/www.biobey.be\/fr\/wp-json\/wp\/v2\/product_tag?post=2167"}],"curies":[{"name":"wp","href":"https:\/\/api.w.org\/{rel}","templated":true}]}}