{"id":2168,"date":"2025-04-05T01:04:26","date_gmt":"2025-04-04T23:04:26","guid":{"rendered":"https:\/\/www.biobey.be\/fr-temp\/produit\/shampooing-bio-purifiant-250-ml\/"},"modified":"2025-07-11T13:01:32","modified_gmt":"2025-07-11T11:01:32","slug":"shampooing-bio-purifiant-250-ml","status":"publish","type":"product","link":"https:\/\/www.biobey.be\/fr\/produit\/shampooing-bio-purifiant-250-ml\/","title":{"rendered":"Shampooing purifiant bio 250 ml"},"content":{"rendered":"<p>Le shampooing purifiant bio renforce les cheveux, adoucit le cuir chevelu irrit\u00e9 et procure un \u00e9clat naturel et sain. L&rsquo;argile verte en combinaison avec les huiles essentielles de gui et de citron purifie le cuir chevelu des radicaux libres et pr\u00e9vient la chute des cheveux.<\/p>\n<p>Ce shampooing clarifiant <strong>rend les cheveux sains et brillants<\/strong>. La composition naturelle permet un nettoyage intensif mais doux des cheveux et du cuir chevelu. Les herbes m\u00e9dicinales, les huiles v\u00e9g\u00e9tales pures et les huiles essentielles pures \u00e9quilibrent la production de s\u00e9bum du cuir chevelu et <span style=\"color: #0000ff;\"><a style=\"color: #0000ff;\" href=\"https:\/\/www.biobey.be\/fr\/produit\/shampooing-bio-contre-les-pellicules\/\">pr\u00e9viennent la formation des pellicules<\/a><\/span>.<\/p>\n<h2><strong>Shampooing d\u00e9toxifiant<\/strong><\/h2>\n<p>Nos cheveux peuvent facilement \u00eatre ab\u00eem\u00e9s et il y a plusieurs facteurs qui contribuent \u00e0 une condition r\u00e9duite des cheveux.<\/p>\n<p>Ce shampooing purifiant nettoie en profondeur vos cheveux, votre cuir chevelu et \u00e9limine tous les r\u00e9sidus de produits coiffants et de produits chimiques. Le shampooing clarifiant enl\u00e8ve l&rsquo;exc\u00e8s de salet\u00e9, de graisse et de s\u00e9bum des cheveux et du cuir chevelu.<\/p>\n<h3>Shampooing clarifiant pour des cheveux fragiles<\/h3>\n<p>Ce shampooing purifiant sans sulfate d&rsquo;Argital \u00e9limine les impuret\u00e9s, l&rsquo;exc\u00e8s de production de s\u00e9bum et nettoie les cheveux en douceur pour une restauration efficace. Le shampooing purifiant<strong> hydrate le cuir chevelu et pr\u00e9vient la d\u00e9shydratation des cheveux.<\/strong><\/p>\n<h3>Shampooing clarifiant pour des cheveux brillants et volumineux<\/h3>\n<p>L&rsquo;argile verte est efficace lorsque vous souffrez d&rsquo;hypersensibilit\u00e9 cutan\u00e9e. Il peut soulager les irritations, apaiser les d\u00e9mangeaisons du cuir chevelu et combattre les pellicules. Parce que le shampooing purifiant naturel absorbe l&rsquo;exc\u00e8s de s\u00e9bum, les cheveux sont volumineux, nourris et souples.<\/p>\n<p>Les huiles essentielles d&rsquo;agrumes stimulent la croissance des cheveux et <strong>favorisent l&rsquo;apparence saine des cheveux<\/strong>.<\/p>\n<p>Utilisation: Bien agiter avant l&#8217;emploi pour s&rsquo;assurer que l&rsquo;argile est bien m\u00e9lang\u00e9e. Verser le shampooing dans le creux de la main et appliquer une petite quantit\u00e9, environ 1 cuill\u00e8re \u00e0 soupe sur cheveux humides avant le premier lavage. Pour le deuxi\u00e8me lavage, appliquez la moiti\u00e9 de cette dose.<\/p>\n<p>Le shampooing est adapt\u00e9 \u00e0 un usage quotidien.<\/p>\n<h4><strong>Remarque :<\/strong><\/h4>\n<p>Le remplacement des shampooings chimiques par des shampooings et des revitalisants capillaires 100% naturels sans SLS nocifs et sans silicones est un grand changement pour vos cheveux et votre cuir chevelu.<\/p>\n<p>Pendant la premi\u00e8re phase ou apr\u00e8s les premiers shampooings avec un shampooing naturel pur, vos cheveux peuvent \u00eatre fragiles ou secs.<\/p>\n<p>Cela prend 2 semaines, dans certains cas cela peut prendre jusqu&rsquo;\u00e0 2 mois parce que les produits de soins capillaires naturels d\u00e9toxifient vos cheveux des polym\u00e8res p\u00e9trochimiques, silicone ou autres substances synth\u00e9tiques. C&rsquo;est une r\u00e9action normale.<\/p>\n<p>Apr\u00e8s cette p\u00e9riode, vos cheveux et votre cuir chevelu seront exempts de SLS et de silicones, ce qui les rendra plus forts et plus sains. Vous remarquerez \u00e9galement qu&rsquo;apr\u00e8s avoir cess\u00e9 d&rsquo;utiliser des shampooings chimiques agressifs, vous aurez beaucoup moins de perte de cheveux et vos cheveux auront l&rsquo;air plus volumineux.<\/p>\n<p>*Une explication d\u00e9taill\u00e9e de chaque ingr\u00e9dient se trouve sur la page de l&rsquo;encyclop\u00e9die des ingr\u00e9dients. <a href=\"https:\/\/www.biobey.be\/fr\/chercher-les-ingredients\/\">Cliquez ici<\/a><\/p>\n<p>Ingr\u00e9dients (INCI):aqua,Sodium Cocoyl Glutamate, Caprylyl\/capryl glucoside, Linum Usitatissimum Extract, Alcohol, Lauryl Glucoside, Solum Fullonum, Xanthan gum, Betaine, Viscum Album extract, Berberis Vulgaris Extract, Styrax Benzoin Extract, Lactic acid, Cananga Odorata Oil, Eucalyptus Globulus Oil,<\/p>\n<p>Calcium Carbonate, Santalum Album Oil, Eugenia caryophyllus flower oil, Citrus medica limonum oil,\u00a0Mentha arvensis oil, Litsea Cubeba oil*, Boswellia Carterii oil, Thymus Vulgaris Oil, CI 77268:1<\/p>\n<p>* Composants d&rsquo;huiles essentielles naturelles<br \/>\nIngr\u00e9dients issus de l&rsquo;agriculture biologique:Linum usitatissimum extract, Alcohol, Citrus medica limonum Oil, mentha Arvensis Oil, Thymus vulgaris oil<\/p>\n<p>Le shampooing purifiant bio pour cheveux brillants et volumineux contient des huiles essentielles biologiques dans sa composition. Ces huiles essentielles biologiques contiennent les composants suivants : Limon\u00e8ne, Linalool, Eugenol, Citral.<\/p>\n<h3>Le shampooing purifiant bio pour cheveux brillants et volumineux &#8211; info complementaire<\/h3>\n<p>Le shampooing purifiant bio pour cheveux brillants et volumineux est forrmul\u00e9 par Argital. Argital est une marque italienne fond\u00e9e en 1979 par le biologiste Giuseppe Ferraro.<\/p>\n<p>Les produits Argital ont l&rsquo;une des formules les plus pures et des compositions efficaces, certifi\u00e9es par les certificats les plus stricts tels que BDIH, Demeter.<\/p>\n<p>Les produits Argital sont certifi\u00e9s <span style=\"color: #0000ff;\"><a style=\"color: #0000ff;\" href=\"https:\/\/www.biobey.be\/fr\/encyclopedie\/certificats-bio\/lav\/\">Vegan<\/a><\/span> et ecoCONTROL par Icea. Les produits sont fabriqu\u00e9s en petites quantit\u00e9s pour garantir une fra\u00eecheur maximale.<\/p>\n","protected":false},"excerpt":{"rendered":"<p>Le shampooing purifiant bio convient \u00e0 tous les types de cheveux. La composition unique du shampooing pur renforce les cheveux, adoucit le cuir chevelu irrit\u00e9 et procure de beaux cheveux brillants.<\/p>\n","protected":false},"featured_media":205,"comment_status":"open","ping_status":"closed","template":"","meta":{"ocean_post_layout":"","ocean_both_sidebars_style":"","ocean_both_sidebars_content_width":0,"ocean_both_sidebars_sidebars_width":0,"ocean_sidebar":"","ocean_second_sidebar":"","ocean_disable_margins":"enable","ocean_add_body_class":"","ocean_shortcode_before_top_bar":"","ocean_shortcode_after_top_bar":"","ocean_shortcode_before_header":"","ocean_shortcode_after_header":"","ocean_has_shortcode":"","ocean_shortcode_after_title":"","ocean_shortcode_before_footer_widgets":"","ocean_shortcode_after_footer_widgets":"","ocean_shortcode_before_footer_bottom":"","ocean_shortcode_after_footer_bottom":"","ocean_display_top_bar":"default","ocean_display_header":"default","ocean_header_style":"","ocean_center_header_left_menu":"","ocean_custom_header_template":"","ocean_custom_logo":0,"ocean_custom_retina_logo":0,"ocean_custom_logo_max_width":0,"ocean_custom_logo_tablet_max_width":0,"ocean_custom_logo_mobile_max_width":0,"ocean_custom_logo_max_height":0,"ocean_custom_logo_tablet_max_height":0,"ocean_custom_logo_mobile_max_height":0,"ocean_header_custom_menu":"","ocean_menu_typo_font_family":"","ocean_menu_typo_font_subset":"","ocean_menu_typo_font_size":0,"ocean_menu_typo_font_size_tablet":0,"ocean_menu_typo_font_size_mobile":0,"ocean_menu_typo_font_size_unit":"px","ocean_menu_typo_font_weight":"","ocean_menu_typo_font_weight_tablet":"","ocean_menu_typo_font_weight_mobile":"","ocean_menu_typo_transform":"","ocean_menu_typo_transform_tablet":"","ocean_menu_typo_transform_mobile":"","ocean_menu_typo_line_height":0,"ocean_menu_typo_line_height_tablet":0,"ocean_menu_typo_line_height_mobile":0,"ocean_menu_typo_line_height_unit":"","ocean_menu_typo_spacing":0,"ocean_menu_typo_spacing_tablet":0,"ocean_menu_typo_spacing_mobile":0,"ocean_menu_typo_spacing_unit":"","ocean_menu_link_color":"","ocean_menu_link_color_hover":"","ocean_menu_link_color_active":"","ocean_menu_link_background":"","ocean_menu_link_hover_background":"","ocean_menu_link_active_background":"","ocean_menu_social_links_bg":"","ocean_menu_social_hover_links_bg":"","ocean_menu_social_links_color":"","ocean_menu_social_hover_links_color":"","ocean_disable_title":"default","ocean_disable_heading":"default","ocean_post_title":"","ocean_post_subheading":"","ocean_post_title_style":"","ocean_post_title_background_color":"","ocean_post_title_background":0,"ocean_post_title_bg_image_position":"","ocean_post_title_bg_image_attachment":"","ocean_post_title_bg_image_repeat":"","ocean_post_title_bg_image_size":"","ocean_post_title_height":0,"ocean_post_title_bg_overlay":0.5,"ocean_post_title_bg_overlay_color":"","ocean_disable_breadcrumbs":"default","ocean_breadcrumbs_color":"","ocean_breadcrumbs_separator_color":"","ocean_breadcrumbs_links_color":"","ocean_breadcrumbs_links_hover_color":"","ocean_display_footer_widgets":"default","ocean_display_footer_bottom":"default","ocean_custom_footer_template":""},"product_brand":[102],"product_cat":[47,25,16,24],"product_tag":[127,128,125],"class_list":{"0":"post-2168","1":"product","2":"type-product","3":"status-publish","4":"has-post-thumbnail","6":"product_brand-argital","7":"product_cat-offres-et-minis","8":"product_cat-shampooing-naturel","9":"product_cat-soins","10":"product_cat-soins-cheveux","11":"product_tag-sans-silicone","12":"product_tag-sanssulfates","13":"product_tag-vegan","15":"entry","16":"has-media","18":"first","19":"instock","20":"taxable","21":"shipping-taxable","22":"purchasable","23":"product-type-simple","24":"has-rating","25":"col","26":"span_1_of_3","27":"owp-content-center","28":"owp-thumbs-layout-horizontal","29":"owp-btn-normal","30":"owp-tabs-layout-section","31":"has-no-thumbnails","32":"circle-sale"},"_links":{"self":[{"href":"https:\/\/www.biobey.be\/fr\/wp-json\/wp\/v2\/product\/2168","targetHints":{"allow":["GET"]}}],"collection":[{"href":"https:\/\/www.biobey.be\/fr\/wp-json\/wp\/v2\/product"}],"about":[{"href":"https:\/\/www.biobey.be\/fr\/wp-json\/wp\/v2\/types\/product"}],"replies":[{"embeddable":true,"href":"https:\/\/www.biobey.be\/fr\/wp-json\/wp\/v2\/comments?post=2168"}],"wp:featuredmedia":[{"embeddable":true,"href":"https:\/\/www.biobey.be\/fr\/wp-json\/wp\/v2\/media\/205"}],"wp:attachment":[{"href":"https:\/\/www.biobey.be\/fr\/wp-json\/wp\/v2\/media?parent=2168"}],"wp:term":[{"taxonomy":"product_brand","embeddable":true,"href":"https:\/\/www.biobey.be\/fr\/wp-json\/wp\/v2\/product_brand?post=2168"},{"taxonomy":"product_cat","embeddable":true,"href":"https:\/\/www.biobey.be\/fr\/wp-json\/wp\/v2\/product_cat?post=2168"},{"taxonomy":"product_tag","embeddable":true,"href":"https:\/\/www.biobey.be\/fr\/wp-json\/wp\/v2\/product_tag?post=2168"}],"curies":[{"name":"wp","href":"https:\/\/api.w.org\/{rel}","templated":true}]}}