{"id":2172,"date":"2022-07-12T16:01:25","date_gmt":"2022-07-12T14:01:25","guid":{"rendered":"https:\/\/www.biobey.be\/fr-temp\/produit\/revitalisant-vegetal-pour-cheveux-20ml\/"},"modified":"2026-02-26T11:43:47","modified_gmt":"2026-02-26T10:43:47","slug":"revitalisant-vegetal-pour-cheveux-20ml","status":"publish","type":"product","link":"https:\/\/www.biobey.be\/fr\/produit\/revitalisant-vegetal-pour-cheveux-20ml\/","title":{"rendered":"Apr\u00e8s-shampooing bio de format voyage"},"content":{"rendered":"<p>Pour r\u00e9parer les cheveux ternes et cassants, nous vous recommandons d&rsquo;utiliser le <a href=\"https:\/\/www.biobey.be\/fr\/produit\/masque-capillaire-regenerant-bio-200-ml\/\">masque pour les cheveux naturel de Bema Bio Hairpro<\/a> en compl\u00e9ment de cet apr\u00e8s-shampooing.<\/p>\n<h2><a href=\"https:\/\/www.biobey.be\/fr\/produit\/apres-shampoing-vegetal-argital-200-ml\/\">Le revitalisant naturel, sans parab\u00e8nes, sans parfum de synth\u00e8se et sans sulfates<\/a><\/h2>\n<p>Nourrit les cheveux sans les alourdir. Les huiles essentielles de lavande, d&rsquo;ylang ylang ylang et de g\u00e9ranium aident \u00e0 pr\u00e9venir les irritations et les pellicules. En r\u00e9gulant la production de s\u00e9bum du cuir chevelu. Le cuir chevelu et les cheveux sont ainsi mieux prot\u00e9g\u00e9s contre les influences ext\u00e9rieures. Utilis\u00e9s r\u00e9guli\u00e8rement, les cheveux sont doux comme de la soie et ont un agr\u00e9able parfum floral.<\/p>\n<p><strong>UTILISATION<\/strong> : Appliquer une petite quantit\u00e9 de revitalisant v\u00e9g\u00e9tal uniform\u00e9ment sur les cheveux lav\u00e9s et mouill\u00e9s. Laisser agir le revitalisant pendant 3 \u00e0 5 minutes, puis rincer abondamment les cheveux.<br \/>\nNote : l&rsquo;apr\u00e8s-shampooing naturel v\u00e9g\u00e9tal a maintenant une formule am\u00e9lior\u00e9e, et peut donc \u00e9galement \u00eatre utilis\u00e9 comme masque naturel pour les cheveux.<\/p>\n","protected":false},"excerpt":{"rendered":"<p>Apr\u00e8s-shampooing bio de format voyage est con\u00e7u pour les cheveux cassants et ab\u00eem\u00e9s. \u00a0La composition \u00e0 base d&rsquo;argile verte, d&rsquo;extraits v\u00e9g\u00e9taux et d&rsquo;huiles essentielles restaure et renforce la structure du cheveu.<\/p>\n","protected":false},"featured_media":191,"comment_status":"open","ping_status":"closed","template":"","meta":{"ocean_post_layout":"","ocean_both_sidebars_style":"","ocean_both_sidebars_content_width":0,"ocean_both_sidebars_sidebars_width":0,"ocean_sidebar":"","ocean_second_sidebar":"","ocean_disable_margins":"enable","ocean_add_body_class":"","ocean_shortcode_before_top_bar":"","ocean_shortcode_after_top_bar":"","ocean_shortcode_before_header":"","ocean_shortcode_after_header":"","ocean_has_shortcode":"","ocean_shortcode_after_title":"","ocean_shortcode_before_footer_widgets":"","ocean_shortcode_after_footer_widgets":"","ocean_shortcode_before_footer_bottom":"","ocean_shortcode_after_footer_bottom":"","ocean_display_top_bar":"default","ocean_display_header":"default","ocean_header_style":"","ocean_center_header_left_menu":"","ocean_custom_header_template":"","ocean_custom_logo":0,"ocean_custom_retina_logo":0,"ocean_custom_logo_max_width":0,"ocean_custom_logo_tablet_max_width":0,"ocean_custom_logo_mobile_max_width":0,"ocean_custom_logo_max_height":0,"ocean_custom_logo_tablet_max_height":0,"ocean_custom_logo_mobile_max_height":0,"ocean_header_custom_menu":"","ocean_menu_typo_font_family":"","ocean_menu_typo_font_subset":"","ocean_menu_typo_font_size":0,"ocean_menu_typo_font_size_tablet":0,"ocean_menu_typo_font_size_mobile":0,"ocean_menu_typo_font_size_unit":"px","ocean_menu_typo_font_weight":"","ocean_menu_typo_font_weight_tablet":"","ocean_menu_typo_font_weight_mobile":"","ocean_menu_typo_transform":"","ocean_menu_typo_transform_tablet":"","ocean_menu_typo_transform_mobile":"","ocean_menu_typo_line_height":0,"ocean_menu_typo_line_height_tablet":0,"ocean_menu_typo_line_height_mobile":0,"ocean_menu_typo_line_height_unit":"","ocean_menu_typo_spacing":0,"ocean_menu_typo_spacing_tablet":0,"ocean_menu_typo_spacing_mobile":0,"ocean_menu_typo_spacing_unit":"","ocean_menu_link_color":"","ocean_menu_link_color_hover":"","ocean_menu_link_color_active":"","ocean_menu_link_background":"","ocean_menu_link_hover_background":"","ocean_menu_link_active_background":"","ocean_menu_social_links_bg":"","ocean_menu_social_hover_links_bg":"","ocean_menu_social_links_color":"","ocean_menu_social_hover_links_color":"","ocean_disable_title":"default","ocean_disable_heading":"default","ocean_post_title":"","ocean_post_subheading":"","ocean_post_title_style":"","ocean_post_title_background_color":"","ocean_post_title_background":0,"ocean_post_title_bg_image_position":"","ocean_post_title_bg_image_attachment":"","ocean_post_title_bg_image_repeat":"","ocean_post_title_bg_image_size":"","ocean_post_title_height":0,"ocean_post_title_bg_overlay":0.5,"ocean_post_title_bg_overlay_color":"","ocean_disable_breadcrumbs":"default","ocean_breadcrumbs_color":"","ocean_breadcrumbs_separator_color":"","ocean_breadcrumbs_links_color":"","ocean_breadcrumbs_links_hover_color":"","ocean_display_footer_widgets":"default","ocean_display_footer_bottom":"default","ocean_custom_footer_template":""},"product_brand":[102],"product_cat":[44],"product_tag":[128,125],"class_list":{"0":"post-2172","1":"product","2":"type-product","3":"status-publish","4":"has-post-thumbnail","6":"product_brand-argital","7":"product_cat-enfant-et-bebe","8":"product_tag-sanssulfates","9":"product_tag-vegan","11":"entry","12":"has-media","14":"first","15":"instock","16":"taxable","17":"shipping-taxable","18":"purchasable","19":"product-type-simple","20":"has-rating","21":"col","22":"span_1_of_3","23":"owp-content-center","24":"owp-thumbs-layout-horizontal","25":"owp-btn-normal","26":"owp-tabs-layout-section","27":"has-no-thumbnails","28":"circle-sale"},"_links":{"self":[{"href":"https:\/\/www.biobey.be\/fr\/wp-json\/wp\/v2\/product\/2172","targetHints":{"allow":["GET"]}}],"collection":[{"href":"https:\/\/www.biobey.be\/fr\/wp-json\/wp\/v2\/product"}],"about":[{"href":"https:\/\/www.biobey.be\/fr\/wp-json\/wp\/v2\/types\/product"}],"replies":[{"embeddable":true,"href":"https:\/\/www.biobey.be\/fr\/wp-json\/wp\/v2\/comments?post=2172"}],"wp:featuredmedia":[{"embeddable":true,"href":"https:\/\/www.biobey.be\/fr\/wp-json\/wp\/v2\/media\/191"}],"wp:attachment":[{"href":"https:\/\/www.biobey.be\/fr\/wp-json\/wp\/v2\/media?parent=2172"}],"wp:term":[{"taxonomy":"product_brand","embeddable":true,"href":"https:\/\/www.biobey.be\/fr\/wp-json\/wp\/v2\/product_brand?post=2172"},{"taxonomy":"product_cat","embeddable":true,"href":"https:\/\/www.biobey.be\/fr\/wp-json\/wp\/v2\/product_cat?post=2172"},{"taxonomy":"product_tag","embeddable":true,"href":"https:\/\/www.biobey.be\/fr\/wp-json\/wp\/v2\/product_tag?post=2172"}],"curies":[{"name":"wp","href":"https:\/\/api.w.org\/{rel}","templated":true}]}}