{"id":2173,"date":"2024-03-30T23:54:04","date_gmt":"2024-03-30T22:54:04","guid":{"rendered":"https:\/\/www.biobey.be\/fr-temp\/produit\/huile-de-chanvre-cannol-100-ml\/"},"modified":"2025-07-11T18:34:47","modified_gmt":"2025-07-11T16:34:47","slug":"huile-de-chanvre-cannol-100-ml","status":"publish","type":"product","link":"https:\/\/www.biobey.be\/fr\/produit\/huile-de-chanvre-cannol-100-ml\/","title":{"rendered":"Cannol 100 ml"},"content":{"rendered":"<p>L&rsquo;huile de chanvre Cannol d&rsquo;Annabis est une huile de soin 100% naturelle \u00e0 usages multiples. Elle convient ainsi au traitement des rides fines, des irritations cutan\u00e9es, de l&rsquo;ecz\u00e9ma, du psoriasis et au soutien du processus de gu\u00e9rison de la peau.<\/p>\n<h2>Huile de graines de chanvre soin des cheveux ab\u00eem\u00e9s et des pointes fourchues<\/h2>\n<p>La composition de haute qualit\u00e9 d&rsquo;ingr\u00e9dients purs tels que l&rsquo;huile de chanvre sup\u00e9rieure et le m\u00e9lange puissant d&rsquo;huile de pamplemousse et d&rsquo;huile de mandarine a non seulement une fonction nourrissante mais aussi cicatrisante et antidouleur.<\/p>\n<h3>Cannol huile de chanvre anti-\u00e2ge pour soins de visage<\/h3>\n<p>Les propri\u00e9t\u00e9s antioxydantes de l&rsquo;huile essentielle de pamplemousse ainsi que l&rsquo;effet nourrissant et r\u00e9parateur intensif de l&rsquo;huile de graines de chanvre assurent une fonction barri\u00e8re de la peau plus forte. Cannol am\u00e9liore \u00e9galement l&rsquo;\u00e9lasticit\u00e9 de la peau et r\u00e9duit les taches brunes sur la peau.<\/p>\n<p>Massez Cannol sur le cuir chevelu pour une meilleure circulation sanguine et une d\u00e9toxification du cuir chevelu. Utiliser sur les cheveux pour combattre les cheveux cassants et sans vie. Cannol est de texture l\u00e9g\u00e8re et n&rsquo;aggrave pas les cheveux.<\/p>\n<p>Huile de chanvre 100% naturelle pour l&rsquo;ecz\u00e9ma et le psoriasis. L&rsquo;huile de chanvre a un effet hydratant, <strong>nourrissant et anti-inflammatoire intensif sur la peau<\/strong>, tandis que les huiles essentielles apaisent et d\u00e9tendent la peau. Cannol est donc un traitement appropri\u00e9 pour l&rsquo;ecz\u00e9ma et le psoriasis.<\/p>\n<h3>Huile de graines de chanvre contre douleur de musculaire et articulaire<\/h3>\n<p>La combinaison de l&rsquo;huile de chanvre et d&rsquo;un m\u00e9lange d&rsquo;huiles essentielles stimule la circulation sanguine et favorise la r\u00e9cup\u00e9ration naturelle des cellules. En m\u00eame temps, le m\u00e9lange d&rsquo;huiles essentielles a un effet relaxant et calmant. C&rsquo;est pourquoi le massage au Cannol d&rsquo;Annabis<strong> aide \u00e0 d\u00e9tendre les muscles et \u00e0 acc\u00e9l\u00e9rer la r\u00e9cup\u00e9ration naturelle<\/strong>.<\/p>\n<p><strong>Ingr\u00e9dients actifs<\/strong><\/p>\n<p>Annabis Cannol se compose principalement d&rsquo;huile de graines de chanvre, d&rsquo;extrait de graines de chanvre et d&rsquo;un m\u00e9lange d&rsquo;huile essentielle de cl\u00e9mentine et d&rsquo;huile de pamplemousse. Les principes actifs soigneusement s\u00e9lectionn\u00e9s ont chacun des propri\u00e9t\u00e9s b\u00e9n\u00e9fiques pour la peau, les cheveux et les muscles.<\/p>\n<p>De plus, l&rsquo;huile de chanvre soulage les <strong>d\u00e9mangeaisons de la peau s\u00e8che et le psoriasis.<\/strong> Les substances actives contenues dans les graines de chanvre<strong> aident \u00e0 r\u00e9g\u00e9n\u00e9rer la peau<\/strong> et \u00e0 neutraliser les radicaux libres, am\u00e9liorant ainsi la qualit\u00e9 de la peau et pr\u00e9venant les signes pr\u00e9matur\u00e9s du vieillissement.<\/p>\n<h3>M\u00e9lange d&rsquo;huiles essentielles d&rsquo;agrumes<\/h3>\n<p>L&rsquo;huile essentielle de mandarine est apaisante, relaxante et est utilis\u00e9e efficacement contre l&rsquo;accumulation d&rsquo;humidit\u00e9 et le gonflement.<\/p>\n<p>L&rsquo;huile essentielle de pamplemousse est un puissant antioxydant qui est extrait par pression \u00e0 froid de la peau du pamplemousse, elle conserve ainsi ses propri\u00e9t\u00e9s antiseptiques et antioxydantes fortes.<\/p>\n<p>L&rsquo;effet anti-oxydant de l&rsquo;huile essentielle de Pamplemousse \u00e9limine les radicaux libres qui sont la cause principale du vieillissement cutan\u00e9. Il <strong>combat la d\u00e9coloration et autres taches sur la peau<\/strong>. Dans une huile de massage, l&rsquo;huile essentielle de pamplemousse stimule la circulation sanguine et lymphatique.<\/p>\n<p>L&rsquo;huile essentielle de pamplemousse est tr\u00e8s concentr\u00e9e et ne doit donc jamais \u00eatre appliqu\u00e9e pure sur la peau. Dans la formule de Cannol, l&rsquo;huile de pamplemousse est dilu\u00e9e avec de l&rsquo;huile de graines de chanvre.<\/p>\n<h4>Comment l&rsquo;utiliser Cannol<\/h4>\n<p>L&rsquo;huile Cannol d&rsquo;Annabis est une huile multifonctionnelle de nettoyage, de massage et de beaut\u00e9.<\/p>\n<p>Recommand\u00e9 pour la peau, les cheveux et tout le corps.<\/p>\n<p>Convient aux adultes et aux enfants (0-3 ans)<\/p>\n<p>Soin du visage : Appliquer quelques gouttes d&rsquo;huile Cannol le soir sur la peau nettoy\u00e9e et humide. Masser l\u00e9g\u00e8rement.<\/p>\n<p>Soin du corps : Verser quelques gouttes dans le creux de la main. Frotter les paumes ensemble. R\u00e9partissez l&rsquo;huile sur tout le corps jusqu&rsquo;\u00e0 ce qu&rsquo;elle soit compl\u00e8tement absorb\u00e9e par la peau.<\/p>\n<p>Ingredi\u00e9nts (INCI): Cannabis Sativa Seed Oil, Cannabis Sativa Seed Extract, Olea Europaea Fruit Oil, Citriodora Clementina Peel Oil, Citrus Paradisi Peel Oil, Citrus Reticulata Peel Oil<\/p>\n<p>En effet, gr\u00e2ce \u00e0 sa riche composition, l&rsquo;extraction des graines de chanvre a de nombreux effets positifs sur la sant\u00e9 et les fonctions corporelles. Les propri\u00e9t\u00e9s les plus importantes du chanvre sont l&rsquo;am\u00e9lioration de la circulation sanguine, la pr\u00e9vention de la peau extr\u00eamement s\u00e8che et de l&rsquo;ecz\u00e9ma.<\/p>\n","protected":false},"excerpt":{"rendered":"<p>L&rsquo;huile de graines de chanvre Cannol est une huile de soin naturelle polyvalente pour le traitement des rides fines, des irritations cutan\u00e9es, de l&rsquo;ecz\u00e9ma et pour soutenir le processus de gu\u00e9rison de la peau. <em>Remplac\u00e9 par Neutral cbd huile de Cannabios<\/em><\/p>\n","protected":false},"featured_media":164,"comment_status":"open","ping_status":"closed","template":"","meta":{"ocean_post_layout":"","ocean_both_sidebars_style":"","ocean_both_sidebars_content_width":0,"ocean_both_sidebars_sidebars_width":0,"ocean_sidebar":"","ocean_second_sidebar":"","ocean_disable_margins":"enable","ocean_add_body_class":"","ocean_shortcode_before_top_bar":"","ocean_shortcode_after_top_bar":"","ocean_shortcode_before_header":"","ocean_shortcode_after_header":"","ocean_has_shortcode":"","ocean_shortcode_after_title":"","ocean_shortcode_before_footer_widgets":"","ocean_shortcode_after_footer_widgets":"","ocean_shortcode_before_footer_bottom":"","ocean_shortcode_after_footer_bottom":"","ocean_display_top_bar":"default","ocean_display_header":"default","ocean_header_style":"","ocean_center_header_left_menu":"","ocean_custom_header_template":"","ocean_custom_logo":0,"ocean_custom_retina_logo":0,"ocean_custom_logo_max_width":0,"ocean_custom_logo_tablet_max_width":0,"ocean_custom_logo_mobile_max_width":0,"ocean_custom_logo_max_height":0,"ocean_custom_logo_tablet_max_height":0,"ocean_custom_logo_mobile_max_height":0,"ocean_header_custom_menu":"","ocean_menu_typo_font_family":"","ocean_menu_typo_font_subset":"","ocean_menu_typo_font_size":0,"ocean_menu_typo_font_size_tablet":0,"ocean_menu_typo_font_size_mobile":0,"ocean_menu_typo_font_size_unit":"px","ocean_menu_typo_font_weight":"","ocean_menu_typo_font_weight_tablet":"","ocean_menu_typo_font_weight_mobile":"","ocean_menu_typo_transform":"","ocean_menu_typo_transform_tablet":"","ocean_menu_typo_transform_mobile":"","ocean_menu_typo_line_height":0,"ocean_menu_typo_line_height_tablet":0,"ocean_menu_typo_line_height_mobile":0,"ocean_menu_typo_line_height_unit":"","ocean_menu_typo_spacing":0,"ocean_menu_typo_spacing_tablet":0,"ocean_menu_typo_spacing_mobile":0,"ocean_menu_typo_spacing_unit":"","ocean_menu_link_color":"","ocean_menu_link_color_hover":"","ocean_menu_link_color_active":"","ocean_menu_link_background":"","ocean_menu_link_hover_background":"","ocean_menu_link_active_background":"","ocean_menu_social_links_bg":"","ocean_menu_social_hover_links_bg":"","ocean_menu_social_links_color":"","ocean_menu_social_hover_links_color":"","ocean_disable_title":"default","ocean_disable_heading":"default","ocean_post_title":"","ocean_post_subheading":"","ocean_post_title_style":"","ocean_post_title_background_color":"","ocean_post_title_background":0,"ocean_post_title_bg_image_position":"","ocean_post_title_bg_image_attachment":"","ocean_post_title_bg_image_repeat":"","ocean_post_title_bg_image_size":"","ocean_post_title_height":0,"ocean_post_title_bg_overlay":0.5,"ocean_post_title_bg_overlay_color":"","ocean_disable_breadcrumbs":"default","ocean_breadcrumbs_color":"","ocean_breadcrumbs_separator_color":"","ocean_breadcrumbs_links_color":"","ocean_breadcrumbs_links_hover_color":"","ocean_display_footer_widgets":"default","ocean_display_footer_bottom":"default","ocean_custom_footer_template":""},"product_brand":[103],"product_cat":[32,31,16,24,50],"product_tag":[132,131,127,125],"class_list":{"0":"post-2173","1":"product","2":"type-product","3":"status-publish","4":"has-post-thumbnail","6":"product_brand-annabis-hemp","7":"product_cat-muscles-articulations-et-dos","8":"product_cat-sante","9":"product_cat-soins","10":"product_cat-soins-cheveux","11":"product_cat-traitement-capillaire-intensif","12":"product_tag-sans-alcool","13":"product_tag-sans-glycerine","14":"product_tag-sans-silicone","15":"product_tag-vegan","17":"entry","18":"has-media","20":"first","21":"instock","22":"taxable","23":"shipping-taxable","24":"purchasable","25":"product-type-simple","26":"has-rating","27":"col","28":"span_1_of_3","29":"owp-content-center","30":"owp-thumbs-layout-horizontal","31":"owp-btn-normal","32":"owp-tabs-layout-section","33":"has-no-thumbnails","34":"circle-sale"},"_links":{"self":[{"href":"https:\/\/www.biobey.be\/fr\/wp-json\/wp\/v2\/product\/2173","targetHints":{"allow":["GET"]}}],"collection":[{"href":"https:\/\/www.biobey.be\/fr\/wp-json\/wp\/v2\/product"}],"about":[{"href":"https:\/\/www.biobey.be\/fr\/wp-json\/wp\/v2\/types\/product"}],"replies":[{"embeddable":true,"href":"https:\/\/www.biobey.be\/fr\/wp-json\/wp\/v2\/comments?post=2173"}],"wp:featuredmedia":[{"embeddable":true,"href":"https:\/\/www.biobey.be\/fr\/wp-json\/wp\/v2\/media\/164"}],"wp:attachment":[{"href":"https:\/\/www.biobey.be\/fr\/wp-json\/wp\/v2\/media?parent=2173"}],"wp:term":[{"taxonomy":"product_brand","embeddable":true,"href":"https:\/\/www.biobey.be\/fr\/wp-json\/wp\/v2\/product_brand?post=2173"},{"taxonomy":"product_cat","embeddable":true,"href":"https:\/\/www.biobey.be\/fr\/wp-json\/wp\/v2\/product_cat?post=2173"},{"taxonomy":"product_tag","embeddable":true,"href":"https:\/\/www.biobey.be\/fr\/wp-json\/wp\/v2\/product_tag?post=2173"}],"curies":[{"name":"wp","href":"https:\/\/api.w.org\/{rel}","templated":true}]}}