{"id":2174,"date":"2024-03-26T23:51:25","date_gmt":"2024-03-26T22:51:25","guid":{"rendered":"https:\/\/www.biobey.be\/fr-temp\/produit\/baume-balcann-peau-tres-seche\/"},"modified":"2026-01-14T23:11:25","modified_gmt":"2026-01-14T22:11:25","slug":"baume-balcann-peau-tres-seche","status":"publish","type":"product","link":"https:\/\/www.biobey.be\/fr\/produit\/baume-balcann-peau-tres-seche\/","title":{"rendered":"Baume r\u00e9paratrice bio \u00e0 l&rsquo;huile de graines de chanvre peau tr\u00e8s s\u00e8che 50ml"},"content":{"rendered":"<p>Baume r\u00e9paratrice bio \u00e0 l&rsquo;huile de graines de chanvre peau tr\u00e8s s\u00e8che apaise les peaux extr\u00eamement s\u00e8ches et craquel\u00e9es. La haute teneur en ingr\u00e9dients v\u00e9g\u00e9taux pr\u00e9sents dans la pommade nourrit et hydrate intens\u00e9ment la peau irrit\u00e9e et craquel\u00e9e.<\/p>\n<p><strong>Cette pommade a \u00e9t\u00e9 remplac\u00e9e par une pommade plus pure et plus efficace \u00e0 base de <a href=\"https:\/\/www.biobey.be\/fr\/produit\/baume-bio-pour-la-peau-tres-seche-75g\/\">Konopka (chanvre<\/a>) de la marque Cannaderm. La pommade au konopka est utilis\u00e9e pour le traitement des peaux s\u00e8ches et squameuses<\/strong>.<\/p>\n<p>Baume r\u00e9paratrice bio \u00e0 l&rsquo;huile de graines de chanvre ne contient aucun stabilisant chimique, ce qui le rend adapt\u00e9 m\u00eame aux peaux les plus sensibles, y compris la peau de b\u00e9b\u00e9.<\/p>\n<p>Cette pommade naturelle de chanvre peut \u00e9galement \u00eatre utilis\u00e9e sur les parties sensibles du corps. L&rsquo;utilisation r\u00e9guli\u00e8re de la pommade naturelle de chanvre permet une am\u00e9lioration visible de l&rsquo;\u00e9tat g\u00e9n\u00e9ral de la peau.<br \/>\n<strong>Baume r\u00e9paratrice bio \u00e0 l&rsquo;huile de graines de chanvre apaise et calme la peau irrit\u00e9es qui gratte<\/strong><\/p>\n<p>La pommade naturelle de chanvre Balcann contient de l&rsquo;huile essentielle d&rsquo;\u00e9corce de santal, de l&rsquo;huile de lavande et de l&rsquo;huile de bois de c\u00e8dre. Ces huiles essentielles apaisent la peau et \u00e9liminent efficacement les irritations et les br\u00fblures.<\/p>\n<p>La pommade naturelle de chanvre Balcann ne contient aucun stabilisant chimique et convient au visage et au corps.<\/p>\n<h2>R\u00e9g\u00e9n\u00e8re les peaux craquel\u00e9es et irrit\u00e9es<\/h2>\n<p>Une peau craquel\u00e9e, irrit\u00e9e et sensible se manifeste lorsque la fonction barri\u00e8re naturelle de la peau est affect\u00e9e. La vitamine E, l&rsquo;un des principaux composants de baume r\u00e9paratrice bio \u00e0 l&rsquo;huile de graines de chanvre peau tr\u00e8s s\u00e8che, renforce et restaure la fonction barri\u00e8re de la peau.<\/p>\n<p>Gr\u00e2ce au m\u00e9lange hautement anti-inflammatoire d&rsquo;huiles essentielles de myrte, de c\u00e8dre et de lavande associ\u00e9es \u00e0 de la vitamine E et de l&rsquo;huile de chanvre, l&rsquo;onguent naturel de chanvre Balcann est tr\u00e8s efficace pour traiter les peaux gerc\u00e9es et irrit\u00e9es.<\/p>\n<p><strong>Pour l&rsquo;hydratation des peaux s\u00e8ches<\/strong><\/p>\n<p>L&rsquo;huile de chanvre, l&rsquo;huile de santal et l&rsquo;extrait de graines de chanvre utilis\u00e9s dans la pommade Balcann nourrit et hydrate intens\u00e9ment la peau irrit\u00e9e tr\u00e8s s\u00e8che.<\/p>\n<h2>Baume r\u00e9paratrice bio \u00e0 l&rsquo;huile de graines de chanvre &#8211; les ingr\u00e9dients actifs principaux<\/h2>\n<p>L&rsquo;efficacit\u00e9 du baume r\u00e9paratrice bio \u00e0 l&rsquo;huile de graines de chanvre peau tr\u00e8s s\u00e8che dans le traitement des peaux tr\u00e8s s\u00e8ches, irrit\u00e9es et gerc\u00e9es est due \u00e0 ses principes actifs et \u00e0 leur action efficace dans l&rsquo;\u00e9limination de diverses conditions cutan\u00e9es.<\/p>\n<p>L&rsquo;extrait de graines de chanvre, l&rsquo;huile de chanvre sont gr\u00e2ce \u00e0 leur riche composition d&rsquo;acides gras insatur\u00e9s et de vitamines <strong>extr\u00eamement convenable pour le traitement de la peau irrit\u00e9e et craquel\u00e9e<\/strong>. L&rsquo;extrait de graines de chanvre am\u00e9liore la circulation sanguine et contribue \u00e0 acc\u00e9l\u00e9rer le processus de r\u00e9paration de la peau.<\/p>\n<p>L&rsquo;huile de vitamine E (Tocoph\u00e9rol) est un antioxydant puissant et une vitamine importante pour la peau et le corps entier. Ses principales propri\u00e9t\u00e9s positives pour la peau sont le renforcement de la fonction barri\u00e8re de la peau et l&rsquo;\u00e9limination des radicaux libres qui provoquent le processus de vieillissement.<\/p>\n<p>L&rsquo;huile essentielle d&rsquo;\u00e9corce de bois de santal a une propri\u00e9t\u00e9 antiseptique, favorise la circulation sanguine et renforce la peau. Elle <strong>adoucit et apaise les peaux s\u00e8ches et irrit\u00e9es<\/strong>. Par ce fait, il est utilis\u00e9 avec succ\u00e8s dans le traitement des \u00e9ruptions cutan\u00e9es et de l&rsquo;ecz\u00e9ma.<\/p>\n<p>L&rsquo;huile essentielle de c\u00e8dre (c\u00e8dre de l&rsquo;Atlas) a une teneur \u00e9lev\u00e9e en sesquiterp\u00e8nes et est donc sans danger pour la peau. Il soulage les d\u00e9mangeaisons et les sensations de br\u00fblure en cas d&rsquo;\u00e9ruptions cutan\u00e9es, d&rsquo;irritations de la peau tr\u00e8s s\u00e8che.<\/p>\n<p>L&rsquo;huile essentielle de lavande est un anti-inflammatoire et antidouleur naturel. L&rsquo;huile de lavande est, a de nombreux effets <strong>b\u00e9n\u00e9fiques sur la peau tels que la r\u00e9duction des irritations et des sensations de br\u00fblure<\/strong>. Efficace contre l&rsquo;ecz\u00e9ma, c&rsquo;est aussi un excellent rem\u00e8de pour le traitement des peaux gerc\u00e9es, tr\u00e8s s\u00e8ches et irrit\u00e9es.<\/p>\n<p>Huile de myrte \u00e9th\u00e9r\u00e9e : a un effet nettoyant et purifiant sur la peau.<\/p>\n<p>Approuv\u00e9 pour les enfants de 0 \u00e0 3 ans. Convient pour le visage et le corps.<br \/>\nIngr\u00e9dients( INCI): Olea Europaea Fruit Oil, Cannabis Sativa Seed Oil, Glyceryl Stearate, Cannabis Sativa Seed Extract, Tocopherol, Helianthus Annuus Hybrid Oil,<\/p>\n<p>Humulus Lupulus Oil, Ethyl Ferulate, Amyris Balsamifera Bark Oil, Cedrus Atlantika Bark Oil, Lavandula Angustifolia Oil, Myrtus Communis Leaf Oil, Linalool, Limonene<\/p>\n","protected":false},"excerpt":{"rendered":"<p>Baume r\u00e9paratrice bio \u00e0 l&rsquo;huile de graines de chanvre peau tr\u00e8s s\u00e8che riche en acides gras insatur\u00e9s om\u00e9ga 3-6 apaise et adoucit les peaux d\u00e9shydrat\u00e9es, gerc\u00e9es et irrit\u00e9es. Il soulage \u00e9galement les d\u00e9mangeaisons et les tensions. <strong>Balcann a \u00e9t\u00e9 remplac\u00e9 par la pommade au chanvre Konopka.<\/strong><\/p>\n","protected":false},"featured_media":89,"comment_status":"open","ping_status":"closed","template":"","meta":{"ocean_post_layout":"","ocean_both_sidebars_style":"","ocean_both_sidebars_content_width":0,"ocean_both_sidebars_sidebars_width":0,"ocean_sidebar":"","ocean_second_sidebar":"","ocean_disable_margins":"enable","ocean_add_body_class":"","ocean_shortcode_before_top_bar":"","ocean_shortcode_after_top_bar":"","ocean_shortcode_before_header":"","ocean_shortcode_after_header":"","ocean_has_shortcode":"","ocean_shortcode_after_title":"","ocean_shortcode_before_footer_widgets":"","ocean_shortcode_after_footer_widgets":"","ocean_shortcode_before_footer_bottom":"","ocean_shortcode_after_footer_bottom":"","ocean_display_top_bar":"default","ocean_display_header":"default","ocean_header_style":"","ocean_center_header_left_menu":"","ocean_custom_header_template":"","ocean_custom_logo":0,"ocean_custom_retina_logo":0,"ocean_custom_logo_max_width":0,"ocean_custom_logo_tablet_max_width":0,"ocean_custom_logo_mobile_max_width":0,"ocean_custom_logo_max_height":0,"ocean_custom_logo_tablet_max_height":0,"ocean_custom_logo_mobile_max_height":0,"ocean_header_custom_menu":"","ocean_menu_typo_font_family":"","ocean_menu_typo_font_subset":"","ocean_menu_typo_font_size":0,"ocean_menu_typo_font_size_tablet":0,"ocean_menu_typo_font_size_mobile":0,"ocean_menu_typo_font_size_unit":"px","ocean_menu_typo_font_weight":"","ocean_menu_typo_font_weight_tablet":"","ocean_menu_typo_font_weight_mobile":"","ocean_menu_typo_transform":"","ocean_menu_typo_transform_tablet":"","ocean_menu_typo_transform_mobile":"","ocean_menu_typo_line_height":0,"ocean_menu_typo_line_height_tablet":0,"ocean_menu_typo_line_height_mobile":0,"ocean_menu_typo_line_height_unit":"","ocean_menu_typo_spacing":0,"ocean_menu_typo_spacing_tablet":0,"ocean_menu_typo_spacing_mobile":0,"ocean_menu_typo_spacing_unit":"","ocean_menu_link_color":"","ocean_menu_link_color_hover":"","ocean_menu_link_color_active":"","ocean_menu_link_background":"","ocean_menu_link_hover_background":"","ocean_menu_link_active_background":"","ocean_menu_social_links_bg":"","ocean_menu_social_hover_links_bg":"","ocean_menu_social_links_color":"","ocean_menu_social_hover_links_color":"","ocean_disable_title":"default","ocean_disable_heading":"default","ocean_post_title":"","ocean_post_subheading":"","ocean_post_title_style":"","ocean_post_title_background_color":"","ocean_post_title_background":0,"ocean_post_title_bg_image_position":"","ocean_post_title_bg_image_attachment":"","ocean_post_title_bg_image_repeat":"","ocean_post_title_bg_image_size":"","ocean_post_title_height":0,"ocean_post_title_bg_overlay":0.5,"ocean_post_title_bg_overlay_color":"","ocean_disable_breadcrumbs":"default","ocean_breadcrumbs_color":"","ocean_breadcrumbs_separator_color":"","ocean_breadcrumbs_links_color":"","ocean_breadcrumbs_links_hover_color":"","ocean_display_footer_widgets":"default","ocean_display_footer_bottom":"default","ocean_custom_footer_template":""},"product_brand":[103],"product_cat":[33,26,35,38,31,16],"product_tag":[131,126,133,127,125],"class_list":{"0":"post-2174","1":"product","2":"type-product","3":"status-publish","4":"has-post-thumbnail","6":"product_brand-annabis-hemp","7":"product_cat-irritation-cutanee-eczema-et-psoriasis","8":"product_cat-mains-et-pieds","9":"product_cat-pieds","10":"product_cat-piqures-dinsectes-et-irritations","11":"product_cat-sante","12":"product_cat-soins","13":"product_tag-sans-glycerine","14":"product_tag-sans-paraben","15":"product_tag-sansparfumsynthetique","16":"product_tag-sans-silicone","17":"product_tag-vegan","19":"entry","20":"has-media","22":"first","23":"instock","24":"taxable","25":"shipping-taxable","26":"purchasable","27":"product-type-simple","28":"has-rating","29":"col","30":"span_1_of_3","31":"owp-content-center","32":"owp-thumbs-layout-horizontal","33":"owp-btn-normal","34":"owp-tabs-layout-section","35":"has-no-thumbnails","36":"circle-sale"},"_links":{"self":[{"href":"https:\/\/www.biobey.be\/fr\/wp-json\/wp\/v2\/product\/2174","targetHints":{"allow":["GET"]}}],"collection":[{"href":"https:\/\/www.biobey.be\/fr\/wp-json\/wp\/v2\/product"}],"about":[{"href":"https:\/\/www.biobey.be\/fr\/wp-json\/wp\/v2\/types\/product"}],"replies":[{"embeddable":true,"href":"https:\/\/www.biobey.be\/fr\/wp-json\/wp\/v2\/comments?post=2174"}],"wp:featuredmedia":[{"embeddable":true,"href":"https:\/\/www.biobey.be\/fr\/wp-json\/wp\/v2\/media\/89"}],"wp:attachment":[{"href":"https:\/\/www.biobey.be\/fr\/wp-json\/wp\/v2\/media?parent=2174"}],"wp:term":[{"taxonomy":"product_brand","embeddable":true,"href":"https:\/\/www.biobey.be\/fr\/wp-json\/wp\/v2\/product_brand?post=2174"},{"taxonomy":"product_cat","embeddable":true,"href":"https:\/\/www.biobey.be\/fr\/wp-json\/wp\/v2\/product_cat?post=2174"},{"taxonomy":"product_tag","embeddable":true,"href":"https:\/\/www.biobey.be\/fr\/wp-json\/wp\/v2\/product_tag?post=2174"}],"curies":[{"name":"wp","href":"https:\/\/api.w.org\/{rel}","templated":true}]}}