{"id":2175,"date":"2024-04-02T15:31:49","date_gmt":"2024-04-02T13:31:49","guid":{"rendered":"https:\/\/www.biobey.be\/fr-temp\/produit\/cremcann-q10-creme-de-jour-hydratante-15-ml\/"},"modified":"2025-11-26T17:11:49","modified_gmt":"2025-11-26T16:11:49","slug":"cremcann-q10-creme-de-jour-hydratante-15-ml","status":"publish","type":"product","link":"https:\/\/www.biobey.be\/fr\/produit\/cremcann-q10-creme-de-jour-hydratante-15-ml\/","title":{"rendered":"Le Cremcann Q10 Cr\u00e8me 15ml"},"content":{"rendered":"<p>La peau s\u00e8che re\u00e7oit les soins et la protection n\u00e9cessaires. La cr\u00e8me de jour hydratante naturelle offre une protection efficace contre les influences ext\u00e9rieures nocives.<\/p>\n<p>Gr\u00e2ce \u00e0 des actifs tels que l&rsquo;extrait de chanvre et le beurre de karit\u00e9, la cr\u00e8me hydratante pour le visage renforce la barri\u00e8re cutan\u00e9e naturelle et renforce l&rsquo;immunit\u00e9 de la peau. La peau s\u00e8che re\u00e7oit les soins et la protection n\u00e9cessaires contre les influences ext\u00e9rieures irritantes.<\/p>\n<p>Pour les peaux matures qui ont besoin de plus de nutriments et d&rsquo;une hydratation suppl\u00e9mentaire, nous recommandons d&rsquo;utiliser une<span style=\"color: #0000ff;\"> <a style=\"color: #0000ff;\" href=\"https:\/\/www.biobey.be\/fr\/produit\/creme-anti-rides-naturel-50ml\/\">cr\u00e8me anti-rides \u00e0 la vitamine E et F<\/a> <\/span>certifi\u00e9e Bio. Cette cr\u00e8me anti-rides hydrate intens\u00e9ment la peau et lui apporte tous les nutriments n\u00e9cessaires.<br \/>\nDe plus, la cr\u00e8me naturelle de chanvre pour le visage agit contre la formation des rides et ridules. La peau conserve ainsi plus longtemps son aspect jeune.<\/p>\n<p>Mode d&rsquo;imploi: Appliquer la cr\u00e8me sur la peau nettoy\u00e9e plusieurs fois par jour si n\u00e9cessaire. ellee est adapt\u00e9 \u00e0 un usage quotidien. La cr\u00e8me s&rsquo;applique sur le visage, le cou et le d\u00e9collet\u00e9. Dur\u00e9e de conservation jusqu&rsquo;\u00e0 6 mois apr\u00e8s.<\/p>\n<h3 class=\"p1\"><b>Quelle cr\u00e8me pour les peaux extr\u00eamement s\u00e8ches ? <\/b><\/h3>\n<p class=\"p1\">La cr\u00e8me de jour Cannaderm avec 27% d&rsquo;huile de graines de chanvre biologique est sp\u00e9cialement formul\u00e9e pour les peaux extr\u00eamement s\u00e8ches qui r\u00e9agissent de mani\u00e8re sensible aux soins hydratants conventionnels. La peau extr\u00eamement s\u00e8che du visage ne doit \u00eatre nettoy\u00e9e qu&rsquo;avec un nettoyant doux pour le visage.<\/p>\n<p class=\"p1\">En outre, il est important d&rsquo;apaiser la peau s\u00e8che et de restaurer la barri\u00e8re cutan\u00e9e de la peau s\u00e8che. Gr\u00e2ce \u00e0 sa teneur \u00e9lev\u00e9e en huile de graines de chanvre, la cr\u00e8me cannaderm regenerace aide \u00e0 restaurer la barri\u00e8re cutan\u00e9e et \u00e0 adoucir la peau. Gr\u00e2ce \u00e0 sa composition, la cr\u00e8me de jour Cannaderm peut nourrir, adoucir, hydrater et restaurer la peau s\u00e8che de mani\u00e8re intensive.<\/p>\n","protected":false},"excerpt":{"rendered":"<p>Le Cremcann Q10 naturellement certifi\u00e9 nourrit la peau et la prot\u00e8ge des influences ext\u00e9rieures. Cette cr\u00e8me de jour \u00e0 base d&rsquo;extrait de chanvre hydrate et nourrit la peau en douceur. <em>Cremcann Q10 a \u00e9t\u00e9 remplac\u00e9 par Cannaderm cr\u00e8me de jour avec 27% d&rsquo;extraits de chanvre. La cr\u00e8me de jour Cannaderm a des propri\u00e9t\u00e9s nourrissantes et hydratantes plus intenses que la cr\u00e8me Q10. <\/em><\/p>\n","protected":false},"featured_media":136,"comment_status":"open","ping_status":"closed","template":"","meta":{"ocean_post_layout":"","ocean_both_sidebars_style":"","ocean_both_sidebars_content_width":0,"ocean_both_sidebars_sidebars_width":0,"ocean_sidebar":"0","ocean_second_sidebar":"0","ocean_disable_margins":"enable","ocean_add_body_class":"","ocean_shortcode_before_top_bar":"","ocean_shortcode_after_top_bar":"","ocean_shortcode_before_header":"","ocean_shortcode_after_header":"","ocean_has_shortcode":"","ocean_shortcode_after_title":"","ocean_shortcode_before_footer_widgets":"","ocean_shortcode_after_footer_widgets":"","ocean_shortcode_before_footer_bottom":"","ocean_shortcode_after_footer_bottom":"","ocean_display_top_bar":"default","ocean_display_header":"default","ocean_header_style":"","ocean_center_header_left_menu":"0","ocean_custom_header_template":"0","ocean_custom_logo":0,"ocean_custom_retina_logo":0,"ocean_custom_logo_max_width":0,"ocean_custom_logo_tablet_max_width":0,"ocean_custom_logo_mobile_max_width":0,"ocean_custom_logo_max_height":0,"ocean_custom_logo_tablet_max_height":0,"ocean_custom_logo_mobile_max_height":0,"ocean_header_custom_menu":"0","ocean_menu_typo_font_family":"0","ocean_menu_typo_font_subset":"","ocean_menu_typo_font_size":0,"ocean_menu_typo_font_size_tablet":0,"ocean_menu_typo_font_size_mobile":0,"ocean_menu_typo_font_size_unit":"px","ocean_menu_typo_font_weight":"","ocean_menu_typo_font_weight_tablet":"","ocean_menu_typo_font_weight_mobile":"","ocean_menu_typo_transform":"","ocean_menu_typo_transform_tablet":"","ocean_menu_typo_transform_mobile":"","ocean_menu_typo_line_height":0,"ocean_menu_typo_line_height_tablet":0,"ocean_menu_typo_line_height_mobile":0,"ocean_menu_typo_line_height_unit":"","ocean_menu_typo_spacing":0,"ocean_menu_typo_spacing_tablet":0,"ocean_menu_typo_spacing_mobile":0,"ocean_menu_typo_spacing_unit":"","ocean_menu_link_color":"","ocean_menu_link_color_hover":"","ocean_menu_link_color_active":"","ocean_menu_link_background":"","ocean_menu_link_hover_background":"","ocean_menu_link_active_background":"","ocean_menu_social_links_bg":"","ocean_menu_social_hover_links_bg":"","ocean_menu_social_links_color":"","ocean_menu_social_hover_links_color":"","ocean_disable_title":"default","ocean_disable_heading":"default","ocean_post_title":"","ocean_post_subheading":"","ocean_post_title_style":"","ocean_post_title_background_color":"","ocean_post_title_background":0,"ocean_post_title_bg_image_position":"","ocean_post_title_bg_image_attachment":"","ocean_post_title_bg_image_repeat":"","ocean_post_title_bg_image_size":"","ocean_post_title_height":0,"ocean_post_title_bg_overlay":0.5,"ocean_post_title_bg_overlay_color":"","ocean_disable_breadcrumbs":"default","ocean_breadcrumbs_color":"","ocean_breadcrumbs_separator_color":"","ocean_breadcrumbs_links_color":"","ocean_breadcrumbs_links_hover_color":"","ocean_display_footer_widgets":"default","ocean_display_footer_bottom":"default","ocean_custom_footer_template":"0"},"product_brand":[103],"product_cat":[16],"product_tag":[126,133,127],"class_list":{"0":"post-2175","1":"product","2":"type-product","3":"status-publish","4":"has-post-thumbnail","6":"product_brand-annabis-hemp","7":"product_cat-soins","8":"product_tag-sans-paraben","9":"product_tag-sansparfumsynthetique","10":"product_tag-sans-silicone","12":"entry","13":"has-media","15":"first","16":"instock","17":"taxable","18":"shipping-taxable","19":"purchasable","20":"product-type-simple","21":"has-rating","22":"col","23":"span_1_of_3","24":"owp-content-center","25":"owp-thumbs-layout-horizontal","26":"owp-btn-normal","27":"owp-tabs-layout-section","28":"has-no-thumbnails","29":"circle-sale"},"_links":{"self":[{"href":"https:\/\/www.biobey.be\/fr\/wp-json\/wp\/v2\/product\/2175","targetHints":{"allow":["GET"]}}],"collection":[{"href":"https:\/\/www.biobey.be\/fr\/wp-json\/wp\/v2\/product"}],"about":[{"href":"https:\/\/www.biobey.be\/fr\/wp-json\/wp\/v2\/types\/product"}],"replies":[{"embeddable":true,"href":"https:\/\/www.biobey.be\/fr\/wp-json\/wp\/v2\/comments?post=2175"}],"wp:featuredmedia":[{"embeddable":true,"href":"https:\/\/www.biobey.be\/fr\/wp-json\/wp\/v2\/media\/136"}],"wp:attachment":[{"href":"https:\/\/www.biobey.be\/fr\/wp-json\/wp\/v2\/media?parent=2175"}],"wp:term":[{"taxonomy":"product_brand","embeddable":true,"href":"https:\/\/www.biobey.be\/fr\/wp-json\/wp\/v2\/product_brand?post=2175"},{"taxonomy":"product_cat","embeddable":true,"href":"https:\/\/www.biobey.be\/fr\/wp-json\/wp\/v2\/product_cat?post=2175"},{"taxonomy":"product_tag","embeddable":true,"href":"https:\/\/www.biobey.be\/fr\/wp-json\/wp\/v2\/product_tag?post=2175"}],"curies":[{"name":"wp","href":"https:\/\/api.w.org\/{rel}","templated":true}]}}