{"id":2176,"date":"2022-07-12T14:53:19","date_gmt":"2022-07-12T12:53:19","guid":{"rendered":"https:\/\/www.biobey.be\/fr-temp\/produit\/dentifrice-homeopathique-omeobital-10ml\/"},"modified":"2026-03-12T10:53:55","modified_gmt":"2026-03-12T09:53:55","slug":"dentifrice-homeopathique-omeobital-10ml","status":"publish","type":"product","link":"https:\/\/www.biobey.be\/fr\/produit\/dentifrice-homeopathique-omeobital-10ml\/","title":{"rendered":"Mini Dentifrice voyage"},"content":{"rendered":"<p>Le mini dentifrice voyage naturel pour dents et gencives sensibles traite efficacement le tartre, la plaque dentaire, aide \u00e0 pr\u00e9venir la carie et la carie dentaire.<\/p>\n<h3><a href=\"https:\/\/www.biobey.be\/fr\/produit\/dentifrice-homeopathique-bio-argital-75ml\/\">L&rsquo;extrait de Chamilla Recutita (extrait de camomille) a un effet antiseptique et d\u00e9sinfectant.<\/a><\/h3>\n<p>Les huiles essentielles de citron et d&rsquo;anis apportent une haleine fra\u00eeche toute la journ\u00e9e.<\/p>\n<p>Conseils pour l&rsquo;usure par acide<\/p>\n<p>&#8211; Il y a des douzaines de raisons d&rsquo;abandonner les boissons gazeuses et l&rsquo;une d&rsquo;elles est de pr\u00e9venir l&rsquo;usure de l&rsquo;\u00e9mail dentaire.<br \/>\nApr\u00e8s avoir mang\u00e9 ou bu des produits acides, attendez au moins une heure avant de vous brosser les dents, sinon vous vous brosserez les dents avec de l&rsquo;acide \u00e0 la surface, ce qui causera plus d&rsquo;usure.<\/p>\n<h2><b>Mode d&#8217;emploi de mini dentifrice bio voyage<br \/>\n<\/b><\/h2>\n<p>Brossez-vous les dents deux fois par jour ou apr\u00e8s chaque repas avec un dentifrice naturel. Pour une hygi\u00e8ne bucco-dentaire compl\u00e8te, utilisez un rince-bouche naturel.<\/p>\n<p>Tous les dentifrices Argital sont compos\u00e9s d&rsquo;ingr\u00e9dients purs tr\u00e8s efficaces. En comparant diff\u00e9rents dentifrices naturels et biologiques, nous avons pu d\u00e9duire qu&rsquo;Argital poss\u00e8de les dentifrices les plus purs et les plus efficaces.<br \/>\nPour blanchir les dents naturellement, nous recommandons d&rsquo;utiliser le <a href=\"https:\/\/www.biobey.be\/fr\/produit\/dentifrice-blanchissant-bio-75ml\/\">dentifrice biologique blanchissant naturel Dentie et Propolis.<\/a><\/p>\n","protected":false},"excerpt":{"rendered":"<p>Le mini dentifrice voyage naturel pour dents et gencives sensibles traite efficacement le tartre, la plaque dentaire, aide \u00e0 pr\u00e9venir la carie et la carie dentaire. Il convient \u00e9galement aux personnes souffrant d&rsquo;usure par acide.<\/p>\n","protected":false},"featured_media":195,"comment_status":"open","ping_status":"closed","template":"","meta":{"ocean_post_layout":"","ocean_both_sidebars_style":"","ocean_both_sidebars_content_width":0,"ocean_both_sidebars_sidebars_width":0,"ocean_sidebar":"","ocean_second_sidebar":"","ocean_disable_margins":"enable","ocean_add_body_class":"","ocean_shortcode_before_top_bar":"","ocean_shortcode_after_top_bar":"","ocean_shortcode_before_header":"","ocean_shortcode_after_header":"","ocean_has_shortcode":"","ocean_shortcode_after_title":"","ocean_shortcode_before_footer_widgets":"","ocean_shortcode_after_footer_widgets":"","ocean_shortcode_before_footer_bottom":"","ocean_shortcode_after_footer_bottom":"","ocean_display_top_bar":"default","ocean_display_header":"default","ocean_header_style":"","ocean_center_header_left_menu":"","ocean_custom_header_template":"","ocean_custom_logo":0,"ocean_custom_retina_logo":0,"ocean_custom_logo_max_width":0,"ocean_custom_logo_tablet_max_width":0,"ocean_custom_logo_mobile_max_width":0,"ocean_custom_logo_max_height":0,"ocean_custom_logo_tablet_max_height":0,"ocean_custom_logo_mobile_max_height":0,"ocean_header_custom_menu":"","ocean_menu_typo_font_family":"","ocean_menu_typo_font_subset":"","ocean_menu_typo_font_size":0,"ocean_menu_typo_font_size_tablet":0,"ocean_menu_typo_font_size_mobile":0,"ocean_menu_typo_font_size_unit":"px","ocean_menu_typo_font_weight":"","ocean_menu_typo_font_weight_tablet":"","ocean_menu_typo_font_weight_mobile":"","ocean_menu_typo_transform":"","ocean_menu_typo_transform_tablet":"","ocean_menu_typo_transform_mobile":"","ocean_menu_typo_line_height":0,"ocean_menu_typo_line_height_tablet":0,"ocean_menu_typo_line_height_mobile":0,"ocean_menu_typo_line_height_unit":"","ocean_menu_typo_spacing":0,"ocean_menu_typo_spacing_tablet":0,"ocean_menu_typo_spacing_mobile":0,"ocean_menu_typo_spacing_unit":"","ocean_menu_link_color":"","ocean_menu_link_color_hover":"","ocean_menu_link_color_active":"","ocean_menu_link_background":"","ocean_menu_link_hover_background":"","ocean_menu_link_active_background":"","ocean_menu_social_links_bg":"","ocean_menu_social_hover_links_bg":"","ocean_menu_social_links_color":"","ocean_menu_social_hover_links_color":"","ocean_disable_title":"default","ocean_disable_heading":"default","ocean_post_title":"","ocean_post_subheading":"","ocean_post_title_style":"","ocean_post_title_background_color":"","ocean_post_title_background":0,"ocean_post_title_bg_image_position":"","ocean_post_title_bg_image_attachment":"","ocean_post_title_bg_image_repeat":"","ocean_post_title_bg_image_size":"","ocean_post_title_height":0,"ocean_post_title_bg_overlay":0.5,"ocean_post_title_bg_overlay_color":"","ocean_disable_breadcrumbs":"default","ocean_breadcrumbs_color":"","ocean_breadcrumbs_separator_color":"","ocean_breadcrumbs_links_color":"","ocean_breadcrumbs_links_hover_color":"","ocean_display_footer_widgets":"default","ocean_display_footer_bottom":"default","ocean_custom_footer_template":""},"product_brand":[102],"product_cat":[29,47,16],"product_tag":[126,128,125],"class_list":{"0":"post-2176","1":"product","2":"type-product","3":"status-publish","4":"has-post-thumbnail","6":"product_brand-argital","7":"product_cat-hygiene-buccale","8":"product_cat-offres-et-minis","9":"product_cat-soins","10":"product_tag-sans-paraben","11":"product_tag-sanssulfates","12":"product_tag-vegan","14":"entry","15":"has-media","17":"first","18":"instock","19":"taxable","20":"shipping-taxable","21":"purchasable","22":"product-type-simple","23":"has-rating","24":"col","25":"span_1_of_3","26":"owp-content-center","27":"owp-thumbs-layout-horizontal","28":"owp-btn-normal","29":"owp-tabs-layout-section","30":"has-no-thumbnails","31":"circle-sale"},"_links":{"self":[{"href":"https:\/\/www.biobey.be\/fr\/wp-json\/wp\/v2\/product\/2176","targetHints":{"allow":["GET"]}}],"collection":[{"href":"https:\/\/www.biobey.be\/fr\/wp-json\/wp\/v2\/product"}],"about":[{"href":"https:\/\/www.biobey.be\/fr\/wp-json\/wp\/v2\/types\/product"}],"replies":[{"embeddable":true,"href":"https:\/\/www.biobey.be\/fr\/wp-json\/wp\/v2\/comments?post=2176"}],"wp:featuredmedia":[{"embeddable":true,"href":"https:\/\/www.biobey.be\/fr\/wp-json\/wp\/v2\/media\/195"}],"wp:attachment":[{"href":"https:\/\/www.biobey.be\/fr\/wp-json\/wp\/v2\/media?parent=2176"}],"wp:term":[{"taxonomy":"product_brand","embeddable":true,"href":"https:\/\/www.biobey.be\/fr\/wp-json\/wp\/v2\/product_brand?post=2176"},{"taxonomy":"product_cat","embeddable":true,"href":"https:\/\/www.biobey.be\/fr\/wp-json\/wp\/v2\/product_cat?post=2176"},{"taxonomy":"product_tag","embeddable":true,"href":"https:\/\/www.biobey.be\/fr\/wp-json\/wp\/v2\/product_tag?post=2176"}],"curies":[{"name":"wp","href":"https:\/\/api.w.org\/{rel}","templated":true}]}}