{"id":2181,"date":"2022-07-12T14:00:06","date_gmt":"2022-07-12T12:00:06","guid":{"rendered":"https:\/\/www.biobey.be\/fr-temp\/produit\/dentifrice-a-la-sauge-10-ml\/"},"modified":"2026-04-08T22:39:21","modified_gmt":"2026-04-08T20:39:21","slug":"dentifrice-a-la-sauge-10-ml","status":"publish","type":"product","link":"https:\/\/www.biobey.be\/fr\/produit\/dentifrice-a-la-sauge-10-ml\/","title":{"rendered":"Petit tube Dentifrice \u00e0 l&rsquo;extrait sauge 10 ml"},"content":{"rendered":"<p style=\"text-align: left;\"><a href=\"https:\/\/www.biobey.be\/fr\/produit\/dentifrice-sauge-biologique-75ml\/\">Un ingr\u00e9dient pr\u00e9cieux dans la composition du dentifrice Argital Sage<\/a> est l&rsquo;extrait de sauge, connu pour ses propri\u00e9t\u00e9s curatives et calmantes exceptionnelles. L&rsquo;extrait de sauge prot\u00e8ge l&rsquo;ensemble de la cavit\u00e9 buccale contre l&rsquo;inflammation. Il aide aussi dans le traitement des pucerons et de la parodontie. Gr\u00e2ce \u00e0 sa propri\u00e9t\u00e9 antibact\u00e9rienne, il emp\u00eache la formation de bact\u00e9ries potentiellement nocives et leur p\u00e9n\u00e9tration dans l&rsquo;\u00e9mail des dents.\u00a0 Les propri\u00e9t\u00e9s anti-inflammatoires et cicatrisantes de l&rsquo;extrait de sauge ont un effet b\u00e9n\u00e9fique sur vos gencives, notamment :<\/p>\n<p>&#8211; Promotion de la microcirculation dans les tissus<\/p>\n<p>&#8211; Minimiser la propagation des infections<\/p>\n<p>&#8211; Pr\u00e9vention de l&rsquo;\u0153d\u00e8me des muqueuses<\/p>\n<p>De plus, il procure une haleine fra\u00eeche tout au long de la journ\u00e9e.<\/p>\n","protected":false},"excerpt":{"rendered":"<p>Petit tube Dentifrice \u00e0 l&rsquo;extrait sauge nettoie les dents, renforce l&rsquo;\u00e9mail des dents, pr\u00e9vient la plaque dentaire, pr\u00e9vient les caries, traite les pucerons et offre une protection contre la parodontie et autres maladies courantes de la cavit\u00e9 buccale<\/p>\n","protected":false},"featured_media":157,"comment_status":"open","ping_status":"closed","template":"","meta":{"ocean_post_layout":"","ocean_both_sidebars_style":"","ocean_both_sidebars_content_width":0,"ocean_both_sidebars_sidebars_width":0,"ocean_sidebar":"","ocean_second_sidebar":"","ocean_disable_margins":"enable","ocean_add_body_class":"","ocean_shortcode_before_top_bar":"","ocean_shortcode_after_top_bar":"","ocean_shortcode_before_header":"","ocean_shortcode_after_header":"","ocean_has_shortcode":"","ocean_shortcode_after_title":"","ocean_shortcode_before_footer_widgets":"","ocean_shortcode_after_footer_widgets":"","ocean_shortcode_before_footer_bottom":"","ocean_shortcode_after_footer_bottom":"","ocean_display_top_bar":"default","ocean_display_header":"default","ocean_header_style":"","ocean_center_header_left_menu":"","ocean_custom_header_template":"","ocean_custom_logo":0,"ocean_custom_retina_logo":0,"ocean_custom_logo_max_width":0,"ocean_custom_logo_tablet_max_width":0,"ocean_custom_logo_mobile_max_width":0,"ocean_custom_logo_max_height":0,"ocean_custom_logo_tablet_max_height":0,"ocean_custom_logo_mobile_max_height":0,"ocean_header_custom_menu":"","ocean_menu_typo_font_family":"","ocean_menu_typo_font_subset":"","ocean_menu_typo_font_size":0,"ocean_menu_typo_font_size_tablet":0,"ocean_menu_typo_font_size_mobile":0,"ocean_menu_typo_font_size_unit":"px","ocean_menu_typo_font_weight":"","ocean_menu_typo_font_weight_tablet":"","ocean_menu_typo_font_weight_mobile":"","ocean_menu_typo_transform":"","ocean_menu_typo_transform_tablet":"","ocean_menu_typo_transform_mobile":"","ocean_menu_typo_line_height":0,"ocean_menu_typo_line_height_tablet":0,"ocean_menu_typo_line_height_mobile":0,"ocean_menu_typo_line_height_unit":"","ocean_menu_typo_spacing":0,"ocean_menu_typo_spacing_tablet":0,"ocean_menu_typo_spacing_mobile":0,"ocean_menu_typo_spacing_unit":"","ocean_menu_link_color":"","ocean_menu_link_color_hover":"","ocean_menu_link_color_active":"","ocean_menu_link_background":"","ocean_menu_link_hover_background":"","ocean_menu_link_active_background":"","ocean_menu_social_links_bg":"","ocean_menu_social_hover_links_bg":"","ocean_menu_social_links_color":"","ocean_menu_social_hover_links_color":"","ocean_disable_title":"default","ocean_disable_heading":"default","ocean_post_title":"","ocean_post_subheading":"","ocean_post_title_style":"","ocean_post_title_background_color":"","ocean_post_title_background":0,"ocean_post_title_bg_image_position":"","ocean_post_title_bg_image_attachment":"","ocean_post_title_bg_image_repeat":"","ocean_post_title_bg_image_size":"","ocean_post_title_height":0,"ocean_post_title_bg_overlay":0.5,"ocean_post_title_bg_overlay_color":"","ocean_disable_breadcrumbs":"default","ocean_breadcrumbs_color":"","ocean_breadcrumbs_separator_color":"","ocean_breadcrumbs_links_color":"","ocean_breadcrumbs_links_hover_color":"","ocean_display_footer_widgets":"default","ocean_display_footer_bottom":"default","ocean_custom_footer_template":""},"product_brand":[102],"product_cat":[29,16],"product_tag":[136,126,133,125],"class_list":{"0":"post-2181","1":"product","2":"type-product","3":"status-publish","4":"has-post-thumbnail","6":"product_brand-argital","7":"product_cat-hygiene-buccale","8":"product_cat-soins","9":"product_tag-sans-fluor","10":"product_tag-sans-paraben","11":"product_tag-sansparfumsynthetique","12":"product_tag-vegan","14":"entry","15":"has-media","17":"first","18":"instock","19":"taxable","20":"shipping-taxable","21":"purchasable","22":"product-type-simple","23":"has-rating","24":"col","25":"span_1_of_3","26":"owp-content-center","27":"owp-thumbs-layout-horizontal","28":"owp-btn-normal","29":"owp-tabs-layout-section","30":"has-no-thumbnails","31":"circle-sale"},"_links":{"self":[{"href":"https:\/\/www.biobey.be\/fr\/wp-json\/wp\/v2\/product\/2181","targetHints":{"allow":["GET"]}}],"collection":[{"href":"https:\/\/www.biobey.be\/fr\/wp-json\/wp\/v2\/product"}],"about":[{"href":"https:\/\/www.biobey.be\/fr\/wp-json\/wp\/v2\/types\/product"}],"replies":[{"embeddable":true,"href":"https:\/\/www.biobey.be\/fr\/wp-json\/wp\/v2\/comments?post=2181"}],"wp:featuredmedia":[{"embeddable":true,"href":"https:\/\/www.biobey.be\/fr\/wp-json\/wp\/v2\/media\/157"}],"wp:attachment":[{"href":"https:\/\/www.biobey.be\/fr\/wp-json\/wp\/v2\/media?parent=2181"}],"wp:term":[{"taxonomy":"product_brand","embeddable":true,"href":"https:\/\/www.biobey.be\/fr\/wp-json\/wp\/v2\/product_brand?post=2181"},{"taxonomy":"product_cat","embeddable":true,"href":"https:\/\/www.biobey.be\/fr\/wp-json\/wp\/v2\/product_cat?post=2181"},{"taxonomy":"product_tag","embeddable":true,"href":"https:\/\/www.biobey.be\/fr\/wp-json\/wp\/v2\/product_tag?post=2181"}],"curies":[{"name":"wp","href":"https:\/\/api.w.org\/{rel}","templated":true}]}}